{"id":43980,"date":"2020-06-18T14:29:17","date_gmt":"2020-06-18T12:29:17","guid":{"rendered":"https:\/\/www.specialscentshop.com\/product\/brot\/"},"modified":"2025-08-03T14:52:34","modified_gmt":"2025-08-03T12:52:34","slug":"brot","status":"publish","type":"product","link":"https:\/\/www.specialscentshop.com\/de\/produkt\/brot\/","title":{"rendered":"Brot"},"content":{"rendered":"<p><strong>Geruch von Brot<\/strong> ist f\u00fcr all diejenigen gedacht, die ihre Umgebung erneuern und ihren Kunden zus\u00e4tzlichen Komfort bieten m\u00f6chten. Der Duft von gebackenem<a href=\"https:\/\/it.wikipedia.org\/wiki\/Pane\" target=\"_blank\" rel=\"noopener\">Brot<\/a> zieht Kinder und Erwachsene gleicherma\u00dfen an.<\/p>\n<p>Wenn man an einer B\u00e4ckerei vorbeikommt, ist es unm\u00f6glich, nicht hineinzugehen. Ein olfaktorisches Erlebnis, das uns mit Erinnerungen an die Vergangenheit, an die Familie verbindet. Wenn Sie eine B\u00e4ckerei oder einen Imbissstand, eine Konditorei, ein Bauernhaus oder eine Bergh\u00fctte haben, ist dieser Duft genau das Richtige f\u00fcr Sie.<\/p>\n<h2><strong>Eigenschaften Geruchsumgebung Brot<\/strong><\/h2>\n<p>Brot, ein von praktisch allen geliebtes Nahrungsmittel, kann auf jede Art und Weise serviert werden und jedes Gericht begleiten. Brot ist ein Lebensmittelduft, eine sich st\u00e4ndig weiterentwickelnde Kategorie, die den Verbraucher- und Markttrends folgt.<br \/>\nWir gehen st\u00e4ndig mit der Zeit und entwickeln uns weiter, um die Produktionsrealit\u00e4ten auf ein hohes Niveau zu bringen.<strong>Olfactory Marketing<\/strong> gelingt es, einen echten Kundenbindungsprozess zu schaffen, der mit dem olfaktorischen Ged\u00e4chtnis verbunden ist, einen Duft, den Sie nicht so leicht vergessen werden.<\/p>\n<p><em>Wir haben eine gro\u00dfe Auswahl an Raumdiffusoren, einschlie\u00dflich unseres brandneuen Handsprays <a href=\"https:\/\/www.specialscentshop.com\/de\/produkt\/nebula-raumdiffusor-wiederaufladbar\/\">Nebula<\/a>, das mit der gleichen Zerst\u00e4ubungstechnik wie unsere Diffusoren arbeitet. Eine perfekte und kosteng\u00fcnstige L\u00f6sung f\u00fcr alle, die unsere Produkte testen m\u00f6chten, bevor sie eine gr\u00f6\u00dfere Menge an Duftstoffen oder einen Spender kaufen. <\/em><\/p>\n<p><em><strong>Der<\/strong> Nebula <strong>Brotduft<\/strong> ist aus Aluminium gefertigt, nachf\u00fcllbar und vor allem umweltfreundlich. Beim Kauf eines 0,250 g Duftstoffs Ihrer Wahl erhalten Sie Nebula gratis dazu. Ideal f\u00fcr kleine Mengen. <\/em><\/p>\n<h2 class=\"p1\"><b>Besonders geeignet f\u00fcr:<\/b><\/h2>\n<p>Hier sind einige Umgebungen, in denen der Geruch von Brot besonders angenehm sein kann:<\/p>\n<ul>\n<li>B\u00e4ckereien und Konditoreien<\/li>\n<li>Esszimmer und Wohnk\u00fcchen<\/li>\n<li>Fr\u00fchst\u00fccks- und Speises\u00e4le in Hotels und B&amp;Bs<\/li>\n<li>Partys und Zusammenk\u00fcnfte von Freunden und Familie<\/li>\n<li>Gartenzimmer und Terrassen<\/li>\n<li>S\u00e4le f\u00fcr Veranstaltungen und Hochzeiten<\/li>\n<li>Messen und Lebensmittelm\u00e4rkte<\/li>\n<li>Brotverkostungsr\u00e4ume<\/li>\n<li>Lebensmittell\u00e4den und Superm\u00e4rkte<\/li>\n<li>Alle Umgebungen, in denen es Menschen gibt, die frisches, warmes Brot m\u00f6gen.<\/li>\n<\/ul>\n<p><em><strong>mehr lesen: <a href=\"https:\/\/www.specialscentshop.com\/de\/produkt\/brioche\/\">Brioche<\/a><\/strong><\/em><\/p>\n","protected":false},"excerpt":{"rendered":"<section class=\"av_textblock_section \">\n<div class=\"avia_textblock \">\n<h4><strong>Raumduft Brot ,<\/strong><strong>Olfaktorische Noten: <\/strong><\/h4>\n<h5><span style=\"color: #000000;\">Es gibt viele Brotsorten und jede hat ihren eigenen Geschmack und ihr eigenes Aroma, aber der Geruch von Brot, das aus dem Holzofen kommt, ist etwas Einzigartiges und Magisches.<\/span><br \/>\nDie <span style=\"color: #000000;\">Geruchsnoten sind warm, <\/span>ideal f\u00fcr ein ausgewogenes Geruchsmarketing und stimulieren die Interaktion mit der Umgebung und den Kunden. Ein Trend, der immer beliebter wird. Wenn auch Sie Ihr Gesch\u00e4ft ankurbeln und eine Oase des Genusses in Ihren R\u00e4umlichkeiten schaffen m\u00f6chten, ist dies die richtige L\u00f6sung!<\/h5>\n<\/div>\n<\/section>\n","protected":false},"featured_media":48241,"template":"","meta":{"_acf_changed":false},"product_brand":[],"product_cat":[923],"product_tag":[910,913,769,770,909],"class_list":{"0":"post-43980","1":"product","2":"type-product","3":"status-publish","4":"has-post-thumbnail","6":"product_cat-drinkfood-raumdufte","7":"product_tag-messen-und-veranstaltungen","8":"product_tag-parfums-fur-messen","9":"product_tag-geschafte-einkaufen","10":"product_tag-restaurants-bars-de","11":"product_tag-umgebungen-im-freien","13":"first","14":"instock","15":"taxable","16":"shipping-taxable","17":"purchasable","18":"product-type-variable"},"acf":[],"_links":{"self":[{"href":"https:\/\/www.specialscentshop.com\/de\/wp-json\/wp\/v2\/product\/43980","targetHints":{"allow":["GET"]}}],"collection":[{"href":"https:\/\/www.specialscentshop.com\/de\/wp-json\/wp\/v2\/product"}],"about":[{"href":"https:\/\/www.specialscentshop.com\/de\/wp-json\/wp\/v2\/types\/product"}],"wp:featuredmedia":[{"embeddable":true,"href":"https:\/\/www.specialscentshop.com\/de\/wp-json\/wp\/v2\/media\/48241"}],"wp:attachment":[{"href":"https:\/\/www.specialscentshop.com\/de\/wp-json\/wp\/v2\/media?parent=43980"}],"wp:term":[{"taxonomy":"product_brand","embeddable":true,"href":"https:\/\/www.specialscentshop.com\/de\/wp-json\/wp\/v2\/product_brand?post=43980"},{"taxonomy":"product_cat","embeddable":true,"href":"https:\/\/www.specialscentshop.com\/de\/wp-json\/wp\/v2\/product_cat?post=43980"},{"taxonomy":"product_tag","embeddable":true,"href":"https:\/\/www.specialscentshop.com\/de\/wp-json\/wp\/v2\/product_tag?post=43980"}],"curies":[{"name":"wp","href":"https:\/\/api.w.org\/{rel}","templated":true}]}}