{"id":44008,"date":"2020-06-18T14:40:53","date_gmt":"2020-06-18T12:40:53","guid":{"rendered":"https:\/\/www.specialscentshop.com\/product\/pizza-margherita\/"},"modified":"2025-08-05T17:27:08","modified_gmt":"2025-08-05T15:27:08","slug":"pizza-margherita","status":"publish","type":"product","link":"https:\/\/www.specialscentshop.com\/de\/produkt\/pizza-margherita\/","title":{"rendered":"Pizza Margherita"},"content":{"rendered":"<h2><strong>Raumduft Pizza Margherita Wirkung in der Umwelt<\/strong><\/h2>\n<p>Jeder mag Pizza, unabh\u00e4ngig vom Alter, und sie wird nicht nur in Pizzerien angeboten, sondern auch an Orten, wo sie dampfend hei\u00df serviert wird. Hier wird ihr Aroma gesch\u00e4tzt, das sich sowohl au\u00dferhalb als auch innerhalb des Lokals verbreitet. Das Geruchsmarketing schlechthin!<\/p>\n<h2><strong>Eigenschaften<\/strong><\/h2>\n<p>Nachdem sie zum Unesco-Weltkulturerbe erkl\u00e4rt wurde, hat die Popularit\u00e4t der Pizza, insbesondere der Margherita, noch weiter zugenommen und ein noch st\u00e4rkeres Gesch\u00e4ft geschaffen. Die Duftnoten sind warm und doch zart, sie sind in der Lage, die Geruchs- und Geschmacksdr\u00fcsen gleichzeitig zu stimulieren. <strong>Der Raumduft Pizza Margherita<\/strong> gibt das Aroma des Essens originalgetreu wieder. <strong>Aus der Geschichte:<\/strong> Es hei\u00dft, dass die K\u00f6nigin im Jahr 1889 anl\u00e4sslich des k\u00f6niglichen Besuchs in Neapel darum bat, ihr eine Pizza zu bringen.<\/p>\n<p>Der Pizzaiolo Raffaele Esposito bereitete daraufhin eine klassische rote Pizza zu, die er mit Mozzarella und Basilikum belegte. Der K\u00f6nigin gefiel der Geschmack so gut, dass sie zu ihrem Lieblingsgericht wurde, daher der Name. Aber die Wahrheit ist eine andere, die Pizza mit Tomate, Mozzarella und Basilikum war bereits erfunden worden, aber das war der Anlass, dem, was heute als die ber\u00fchmteste Pizza der Welt bezeichnet wird, einen ber\u00fchmten Namen zu geben.<\/p>\n<h2 class=\"p1\"><b>Besonders geeignet f\u00fcr:<\/b><\/h2>\n<p>Hier sind einige Umgebungen, in denen der Geruch von Pizza Margherita besonders angenehm sein kann:<\/p>\n<ul>\n<li>Pizzerien und Restaurants<\/li>\n<li>Esszimmer und Wohnk\u00fcchen<\/li>\n<li>Gartenzimmer und Terrassen<\/li>\n<li>Messen und Lebensmittelm\u00e4rkte<\/li>\n<li>Pizza Verkostungsr\u00e4ume<\/li>\n<li>Spiele und Brettspielzimmer<\/li>\n<li>Lebensmittell\u00e4den und Superm\u00e4rkte<\/li>\n<li>Alle Umgebungen, in denen es Menschen gibt, die Pizza lieben.<\/li>\n<\/ul>\n<p><em><strong>Mehr lesen:<a href=\"https:\/\/www.specialscentshop.com\/de\/produkt\/basilikum\/\"> Basilikum<\/a><\/strong><\/em><\/p>\n<p><em>Wir haben eine gro\u00dfe Auswahl an <strong>Raumdiffusoren<\/strong>, einschlie\u00dflich unseres brandneuen Handsprays <a href=\"https:\/\/www.specialscentshop.com\/de\/produkt\/nebula-raumdiffusor-wiederaufladbar\/\">Nebula<\/a>, das mit der gleichen Zerst\u00e4ubungstechnik wie unsere Diffusoren arbeitet. Eine perfekte und kosteng\u00fcnstige L\u00f6sung f\u00fcr alle, die unsere Produkte testen m\u00f6chten, bevor sie eine gr\u00f6\u00dfere Menge an Duftstoffen oder einen Spender kaufen.<\/em><\/p>\n","protected":false},"excerpt":{"rendered":"<h3>Zimmerservice Pizza Margherita<\/h3>\n<p>Der Raumduft Pizza Margherita ist ein Duft, der auf der ganzen Welt beliebt ist. Pizza Margherita ist auf der ganzen Welt ein beliebtes Gericht, weshalb ihr Duft auf dem Markt f\u00fcr Lebensmitteld\u00fcfte sehr gefragt ist. Es ist ein unverwechselbares Aroma und wenn es drau\u00dfen und drinnen in einer Pizzeria, einem Restaurant oder einer Bar verbreitet wird, hat es die Macht, jede Art von Kunden anzuziehen. Wer liebt sie nicht, die Pizza Margherita! Nicht einmal K\u00f6nigin Margherita konnte ihr widerstehen und ihr verdankt dieses Lebensmittel seinen Namen.<\/p>\n<p><strong>Ziehen Sie Ihre Kunden mit Geruchsmarketing an<\/strong><\/p>\n","protected":false},"featured_media":48190,"template":"","meta":{"_acf_changed":false},"product_brand":[],"product_cat":[923],"product_tag":[909,910,913,769,770],"class_list":{"0":"post-44008","1":"product","2":"type-product","3":"status-publish","4":"has-post-thumbnail","6":"product_cat-drinkfood-raumdufte","7":"product_tag-umgebungen-im-freien","8":"product_tag-messen-und-veranstaltungen","9":"product_tag-parfums-fur-messen","10":"product_tag-geschafte-einkaufen","11":"product_tag-restaurants-bars-de","13":"first","14":"instock","15":"taxable","16":"shipping-taxable","17":"purchasable","18":"product-type-variable"},"acf":[],"_links":{"self":[{"href":"https:\/\/www.specialscentshop.com\/de\/wp-json\/wp\/v2\/product\/44008","targetHints":{"allow":["GET"]}}],"collection":[{"href":"https:\/\/www.specialscentshop.com\/de\/wp-json\/wp\/v2\/product"}],"about":[{"href":"https:\/\/www.specialscentshop.com\/de\/wp-json\/wp\/v2\/types\/product"}],"wp:featuredmedia":[{"embeddable":true,"href":"https:\/\/www.specialscentshop.com\/de\/wp-json\/wp\/v2\/media\/48190"}],"wp:attachment":[{"href":"https:\/\/www.specialscentshop.com\/de\/wp-json\/wp\/v2\/media?parent=44008"}],"wp:term":[{"taxonomy":"product_brand","embeddable":true,"href":"https:\/\/www.specialscentshop.com\/de\/wp-json\/wp\/v2\/product_brand?post=44008"},{"taxonomy":"product_cat","embeddable":true,"href":"https:\/\/www.specialscentshop.com\/de\/wp-json\/wp\/v2\/product_cat?post=44008"},{"taxonomy":"product_tag","embeddable":true,"href":"https:\/\/www.specialscentshop.com\/de\/wp-json\/wp\/v2\/product_tag?post=44008"}],"curies":[{"name":"wp","href":"https:\/\/api.w.org\/{rel}","templated":true}]}}