{"id":44036,"date":"2020-06-18T15:02:01","date_gmt":"2020-06-18T13:02:01","guid":{"rendered":"https:\/\/www.specialscentshop.com\/product\/kekse\/"},"modified":"2025-02-18T19:43:18","modified_gmt":"2025-02-18T18:43:18","slug":"kekse","status":"publish","type":"product","link":"https:\/\/www.specialscentshop.com\/de\/produkt\/kekse\/","title":{"rendered":"Kekse"},"content":{"rendered":"<h2><strong>Wirkung in der Umwelt<\/strong><\/h2>\n<p>Sie brauchen dieses Aroma nicht zu erkl\u00e4ren, denn es wird Ihre Gewinne steigern. Geeignet f\u00fcr Konditoreien, Bars, Teestuben, S\u00fc\u00dfwarengesch\u00e4fte und dergleichen.<br \/>\nAber auch bei Ihnen zu Hause, bei Kinderfesten oder zur Begr\u00fc\u00dfung Ihrer G\u00e4ste. Ein Duft, der sich in das Ambiente einf\u00fcgt und nie langweilig wird.<\/p>\n<h2><strong>Eigenschaften <\/strong><\/h2>\n<p>Der Raumduft von Keksen hat die Eigenschaft, dass es keine bestimmte Zeit oder keinen bestimmten Moment gibt, um ihn zu verbreiten.<br \/>\nDas Fr\u00fchst\u00fcck am Morgen, der Nachmittagstee oder nach dem Abendessen ist immer der richtige Zeitpunkt, um duftende, wohlriechende Kekse zu genie\u00dfen. Der beste Weg, den Gaumen und den Geruchssinn Ihrer Kunden zu erfreuen.<\/p>\n<p><em>Wir haben eine gro\u00dfe Auswahl an Raumdiffusoren, einschlie\u00dflich unseres brandneuen Handsprays <a href=\"https:\/\/www.specialscentshop.com\/de\/produkt\/nebula-raumdiffusor-wiederaufladbar\/\">Nebula<\/a>, das mit der gleichen Zerst\u00e4ubungstechnik wie unsere Diffusoren arbeitet. Eine perfekte und kosteng\u00fcnstige L\u00f6sung f\u00fcr alle, die unsere Produkte testen m\u00f6chten, bevor sie eine gr\u00f6\u00dfere Menge an Duftstoffen oder einen Spender kaufen. Das Nebula-Format besteht aus Aluminium, ist nachf\u00fcllbar und vor allem umweltfreundlich. Beim Kauf eines 0,250 g Duftes Ihrer Wahl erhalten Sie Nebula kostenlos. Ideal f\u00fcr kleine Mengen. <\/em><\/p>\n<h2 class=\"p1\"><b>Besonders geeignet f\u00fcr:<\/b><\/h2>\n<p>Hier ist eine Liste von Umgebungen, in die der Geruch von Keksen gut passt:<\/p>\n<ul>\n<li>Kochen: Der Geruch von Keksen ist s\u00fc\u00df und k\u00f6stlich, so dass er perfekt in die K\u00fcche passt, insbesondere bei der Zubereitung von Keksen und anderen S\u00fc\u00dfigkeiten.<\/li>\n<li>Schlafzimmer: Der Duft von Keksen hat entspannende und beruhigende Eigenschaften und ist daher perfekt geeignet, um eine gem\u00fctliche und komfortable Atmosph\u00e4re im Schlafzimmer zu schaffen.<\/li>\n<li>Wohnzimmer: Der Geruch von Keksen ist warm und gem\u00fctlich, so dass er eine gem\u00fctliche und einladende Atmosph\u00e4re im Wohnzimmer schaffen kann.<\/li>\n<li>B\u00fcro: Der Geruch von Keksen hat anregende und belebende Eigenschaften, so dass er helfen kann, die Konzentration und Produktivit\u00e4t im B\u00fcro aufrechtzuerhalten.<\/li>\n<li>S\u00fc\u00dfwarengesch\u00e4fte: Der Geruch von Keksen ist ein einladender und k\u00f6stlicher Duft, der die Kunden in ein S\u00fc\u00dfwarengesch\u00e4ft lockt.<\/li>\n<li>Spas und Wellness-Zentren: Der Duft von Keksen hat entspannende und beruhigende Eigenschaften und ist daher perfekt geeignet, um in Spas und Wellness-Zentren eine entspannte und angenehme Atmosph\u00e4re zu schaffen.<\/li>\n<li class=\"li1\">Restaurants, Clubs, Gesch\u00e4fte und gro\u00dfe Veranstaltungsorte<\/li>\n<\/ul>\n<p><em><strong>Mehr lesen: \u00a0<a href=\"https:\/\/www.specialscentshop.com\/de\/produkt\/brioche\/\">Brioche<\/a><\/strong><\/em><\/p>\n<p>&nbsp;<\/p>\n","protected":false},"excerpt":{"rendered":"<h3>Biscuit Ambience Parf\u00fcm<\/h3>\n<p>wenn <strong>das olfaktorische Erlebnis<\/strong> Sie in eine andere Zeit versetzen soll, ist der Keks-Raumduft sicherlich die K\u00f6nigin.<br \/>\nFrisch gebackene Kekse, Herznoten wehen durch die Luft au\u00dferhalb und innerhalb des Zimmers, und das k\u00f6stliche Aroma steigt in die H\u00f6he. Der Keksduft l\u00e4sst Kinder wieder aufleben und zaubert ein L\u00e4cheln auf Ihr Gesicht. Unm\u00f6glich zu widerstehen.<\/p>\n","protected":false},"featured_media":48115,"template":"","meta":{"_acf_changed":false},"product_brand":[],"product_cat":[923],"product_tag":[909,766,768,769,770],"class_list":{"0":"post-44036","1":"product","2":"type-product","3":"status-publish","4":"has-post-thumbnail","6":"product_cat-drinkfood-raumdufte","7":"product_tag-umgebungen-im-freien","8":"product_tag-zuhause","9":"product_tag-hotel-bb-de","10":"product_tag-geschafte-einkaufen","11":"product_tag-restaurants-bars-de","13":"first","14":"instock","15":"taxable","16":"shipping-taxable","17":"purchasable","18":"product-type-variable"},"acf":[],"_links":{"self":[{"href":"https:\/\/www.specialscentshop.com\/de\/wp-json\/wp\/v2\/product\/44036","targetHints":{"allow":["GET"]}}],"collection":[{"href":"https:\/\/www.specialscentshop.com\/de\/wp-json\/wp\/v2\/product"}],"about":[{"href":"https:\/\/www.specialscentshop.com\/de\/wp-json\/wp\/v2\/types\/product"}],"wp:featuredmedia":[{"embeddable":true,"href":"https:\/\/www.specialscentshop.com\/de\/wp-json\/wp\/v2\/media\/48115"}],"wp:attachment":[{"href":"https:\/\/www.specialscentshop.com\/de\/wp-json\/wp\/v2\/media?parent=44036"}],"wp:term":[{"taxonomy":"product_brand","embeddable":true,"href":"https:\/\/www.specialscentshop.com\/de\/wp-json\/wp\/v2\/product_brand?post=44036"},{"taxonomy":"product_cat","embeddable":true,"href":"https:\/\/www.specialscentshop.com\/de\/wp-json\/wp\/v2\/product_cat?post=44036"},{"taxonomy":"product_tag","embeddable":true,"href":"https:\/\/www.specialscentshop.com\/de\/wp-json\/wp\/v2\/product_tag?post=44036"}],"curies":[{"name":"wp","href":"https:\/\/api.w.org\/{rel}","templated":true}]}}