{"id":44055,"date":"2020-06-18T14:52:04","date_gmt":"2020-06-18T12:52:04","guid":{"rendered":"https:\/\/www.specialscentshop.com\/product\/kaffee\/"},"modified":"2025-07-01T09:45:11","modified_gmt":"2025-07-01T07:45:11","slug":"kaffee","status":"publish","type":"product","link":"https:\/\/www.specialscentshop.com\/de\/produkt\/kaffee\/","title":{"rendered":"Kaffee"},"content":{"rendered":"<h2><strong>Wirkung in der Umwelt<\/strong><\/h2>\n<p>K\u00f6nnten Sie sich einen Nachmittag mit Ihrer besten Freundin entgehen lassen, ohne auf einen <a href=\"https:\/\/it.wikipedia.org\/wiki\/Caff%C3%A8\" target=\"_blank\" rel=\"noopener\">Kaffee<\/a> einzukehren? Wenn es das ist, woran wir uns erinnern, dass es das beste Caf\u00e9 in Bezug auf Geschmack und Aroma ist, werden wir sicherlich dorthin gehen. Dieser Duft wurde speziell f\u00fcr Bars, Restaurants, Caf\u00e9s, Konditoreien, in denen es auch eine Kaffeemaschine gibt, Fr\u00fchst\u00fcckslokale wie Hotels und Orte der Unterhaltung entwickelt.<\/p>\n<h2><strong>Eigenschaften Ambiente Parf\u00fcm Kaffee<\/strong><\/h2>\n<p>Immer mehr Gesch\u00e4fte werden in der N\u00e4he des Meeres oder in Touristenorten er\u00f6ffnet und alle haben definitiv eine Kaffeemaschine. Stellen Sie sich vor, Sie k\u00f6nnten<strong> den Geschmack von Kaffee<\/strong> nicht nur mit dem Gaumen, sondern auch mit Ihrem Geruchssinn genie\u00dfen.<\/p>\n<p>Ein Erlebnis, das mit den neuen Tourismustrends Hand in Hand geht. Ja, denn Kunden und Touristen suchen nach einem Erlebnis, nach etwas, das sie als Souvenir mit nach Hause nehmen k\u00f6nnen, und genau deshalb bieten wir den<strong>Kaffeeraumduft<\/strong> Dies ist eines der vielen olfaktorischen Erlebnisse, die zu den neuen Marketingtrends geh\u00f6ren. Probieren Sie diesen oder einen unserer anderen D\u00fcfte, Sie werden nicht entt\u00e4uscht sein.<\/p>\n<p><em>Wir haben eine gro\u00dfe Auswahl an <strong>Raumd\u00fcften<\/strong>, darunter unser brandneues <a href=\"https:\/\/www.specialscentshop.com\/de\/produkt\/nebula-raumdiffusor-wiederaufladbar\/\">Nebula-Spray<\/a>, das mit der gleichen Zerst\u00e4ubungstechnik arbeitet wie unsere D\u00fcfte. Eine perfekte und kosteng\u00fcnstige L\u00f6sung f\u00fcr alle, die unsere Produkte testen m\u00f6chten, bevor sie eine gr\u00f6\u00dfere Menge an Duft oder einen Spender kaufen. <strong>Der Kaffeeraumduft kann<\/strong>auch in einer nachf\u00fcllbaren und vor allem umweltfreundlichen Nebula-Packung aus Aluminium erworben werden. Beim Kauf eines 0,250 g Duftes Ihrer Wahl erhalten Sie Nebula gratis dazu. Ideal f\u00fcr kleine Mengen. <\/em><\/p>\n<p><em><strong>Mehr lesen: <a href=\"https:\/\/www.specialscentshop.com\/de\/produkt\/kekse\/\">Kekse<\/a><\/strong><\/em><\/p>\n","protected":false},"excerpt":{"rendered":"<h3>Ambiente Parf\u00fcm Kaffee<\/h3>\n<p>R<strong>aumduft<\/strong> Kaffee ist f\u00fcr viele der Duft und das Getr\u00e4nk, das uns morgens nach dem Aufwachen mit der Welt verbindet. Nach dem Mittagessen erfrischen das Aroma des Kaffees und sein Geschmack K\u00f6rper und Geist.<br \/>\nF\u00fcr viele Italiener ist er das Getr\u00e4nk schlechthin, auf das sie nicht verzichten k\u00f6nnen. Die Duftnoten dieses Parfums sind stark und w\u00fcrzig, dank des Extrakts seiner Essenz aus Kaffeebohnen. Es versteht sich von selbst, dass wir, wenn wir seinen guten, intensiven Duft riechen, wenn wir an einem Caf\u00e9 vorbeigehen, instinktiv hineingehen wollen.<\/p>\n<p><strong>Perfekt f\u00fcr <a href=\"https:\/\/www.specialscentshop.com\/de\/olfaktorisches-marketing\/\">Geruchsmarketing<\/a><\/strong><\/p>\n","protected":false},"featured_media":48165,"template":"","meta":{"_acf_changed":false},"product_brand":[],"product_cat":[923],"product_tag":[770],"class_list":{"0":"post-44055","1":"product","2":"type-product","3":"status-publish","4":"has-post-thumbnail","6":"product_cat-drinkfood-raumdufte","7":"product_tag-restaurants-bars-de","9":"first","10":"instock","11":"taxable","12":"shipping-taxable","13":"purchasable","14":"product-type-variable"},"acf":[],"_links":{"self":[{"href":"https:\/\/www.specialscentshop.com\/de\/wp-json\/wp\/v2\/product\/44055","targetHints":{"allow":["GET"]}}],"collection":[{"href":"https:\/\/www.specialscentshop.com\/de\/wp-json\/wp\/v2\/product"}],"about":[{"href":"https:\/\/www.specialscentshop.com\/de\/wp-json\/wp\/v2\/types\/product"}],"wp:featuredmedia":[{"embeddable":true,"href":"https:\/\/www.specialscentshop.com\/de\/wp-json\/wp\/v2\/media\/48165"}],"wp:attachment":[{"href":"https:\/\/www.specialscentshop.com\/de\/wp-json\/wp\/v2\/media?parent=44055"}],"wp:term":[{"taxonomy":"product_brand","embeddable":true,"href":"https:\/\/www.specialscentshop.com\/de\/wp-json\/wp\/v2\/product_brand?post=44055"},{"taxonomy":"product_cat","embeddable":true,"href":"https:\/\/www.specialscentshop.com\/de\/wp-json\/wp\/v2\/product_cat?post=44055"},{"taxonomy":"product_tag","embeddable":true,"href":"https:\/\/www.specialscentshop.com\/de\/wp-json\/wp\/v2\/product_tag?post=44055"}],"curies":[{"name":"wp","href":"https:\/\/api.w.org\/{rel}","templated":true}]}}