{"id":44074,"date":"2020-06-11T14:00:11","date_gmt":"2020-06-11T12:00:11","guid":{"rendered":"https:\/\/www.specialscentshop.com\/product\/ambiente-food-weihnachtsduft-vanille-und-zimt\/"},"modified":"2026-03-27T05:43:52","modified_gmt":"2026-03-27T04:43:52","slug":"ambiente-food-weihnachtsduft-vanille-und-zimt","status":"publish","type":"product","link":"https:\/\/www.specialscentshop.com\/de\/produkt\/ambiente-food-weihnachtsduft-vanille-und-zimt\/","title":{"rendered":"Vanille und Zimt"},"content":{"rendered":"<h2><strong>Wirkung in der Umwelt<\/strong><\/h2>\n<p>Um den Geist zu verstehen, den diese Essenz vermittelt, muss man an das Fest schlechthin denken: Weihnachten.<br \/>\nGerade in dieser Zeit machen bestimmte D\u00fcfte die Umgebung, in der wir leben, noch magischer. Wir empfehlen das Parf\u00fcm Vanille und Zimt f\u00fcr alle Orte, die G\u00e4ste mit dem warmen, friedlichen und entspannenden Duft von Weihnachten empfangen.<\/p>\n<h2><strong>Eigenschaften<\/strong><\/h2>\n<p>Das Vanille-Zimt-Parf\u00fcm ist nicht nur ein Raumduft, es ist viel mehr.<\/p>\n<p>Es ist ein Aroma, das speziell als ausgewogene Mischung entwickelt wurde, um das olfaktorische Ged\u00e4chtnis zu stimulieren. Es \u00e4hnelt orientalischen Parf\u00fcms, hat aber an sich alle Eigenschaften von Weihnachtsd\u00fcften, warm und umh\u00fcllend. Wo auch immer Sie sich entscheiden, dieses Parf\u00fcm zu verwenden, Sie werden bald merken, welchen Einfluss es auf Ihre Kunden, aber auch auf Ihre Mitarbeiter hat. Weihnachten ist Magie und Emotion f\u00fcr alle.<\/p>\n<p><em>Wir haben eine gro\u00dfe Auswahl an Raumdiffusoren, darunter unser brandneues Handspray Nebula, das mit der gleichen Zerst\u00e4ubungstechnik wie unsere Diffusoren arbeitet. Eine perfekte und kosteng\u00fcnstige L\u00f6sung f\u00fcr alle, die unsere Produkte testen m\u00f6chten, bevor sie eine gr\u00f6\u00dfere Menge an Duftstoffen oder einen Spender kaufen. Das Nebula-Format besteht aus Aluminium, ist nachf\u00fcllbar und vor allem umweltfreundlich. Beim Kauf eines 0,250 g Duftes Ihrer Wahl erhalten Sie Nebula kostenlos. Ideal f\u00fcr kleine Mengen. <\/em><\/p>\n<h2 class=\"p1\"><b>Besonders geeignet f\u00fcr:<\/b><\/h2>\n<ul>\n<li>K\u00fcchen<\/li>\n<li>B\u00e4der<\/li>\n<li>Schlafzimmer<\/li>\n<li>Wohnr\u00e4ume mit warmer und komfortabler M\u00f6blierung<\/li>\n<li>Speises\u00e4le mit rustikalem Ambiente<\/li>\n<li>Gartenzimmer oder Au\u00dfenterrassen<\/li>\n<li>B\u00fcror\u00e4ume oder Tagungsr\u00e4ume mit einer warmen und einladenden Atmosph\u00e4re<\/li>\n<li>Entspannungs- oder Leser\u00e4ume<\/li>\n<li>Yoga- oder Meditationsraum<\/li>\n<li>Parks oder Naturg\u00e4rten<\/li>\n<li>Restaurants und Clubs (Caf\u00e9s, Konditoreien, usw.)<\/li>\n<li>Weihnachten Umgebungen<\/li>\n<\/ul>\n<p>Das s\u00fc\u00dfe und w\u00fcrzige Aroma von Vanille und Zimt kann dazu beitragen, eine warme und gem\u00fctliche Atmosph\u00e4re zu schaffen, die ein Gef\u00fchl von Komfort und Wohlbefinden hervorruft. Beachten Sie, dass dies nur Vorschl\u00e4ge sind und die Eignung des Parfums stark von Ihren pers\u00f6nlichen Vorlieben abh\u00e4ngt.<\/p>\n<p><em><strong>Weiterlesen: <a href=\"https:\/\/www.specialscentshop.com\/de\/produkt\/weihnachten-lebkuchen-raumparfuem\/\">Weihnachten lebkuchen<\/a><\/strong><\/em><\/p>\n","protected":false},"excerpt":{"rendered":"<h2><strong>Duftnoten: Herz- und Basisnoten<\/strong><\/h2>\n<p>Vanille und Zimt sind allgemein als Gew\u00fcrze bekannt, die in der K\u00fcche verwendet werden, mit kontrastreichen, aber einzigartigen Aromen. Die Geruchsnoten von Zimt sind w\u00fcrzig und geh\u00f6ren daher zur Kategorie Herznote, w\u00e4hrend die kr\u00e4ftigeren Noten von Vanille zur Kategorie Basisnote geh\u00f6ren. Dieses Parf\u00fcm gibt einen Duft mit einem unerwarteten Geruchserlebnis ab. Orientalisch angehauchte Noten mischen sich mit den westlicheren, einladenden Noten der Vanille. Eine Mischung, die man erleben muss. Der Raumduft Vanille und Zimt ist kein gew\u00f6hnlicher Duft und macht Ihren Raum einzigartig und besonders.<\/p>\n<p><strong>Ufi-Code:PM00-10KA-A009-GVA5<\/strong><\/p>\n","protected":false},"featured_media":47782,"template":"","meta":{"_acf_changed":false},"product_brand":[],"product_cat":[812,915],"product_tag":[862,766,909,768,910,769,912,770,913,1167],"class_list":{"0":"post-44074","1":"product","2":"type-product","3":"status-publish","4":"has-post-thumbnail","6":"product_cat-raumdufte","7":"product_cat-weihnachtsdufte","8":"product_tag-spielzimmer","9":"product_tag-zuhause","10":"product_tag-umgebungen-im-freien","11":"product_tag-hotel-bb-de","12":"product_tag-messen-und-veranstaltungen","13":"product_tag-geschafte-einkaufen","14":"product_tag-hochzeiten","15":"product_tag-restaurants-bars-de","16":"product_tag-parfums-fur-messen","17":"product_tag-weihnachtsduefte","19":"first","20":"instock","21":"taxable","22":"shipping-taxable","23":"purchasable","24":"product-type-variable"},"acf":[],"_links":{"self":[{"href":"https:\/\/www.specialscentshop.com\/de\/wp-json\/wp\/v2\/product\/44074","targetHints":{"allow":["GET"]}}],"collection":[{"href":"https:\/\/www.specialscentshop.com\/de\/wp-json\/wp\/v2\/product"}],"about":[{"href":"https:\/\/www.specialscentshop.com\/de\/wp-json\/wp\/v2\/types\/product"}],"wp:featuredmedia":[{"embeddable":true,"href":"https:\/\/www.specialscentshop.com\/de\/wp-json\/wp\/v2\/media\/47782"}],"wp:attachment":[{"href":"https:\/\/www.specialscentshop.com\/de\/wp-json\/wp\/v2\/media?parent=44074"}],"wp:term":[{"taxonomy":"product_brand","embeddable":true,"href":"https:\/\/www.specialscentshop.com\/de\/wp-json\/wp\/v2\/product_brand?post=44074"},{"taxonomy":"product_cat","embeddable":true,"href":"https:\/\/www.specialscentshop.com\/de\/wp-json\/wp\/v2\/product_cat?post=44074"},{"taxonomy":"product_tag","embeddable":true,"href":"https:\/\/www.specialscentshop.com\/de\/wp-json\/wp\/v2\/product_tag?post=44074"}],"curies":[{"name":"wp","href":"https:\/\/api.w.org\/{rel}","templated":true}]}}