{"id":44103,"date":"2020-06-18T15:52:31","date_gmt":"2020-06-18T13:52:31","guid":{"rendered":"https:\/\/www.specialscentshop.com\/product\/weihnachten-lebkuchen-raumparfuem\/"},"modified":"2026-03-27T05:43:06","modified_gmt":"2026-03-27T04:43:06","slug":"weihnachten-lebkuchen-raumparfuem","status":"publish","type":"product","link":"https:\/\/www.specialscentshop.com\/de\/produkt\/weihnachten-lebkuchen-raumparfuem\/","title":{"rendered":"Weihnachten Lebkuchen"},"content":{"rendered":"<h2><strong>Wirkung in der Umwelt\u00a0<\/strong><\/h2>\n<p>Der<strong> Lebkuchenduft<\/strong> kann in jeder Umgebung verwendet werden, in der Gem\u00fctlichkeit herrscht. Ob zu Hause oder in einem S\u00fc\u00dfwarengesch\u00e4ft, er zieht mit seinem Aroma die Kunden an, die auf der Stra\u00dfe vorbeigehen, und veranlasst sie, einzutreten und den gleichen Duft im Lokal zu finden. In jedem Fall umh\u00fcllt er jeden, der sich in der N\u00e4he Ihrer Einrichtung aufh\u00e4lt.<\/p>\n<h2><strong>Eigenschaften Weihnachten Lebkuchen\u00a0<\/strong><\/h2>\n<p>Seine Eigenschaften sind wohlbekannt. Aus <a href=\"https:\/\/it.wikipedia.org\/wiki\/Pan_di_zenzero\" target=\"_blank\" rel=\"noopener\">Lebkuchen<\/a> werden Pl\u00e4tzchen, H\u00e4uschen oder Sterne gebacken, um den Tisch zu dekorieren, nat\u00fcrlich zum Verzehr. Mit dem Duft von Lebkuchen werden Ihre G\u00e4ste oder Kunden in der typischen Weihnachtsatmosph\u00e4re empfangen. Im Winter profitieren sogar Kioske, die auf Pl\u00e4tzen aufgestellt sind und Kekse verkaufen, wenn sie den <strong>Lebkuchenduft<\/strong> verwenden.<\/p>\n<h2><b>Besonders geeignet f\u00fcr:<\/b><\/h2>\n<ul>\n<li>K\u00fcchen und Esszimmer<\/li>\n<li>Konditoreien und Eiscaf\u00e9s<\/li>\n<li>Restaurants und Caf\u00e9s<\/li>\n<li>Gesch\u00e4fte f\u00fcr Haushaltswaren und K\u00fcchenartikel<\/li>\n<li>Messen und Ausstellungen f\u00fcr Lebensmittel und Gastronomie<\/li>\n<li>S\u00e4le f\u00fcr Veranstaltungen und Hochzeiten mit einem kulinarischen Thema<\/li>\n<li>Lebensmittell\u00e4den und Superm\u00e4rkte mit einer Abteilung f\u00fcr S\u00fc\u00dfigkeiten<\/li>\n<li>Weihnachtsmarkt und Winterm\u00e4rkte<\/li>\n<li>S\u00e4le f\u00fcr Veranstaltungen und Hochzeiten mit weihnachtlichem Thema<\/li>\n<li>Geschenk- und Festtagsgesch\u00e4fte<\/li>\n<li class=\"li1\">Restaurants, Clubs, Gesch\u00e4fte und gro\u00dfe Veranstaltungsorte<\/li>\n<\/ul>\n<p><strong><em>Lesen Sie mehr: <a href=\"https:\/\/www.specialscentshop.com\/de\/produkt\/ambiente-food-weihnachtsduft-vanille-und-zimt\/\">Vanille und Zimt<\/a><\/em><\/strong><\/p>\n<p><em>Wir haben eine gro\u00dfe Auswahl an Raumdiffusoren, einschlie\u00dflich unseres brandneuen Handsprays <a href=\"https:\/\/www.specialscentshop.com\/de\/produkt\/nebula-raumdiffusor-wiederaufladbar\/\">Nebula<\/a>, das mit der gleichen Zerst\u00e4ubungstechnik wie unsere Diffusoren arbeitet. Eine perfekte und kosteng\u00fcnstige L\u00f6sung f\u00fcr alle, die unsere Produkte testen m\u00f6chten, bevor sie eine gr\u00f6\u00dfere Menge an Duftstoffen oder einen Spender kaufen. Das Nebula-Format besteht aus Aluminium, ist nachf\u00fcllbar und vor allem umweltfreundlich. Beim Kauf eines 0,250 g Duftes Ihrer Wahl erhalten Sie Nebula kostenlos. Ideal f\u00fcr kleine Mengen.<\/em><\/p>\n","protected":false},"excerpt":{"rendered":"<section class=\"av_textblock_section \">\n<div class=\"avia_textblock \">\n<h2>Olfaktorische Noten: Herznoten<\/h2>\n<p>D<strong>er <\/strong><mark>Weihnachten Lebkuchen <\/mark>\u00a0ist nicht nur ein Aroma, das mit dem typischen Duft von Keksen zu tun hat, sondern versetzt Sie auch in die gem\u00fctlichste Zeit des Jahres zur\u00fcck, n\u00e4mlich in die Weihnachtszeit. Die Lebkuchenessenz enth\u00e4lt die Mischung aller Zutaten des Originalrezepts f\u00fcr diese Kekse und ihr Aroma ist unverwechselbar. Um die olfaktorischen Noten dieses Duftes besser zu verstehen, sollten Sie sich einer frisch gebackenen Pfanne mit Lebkuchenkeksen n\u00e4hern. Dieser Duft verbreitet sich gleichm\u00e4\u00dfig im ganzen Raum.<\/p>\n<p><strong>Ideal f\u00fcr <a href=\"https:\/\/www.specialscentshop.com\/de\/olfaktorisches-marketing\/\">olfaktorisches Marketing<\/a>, bei dem sich der Weihnachtsduft durch seine olfaktorischen Noten im Ged\u00e4chtnis festsetzt und die Erinnerung daran in der Zeit verweilt<\/strong><\/p>\n<\/div>\n<\/section>\n","protected":false},"featured_media":47638,"template":"","meta":{"_acf_changed":false},"product_brand":[],"product_cat":[812,915,923],"product_tag":[862,909,768,910,769,913,770,1167],"class_list":{"0":"post-44103","1":"product","2":"type-product","3":"status-publish","4":"has-post-thumbnail","6":"product_cat-raumdufte","7":"product_cat-weihnachtsdufte","8":"product_cat-drinkfood-raumdufte","9":"product_tag-spielzimmer","10":"product_tag-umgebungen-im-freien","11":"product_tag-hotel-bb-de","12":"product_tag-messen-und-veranstaltungen","13":"product_tag-geschafte-einkaufen","14":"product_tag-parfums-fur-messen","15":"product_tag-restaurants-bars-de","16":"product_tag-weihnachtsduefte","18":"first","19":"instock","20":"taxable","21":"shipping-taxable","22":"purchasable","23":"product-type-variable"},"acf":[],"_links":{"self":[{"href":"https:\/\/www.specialscentshop.com\/de\/wp-json\/wp\/v2\/product\/44103","targetHints":{"allow":["GET"]}}],"collection":[{"href":"https:\/\/www.specialscentshop.com\/de\/wp-json\/wp\/v2\/product"}],"about":[{"href":"https:\/\/www.specialscentshop.com\/de\/wp-json\/wp\/v2\/types\/product"}],"wp:featuredmedia":[{"embeddable":true,"href":"https:\/\/www.specialscentshop.com\/de\/wp-json\/wp\/v2\/media\/47638"}],"wp:attachment":[{"href":"https:\/\/www.specialscentshop.com\/de\/wp-json\/wp\/v2\/media?parent=44103"}],"wp:term":[{"taxonomy":"product_brand","embeddable":true,"href":"https:\/\/www.specialscentshop.com\/de\/wp-json\/wp\/v2\/product_brand?post=44103"},{"taxonomy":"product_cat","embeddable":true,"href":"https:\/\/www.specialscentshop.com\/de\/wp-json\/wp\/v2\/product_cat?post=44103"},{"taxonomy":"product_tag","embeddable":true,"href":"https:\/\/www.specialscentshop.com\/de\/wp-json\/wp\/v2\/product_tag?post=44103"}],"curies":[{"name":"wp","href":"https:\/\/api.w.org\/{rel}","templated":true}]}}