{"id":44132,"date":"2020-06-11T13:47:11","date_gmt":"2020-06-11T11:47:11","guid":{"rendered":"https:\/\/www.specialscentshop.com\/product\/raumduft-blue-ocean\/"},"modified":"2025-03-15T18:01:14","modified_gmt":"2025-03-15T17:01:14","slug":"raumduft-blue-ocean","status":"publish","type":"product","link":"https:\/\/www.specialscentshop.com\/de\/produkt\/raumduft-blue-ocean\/","title":{"rendered":"Raumduft Blue Ocean"},"content":{"rendered":"<h2><strong>Wirkung in der Umwelt<\/strong><\/h2>\n<p><strong>Gel Raumduft Blue Ocean<\/strong> diese Essenz verbreitet sich im ganzen Raum wie ein frischer Luftzug, der Freiheitsgef\u00fchle ausl\u00f6st, wie wenn wir am Meer im Mondlicht baden und der Wind unser Gesicht streichelt, ein wahres Allheilmittel. Ein Duft, der ad hoc f\u00fcr alle Sportliebhaber kreiert wurde und sich daher f\u00fcr Umgebungen wie: Turnhallen, Umkleider\u00e4ume, Fitnessr\u00e4ume, Sportzentren und dergleichen.<\/p>\n<h2><strong>Eigenschaften <\/strong><\/h2>\n<p>Ein Ozean der Gef\u00fchle Ein Duft wie Blue Ocean ist Ihr Ass im \u00c4rmel, um Ihren Standort zu erneuern.<br \/>\nWenn Sie ein etabliertes Gesch\u00e4ft haben, sich aber von allen anderen abheben wollen, ist dies die L\u00f6sung. Ein Produkt zu haben, das einen solchen Duft in der Luft verbreitet, ist ein Anreiz zum Wohlbefinden.<br \/>\nLiebhaber des Meeres, langer Strandspazierg\u00e4nge oder Bootsfahrten werden es lieben. Denken Sie an all die Vorteile, die Sie allein durch die Verwendung seiner Duftnoten erzielen k\u00f6nnen.<\/p>\n<p><a href=\"https:\/\/www.specialscentshop.com\/de\/produkt-kategorie\/dufte-und-gel-dufte\/\">Entdecken Sie alle unsere Raumgele<\/a><\/p>\n<h2 class=\"p1\"><b>Besonders geeignet f\u00fcr:<\/b><\/h2>\n<ul>\n<li>B\u00e4der<\/li>\n<li>Schlafzimmer<\/li>\n<li>Wohnr\u00e4ume mit modernen M\u00f6beln<\/li>\n<li>Speises\u00e4le mit elegantem Ambiente<\/li>\n<li>Gartenzimmer oder Au\u00dfenterrassen<\/li>\n<li>B\u00fcros oder Besprechungsr\u00e4ume mit einer k\u00fchlen, entspannenden Atmosph\u00e4re<\/li>\n<li>Entspannungs- oder Leser\u00e4ume<\/li>\n<li>Yoga- oder Meditationsraum<\/li>\n<li>Parks oder Naturg\u00e4rten<\/li>\n<li>In Meeresumgebungen oder K\u00fcstengebieten kann der frische, maritime Duft von Blue Ocean an das Meer und den Strand erinnern und eine frische, entspannende Atmosph\u00e4re schaffen.<\/li>\n<li>Gro\u00dfe R\u00e4ume, Unternehmen, R\u00e4umlichkeiten<\/li>\n<\/ul>\n<p>Beachten Sie, dass dies nur Vorschl\u00e4ge sind und die Eignung des Parfums stark von Ihren pers\u00f6nlichen Vorlieben abh\u00e4ngt.<\/p>\n<p><em><strong>Um die Intensit\u00e4t zu erh\u00f6hen, verwenden Sie den <a href=\"https:\/\/www.specialscentshop.com\/de\/produkt\/gel-s100-parfuemzerstaeuber\/\">S 100 Diffusor<\/a><\/strong><\/em><\/p>\n<p><em>Wir haben eine gro\u00dfe Auswahl an Raumdiffusoren, einschlie\u00dflich unseres brandneuen Handsprays <a href=\"https:\/\/www.specialscentshop.com\/de\/produkt\/nebula-raumdiffusor-wiederaufladbar\/\">Nebula<\/a>, das mit der gleichen Zerst\u00e4ubungstechnik wie unsere Diffusoren arbeitet. Eine perfekte und kosteng\u00fcnstige L\u00f6sung f\u00fcr alle, die unsere Produkte testen m\u00f6chten, bevor sie eine gr\u00f6\u00dfere Menge an Duftstoffen oder einen Spender kaufen. Das Nebula-Format besteht aus Aluminium, ist nachf\u00fcllbar und vor allem umweltfreundlich. Beim Kauf eines 0,250 g Duftes Ihrer Wahl erhalten Sie Nebula kostenlos. Ideal f\u00fcr kleine Mengen.<\/em><\/p>\n","protected":false},"excerpt":{"rendered":"<section class=\"av_textblock_section \">\n<div class=\"avia_textblock \">\n<h2><strong>Gel Raumduft Blue Ocean Noten: Kopfnoten<\/strong><\/h2>\n<p>Ein intensives Parf\u00fcm, das mit seinen frischen Noten einen starken, aber nicht starken Charakter hat und Ihnen intensive Empfindungen vermitteln kann.<br \/>\nEin Parf\u00fcm, das Sie mit seinen balsamischen Noten in die Tiefen des Ozeans eintauchen l\u00e4sst. Die Essenz des blauen Ozeans ist als <strong>GEL SOLUTION<\/strong> erh\u00e4ltlich.<\/p>\n<\/div>\n<\/section>\n","protected":false},"featured_media":44136,"template":"","meta":{"_acf_changed":false},"product_brand":[],"product_cat":[1159],"product_tag":[910,913,916,766,767,768,860,862,863,864,908],"class_list":{"0":"post-44132","1":"product","2":"type-product","3":"status-publish","4":"has-post-thumbnail","6":"product_cat-gel-desodorisant","7":"product_tag-messen-und-veranstaltungen","8":"product_tag-parfums-fur-messen","9":"product_tag-dufte-fur-arztpraxen-kliniken","10":"product_tag-zuhause","11":"product_tag-buro","12":"product_tag-hotel-bb-de","13":"product_tag-autos-kraftfahrzeuge","14":"product_tag-spielzimmer","15":"product_tag-fitnessstudios-sport","16":"product_tag-arztpraxen-kliniken","17":"product_tag-eigentumswohnungen","19":"first","20":"instock","21":"taxable","22":"shipping-taxable","23":"purchasable","24":"product-type-simple"},"acf":[],"_links":{"self":[{"href":"https:\/\/www.specialscentshop.com\/de\/wp-json\/wp\/v2\/product\/44132","targetHints":{"allow":["GET"]}}],"collection":[{"href":"https:\/\/www.specialscentshop.com\/de\/wp-json\/wp\/v2\/product"}],"about":[{"href":"https:\/\/www.specialscentshop.com\/de\/wp-json\/wp\/v2\/types\/product"}],"wp:featuredmedia":[{"embeddable":true,"href":"https:\/\/www.specialscentshop.com\/de\/wp-json\/wp\/v2\/media\/44136"}],"wp:attachment":[{"href":"https:\/\/www.specialscentshop.com\/de\/wp-json\/wp\/v2\/media?parent=44132"}],"wp:term":[{"taxonomy":"product_brand","embeddable":true,"href":"https:\/\/www.specialscentshop.com\/de\/wp-json\/wp\/v2\/product_brand?post=44132"},{"taxonomy":"product_cat","embeddable":true,"href":"https:\/\/www.specialscentshop.com\/de\/wp-json\/wp\/v2\/product_cat?post=44132"},{"taxonomy":"product_tag","embeddable":true,"href":"https:\/\/www.specialscentshop.com\/de\/wp-json\/wp\/v2\/product_tag?post=44132"}],"curies":[{"name":"wp","href":"https:\/\/api.w.org\/{rel}","templated":true}]}}