{"id":44148,"date":"2022-06-24T11:36:01","date_gmt":"2022-06-24T09:36:01","guid":{"rendered":"https:\/\/www.specialscentshop.com\/product\/weihnachten-baita-ambience-parfuem\/"},"modified":"2026-03-27T05:43:23","modified_gmt":"2026-03-27T04:43:23","slug":"weihnachten-baita-ambience-parfuem","status":"publish","type":"product","link":"https:\/\/www.specialscentshop.com\/de\/produkt\/weihnachten-baita-ambience-parfuem\/","title":{"rendered":"Weihnachten Baita Ambience Parf\u00fcm"},"content":{"rendered":"<h2><strong>Effekt im Ambiente des Raumduftes Weihnachten in der H\u00fctte<\/strong><\/h2>\n<p>Er ist nicht nur eine reine Weihnachts- und Wintermischung, sondern erh\u00e4lt durch die Hinzuf\u00fcgung der zarten Noten von Amber und Vanille einen besonderen Wert. Dieser Duft ist f\u00fcr ein Ambiente gedacht, in dem Gem\u00fctlichkeit und Freundschaft inmitten von Kuscheln, hei\u00dfem Gl\u00fchwein, ger\u00f6steten Kastanien und Umarmungen regieren. In der Weihnachtszeit kann er \u00fcberall verbreitet werden, in den anderen Jahreszeiten in Hotels und Pensionen in den Bergen und auf den H\u00fcgeln, in Bars und Clubs, wo Holz und der Klang von Musik f\u00fcr Harmonie sorgen.<\/p>\n<h2><strong>Eigenschaften<\/strong><\/h2>\n<p>Wenn der Geist der Weihnacht in die H\u00e4user einzieht, in denen Familie und Freunde zusammenkommen, kann nur ein perfektes Parf\u00fcm den letzten Schliff geben. Das Aroma von <a href=\"https:\/\/it.wikipedia.org\/wiki\/Baita\" target=\"_blank\" rel=\"noopener\">Baita<\/a> ambience zu verbreiten ist wie Herznoten zu verbreiten.<\/p>\n<p><em>Wir haben eine gro\u00dfe Auswahl an Raumdiffusoren, einschlie\u00dflich unseres brandneuen Handsprays <a href=\"https:\/\/www.specialscentshop.com\/de\/produkt\/nebula-raumdiffusor-wiederaufladbar\/\">Nebula <\/a>, das mit der gleichen Zerst\u00e4ubungstechnik wie unsere Diffusoren arbeitet. Eine perfekte und kosteng\u00fcnstige L\u00f6sung f\u00fcr alle, die unsere Produkte testen m\u00f6chten, bevor sie eine gr\u00f6\u00dfere Menge an Duftstoffen oder einen Spender kaufen. Das Nebula-Format besteht aus Aluminium, ist nachf\u00fcllbar und vor allem umweltfreundlich. Beim Kauf eines 0,250 g Duftes Ihrer Wahl erhalten Sie Nebula kostenlos. Ideal f\u00fcr kleine Mengen. <\/em><\/p>\n<h2><strong>Besonders geeignet f\u00fcr:<\/strong><\/h2>\n<ul>\n<li style=\"list-style-type: none;\">\n<ul>\n<li>Bergh\u00e4user oder Holzchalets<\/li>\n<li>Schlafzimmer<\/li>\n<li>Wohnr\u00e4ume mit Holzm\u00f6beln und nat\u00fcrlichen Stoffen<\/li>\n<li>Speises\u00e4le mit rustikalem Ambiente<\/li>\n<li>Museen, Theater, Kinos, Anwaltskanzleien<\/li>\n<li>Weihnachtszeit und Gesch\u00e4fte mit Weihnachtsprodukten<\/li>\n<li>Hotel ,B&amp;B, Resort<\/li>\n<\/ul>\n<\/li>\n<\/ul>\n<p><em><strong>Weiterlesen: <a href=\"https:\/\/www.specialscentshop.com\/de\/produkt\/amber-und-tabak-raumparfuem\/\">Amber und Tabak Raumparf\u00fcm<\/a><\/strong><\/em><\/p>\n","protected":false},"excerpt":{"rendered":"<h3>Duftnoten des Raumparfums Christmas in the Hut: Basisnoten<\/h3>\n<p>Der Baita Ambienteduft versetzt uns in den Zauber von Weihnachten, aber auch in k\u00fchle Fr\u00fchlingsabende, an denen sich der Duft von Tannenholz perfekt mit dem von Kiefernnadeln, Kampfer und Thymian vermischt. Eine umh\u00fcllende, gem\u00fctliche und vor allem entspannende Mischung, wie eine Bergh\u00fctte eben ist.<\/p>\n<p>Perfekt f\u00fcr <a href=\"https:\/\/www.specialscentshop.com\/de\/olfaktorisches-marketing\/\">Geruchsmarketing<\/a><\/p>\n","protected":false},"featured_media":47863,"template":"","meta":{"_acf_changed":false},"product_brand":[],"product_cat":[812,915],"product_tag":[908,766,910,767,913,768,769,1167],"class_list":{"0":"post-44148","1":"product","2":"type-product","3":"status-publish","4":"has-post-thumbnail","6":"product_cat-raumdufte","7":"product_cat-weihnachtsdufte","8":"product_tag-eigentumswohnungen","9":"product_tag-zuhause","10":"product_tag-messen-und-veranstaltungen","11":"product_tag-buro","12":"product_tag-parfums-fur-messen","13":"product_tag-hotel-bb-de","14":"product_tag-geschafte-einkaufen","15":"product_tag-weihnachtsduefte","17":"first","18":"instock","19":"taxable","20":"shipping-taxable","21":"purchasable","22":"product-type-variable"},"acf":[],"_links":{"self":[{"href":"https:\/\/www.specialscentshop.com\/de\/wp-json\/wp\/v2\/product\/44148","targetHints":{"allow":["GET"]}}],"collection":[{"href":"https:\/\/www.specialscentshop.com\/de\/wp-json\/wp\/v2\/product"}],"about":[{"href":"https:\/\/www.specialscentshop.com\/de\/wp-json\/wp\/v2\/types\/product"}],"wp:featuredmedia":[{"embeddable":true,"href":"https:\/\/www.specialscentshop.com\/de\/wp-json\/wp\/v2\/media\/47863"}],"wp:attachment":[{"href":"https:\/\/www.specialscentshop.com\/de\/wp-json\/wp\/v2\/media?parent=44148"}],"wp:term":[{"taxonomy":"product_brand","embeddable":true,"href":"https:\/\/www.specialscentshop.com\/de\/wp-json\/wp\/v2\/product_brand?post=44148"},{"taxonomy":"product_cat","embeddable":true,"href":"https:\/\/www.specialscentshop.com\/de\/wp-json\/wp\/v2\/product_cat?post=44148"},{"taxonomy":"product_tag","embeddable":true,"href":"https:\/\/www.specialscentshop.com\/de\/wp-json\/wp\/v2\/product_tag?post=44148"}],"curies":[{"name":"wp","href":"https:\/\/api.w.org\/{rel}","templated":true}]}}