{"id":44165,"date":"2020-06-11T15:35:30","date_gmt":"2020-06-11T13:35:30","guid":{"rendered":"https:\/\/www.specialscentshop.com\/product\/weihnachts-raumduft-edelweiss\/"},"modified":"2026-03-27T05:43:39","modified_gmt":"2026-03-27T04:43:39","slug":"weihnachts-raumduft-edelweiss","status":"publish","type":"product","link":"https:\/\/www.specialscentshop.com\/de\/produkt\/weihnachts-raumduft-edelweiss\/","title":{"rendered":"Weihnachts-Raumduft Edelweiss"},"content":{"rendered":"<h2><strong>Auswirkungen auf die Umwelt<\/strong><\/h2>\n<p>Dieser Duft ist in der Lage, diese<strong>magische Atmosph\u00e4re<\/strong> zu schaffen, die es nur zur Weihnachtszeit gibt, wenn alles w\u00e4rmer und gem\u00fctlicher ist. Wenn Sie die Ruhe der Weihnachtszeit lieben, ist diese Essenz genau das Richtige f\u00fcr Sie! Sie k\u00f6nnen ihn in kleinen und gro\u00dfen R\u00e4umen verwenden, in denen die Beschw\u00f6rung von Weihnachten wichtig ist.<\/p>\n<h2><strong>Eigenschaften <\/strong><\/h2>\n<p>Das Juwel der Dolomiten, das <strong>Edelwei\u00df<\/strong>. Eine der seltensten und unerreichbarsten Blumen unserer Halbinsel ist das Edelwei\u00df, das Symbol unserer sch\u00f6nen Gipfel.<\/p>\n<p>Die Aromas wollen diese herrliche Blume und die gesamte Region feiern. Wir k\u00f6nnen Ihnen versichern, dass Sie, wenn Sie es einmal genossen haben, nicht mehr darauf verzichten k\u00f6nnen. Das Aroma des Edelwei\u00df ist nicht nur ein Duft, der die Umgebung parf\u00fcmiert, es ist viel mehr.<\/p>\n<p>Schaffen Sie ein neues Dufterlebnis f\u00fcr alle. Lassen Sie sich in den Zauber der Weihnacht entf\u00fchren, indem Sie die Aspekte der Natur und der Erinnerungen einfangen.<em>Wir haben eine gro\u00dfe Auswahl an Raumd\u00fcften, darunter unser brandneues <\/em><strong><a href=\"https:\/\/www.specialscentshop.com\/de\/produkt\/nebula-raumdiffusor-wiederaufladbar\/\"> Nebula<\/a> Spray<\/strong><\/p>\n<p><em> die manuelle Dosierung, die mit der gleichen Zerst\u00e4ubungstechnik wie unsere Spender arbeitet. Eine perfekte und kosteng\u00fcnstige L\u00f6sung f\u00fcr alle, die unsere Produkte testen m\u00f6chten, bevor sie eine gr\u00f6\u00dfere Menge Duft oder einen Spender kaufen. Das Nebula-Format besteht aus Aluminium, ist nachf\u00fcllbar und vor allem umweltfreundlich. Beim Kauf eines 0,250 g Duftes Ihrer Wahl erhalten Sie Nebula kostenlos. Ideal f\u00fcr kleine Mengen. <\/em><\/p>\n<h2><strong>Besonders geeignet f\u00fcr:<\/strong><\/h2>\n<ul>\n<li>Bergh\u00e4user oder Holzchalets<\/li>\n<li>B\u00e4der<\/li>\n<li>Schlafzimmer<\/li>\n<li>Wohnr\u00e4ume mit Holzm\u00f6beln und nat\u00fcrlichen Stoffen<\/li>\n<li>Speises\u00e4le mit rustikalem Ambiente<\/li>\n<li>Gartenzimmer oder Au\u00dfenterrassen<\/li>\n<li>B\u00fcros oder Besprechungsr\u00e4ume mit einer entspannten Atmosph\u00e4re<\/li>\n<li>Entspannungs- oder Leser\u00e4ume<\/li>\n<li>Yoga- oder Meditationsraum<\/li>\n<li>Parks oder Naturg\u00e4rten<\/li>\n<\/ul>\n<p>Beachten Sie, dass dies nur Vorschl\u00e4ge sind und die Eignung des Parfums stark von Ihren pers\u00f6nlichen Vorlieben abh\u00e4ngt.<\/p>\n<p><em><strong>Weiterlesen:<a href=\"https:\/\/www.specialscentshop.com\/de\/weihnachtsduefte\/\"> Weihnachtsd\u00fcfte<\/a><\/strong><\/em><\/p>\n","protected":false},"excerpt":{"rendered":"<h3><strong>Die Duftnoten von Stella Alpina Christmas Ambience Parf\u00fcm: Herznoten<\/strong><\/h3>\n<p>Wir wissen, wie wichtig Weihnachten ist, und wir wollen es einzigartig und besonders machen.<br \/>\nDie Essenz von Edelweiss fasst die ganze Reinheit der sch\u00f6nsten Blume der Dolomiten zusammen und bringt sie ins Haus. Seine Duftnoten sind s\u00fc\u00df und zart und geh\u00f6ren zur Kategorie der Herznoten, ausgewogen und perfekt f\u00fcr diese Jahreszeit. Der Duft von Weihnachten liegt in der Luft<\/p>\n<p><strong>Perfekt f\u00fcr \u00a0<a href=\"https:\/\/www.specialscentshop.com\/de\/olfaktorisches-marketing\/\">Geruchsmarketing<\/a><\/strong><\/p>\n","protected":false},"featured_media":47888,"template":"","meta":{"_acf_changed":false},"product_brand":[],"product_cat":[812,915],"product_tag":[766,862,767,908,768,909,769,910,770,912,1167],"class_list":{"0":"post-44165","1":"product","2":"type-product","3":"status-publish","4":"has-post-thumbnail","6":"product_cat-raumdufte","7":"product_cat-weihnachtsdufte","8":"product_tag-zuhause","9":"product_tag-spielzimmer","10":"product_tag-buro","11":"product_tag-eigentumswohnungen","12":"product_tag-hotel-bb-de","13":"product_tag-umgebungen-im-freien","14":"product_tag-geschafte-einkaufen","15":"product_tag-messen-und-veranstaltungen","16":"product_tag-restaurants-bars-de","17":"product_tag-hochzeiten","18":"product_tag-weihnachtsduefte","20":"first","21":"instock","22":"taxable","23":"shipping-taxable","24":"purchasable","25":"product-type-variable"},"acf":[],"_links":{"self":[{"href":"https:\/\/www.specialscentshop.com\/de\/wp-json\/wp\/v2\/product\/44165","targetHints":{"allow":["GET"]}}],"collection":[{"href":"https:\/\/www.specialscentshop.com\/de\/wp-json\/wp\/v2\/product"}],"about":[{"href":"https:\/\/www.specialscentshop.com\/de\/wp-json\/wp\/v2\/types\/product"}],"wp:featuredmedia":[{"embeddable":true,"href":"https:\/\/www.specialscentshop.com\/de\/wp-json\/wp\/v2\/media\/47888"}],"wp:attachment":[{"href":"https:\/\/www.specialscentshop.com\/de\/wp-json\/wp\/v2\/media?parent=44165"}],"wp:term":[{"taxonomy":"product_brand","embeddable":true,"href":"https:\/\/www.specialscentshop.com\/de\/wp-json\/wp\/v2\/product_brand?post=44165"},{"taxonomy":"product_cat","embeddable":true,"href":"https:\/\/www.specialscentshop.com\/de\/wp-json\/wp\/v2\/product_cat?post=44165"},{"taxonomy":"product_tag","embeddable":true,"href":"https:\/\/www.specialscentshop.com\/de\/wp-json\/wp\/v2\/product_tag?post=44165"}],"curies":[{"name":"wp","href":"https:\/\/api.w.org\/{rel}","templated":true}]}}