{"id":44198,"date":"2020-06-11T13:42:59","date_gmt":"2020-06-11T11:42:59","guid":{"rendered":"https:\/\/www.specialscentshop.com\/product\/grapefruit-raumparfuem\/"},"modified":"2025-03-17T16:46:11","modified_gmt":"2025-03-17T15:46:11","slug":"grapefruit-raumparfuem","status":"publish","type":"product","link":"https:\/\/www.specialscentshop.com\/de\/produkt\/grapefruit-raumparfuem\/","title":{"rendered":"Grapefruit Raumparf\u00fcm"},"content":{"rendered":"<h2><strong>Grapefruit Raumparf\u00fcm Wirkung in der Umwelt<\/strong><\/h2>\n<p>Dank seines charakteristischen Duftes ist dieser Duft geeignet, die oft schwere B\u00fcroluft angenehm zu machen. Empfohlen f\u00fcr Arbeitsumgebungen, in denen manchmal eine Atmosph\u00e4re kollektiver M\u00fcdigkeit herrscht, ist dieser Duft eine gute M\u00f6glichkeit, die Moral Ihrer Mitarbeiter aufzuheitern. Sehr beliebt in Umgebungen mit schlechter Luftzirkulation, wie z.B. in Umkleider\u00e4umen, Fitnessstudios, an \u00fcberf\u00fcllten Orten oder um starke Ger\u00fcche aus einer K\u00fcche zu \u00fcberdecken.<\/p>\n<h2><strong>Eigenschaften Grapefruit Raumparf\u00fcm<\/strong><\/h2>\n<p>Der Duft der Grapefruit wird zum Teil aus der Schale der Frucht gewonnen, wodurch zitrusartige und erfrischende Duftnoten entstehen. Ein Duft, der erst k\u00fcrzlich auf den Markt gekommen ist.<\/p>\n<p>Viele Massagezentren und Spas verwenden Produkte mit Grapefruit-Aroma, weil diese Frucht lange in der Luft bleibt. Schaffen Sie ein neues Dufterlebnis Untersch\u00e4tzen Sie nicht die Wirkung, die ein guter Duft auf Ihren Standort haben kann<\/p>\n<p><em>Wir haben eine gro\u00dfe Auswahl an Raumdiffusoren, einschlie\u00dflich unseres brandneuen Handsprays<a href=\"https:\/\/www.specialscentshop.com\/de\/produkt\/nebula-raumdiffusor-wiederaufladbar\/\"> Nebula<\/a>, das mit der gleichen Zerst\u00e4ubungstechnik wie unsere Diffusoren arbeitet. Eine perfekte und kosteng\u00fcnstige L\u00f6sung f\u00fcr alle, die unsere Produkte testen m\u00f6chten, bevor sie eine gr\u00f6\u00dfere Menge an Duftstoffen oder einen Spender kaufen. Das Nebula-Format besteht aus Aluminium, ist nachf\u00fcllbar und vor allem umweltfreundlich. Beim Kauf eines 0,250 g Duftes Ihrer Wahl erhalten Sie Nebula kostenlos. Ideal f\u00fcr kleine Mengen. <\/em><\/p>\n<h2 class=\"p1\"><b>Besonders geeignet f\u00fcr:<\/b><\/h2>\n<p>Der Grapefruit-Duft passt gut in Umgebungen wie:<\/p>\n<ul>\n<li>K\u00fcchen<\/li>\n<li>B\u00e4der<\/li>\n<li>Schlafzimmer<\/li>\n<li>Wohnr\u00e4ume mit modernen M\u00f6beln<\/li>\n<li>Speises\u00e4le mit elegantem Ambiente<\/li>\n<li>Gartenzimmer oder Au\u00dfenterrassen<\/li>\n<li>B\u00fcros oder Besprechungsr\u00e4ume mit einer k\u00fchlen, entspannenden Atmosph\u00e4re<\/li>\n<li>Entspannungs- oder Leser\u00e4ume<\/li>\n<li>Yoga- oder Meditationsraum<\/li>\n<li>Parks oder Naturg\u00e4rten<\/li>\n<li>Unternehmen, Gesch\u00e4ftsr\u00e4ume und gro\u00dfe R\u00e4ume<\/li>\n<\/ul>\n<p>Das frische, zitrusartige Aroma der Grapefruit kann dazu beitragen, eine k\u00fchle, erfrischende Atmosph\u00e4re zu schaffen, die die Konzentration und Produktivit\u00e4t verbessert. Beachten Sie, dass dies nur Vorschl\u00e4ge sind und die Eignung des Parfums stark von Ihren pers\u00f6nlichen Vorlieben abh\u00e4ngt.<\/p>\n<p><em><strong>Mehr lesen: <a href=\"https:\/\/www.specialscentshop.com\/de\/produkt\/gel-s100-parfuemzerstaeuber\/\">Gel-Raumdiffusor<\/a><\/strong><\/em><\/p>\n<p>&nbsp;<\/p>\n","protected":false},"excerpt":{"rendered":"<section class=\"av_textblock_section \">\n<div class=\"avia_textblock \">\n<h2><strong>Geruchsnoten: Kopfnoten<\/strong><\/h2>\n<p>Das Grapefruit Ambience Parf\u00fcm mit seinen <strong>Kopfnoten<\/strong> ist ein Zitrusduft mit einem charakteristischen Geruch.<\/p>\n<p>Seine Farbe ist typisch f\u00fcr diese wunderbare Frucht unseres Landes. Der Duft ist ein perfektes Gleichgewicht zwischen Verstand und Herz und sorgt f\u00fcr gute Laune. Die Grapefruit-Essenz wird als <strong><a href=\"https:\/\/www.specialscentshop.com\/de\/produkt-kategorie\/dufte-und-gel-dufte\/\">GEL<\/a>-SOLUTION<\/strong> angeboten.<\/p>\n<\/div>\n<\/section>\n","protected":false},"featured_media":44199,"template":"","meta":{"_acf_changed":false},"product_brand":[],"product_cat":[1159],"product_tag":[862,863,908,766,768,860],"class_list":{"0":"post-44198","1":"product","2":"type-product","3":"status-publish","4":"has-post-thumbnail","6":"product_cat-gel-desodorisant","7":"product_tag-spielzimmer","8":"product_tag-fitnessstudios-sport","9":"product_tag-eigentumswohnungen","10":"product_tag-zuhause","11":"product_tag-hotel-bb-de","12":"product_tag-autos-kraftfahrzeuge","14":"first","15":"instock","16":"taxable","17":"shipping-taxable","18":"purchasable","19":"product-type-simple"},"acf":[],"_links":{"self":[{"href":"https:\/\/www.specialscentshop.com\/de\/wp-json\/wp\/v2\/product\/44198","targetHints":{"allow":["GET"]}}],"collection":[{"href":"https:\/\/www.specialscentshop.com\/de\/wp-json\/wp\/v2\/product"}],"about":[{"href":"https:\/\/www.specialscentshop.com\/de\/wp-json\/wp\/v2\/types\/product"}],"wp:featuredmedia":[{"embeddable":true,"href":"https:\/\/www.specialscentshop.com\/de\/wp-json\/wp\/v2\/media\/44199"}],"wp:attachment":[{"href":"https:\/\/www.specialscentshop.com\/de\/wp-json\/wp\/v2\/media?parent=44198"}],"wp:term":[{"taxonomy":"product_brand","embeddable":true,"href":"https:\/\/www.specialscentshop.com\/de\/wp-json\/wp\/v2\/product_brand?post=44198"},{"taxonomy":"product_cat","embeddable":true,"href":"https:\/\/www.specialscentshop.com\/de\/wp-json\/wp\/v2\/product_cat?post=44198"},{"taxonomy":"product_tag","embeddable":true,"href":"https:\/\/www.specialscentshop.com\/de\/wp-json\/wp\/v2\/product_tag?post=44198"}],"curies":[{"name":"wp","href":"https:\/\/api.w.org\/{rel}","templated":true}]}}