{"id":44217,"date":"2020-10-10T00:02:00","date_gmt":"2020-10-09T22:02:00","guid":{"rendered":"https:\/\/www.specialscentshop.com\/product\/auto-duftzerstaeuber-s50\/"},"modified":"2025-02-07T12:20:37","modified_gmt":"2025-02-07T11:20:37","slug":"auto-duftzerstaeuber-s50","status":"publish","type":"product","link":"https:\/\/www.specialscentshop.com\/de\/produkt\/auto-duftzerstaeuber-s50\/","title":{"rendered":"Auto-Duftzerst\u00e4uber S50"},"content":{"rendered":"<div class=\"av-special-heading av-4x07uo-b2a37648287b3c7183e5819dd204d01e av-special-heading-h3 custom-color-heading blockquote modern-quote avia-builder-el-21 el_before_av_textblock avia-builder-el-first av-inherit-size \">\n<h2><b>Wo k\u00f6nnen Sie den Elektroparf\u00fcm f\u00fcr Auto S50 verwenden?<\/b><\/h2>\n<ul>\n<li>Ideal f\u00fcr die Parf\u00fcmierung <strong>kleiner R\u00e4ume<\/strong> , die Schaffung eines konstanten <strong>Autoduftes<\/strong> und <strong>kleiner R\u00e4ume<\/strong><\/li>\n<li>Es wird nur aktiviert, wenn das Auto mit einem intelligenten Kontrollsystem in Bewegung ist.<\/li>\n<li>Aufladen und Stromversorgung \u00fcber Usb-Kabel<\/li>\n<\/ul>\n<h2><strong>Technische Daten <\/strong><b>Elektroparf\u00fcm f\u00fcr Auto S50<\/b><\/h2>\n<ul>\n<li>Abmessungen: 120 * 120 * 45mm<\/li>\n<li>Gewicht: 0,2 kg<\/li>\n<li>Material: Kunststoff<\/li>\n<li>Farbe: Schwarz\/Wei\u00df<\/li>\n<li>Spannung: Usb5v<\/li>\n<li>Reichweite des Parfums: 3 M3<\/li>\n<li>Parf\u00fcmpatrone: 30 ml<\/li>\n<li>Verwendung: Auto\/kleine Zimmer<\/li>\n<\/ul>\n<\/div>\n<section class=\"av_textblock_section \">\n<div class=\"avia_textblock \">\n<h2><strong>Welches Parf\u00fcm verwenden Sie f\u00fcr Special Scent Raumd\u00fcfte?<\/strong><\/h2>\n<ul>\n<li>Special Scent verf\u00fcgt \u00fcber ein breites Sortiment an zertifizierten und registrierten \u00f6ligen Raumd\u00fcften, mit denen Sie jede Umgebung parf\u00fcmieren und mit Hilfe der Olfactory Marketing-Technik eine attraktive Wirkung auf den Kunden erzielen k\u00f6nnen.<\/li>\n<li>Special Scent verpflichtet Sie nicht zum Kauf von Duftstoffen, <strong>empfiehlt<\/strong> aber <strong>, keine wasserl\u00f6slichen \u00d6le und keine \u00d6le in Holzdiffusoren zu verwenden<\/strong>.<\/li>\n<li>Special scent ist Ihr idealer Partner f\u00fcr die Parf\u00fcmierung Ihrer R\u00e4ume. Auf unserer Website finden Sie die beste L\u00f6sung f\u00fcr Ihre Umgebung, von D\u00fcften bis zu <strong>Parf\u00fcmzerst\u00e4ubern<\/strong>.<\/li>\n<\/ul>\n<p><em><strong>Mehr lesen: <a href=\"https:\/\/www.specialscentshop.com\/de\/produkt\/kaffee-roesten\/\">Kaffeer\u00f6stung<\/a><\/strong><\/em><\/p>\n<\/div>\n<\/section>\n<section id=\"prezzodiffusore\" class=\"av_textblock_section \"><\/section>\n","protected":false},"excerpt":{"rendered":"<section class=\"av_textblock_section \">\n<div class=\"avia_textblock \">\n<h3><b>Elektroparf\u00fcm f\u00fcr Auto \u00a0S50<\/b><\/h3>\n<h3>Minimalistisch im Design und klein in der Gr\u00f6\u00dfe, erf\u00fcllt er brillant seine Aufgabe, indem er unangenehme Ger\u00fcche beseitigt, ohne aufdringlich zu sein.<\/h3>\n<section class=\"av_textblock_section \">\n<div class=\"avia_textblock \">\n<p>Sie k\u00f6nnen den f\u00fcr Sie am besten geeigneten Duft finden, indem Sie unseren Katalog konsultieren unter<strong><a href=\"https:\/\/www.specialscentshop.com\/de\/parfuems-und-duefte\/\">DIESEM Link<\/a><\/strong><\/p>\n<\/div>\n<\/section>\n<section id=\"prezzodiffusore\" class=\"av_textblock_section \"><\/section>\n<\/div>\n<\/section>\n<section id=\"prezzodiffusore\" class=\"av_textblock_section \"><\/section>\n","protected":false},"featured_media":44219,"template":"","meta":{"_acf_changed":false},"product_brand":[],"product_cat":[765],"product_tag":[766,860],"class_list":{"0":"post-44217","1":"product","2":"type-product","3":"status-publish","4":"has-post-thumbnail","6":"product_cat-duft-diffusor-raumlufterfrischer","7":"product_tag-zuhause","8":"product_tag-autos-kraftfahrzeuge","10":"first","11":"instock","12":"taxable","13":"shipping-taxable","14":"purchasable","15":"product-type-variable"},"acf":[],"_links":{"self":[{"href":"https:\/\/www.specialscentshop.com\/de\/wp-json\/wp\/v2\/product\/44217","targetHints":{"allow":["GET"]}}],"collection":[{"href":"https:\/\/www.specialscentshop.com\/de\/wp-json\/wp\/v2\/product"}],"about":[{"href":"https:\/\/www.specialscentshop.com\/de\/wp-json\/wp\/v2\/types\/product"}],"wp:featuredmedia":[{"embeddable":true,"href":"https:\/\/www.specialscentshop.com\/de\/wp-json\/wp\/v2\/media\/44219"}],"wp:attachment":[{"href":"https:\/\/www.specialscentshop.com\/de\/wp-json\/wp\/v2\/media?parent=44217"}],"wp:term":[{"taxonomy":"product_brand","embeddable":true,"href":"https:\/\/www.specialscentshop.com\/de\/wp-json\/wp\/v2\/product_brand?post=44217"},{"taxonomy":"product_cat","embeddable":true,"href":"https:\/\/www.specialscentshop.com\/de\/wp-json\/wp\/v2\/product_cat?post=44217"},{"taxonomy":"product_tag","embeddable":true,"href":"https:\/\/www.specialscentshop.com\/de\/wp-json\/wp\/v2\/product_tag?post=44217"}],"curies":[{"name":"wp","href":"https:\/\/api.w.org\/{rel}","templated":true}]}}