{"id":44218,"date":"2020-09-28T00:02:00","date_gmt":"2020-09-27T22:02:00","guid":{"rendered":"https:\/\/www.specialscentshop.com\/product\/bluetooth-s150-parfuem-lautsprecher\/"},"modified":"2026-02-04T12:26:29","modified_gmt":"2026-02-04T11:26:29","slug":"bluetooth-s150-parfuem-lautsprecher","status":"publish","type":"product","link":"https:\/\/www.specialscentshop.com\/de\/produkt\/bluetooth-s150-parfuem-lautsprecher\/","title":{"rendered":"Bluetooth S150 Parf\u00fcm-Lautsprecher"},"content":{"rendered":"<div class=\"av-special-heading av-drko6-42ff0d6c6e3c309a5fe20296b171c5b3 av-special-heading-h3 custom-color-heading blockquote modern-quote avia-builder-el-22 el_before_av_textblock avia-builder-el-first av-inherit-size \">\n<h2>Wo kann ich den Bluetooth S150 Elektro-Parf\u00fcmierer verwenden?<\/h2>\n<ul>\n<li>Der elektrische Parf\u00fcmierer wird mit 3 x 1,5-V-Alkalibatterien oder mit 5-V-USB (optional) betrieben. Er kann auf Regale gestellt oder mit dem speziellen St\u00e4nder, den mitgelieferten Befestigungselementen und Schrauben an der Wand befestigt werden.<\/li>\n<li>Duftspender f\u00fcr kleine, kommerzielle und h\u00e4usliche Umgebungen. Das minimalistische Design und die geschwungenen Linien verleihen dem Duftspender einen modernen, eleganten Stil, der sich perfekt in jede Umgebung einf\u00fcgt. <\/li>\n<li>Ideal f\u00fcr Hotelflure, kleine B\u00fcros, Aufz\u00fcge in Mehrfamilienh\u00e4usern und jede h\u00e4usliche Umgebung bis zu 70 m\u00b3.<\/li>\n<li>Er parf\u00fcmiert den Raum mit einer intelligenten Verwaltung des Duftdiffusors dank seiner Bluetooth-Anwendung, die online auf mobile Ger\u00e4te heruntergeladen werden kann.<\/li>\n<li>T\u00e4gliche und w\u00f6chentliche Programmierung des Bluetooth S150 Parf\u00fcmzerst\u00e4ubers und Steuerung der Parf\u00fcmabgabe per APP.<\/li>\n<li>Der S150 <strong>Bluetooth-Duftzerst\u00e4uber<\/strong> ist in der Lage, D\u00fcfte v\u00f6llig ger\u00e4uschlos zu verbreiten und verbraucht dabei nur sehr wenig Duftstoff.<\/li>\n<\/ul>\n<p>Der von Ihnen gew\u00e4hlte Raumduft erf\u00fcllt die Luft mit einer angenehmen Duftnote und einem unerwarteten Wohlgef\u00fchl, das nur Special Scent garantieren kann!<\/p>\n<h2><strong>Technische Daten Bluetooth S150 Elektrischer Parf\u00fcmierer<\/strong><\/h2>\n<section class=\"av_textblock_section \">\n<div class=\"avia_textblock \">\n<ul>\n<li>Material: Kunststoff<\/li>\n<li>Abmessungen: H\u00f6he=148 mm | L\u00e4nge=580 mm | Tiefe=158 mm<\/li>\n<li>Farbe: Schwarz und Wei\u00df<\/li>\n<li>Stromversorgung: T3 1,5 V Alkalibatterien oder 5 V USB<\/li>\n<li>Leistung: 4 W<\/li>\n<li>Ger\u00e4uschpegel: weniger als 10 Dezibel<\/li>\n<li>Nachf\u00fcllbeh\u00e4lter: 100 ml<\/li>\n<li>Maximaler Duftstoffverbrauch: 0,45 ml\/Stunde<\/li>\n<li>Maximale Abdeckung: 70 m\u00b3<\/li>\n<li>Gewicht: 413 g<\/li>\n<li>Installation: Befestigung an der Wand mit einer speziellen Halterung, Ankerschrauben und Fischern oder an einer glatten vertikalen Oberfl\u00e4che.<\/li>\n<li>Bedienung: \u00dcber Bluetooth mit Ihrem Mobiltelefon verbunden, wo Sie die t\u00e4gliche Programmierung des Raumbedufters ausw\u00e4hlen k\u00f6nnen.<\/li>\n<\/ul>\n<\/div>\n<\/section>\n<\/div>\n<section id=\"prezzodiffusore\" class=\"av_textblock_section \">\n<div class=\"avia_textblock \">\n<h2>Welches Parf\u00fcm verwenden Sie f\u00fcr Special Scent elektrische Raumbedufter?<\/h2>\n<ul>\n<li>Special scent verf\u00fcgt \u00fcber eine gro\u00dfe Auswahl an zertifizierten und registrierten \u00f6ligen <a href=\"https:\/\/www.specialscentshop.com\/de\/parfuems-und-duefte\/\">Raumd\u00fcften<\/a>, mit denen Sie jede Umgebung parf\u00fcmieren und mit Hilfe der Olfactory Marketing-Technik eine attraktive Wirkung auf den Kunden erzielen k\u00f6nnen.<\/li>\n<li>Special scent verpflichtet nicht zum Kauf von Duftstoffen, <strong>empfiehlt<\/strong> aber <strong>, keine <a href=\"https:\/\/www.aromaterapia.it\/blog\/curiosita\/le-differenze-tra-idrolato-e-olio-essenziale-it\/\" target=\"_blank\" rel=\"noopener\">wasserl\u00f6slichen<\/a> \u00d6le und keine \u00d6le in Holzdiffusoren zu verwenden<\/strong>.<\/li>\n<li>Special scent ist Ihr idealer Partner f\u00fcr die Parf\u00fcmierung Ihrer R\u00e4ume. Auf unserer Website finden Sie die beste L\u00f6sung f\u00fcr Ihre Umgebung, von D\u00fcften bis zu Parf\u00fcmzerst\u00e4ubern.<\/li>\n<\/ul>\n<p><em><strong>Mehr lesen: <a href=\"https:\/\/www.specialscentshop.com\/de\/prodotto\/gel-s100-parfuemzerstaeuber\/\">GEL S100 Parf\u00fcmzerst\u00e4uber<\/a><\/strong><\/em><\/p>\n<h3><\/h3>\n<\/div>\n<\/section>\n","protected":false},"excerpt":{"rendered":"<p>Der<strong> Bluetooth S150<\/strong> Electric Perfumer ist ein Produkt, das f\u00fcr jeden kleinen Raum geeignet ist, keinen Platz wegnimmt und einfach und schnell \u00fcber die App programmiert werden kann, die sowohl f\u00fcr Android als auch f\u00fcr Ios verf\u00fcgbar ist.<strong>Sie k\u00f6nnen den Duft finden, der am besten zu Ihnen passt, indem Sie unseren Katalog unter<a href=\"https:\/\/www.specialscentshop.com\/de\/parfuems-und-duefte\/\"> DIESEM Link<\/a><\/strong><br \/>\n<a href=\"https:\/\/www.specialscentshop.com\/de\/drinkfood-raumduefte\/\"><strong>oder finden Sie Drink&amp;Food Raumd\u00fcfte unter DIESEM Link<\/strong><\/a><\/p>\n<section id=\"prezzodiffusore\" class=\"av_textblock_section \"><\/section>\n","protected":false},"featured_media":45267,"template":"","meta":{"_acf_changed":false},"product_brand":[],"product_cat":[765],"product_tag":[766,767,768,908],"class_list":{"0":"post-44218","1":"product","2":"type-product","3":"status-publish","4":"has-post-thumbnail","6":"product_cat-duft-diffusor-raumlufterfrischer","7":"product_tag-zuhause","8":"product_tag-buro","9":"product_tag-hotel-bb-de","10":"product_tag-eigentumswohnungen","12":"first","13":"instock","14":"taxable","15":"shipping-taxable","16":"purchasable","17":"product-type-variable"},"acf":[],"_links":{"self":[{"href":"https:\/\/www.specialscentshop.com\/de\/wp-json\/wp\/v2\/product\/44218","targetHints":{"allow":["GET"]}}],"collection":[{"href":"https:\/\/www.specialscentshop.com\/de\/wp-json\/wp\/v2\/product"}],"about":[{"href":"https:\/\/www.specialscentshop.com\/de\/wp-json\/wp\/v2\/types\/product"}],"wp:featuredmedia":[{"embeddable":true,"href":"https:\/\/www.specialscentshop.com\/de\/wp-json\/wp\/v2\/media\/45267"}],"wp:attachment":[{"href":"https:\/\/www.specialscentshop.com\/de\/wp-json\/wp\/v2\/media?parent=44218"}],"wp:term":[{"taxonomy":"product_brand","embeddable":true,"href":"https:\/\/www.specialscentshop.com\/de\/wp-json\/wp\/v2\/product_brand?post=44218"},{"taxonomy":"product_cat","embeddable":true,"href":"https:\/\/www.specialscentshop.com\/de\/wp-json\/wp\/v2\/product_cat?post=44218"},{"taxonomy":"product_tag","embeddable":true,"href":"https:\/\/www.specialscentshop.com\/de\/wp-json\/wp\/v2\/product_tag?post=44218"}],"curies":[{"name":"wp","href":"https:\/\/api.w.org\/{rel}","templated":true}]}}