{"id":44231,"date":"2022-10-03T00:00:00","date_gmt":"2022-10-02T22:00:00","guid":{"rendered":"https:\/\/www.specialscentshop.com\/product\/nebula-raumdiffusor-wiederaufladbar\/"},"modified":"2025-11-10T07:26:42","modified_gmt":"2025-11-10T06:26:42","slug":"nebula-raumdiffusor-wiederaufladbar","status":"publish","type":"product","link":"https:\/\/www.specialscentshop.com\/de\/produkt\/nebula-raumdiffusor-wiederaufladbar\/","title":{"rendered":"Nebula Raumdiffusor Wiederaufladbar"},"content":{"rendered":"<p>&nbsp;<\/p>\n<h2><strong>Wo verwenden Sie den Nebula nachf\u00fcllbar ?<\/strong><\/h2>\n<ul>\n<li>Sie k\u00f6nnen<strong> einen Duft<\/strong> in jedem geschlossenen Raum<strong> zerst\u00e4uben<\/strong>, der Duft bleibt lange erhalten.<\/li>\n<li>Sie k\u00f6nnen es in Ihrem Gesch\u00e4ft verteilen, um die Umgebung sofort auf professionelle Weise zu parf\u00fcmieren.<\/li>\n<li>Ideal f\u00fcr Bars, Konditoreien, Hotels, um das Potenzial des Duftmarketings mit unseren<a href=\"https:\/\/www.specialscentshop.com\/de\/drinkfood-raumduefte\/\"> Food Fragrances<\/a> zu nutzen<\/li>\n<li>Im Hotel, um das Zimmer gem\u00fctlich zu machen, wenn G\u00e4ste ankommen, ansonsten durch Zerst\u00e4uben von Nebel nach der Reinigung.<\/li>\n<li>Beduften Sie Ihr Zuhause, um es gem\u00fctlich zu machen, indem Sie sich f\u00fcr<strong> Special Scent<\/strong> Raumd\u00fcfte entscheiden.<\/li>\n<li>Nebula kann verwendet werden, bevor Sie Geld in elektrische Parf\u00fcmzerst\u00e4uber investieren, um das Potenzial der Raumbeduftung und des <a href=\"https:\/\/www.specialscentshop.com\/de\/olfaktorisches-marketing\/\">Geruchsmarketings<\/a> zu testen<\/li>\n<\/ul>\n<h2><strong>Eigenschaften Raumdiffusor Nebula <\/strong><strong>nachf\u00fcllbar <\/strong><\/h2>\n<ul>\n<li>250 g Aluminiumbeh\u00e4lter, leicht recycelbar. <strong>Nebula lufterfrischer spray\u00a0<\/strong> ist ein gr\u00fcnes Produkt. Es schont die Umwelt und ist nachf\u00fcllbar.<\/li>\n<li>Das Aluminium sorgt daf\u00fcr, dass sich der Duft im Laufe der Zeit nicht ver\u00e4ndert. Jedes Mal, wenn das Produkt im Inneren zur Neige geht, k\u00f6nnen Sie es mit einem anderen Duft nachf\u00fcllen.<\/li>\n<li>Er arbeitet mit der gleichen Zerst\u00e4ubungstechnik wie unsere mittleren und gro\u00dfen Diffusoren. Eine perfekte und kosteng\u00fcnstige L\u00f6sung f\u00fcr alle, die unsere Produkte vor dem Kauf eines Ger\u00e4ts testen m\u00f6chten.<\/li>\n<li>Der wahre Wert liegt in dem Duft, den Sie hineinlegen, der Ihrem Geschmack am n\u00e4chsten kommt. <strong>Nebula<\/strong> die beste L\u00f6sung f\u00fcr die Raumbeduftung<\/li>\n<\/ul>\n<p><strong><u>W\u00e4hlen Sie Ihren Lieblingsduft und erhalten Sie den Nebula 250 Gr Raumdiffusor gratis dazu<\/u><\/strong><\/p>\n<p>Lassen Sie sich nicht von seinem einfachen Aussehen t\u00e4uschen. Der <strong>Nebula Parf\u00fcmzerst\u00e4uber<\/strong> ist ein gr\u00fcnes Produkt.<br \/>\nEr ist umweltfreundlich und nachf\u00fcllbar. Wir haben uns entschieden, nur umweltvertr\u00e4gliche Produkte herzustellen und zu f\u00f6rdern. Sein Erscheinungsbild ist einfach und essentiell, weniger auff\u00e4llig, aber definitiv im Sinne der Nachhaltigkeit. Der wahre Wert liegt in dem Duft, den Sie hineinlegen, der Ihrem Geschmack am n\u00e4chsten kommt.<strong>Nebula<\/strong> &#8211; die beste L\u00f6sung f\u00fcr die Raumbeduftung<\/p>\n<p><strong><em>w\u00e4hlen Sie den Duft, den Sie verspr\u00fchen m\u00f6chten:<\/em> <a href=\"https:\/\/www.specialscentshop.com\/de\/parfuems-und-duefte\/\"><em>Raumd\u00fcfte <\/em> <\/a><\/strong><\/p>\n","protected":false},"excerpt":{"rendered":"<h4>Nebula nachf\u00fcllbar &#8211; Luftverteiler Spray 250 Gr<\/h4>\n<p>Mit einer kleinen Investition haben Sie die ideale professionelle L\u00f6sung f\u00fcr den Einstieg in die Welt der Raumbeduftung gefunden.<\/p>\n<p>&nbsp;<\/p>\n<p>&nbsp;<\/p>\n","protected":false},"featured_media":44247,"template":"","meta":{"_acf_changed":false},"product_brand":[],"product_cat":[765],"product_tag":[864,908,766,767,768,769,770,862,863],"class_list":{"0":"post-44231","1":"product","2":"type-product","3":"status-publish","4":"has-post-thumbnail","6":"product_cat-duft-diffusor-raumlufterfrischer","7":"product_tag-arztpraxen-kliniken","8":"product_tag-eigentumswohnungen","9":"product_tag-zuhause","10":"product_tag-buro","11":"product_tag-hotel-bb-de","12":"product_tag-geschafte-einkaufen","13":"product_tag-restaurants-bars-de","14":"product_tag-spielzimmer","15":"product_tag-fitnessstudios-sport","17":"first","18":"instock","19":"taxable","20":"shipping-taxable","21":"purchasable","22":"product-type-variable"},"acf":[],"_links":{"self":[{"href":"https:\/\/www.specialscentshop.com\/de\/wp-json\/wp\/v2\/product\/44231","targetHints":{"allow":["GET"]}}],"collection":[{"href":"https:\/\/www.specialscentshop.com\/de\/wp-json\/wp\/v2\/product"}],"about":[{"href":"https:\/\/www.specialscentshop.com\/de\/wp-json\/wp\/v2\/types\/product"}],"wp:featuredmedia":[{"embeddable":true,"href":"https:\/\/www.specialscentshop.com\/de\/wp-json\/wp\/v2\/media\/44247"}],"wp:attachment":[{"href":"https:\/\/www.specialscentshop.com\/de\/wp-json\/wp\/v2\/media?parent=44231"}],"wp:term":[{"taxonomy":"product_brand","embeddable":true,"href":"https:\/\/www.specialscentshop.com\/de\/wp-json\/wp\/v2\/product_brand?post=44231"},{"taxonomy":"product_cat","embeddable":true,"href":"https:\/\/www.specialscentshop.com\/de\/wp-json\/wp\/v2\/product_cat?post=44231"},{"taxonomy":"product_tag","embeddable":true,"href":"https:\/\/www.specialscentshop.com\/de\/wp-json\/wp\/v2\/product_tag?post=44231"}],"curies":[{"name":"wp","href":"https:\/\/api.w.org\/{rel}","templated":true}]}}