{"id":44428,"date":"2020-09-13T00:02:00","date_gmt":"2020-09-12T22:02:00","guid":{"rendered":"https:\/\/www.specialscentshop.com\/product\/s700-parfuemzerstaeuber\/"},"modified":"2025-01-31T12:24:52","modified_gmt":"2025-01-31T11:24:52","slug":"s700-parfuemzerstaeuber","status":"publish","type":"product","link":"https:\/\/www.specialscentshop.com\/de\/produkt\/s700-parfuemzerstaeuber\/","title":{"rendered":"S700 Parf\u00fcmzerst\u00e4uber"},"content":{"rendered":"<section class=\"av_textblock_section \">\n<div class=\"avia_textblock \">\n<h2><b>Wo verwenden Sie den Professioneller Raumparf\u00fcmeur<\/b><b>?<\/b><\/h2>\n<ul>\n<li>Sie k\u00f6nnen es an einer Wand, auf einem M\u00f6belst\u00fcck, auf einem Tisch oder auf dem Boden aufstellen.<\/li>\n<li>Der S 700 Professional Room Perfumer kann mit seinen edlen Materialien, dem geh\u00e4rteten Glas und dem Stahlsockel in einer luxuri\u00f6sen Umgebung aufgestellt werden.<\/li>\n<li>Parf\u00fcmeur geeignet f\u00fcr Goldschmiede, High Fashion Shops, Villen, Wohnungen.<\/li>\n<li>Er parf\u00fcmiert den Raum zu bestimmten Zeiten und an bestimmten Tagen, dank seiner t\u00e4glichen Parf\u00fcmabgabeprogramme.<\/li>\n<\/ul>\n<h2><strong>Technische Daten Professioneller Raumparf\u00fcmeur S 700<\/strong><\/h2>\n<ul>\n<li>Stromversorgung: 12V\/230V Transformator &#8211; Leistungsaufnahme: 22 W<\/li>\n<li>Duftstoffbeh\u00e4lter: 300 Gr &#8211; Duftstoffverbrauch: 2 ml\/H &#8211; Ergiebigkeit: 750 M3<\/li>\n<li>Gewicht: 4,6 kg &#8211; Abmessungen: 300 x 259 x 124 mm<\/li>\n<li>12V\/220V Transformator,<\/li>\n<li>Ersatzfilter<\/li>\n<li>Erh\u00e4ltlich in 2 Farben: Wei\u00df und Schwarz<\/li>\n<\/ul>\n<h2><strong>Welche Raumd\u00fcfte sollten auf speziellen Duft-Diffusoren verwendet werden?<\/strong><\/h2>\n<p>Special Scent verf\u00fcgt \u00fcber ein breites Sortiment an \u00f6ligen Raumd\u00fcften, mit denen Sie jede Umgebung parf\u00fcmieren und mit der Technik des Olfaktorischen Marketings eine attraktive Wirkung auf den Kunden erzielen k\u00f6nnen. Special Scent verpflichtet Sie nicht zum Kauf von Duftstoffen, <strong>empfiehlt<\/strong> aber <strong>, keine wasserl\u00f6slichen \u00d6le und keine \u00d6le in Holzdiffusoren zu verwenden.<\/strong> Special Scent ist Ihr idealer Partner f\u00fcr die Beduftung Ihrer R\u00e4ume. Auf unserer Website finden Sie die beste L\u00f6sung f\u00fcr Ihre Umgebung, von D\u00fcften bis hin zu Duftdiffusoren.<\/p>\n<p><em><strong>Mehr lesen: <a href=\"https:\/\/www.specialscentshop.com\/de\/produkt\/s650-parfuemzerstaeuber\/\">S650 Parf\u00fcmzerst\u00e4uber<\/a><\/strong><\/em><\/p>\n<\/div>\n<\/section>\n<section id=\"prezzodiffusore\" class=\"av_textblock_section \"><\/section>\n","protected":false},"excerpt":{"rendered":"<section class=\"av_textblock_section \">\n<div class=\"avia_textblock \">\n<p>Dieser professionelle Parf\u00fcmierer f\u00fcr Gesch\u00e4fte oder besondere Orte passt perfekt zu jeder Art von Design.<\/p>\n<\/div>\n<\/section>\n<p><strong>Sie k\u00f6nnen den f\u00fcr Sie am besten geeigneten Duft finden, indem Sie unseren Katalog unter <a href=\"https:\/\/www.specialscentshop.com\/de\/parfuems-und-duefte\/\">DIESEM Link<\/a> konsultieren<\/strong><br \/>\n<a href=\"https:\/\/www.specialscentshop.com\/de\/drinkfood-raumduefte\/\"><strong>oder finden Sie Drink&amp;Food Raumd\u00fcfte unter DIESEM Link<\/strong><\/a><\/p>\n","protected":false},"featured_media":44429,"template":"","meta":{"_acf_changed":false},"product_brand":[],"product_cat":[765],"product_tag":[863,864,865,908,766,910,767,768,769,770],"class_list":{"0":"post-44428","1":"product","2":"type-product","3":"status-publish","4":"has-post-thumbnail","6":"product_cat-duft-diffusor-raumlufterfrischer","7":"product_tag-fitnessstudios-sport","8":"product_tag-arztpraxen-kliniken","9":"product_tag-diffusoren-fur-arztpraxen-kliniken","10":"product_tag-eigentumswohnungen","11":"product_tag-zuhause","12":"product_tag-messen-und-veranstaltungen","13":"product_tag-buro","14":"product_tag-hotel-bb-de","15":"product_tag-geschafte-einkaufen","16":"product_tag-restaurants-bars-de","18":"first","19":"instock","20":"taxable","21":"shipping-taxable","22":"purchasable","23":"product-type-variable"},"acf":[],"_links":{"self":[{"href":"https:\/\/www.specialscentshop.com\/de\/wp-json\/wp\/v2\/product\/44428","targetHints":{"allow":["GET"]}}],"collection":[{"href":"https:\/\/www.specialscentshop.com\/de\/wp-json\/wp\/v2\/product"}],"about":[{"href":"https:\/\/www.specialscentshop.com\/de\/wp-json\/wp\/v2\/types\/product"}],"wp:featuredmedia":[{"embeddable":true,"href":"https:\/\/www.specialscentshop.com\/de\/wp-json\/wp\/v2\/media\/44429"}],"wp:attachment":[{"href":"https:\/\/www.specialscentshop.com\/de\/wp-json\/wp\/v2\/media?parent=44428"}],"wp:term":[{"taxonomy":"product_brand","embeddable":true,"href":"https:\/\/www.specialscentshop.com\/de\/wp-json\/wp\/v2\/product_brand?post=44428"},{"taxonomy":"product_cat","embeddable":true,"href":"https:\/\/www.specialscentshop.com\/de\/wp-json\/wp\/v2\/product_cat?post=44428"},{"taxonomy":"product_tag","embeddable":true,"href":"https:\/\/www.specialscentshop.com\/de\/wp-json\/wp\/v2\/product_tag?post=44428"}],"curies":[{"name":"wp","href":"https:\/\/api.w.org\/{rel}","templated":true}]}}