{"id":44439,"date":"2020-09-17T00:02:00","date_gmt":"2020-09-16T22:02:00","guid":{"rendered":"https:\/\/www.specialscentshop.com\/product\/parfuemzerstaeuber-s600\/"},"modified":"2025-02-23T20:10:22","modified_gmt":"2025-02-23T19:10:22","slug":"parfuemzerstaeuber-s600","status":"publish","type":"product","link":"https:\/\/www.specialscentshop.com\/de\/produkt\/parfuemzerstaeuber-s600\/","title":{"rendered":"Parf\u00fcmzerst\u00e4uber S600"},"content":{"rendered":"<section class=\"av_textblock_section \">\n<div class=\"avia_textblock \">\n<h2>S 600 Luxuri\u00f6ser Raum Parf\u00fcmierer<\/h2>\n<ul>\n<li>Durch sein <strong>elegantes Design<\/strong> eignet er sich f\u00fcr jede Art von exklusiver Umgebung und passt perfekt zu modernen M\u00f6beln.<\/li>\n<li>Der <strong>Designer-Raumduft S600<\/strong> eignet sich f\u00fcr Gesch\u00e4fte, B\u00fcros, Warter\u00e4ume und auch in Ihrem Zuhause bleibt seine Eleganz nicht unbemerkt.<\/li>\n<li>Der <strong>S600 Design-Ambientelautsprecher<\/strong> ist sehr einfach zu bedienen. Sie k\u00f6nnen ihn mit einer Fernbedienung kaufen, ansonsten mit der Bluetooth-App f\u00fcr Ios\/Android-Smartphones.<\/li>\n<li>Dank seiner Ger\u00e4uschlosigkeit kann er auch in ruhigen Umgebungen verwendet werden.<\/li>\n<li>St\u00fcndliche Programmierung des Betriebs, 4-6-8 Stunden, dann automatische Abschaltung, au\u00dferdem k\u00f6nnen Sie <strong>die Intensit\u00e4t des Duftes<\/strong> in 4 Varianten einstellen.<\/li>\n<\/ul>\n<h2><strong>Technische Merkmale Luxuri\u00f6ser Raum Parf\u00fcmierer :<\/strong><\/h2>\n<ul>\n<li>Material: Aluminium<\/li>\n<li>Abmessungen: H\u00f6he=980 mm | Durchmesser= 70 cm<\/li>\n<li>Farbe: Erh\u00e4ltlich in zwei Farben: Satinschwarz und Edelstahlfarbe<\/li>\n<li>Stromversorgung: 220\/12 V Transformator<\/li>\n<li>Leistung: 10 Watt<\/li>\n<li>Stromversorgung der Pumpe: 12 V<\/li>\n<li>Ger\u00e4uschpegel: weniger als 20 Db<\/li>\n<li>Nachf\u00fcllbeh\u00e4lter: 130 ml<\/li>\n<li>Maximaler \u00d6lverbrauch: 1-2 ml\/Stunde<\/li>\n<li>Maximale Abdeckung: 280 m\u00b3<\/li>\n<li>Gewicht: 2,8 kg<\/li>\n<li>Installation: Positionierung am Boden<\/li>\n<li>Bedienung zum Schalten und Programmieren: Fernbedienung f\u00fcr die Black Version, Bluetooth APP f\u00fcr die Stainless Steel Version<\/li>\n<\/ul>\n<p><em><span style=\"color: #ff0000;\">\u2217 Die Produktspezifikationen bleiben sowohl f\u00fcr die Bluetooth- als auch f\u00fcr die Fernbedienungsversion unver\u00e4ndert.<\/span><\/em><\/p>\n<h2><strong>Welches Parf\u00fcm verwenden Sie f\u00fcr den Special Scent Design Elektrodiffusor ?<\/strong><\/h2>\n<ul>\n<li>Special Scent verf\u00fcgt \u00fcber eine gro\u00dfe Auswahl an zertifizierten und registrierten \u00f6ligen <strong>Raumd\u00fcften<\/strong> f\u00fcr die Beduftung jeder Umgebung, die eine attraktive und entspannende Wirkung auf Ihr pers\u00f6nliches Wohlbefinden und den Komfort Ihrer Kunden haben.<\/li>\n<li>Special Scent verpflichtet Sie nicht zum Kauf von Duftstoffen, empfiehlt aber, keine wasserl\u00f6slichen \u00d6le und keine \u00d6le in Holzdiffusoren zu verwenden.<\/li>\n<li>Special Scent ist Ihr idealer Partner f\u00fcr die Parf\u00fcmierung Ihrer R\u00e4ume. Auf unserer Website finden Sie die beste L\u00f6sung f\u00fcr <a href=\"https:\/\/www.specialscentshop.com\/de\/raumparfuem\/\">Ihre Umgebung<\/a>, von D\u00fcften bis zu <strong>Parf\u00fcmzerst\u00e4ubern<\/strong>.<\/li>\n<\/ul>\n<p><em><strong>Mehr lesen: <a href=\"https:\/\/www.specialscentshop.com\/de\/produkt\/s400-parfuem-diffusor\/\">S 400<\/a><\/strong><\/em><\/p>\n<\/div>\n<\/section>\n","protected":false},"excerpt":{"rendered":"<div class=\"woocommerce-product-details__short-description\">\n<p><strong>Der Luxus-Raumparf\u00fcmierer S600<\/strong> ist ein unglaublich leises Ger\u00e4t und durch seine Anwendung k\u00f6nnen Sie die <strong>Verbreitung des Duftes<\/strong> nach Ihrem Geschmack einstellen.<\/p>\n<\/div>\n<p><strong>Sie k\u00f6nnen den f\u00fcr Sie am besten geeigneten Duft finden, indem Sie unseren Katalog unter <a href=\"https:\/\/www.specialscentshop.com\/de\/parfuems-und-duefte\/\">DIESEM Link<\/a> konsultieren<\/strong><br \/>\n<a href=\"https:\/\/www.specialscentshop.com\/de\/drinkfood-raumduefte\/\"><strong>oder finden Sie Drink&amp;Food Raumd\u00fcfte unter DIESEM Link<\/strong><\/a><\/p>\n","protected":false},"featured_media":44440,"template":"","meta":{"_acf_changed":false},"product_brand":[],"product_cat":[765],"product_tag":[766,767],"class_list":{"0":"post-44439","1":"product","2":"type-product","3":"status-publish","4":"has-post-thumbnail","6":"product_cat-duft-diffusor-raumlufterfrischer","7":"product_tag-zuhause","8":"product_tag-buro","10":"first","11":"instock","12":"taxable","13":"shipping-taxable","14":"purchasable","15":"product-type-variable"},"acf":[],"_links":{"self":[{"href":"https:\/\/www.specialscentshop.com\/de\/wp-json\/wp\/v2\/product\/44439","targetHints":{"allow":["GET"]}}],"collection":[{"href":"https:\/\/www.specialscentshop.com\/de\/wp-json\/wp\/v2\/product"}],"about":[{"href":"https:\/\/www.specialscentshop.com\/de\/wp-json\/wp\/v2\/types\/product"}],"wp:featuredmedia":[{"embeddable":true,"href":"https:\/\/www.specialscentshop.com\/de\/wp-json\/wp\/v2\/media\/44440"}],"wp:attachment":[{"href":"https:\/\/www.specialscentshop.com\/de\/wp-json\/wp\/v2\/media?parent=44439"}],"wp:term":[{"taxonomy":"product_brand","embeddable":true,"href":"https:\/\/www.specialscentshop.com\/de\/wp-json\/wp\/v2\/product_brand?post=44439"},{"taxonomy":"product_cat","embeddable":true,"href":"https:\/\/www.specialscentshop.com\/de\/wp-json\/wp\/v2\/product_cat?post=44439"},{"taxonomy":"product_tag","embeddable":true,"href":"https:\/\/www.specialscentshop.com\/de\/wp-json\/wp\/v2\/product_tag?post=44439"}],"curies":[{"name":"wp","href":"https:\/\/api.w.org\/{rel}","templated":true}]}}