{"id":44448,"date":"2020-09-15T00:01:00","date_gmt":"2020-09-14T22:01:00","guid":{"rendered":"https:\/\/www.specialscentshop.com\/product\/s650-parfuemzerstaeuber\/"},"modified":"2025-06-15T09:03:06","modified_gmt":"2025-06-15T07:03:06","slug":"s650-parfuemzerstaeuber","status":"publish","type":"product","link":"https:\/\/www.specialscentshop.com\/de\/produkt\/s650-parfuemzerstaeuber\/","title":{"rendered":"S650 Parf\u00fcmzerst\u00e4uber"},"content":{"rendered":"<div id=\"m_6089332781491418943gmail-m_8932035346261131965replybody1\">\n<div id=\"m_6089332781491418943gmail-m_8932035346261131965v1replybody1\">\n<h2>Wo verwenden Sie den S650 Gro\u00dfer Raumduft-Diffusor ?<\/h2>\n<ul>\n<li>Sein zylindrisches Design erm\u00f6glicht es, ihn an verschiedenen Stellen im <strong>Raum zu<\/strong> platzieren <strong>, um ihn zu beduften<\/strong>.<\/li>\n<li>Der <strong>S650 Gro\u00dfer Raumduft-Diffusor <\/strong>ist eine optimale L\u00f6sung f\u00fcr die Parf\u00fcmierung von Gesch\u00e4ften, Warter\u00e4umen und Arztpraxen.<\/li>\n<li>Seine Programmierungsfunktionen machen ihn unentbehrlich f\u00fcr Hotelrezeptionen und gro\u00dfe Wohngeb\u00e4ude.<\/li>\n<li>Hervorragende Positionierung in feuchten Umgebungen, Spas, Wellness-Zentren.<\/li>\n<li>Perfekter mobiler Parf\u00fcmzerst\u00e4uber, um auf Messest\u00e4nden eine duftende Umgebung zu schaffen.<\/li>\n<li>St\u00fcndliche Programmierung des t\u00e4glichen Betriebs, anpassbare Einstellung der Duftintensit\u00e4t.<\/li>\n<\/ul>\n<h2><strong>Technische Eigenschaften des S650 Gro\u00dfer Raumduft-Diffusor<\/strong><\/h2>\n<section class=\"av_textblock_section \">\n<div class=\"avia_textblock \">\n<ul>\n<li>Material: Kunststoff<\/li>\n<li>Abmessungen: H\u00f6he 630 mm, L\u00e4nge 180 mm, Durchmesser 180 mm,<\/li>\n<li>Nettogewicht: 5,5 kg<\/li>\n<li>Farben: Wei\u00df, Schwarz<\/li>\n<li>Leistung: 11 W<\/li>\n<li>Nennspannung: DC 12 V Transformator im Paket.<\/li>\n<li>Ger\u00e4uschpegel: 40 dba<\/li>\n<li>Duftstoffverbrauch: 3,3 ml\/Stunde<\/li>\n<li>Fassungsverm\u00f6gen der Flasche: 1000 ml<\/li>\n<li>Kaltes Spr\u00fchen im Alleingang<\/li>\n<li>Erfassungsbereich 2000 M3<\/li>\n<li><span style=\"color: #000000;\"><strong>Jetzt mit Bluetooth- und Wi-Fi-Apps erh\u00e4ltlich<\/strong><\/span><\/li>\n<\/ul>\n<p><em><span style=\"color: #ff0000;\">\u2217 Die technischen Merkmale des Produkts bleiben bei allen Versionen unver\u00e4ndert: Bluetooth, WI FI Fernbedienung.<\/span><\/em><\/p>\n<\/div>\n<\/section>\n<h2><strong>Welches Parf\u00fcm verwenden Sie f\u00fcr Special Scent Raumd\u00fcfte?<\/strong><\/h2>\n<ul>\n<li>Special Scent verf\u00fcgt \u00fcber ein breites Sortiment an zertifizierten und registrierten \u00f6ligen<strong> Raumd\u00fcften<\/strong>, mit denen Sie jede Umgebung parf\u00fcmieren und mit Hilfe der <a title=\"Geruchsmarketing\" href=\"https:\/\/www.specialscentshop.com\/de\/olfaktorisches-marketing\/\" data-internallinksmanager029f6b8e52c=\"5\">Olfactory Marketing-Technik<\/a> eine attraktive Wirkung auf den Kunden erzielen k\u00f6nnen.<\/li>\n<li>Special Scent verpflichtet Sie nicht zum Kauf von Duftstoffen, <strong>empfiehlt<\/strong> aber <strong>, keine wasserl\u00f6slichen \u00d6le und keine \u00d6le in Holzdiffusoren zu verwenden<\/strong>.<\/li>\n<li>Special Scent ist Ihr idealer Partner f\u00fcr die Parf\u00fcmierung Ihrer R\u00e4ume. Auf unserer Website finden Sie die beste L\u00f6sung f\u00fcr Ihre Umgebung, von D\u00fcften bis zu <strong>Parf\u00fcmzerst\u00e4ubern<\/strong>.<\/li>\n<\/ul>\n<p><em><strong>Mehr lesen:\u00a0 <a href=\"https:\/\/www.specialscentshop.com\/de\/produkt\/smart-diffusor-s-660\/\">S 660<\/a><\/strong><\/em><\/p>\n<p>&nbsp;<\/p>\n<p>&nbsp;<\/p>\n<\/div>\n<\/div>\n","protected":false},"excerpt":{"rendered":"<p>Der<strong> gro\u00dfe Raumduftzerst\u00e4uber<\/strong> S650 ben\u00f6tigt keinen gro\u00dfen Platz, um strategisch eine breitere Duftverbreitung zu erm\u00f6glichen.<\/p>\n<p><span style=\"color: #ff0000;\"><strong>Jetzt auch mit Bluetooth APP oder WI FI erh\u00e4ltlich!<\/strong><\/span><\/p>\n<p><strong>Sie k\u00f6nnen den f\u00fcr Sie am besten geeigneten Duft finden, indem Sie unseren Katalog unter <a href=\"https:\/\/www.specialscentshop.com\/de\/parfuems-und-duefte\/\">DIESEM Link<\/a> konsultieren<\/strong><br \/>\n<a href=\"https:\/\/www.specialscentshop.com\/de\/drinkfood-raumduefte\/\"><strong>oder finden Sie Drink&amp;Food Raumd\u00fcfte unter DIESEM Link<\/strong><\/a><\/p>\n","protected":false},"featured_media":44449,"template":"","meta":{"_acf_changed":false},"product_brand":[],"product_cat":[765],"product_tag":[864,865,910,912,767,768,769,770,1118,862],"class_list":{"0":"post-44448","1":"product","2":"type-product","3":"status-publish","4":"has-post-thumbnail","6":"product_cat-duft-diffusor-raumlufterfrischer","7":"product_tag-arztpraxen-kliniken","8":"product_tag-diffusoren-fur-arztpraxen-kliniken","9":"product_tag-messen-und-veranstaltungen","10":"product_tag-hochzeiten","11":"product_tag-buro","12":"product_tag-hotel-bb-de","13":"product_tag-geschafte-einkaufen","14":"product_tag-restaurants-bars-de","15":"product_tag-diffusoren-fuer-grosse-raeume","16":"product_tag-spielzimmer","18":"first","19":"instock","20":"taxable","21":"shipping-taxable","22":"purchasable","23":"product-type-variable"},"acf":[],"_links":{"self":[{"href":"https:\/\/www.specialscentshop.com\/de\/wp-json\/wp\/v2\/product\/44448","targetHints":{"allow":["GET"]}}],"collection":[{"href":"https:\/\/www.specialscentshop.com\/de\/wp-json\/wp\/v2\/product"}],"about":[{"href":"https:\/\/www.specialscentshop.com\/de\/wp-json\/wp\/v2\/types\/product"}],"wp:featuredmedia":[{"embeddable":true,"href":"https:\/\/www.specialscentshop.com\/de\/wp-json\/wp\/v2\/media\/44449"}],"wp:attachment":[{"href":"https:\/\/www.specialscentshop.com\/de\/wp-json\/wp\/v2\/media?parent=44448"}],"wp:term":[{"taxonomy":"product_brand","embeddable":true,"href":"https:\/\/www.specialscentshop.com\/de\/wp-json\/wp\/v2\/product_brand?post=44448"},{"taxonomy":"product_cat","embeddable":true,"href":"https:\/\/www.specialscentshop.com\/de\/wp-json\/wp\/v2\/product_cat?post=44448"},{"taxonomy":"product_tag","embeddable":true,"href":"https:\/\/www.specialscentshop.com\/de\/wp-json\/wp\/v2\/product_tag?post=44448"}],"curies":[{"name":"wp","href":"https:\/\/api.w.org\/{rel}","templated":true}]}}