{"id":44481,"date":"2020-09-18T00:02:00","date_gmt":"2020-09-17T22:02:00","guid":{"rendered":"https:\/\/www.specialscentshop.com\/product\/s500-parfuem-diffusor\/"},"modified":"2025-01-30T12:04:27","modified_gmt":"2025-01-30T11:04:27","slug":"s500-parfuem-diffusor","status":"publish","type":"product","link":"https:\/\/www.specialscentshop.com\/de\/produkt\/s500-parfuem-diffusor\/","title":{"rendered":"S500 Parf\u00fcm-Diffusor"},"content":{"rendered":"<h2><b>Wo verwenden Sie den S500 Professioneller elektrischer Diffusor?<\/b><\/h2>\n<ul>\n<li>Der S500<strong> Kaltnebel-Parf\u00fcmzerst\u00e4uber<\/strong> f\u00fcr gro\u00dfe R\u00e4ume kann in verschiedenen Kontexten installiert werden.<\/li>\n<li>Fitnessstudios, Gesch\u00e4fte, Einkaufszentren, Arztpraxen, Empfangsschalter, sein Ventilator erm\u00f6glicht eine gleichm\u00e4\u00dfige Beduftung<\/li>\n<li>Die Wandmontage ist die ideale L\u00f6sung, aber er passt auch auf den Boden, ansonsten auf ein M\u00f6belst\u00fcck.<\/li>\n<li>Seine Ganzmetallkonstruktion erm\u00f6glicht eine lange Lebensdauer bei Einhaltung des normalen Wartungsplans.<\/li>\n<li>Parf\u00fcmieren Sie den Raum zu bestimmten Zeiten und an bestimmten Tagen, dank der t\u00e4glichen Duftspenderprogramme.<\/li>\n<\/ul>\n<h2><strong>Technische Daten S500 Professioneller elektrischer Diffusor<\/strong><\/h2>\n<section class=\"av_textblock_section \">\n<div class=\"avia_textblock \">\n<ul>\n<li>Material: pulverbeschichtetes Metall<\/li>\n<li>Abmessungen: H\u00f6he=260 mm | L\u00e4nge=200 mm | Tiefe=94 mm<\/li>\n<li>Farbe: Satin Schwarz &#8211; Wei\u00df<\/li>\n<li>Stromversorgung: 220\/12 Volt Transformator<\/li>\n<li>Leistung: 14 Watt<\/li>\n<li>Ger\u00e4uschpegel: weniger als 55 Dezibel<\/li>\n<li>Nachf\u00fcllbeh\u00e4lter: 500 ml<\/li>\n<li>Maximaler Verbrauch von \u00f6ligem Duft: 1,5 ml\/Stunde<\/li>\n<li>Maximale Reichweite: 500 m \u00b3 Freifl\u00e4che durch zentrale Positionierung.<\/li>\n<li>Gewicht: 3,2 kg<\/li>\n<li>Installation: Wandmontage, mit internem Ventilator, Boden- oder Wandmontage, max. H\u00f6he 250 cm.<\/li>\n<\/ul>\n<\/div>\n<\/section>\n<section class=\"av_textblock_section \">\n<div class=\"avia_textblock \">\n<h2><strong>Welches Parf\u00fcm verwenden Sie f\u00fcr Special Scent Raumd\u00fcfte?<\/strong><\/h2>\n<ul>\n<li>Special <strong>Scent<\/strong> verf\u00fcgt \u00fcber ein breites Sortiment an zertifizierten und registrierten \u00f6ligen <a href=\"https:\/\/www.specialscentshop.com\/de\/parfuems-und-duefte\/\">Raumd\u00fcften<\/a>, mit denen Sie jede Umgebung parf\u00fcmieren und mit Hilfe der <a title=\"Geruchsmarketing\" href=\"https:\/\/www.specialscentshop.com\/de\/olfaktorisches-marketing\/\" data-internallinksmanager029f6b8e52c=\"5\">Olfactory Marketing-Technik<\/a> eine attraktive Wirkung auf den Kunden erzielen k\u00f6nnen.<\/li>\n<li>Special Scent verpflichtet Sie nicht zum Kauf von Duftstoffen, <strong>empfiehlt<\/strong> aber <strong>, keine wasserl\u00f6slichen \u00d6le und keine \u00d6le in Holzdiffusoren zu verwenden<\/strong>.<\/li>\n<li>Special Scent ist Ihr idealer Partner f\u00fcr die Parf\u00fcmierung Ihrer R\u00e4ume. Auf unserer Website finden Sie die beste L\u00f6sung f\u00fcr Ihre Umgebung, von D\u00fcften bis zu Parf\u00fcmzerst\u00e4ubern.<\/li>\n<\/ul>\n<p><em><strong>Mehr lesen: <a href=\"https:\/\/www.specialscentshop.com\/de\/produkt\/s400-area-parfuemzerstaeuber\/\">S400 AREA Parf\u00fcmzerst\u00e4uber<\/a><\/strong><\/em><\/p>\n<\/div>\n<\/section>\n","protected":false},"excerpt":{"rendered":"<section id=\"prezzodiffusore\" class=\"av_textblock_section \"><\/section>\n<p>P<strong>rofessioneller<\/strong> Parf\u00fcmierer <strong>mit Gebl\u00e4se<\/strong>, f\u00fcr die Verteilung von Parf\u00fcms und D\u00fcften in gro\u00dfen R\u00e4umen<strong>Sie k\u00f6nnen den Duft finden, der am besten zu Ihnen passt, indem Sie unseren Katalog unter <a href=\"https:\/\/www.specialscentshop.com\/de\/parfuems-und-duefte\/\">DIESEM Link<\/a> konsultieren<\/strong><br \/>\n<a href=\"https:\/\/www.specialscentshop.com\/de\/drinkfood-raumduefte\/\"><strong>oder finden Sie Drink&amp;Food Raumd\u00fcfte unter DIESEM Link<\/strong><\/a><\/p>\n","protected":false},"featured_media":44484,"template":"","meta":{"_acf_changed":false},"product_brand":[],"product_cat":[765],"product_tag":[768,769,863,1118],"class_list":{"0":"post-44481","1":"product","2":"type-product","3":"status-publish","4":"has-post-thumbnail","6":"product_cat-duft-diffusor-raumlufterfrischer","7":"product_tag-hotel-bb-de","8":"product_tag-geschafte-einkaufen","9":"product_tag-fitnessstudios-sport","10":"product_tag-diffusoren-fuer-grosse-raeume","12":"first","13":"instock","14":"taxable","15":"shipping-taxable","16":"purchasable","17":"product-type-variable"},"acf":[],"_links":{"self":[{"href":"https:\/\/www.specialscentshop.com\/de\/wp-json\/wp\/v2\/product\/44481","targetHints":{"allow":["GET"]}}],"collection":[{"href":"https:\/\/www.specialscentshop.com\/de\/wp-json\/wp\/v2\/product"}],"about":[{"href":"https:\/\/www.specialscentshop.com\/de\/wp-json\/wp\/v2\/types\/product"}],"wp:featuredmedia":[{"embeddable":true,"href":"https:\/\/www.specialscentshop.com\/de\/wp-json\/wp\/v2\/media\/44484"}],"wp:attachment":[{"href":"https:\/\/www.specialscentshop.com\/de\/wp-json\/wp\/v2\/media?parent=44481"}],"wp:term":[{"taxonomy":"product_brand","embeddable":true,"href":"https:\/\/www.specialscentshop.com\/de\/wp-json\/wp\/v2\/product_brand?post=44481"},{"taxonomy":"product_cat","embeddable":true,"href":"https:\/\/www.specialscentshop.com\/de\/wp-json\/wp\/v2\/product_cat?post=44481"},{"taxonomy":"product_tag","embeddable":true,"href":"https:\/\/www.specialscentshop.com\/de\/wp-json\/wp\/v2\/product_tag?post=44481"}],"curies":[{"name":"wp","href":"https:\/\/api.w.org\/{rel}","templated":true}]}}