{"id":44511,"date":"2020-09-21T00:02:00","date_gmt":"2020-09-20T22:02:00","guid":{"rendered":"https:\/\/www.specialscentshop.com\/product\/s400-parfuem-diffusor\/"},"modified":"2026-02-27T14:57:09","modified_gmt":"2026-02-27T13:57:09","slug":"s400-parfuem-diffusor","status":"publish","type":"product","link":"https:\/\/www.specialscentshop.com\/de\/produkt\/s400-parfuem-diffusor\/","title":{"rendered":"Raumduft Diffuser elektrisch S400"},"content":{"rendered":"<h2>Wo kann ich den Raumduft Diffuser elektrisch S400 verwenden?<\/h2>\n<ul>\n<li>Das schlichte, aber pr\u00e4zise <strong>Design des Diffusors<\/strong> macht ihn f\u00fcr jede Art von Umgebung geeignet und passt perfekt zu <strong>modernen M\u00f6beln<\/strong><\/li>\n<li>Der elektrische Parf\u00fcmierer S400 eignet sich f\u00fcr kleine <strong>Gesch\u00e4fte<\/strong>, <strong>B\u00fcros<\/strong>, <strong>Warter\u00e4ume<\/strong> und auch zu Hause bleibt seine Eleganz nicht unbemerkt.<\/li>\n<li>Der S400 <strong>Electric Diffuser<\/strong> kann in luxuri\u00f6sen Hotelzimmern aufgestellt werden, und das Personal kann von au\u00dfen die Programmierung nach den Bed\u00fcrfnissen des Gastes \u00e4ndern.<\/li>\n<li>Die herunterladbare Bluetooth-Anwendung auf Ios\/Android-Ger\u00e4ten erm\u00f6glicht die Programmierung des Betriebs.<\/li>\n<li>T\u00e4gliche Programmierung der Betriebsstunden, mit Einstellung der Duftintensit\u00e4t.<\/li>\n<li>Seine Ger\u00e4uschlosigkeit macht ihn zum leisesten <strong>Aromadiffusor<\/strong> auf dem Markt.<\/li>\n<\/ul>\n<h2><strong>Technische Daten Raumduft Diffuser elektrisch S400<\/strong><\/h2>\n<section class=\"av_textblock_section \">\n<div class=\"avia_textblock \">\n<ul>\n<li>Spannungen: 125\/230 V<\/li>\n<li>Stromversorgung der Pumpe: 12 V<\/li>\n<li>Leistung: 10 Watt<\/li>\n<li>Duftstoff-Kubatur: 150 &#8211; 250 M\u00b3<\/li>\n<li>Ger\u00e4uschpegel: 2 Db<\/li>\n<li>Verbrauch der Essenz: 1\/2 Gramm\/Stunde<\/li>\n<li>\u00c4u\u00dferes Material: Stahl<\/li>\n<li>Farbe: Schwarz und Silber<\/li>\n<li>Gewicht: 1,4 kg<\/li>\n<li>Bluetooth Technologie<\/li>\n<\/ul>\n<h2><strong>Welches Parf\u00fcm verwenden Sie f\u00fcr Special Scent Raumd\u00fcfte?<\/strong><\/h2>\n<ul>\n<li>Special scent verf\u00fcgt \u00fcber eine gro\u00dfe Auswahl an zertifizierten und registrierten \u00f6ligen <a href=\"https:\/\/www.specialscentshop.com\/de\/parfuems-und-duefte\/\">Raumd\u00fcften<\/a>, mit denen Sie jede Umgebung parf\u00fcmieren und mit Hilfe der Olfactory Marketing-Technik eine attraktive Wirkung auf den Kunden erzielen k\u00f6nnen<strong>.<\/strong><\/li>\n<li>Special Scent verpflichtet Sie nicht zum Kauf von Duftstoffen, <strong>empfiehlt<\/strong> aber <strong>, keine wasserl\u00f6slichen \u00d6le und keine \u00d6le in Holzdiffusoren zu verwenden<\/strong>.<\/li>\n<li>Special Scent ist Ihr idealer Partner f\u00fcr die <strong>Parf\u00fcmierung Ihrer R\u00e4ume<\/strong>. Auf unserer Website finden Sie die beste L\u00f6sung f\u00fcr Ihre Umgebung, von D\u00fcften bis zu Parf\u00fcmzerst\u00e4ubern.<\/li>\n<\/ul>\n<p><em><strong>Mehr lesen: <a href=\"https:\/\/www.specialscentshop.com\/de\/produkt\/parfuemzerstaeuber-s600\/\">Elektrischer Raumdiffusor S 600<\/a><\/strong><\/em><\/p>\n<\/div>\n<\/section>\n","protected":false},"excerpt":{"rendered":"<h3>Raumduft Diffuser elektrisch S400<\/h3>\n<p>Der elektrische Parf\u00fcmzerst\u00e4uber,<strong> Design-Raumduft<\/strong> aus Stahlmaterial, in den Farben Schwarz und Silber, mit Kaltzerst\u00e4ubungssystem. Sie k\u00f6nnen den f\u00fcr Sie am besten geeigneten Duft finden, indem Sie unseren Katalog unter<a href=\"https:\/\/www.specialscentshop.com\/de\/parfuems-und-duefte\/\">DIESEM Link<\/a> konsultieren oder<a href=\"https:\/\/www.specialscentshop.com\/de\/drinkfood-raumduefte\/\">Drink&amp;Food Raumd\u00fcfte unter DIESEM Link finden<\/a><\/p>\n","protected":false},"featured_media":44513,"template":"","meta":{"_acf_changed":false},"product_brand":[],"product_cat":[765],"product_tag":[766,767,769,864],"class_list":{"0":"post-44511","1":"product","2":"type-product","3":"status-publish","4":"has-post-thumbnail","6":"product_cat-duft-diffusor-raumlufterfrischer","7":"product_tag-zuhause","8":"product_tag-buro","9":"product_tag-geschafte-einkaufen","10":"product_tag-arztpraxen-kliniken","12":"first","13":"instock","14":"taxable","15":"shipping-taxable","16":"purchasable","17":"product-type-variable"},"acf":[],"_links":{"self":[{"href":"https:\/\/www.specialscentshop.com\/de\/wp-json\/wp\/v2\/product\/44511","targetHints":{"allow":["GET"]}}],"collection":[{"href":"https:\/\/www.specialscentshop.com\/de\/wp-json\/wp\/v2\/product"}],"about":[{"href":"https:\/\/www.specialscentshop.com\/de\/wp-json\/wp\/v2\/types\/product"}],"wp:featuredmedia":[{"embeddable":true,"href":"https:\/\/www.specialscentshop.com\/de\/wp-json\/wp\/v2\/media\/44513"}],"wp:attachment":[{"href":"https:\/\/www.specialscentshop.com\/de\/wp-json\/wp\/v2\/media?parent=44511"}],"wp:term":[{"taxonomy":"product_brand","embeddable":true,"href":"https:\/\/www.specialscentshop.com\/de\/wp-json\/wp\/v2\/product_brand?post=44511"},{"taxonomy":"product_cat","embeddable":true,"href":"https:\/\/www.specialscentshop.com\/de\/wp-json\/wp\/v2\/product_cat?post=44511"},{"taxonomy":"product_tag","embeddable":true,"href":"https:\/\/www.specialscentshop.com\/de\/wp-json\/wp\/v2\/product_tag?post=44511"}],"curies":[{"name":"wp","href":"https:\/\/api.w.org\/{rel}","templated":true}]}}