{"id":44612,"date":"2020-09-09T00:02:00","date_gmt":"2020-09-08T22:02:00","guid":{"rendered":"https:\/\/www.specialscentshop.com\/product\/s900-parfuem-diffusor\/"},"modified":"2025-09-26T23:09:35","modified_gmt":"2025-09-26T21:09:35","slug":"s900-parfuem-diffusor","status":"publish","type":"product","link":"https:\/\/www.specialscentshop.com\/de\/produkt\/s900-parfuem-diffusor\/","title":{"rendered":"S900 Parf\u00fcm-Diffusor"},"content":{"rendered":"<h2><b>Wo verwenden Sie den S900 Duft Diffuser elektrisch ?<\/b><\/h2>\n<p>Der S 900 <strong>Kaltnebel-Parf\u00fcmzerst\u00e4uber<\/strong> f\u00fcr gro\u00dfe R\u00e4ume kann in verschiedenen Kontexten installiert werden.<\/p>\n<ul>\n<li>Die optimale L\u00f6sung, um den Duft in allen von der Uta durchquerten R\u00e4umen zu verbreiten, ist der Anschluss an das Fl\u00e4chenkanalisierungssystem ( Uta).<\/li>\n<li>F\u00fcr die Ausgabe im Freien in der N\u00e4he der Eing\u00e4nge von kommerziellen Aktivit\u00e4ten, um die Kunden mit dem Duft anzulocken (Olfaktorisches Marketing).<\/li>\n<li>F\u00fcr den Einsatz in Innenr\u00e4umen, um Kan\u00e4le f\u00fcr Parf\u00fcmnebel zu schaffen und Ihre R\u00e4ume einzigartig zu machen.<\/li>\n<li>Zum Verteilen von D\u00fcften im Freien, indem Sie eine umlaufende Duftlinie in dem Bereich erzeugen.<\/li>\n<li>Parf\u00fcmieren Sie den Raum zu bestimmten Zeiten und an bestimmten Tagen, dank der t\u00e4glichen Duftspenderprogramme.<\/li>\n<\/ul>\n<div class=\"av-special-heading av-4rim58-42fcb376682ffb0ab99a11e5d4f0e3ee av-special-heading-h3 custom-color-heading blockquote modern-quote avia-builder-el-25 el_before_av_textblock avia-builder-el-first av-inherit-size \">\n<h2><strong>Technische Daten Hvac Duft Diffuser elektrisch S 900<\/strong><\/h2>\n<ul>\n<li>T\u00e4gliche Programmierung des Einschaltens, 5 bis 300 Sekunden Abgabe, 5 bis 300 Sekunden Pausenzeit zwischen den Abgaben.<\/li>\n<li>Befehle zur Einstellung des Betriebs \u00fcber die Bluetooth Ios\/Android-Anwendung und direkt \u00fcber den Touchscreen des Ger\u00e4ts.<\/li>\n<li>Material: pulverbeschichtetes Metall<\/li>\n<li>Abmessungen: H 440 mm | B 220 mm | 130 mm<\/li>\n<li>Farbe: Schwarz Metallic Shell<\/li>\n<li>Stromversorgung: 220\/12 Volt Transformator<\/li>\n<li>Leistung: 22 Watt<\/li>\n<li>Ger\u00e4uschpegel: weniger als 20 Dezibel<\/li>\n<li>Beh\u00e4lter f\u00fcr \u00f6ligen Duft: 1000 ml<\/li>\n<li>Maximaler Verbrauch von \u00f6ligem Duft: 2,5 ml\/Stunde<\/li>\n<li>Maximale Abdeckung: Mit Pfropfung in Uta 3000 m\u00b3 gegeben<\/li>\n<li>Gewicht: 6.0 kg<\/li>\n<\/ul>\n<\/div>\n<section class=\"av_textblock_section \">\n<div class=\"avia_textblock \">\n<h2><strong>Welches Parf\u00fcm verwenden Sie f\u00fcr Special Scent Raumd\u00fcfte?<\/strong><\/h2>\n<ul>\n<li><strong>Special Scent<\/strong> verf\u00fcgt \u00fcber ein breites Sortiment an zertifizierten und registrierten \u00f6ligen <a href=\"https:\/\/www.specialscentshop.com\/de\/parfuems-und-duefte\/\">Raumd\u00fcften<\/a>, mit denen Sie jede Umgebung parf\u00fcmieren und mit Hilfe der Olfactory Marketing-Technik eine attraktive Wirkung auf den Kunden erzielen k\u00f6nnen.<\/li>\n<li><strong>Special Scent<\/strong> verpflichtet Sie nicht zum Kauf von Duftstoffen, <strong>empfiehlt<\/strong> aber <strong>, keine wasserl\u00f6slichen \u00d6le und keine \u00d6le in Holzdiffusoren zu verwenden<\/strong>.<\/li>\n<li>Special Scent ist Ihr idealer Partner f\u00fcr die Parf\u00fcmierung Ihrer R\u00e4ume. Auf unserer Website finden Sie die beste L\u00f6sung f\u00fcr Ihre Umgebung, von D\u00fcften bis zu Parf\u00fcmzerst\u00e4ubern.<\/li>\n<\/ul>\n<\/div>\n<\/section>\n<p><em><strong>Mehr lesen: <a href=\"https:\/\/www.specialscentshop.com\/de\/produkt\/s800-parfuemzerstaeuber\/\">S800 Parf\u00fcmzerst\u00e4uber<\/a><\/strong><\/em><\/p>\n","protected":false},"excerpt":{"rendered":"<p>Ideal f\u00fcr den Einsatz in Luftkanalsystemen (Uta) und in der N\u00e4he von Ladeneing\u00e4ngen, um die Vorteile des Duftmarketings zu nutzen<a href=\"https:\/\/www.specialscentshop.com\/de\/olfaktorisches-marketing\/\">.<\/a><span style=\"color: #ff0000;\">Jetzt auch in einer Version mit Bluetooth APP erh\u00e4ltlich!<\/span><strong>Den f\u00fcr Sie passenden Duft finden<\/strong><strong>Sie in unserem Katalog unter <a href=\"https:\/\/www.specialscentshop.com\/de\/parfuems-und-duefte\/\">DIESEM Link<\/a><\/strong><br \/>\n<a href=\"https:\/\/www.specialscentshop.com\/de\/drinkfood-raumduefte\/\"><strong>oder finden Sie Drink&amp;Food Raumd\u00fcfte unter DIESEM Link<\/strong><\/a><\/p>\n","protected":false},"featured_media":44615,"template":"","meta":{"_acf_changed":false},"product_brand":[],"product_cat":[765],"product_tag":[768,769,864,909,910],"class_list":{"0":"post-44612","1":"product","2":"type-product","3":"status-publish","4":"has-post-thumbnail","6":"product_cat-duft-diffusor-raumlufterfrischer","7":"product_tag-hotel-bb-de","8":"product_tag-geschafte-einkaufen","9":"product_tag-arztpraxen-kliniken","10":"product_tag-umgebungen-im-freien","11":"product_tag-messen-und-veranstaltungen","13":"first","14":"instock","15":"taxable","16":"shipping-taxable","17":"purchasable","18":"product-type-variable"},"acf":[],"_links":{"self":[{"href":"https:\/\/www.specialscentshop.com\/de\/wp-json\/wp\/v2\/product\/44612","targetHints":{"allow":["GET"]}}],"collection":[{"href":"https:\/\/www.specialscentshop.com\/de\/wp-json\/wp\/v2\/product"}],"about":[{"href":"https:\/\/www.specialscentshop.com\/de\/wp-json\/wp\/v2\/types\/product"}],"wp:featuredmedia":[{"embeddable":true,"href":"https:\/\/www.specialscentshop.com\/de\/wp-json\/wp\/v2\/media\/44615"}],"wp:attachment":[{"href":"https:\/\/www.specialscentshop.com\/de\/wp-json\/wp\/v2\/media?parent=44612"}],"wp:term":[{"taxonomy":"product_brand","embeddable":true,"href":"https:\/\/www.specialscentshop.com\/de\/wp-json\/wp\/v2\/product_brand?post=44612"},{"taxonomy":"product_cat","embeddable":true,"href":"https:\/\/www.specialscentshop.com\/de\/wp-json\/wp\/v2\/product_cat?post=44612"},{"taxonomy":"product_tag","embeddable":true,"href":"https:\/\/www.specialscentshop.com\/de\/wp-json\/wp\/v2\/product_tag?post=44612"}],"curies":[{"name":"wp","href":"https:\/\/api.w.org\/{rel}","templated":true}]}}