{"id":44613,"date":"2020-09-01T00:01:00","date_gmt":"2020-08-31T22:01:00","guid":{"rendered":"https:\/\/www.specialscentshop.com\/product\/duftzerstaeuber-s1002-hvac-wifi\/"},"modified":"2025-03-30T20:35:11","modified_gmt":"2025-03-30T18:35:11","slug":"duftzerstaeuber-s1002-hvac-wifi","status":"publish","type":"product","link":"https:\/\/www.specialscentshop.com\/de\/produkt\/duftzerstaeuber-s1002-hvac-wifi\/","title":{"rendered":"Duftzerst\u00e4uber S1002 HVAC WIFI"},"content":{"rendered":"<h2><b>Wo verwenden Sie den S1002 WiFi Raumbedufter f\u00fcr Kanalsystem ?<\/b><\/h2>\n<ul>\n<li>Fl\u00e4chenentw\u00e4sserungssysteme (Uta), indem Sie es im Technikraum unterbringen<\/li>\n<li>Zur Parf\u00fcmierung gro\u00dfer Messest\u00e4nde und gro\u00dfer Wohnblocks.<\/li>\n<li>Hervorragend geeignet f\u00fcr die Parf\u00fcmierung von Einkaufszentren, Theatern, Kinos, Kliniken und allen gro\u00dfen Umgebungen.<\/li>\n<li>Zum Verteilen von Parf\u00fcm im Freien, um duftende Bereiche in der N\u00e4he von kommerziellen Aktivit\u00e4ten zu schaffen.<\/li>\n<li>Die ideale L\u00f6sung f\u00fcr die Parf\u00fcmierung gro\u00dfer R\u00e4ume.<\/li>\n<li>Hervorragend geeignet f\u00fcr die Beduftung von R\u00e4umen mit verschiedenen D\u00fcften im Laufe des Tages<\/li>\n<\/ul>\n<h2>Technische Daten den Raumbedufter f\u00fcr Kanalsystem S1002 WiFi<\/h2>\n<ul>\n<li>Abmessungen: L\u00e4nge 242 mm &#8211; H\u00f6he 200 mm &#8211; Tiefe: 161 mm<\/li>\n<li>Leistung: 17W x 2<\/li>\n<li>Spannung: 12 V<\/li>\n<li>&lt;Ger\u00e4uschpegel\uff1a 50dba<\/li>\n<li>Gewicht: 4,6 kg ohne Duft<\/li>\n<li>Reichweite\uff1a10.000 m3 &#8211; 3200 m2 ; 32000 sqft Duft\u00f6lverbrauch 4Gr\/h \u00b1- 15% x 2 Spender<\/li>\n<li>Farbe: Schwarz<\/li>\n<li>Installation : Hvac-Kan\u00e4le Uta<\/li>\n<li>Fassungsverm\u00f6gen der Flaschen : 2 \/1000 gr Aluminium &#8211; Option 5000 Gr<\/li>\n<li>Steuerung der Maschine: \u00dcber den doppelten LCD-Bildschirm an der Vorderseite der Maschine, aus der Ferne \u00fcber die Wi-Fi-Anwendung<\/li>\n<li>Unabh\u00e4ngige Verwaltung f\u00fcr 2 gleichzeitige Dosierungen.<\/li>\n<li>Material: Stahl<\/li>\n<li><strong>Optional: Zerst\u00e4uber und 5 kg Beh\u00e4lter mit \u00f6ligem Duft<\/strong><\/li>\n<\/ul>\n<h2><strong>Welche Raumd\u00fcfte sollten in den Special Sscent Diffusoren verwendet werden?<\/strong><\/h2>\n<p>Special Scent verf\u00fcgt \u00fcber ein breites Sortiment an \u00f6ligen Raumd\u00fcften, mit denen Sie jede Umgebung parf\u00fcmieren und mit Hilfe der <a title=\"Geruchsmarketing\" href=\"https:\/\/www.specialscentshop.com\/de\/olfaktorisches-marketing\/\" data-internallinksmanager029f6b8e52c=\"5\">Olfaktorischen Marketingtechnik<\/a> eine attraktive Wirkung auf den Kunden erzielen k\u00f6nnen.<\/p>\n<p>Special Scent verpflichtet Sie nicht zum Kauf von Duftstoffen, <strong>empfiehlt<\/strong> aber <strong>, keine wasserl\u00f6slichen \u00d6le und keine \u00d6le in Holzdiffusoren zu verwenden<\/strong>.<\/p>\n<p>Special Scent ist Ihr idealer Partner f\u00fcr die Parf\u00fcmierung Ihrer R\u00e4ume. Auf unserer Website finden Sie die beste L\u00f6sung f\u00fcr Ihre Umgebung, von D\u00fcften bis zu <a title=\"Parf\u00fcmzerst\u00e4uber\" href=\"https:\/\/www.specialscentshop.com\/de\/raumdiffusoren\/\" data-internallinksmanager029f6b8e52c=\"1\">Parf\u00fcmzerst\u00e4ubern<\/a>.<\/p>\n<p><em><strong>Weiterlesen: <a href=\"https:\/\/www.specialscentshop.com\/de\/produkt\/s1002-hvac-duftzerstaeuber\/\">Duftzerst\u00e4uber S1002 HVAC<\/a><\/strong><\/em><\/p>\n","protected":false},"excerpt":{"rendered":"<p>Raumbedufter f\u00fcr Kanalsystem S1002 HVAC wifi, ein Duftzufuhrsystem f\u00fcr R\u00e4ume, die mit HVAC-Systemen ausgestattet sind. Die verwendete Technologie ist die der Kaltvernebelung, die den Duft \u00fcber das L\u00fcftungssystem in die Luft einbl\u00e4st, wobei der Duft gleichm\u00e4\u00dfig und mit gleicher Intensit\u00e4t verteilt wird. Es handelt sich um ein innovatives Produkt mit Fernsteuerung \u00fcber eine Anwendung auf dem Handy oder Desktop<\/p>\n<p><a href=\"https:\/\/www.specialscentshop.com\/de\/parfuems-und-duefte\/\"><strong>Sie k\u00f6nnen den f\u00fcr Sie am besten geeigneten Duft finden, indem Sie unseren Katalog unter DIESEM Link konsultieren<\/strong><\/a><br \/>\n<a href=\"https:\/\/www.specialscentshop.com\/de\/drinkfood-raumduefte\/\"><strong>oder finden Sie Drink&amp;Food Raumd\u00fcfte unter DIESEM Link<\/strong><\/a><\/p>\n<p>&nbsp;<\/p>\n","protected":false},"featured_media":44614,"template":"","meta":{"_acf_changed":false},"product_brand":[],"product_cat":[765],"product_tag":[908,767,768,769,770,862,863],"class_list":{"0":"post-44613","1":"product","2":"type-product","3":"status-publish","4":"has-post-thumbnail","6":"product_cat-duft-diffusor-raumlufterfrischer","7":"product_tag-eigentumswohnungen","8":"product_tag-buro","9":"product_tag-hotel-bb-de","10":"product_tag-geschafte-einkaufen","11":"product_tag-restaurants-bars-de","12":"product_tag-spielzimmer","13":"product_tag-fitnessstudios-sport","15":"first","16":"outofstock","17":"taxable","18":"shipping-taxable","19":"purchasable","20":"product-type-simple"},"acf":[],"_links":{"self":[{"href":"https:\/\/www.specialscentshop.com\/de\/wp-json\/wp\/v2\/product\/44613","targetHints":{"allow":["GET"]}}],"collection":[{"href":"https:\/\/www.specialscentshop.com\/de\/wp-json\/wp\/v2\/product"}],"about":[{"href":"https:\/\/www.specialscentshop.com\/de\/wp-json\/wp\/v2\/types\/product"}],"wp:featuredmedia":[{"embeddable":true,"href":"https:\/\/www.specialscentshop.com\/de\/wp-json\/wp\/v2\/media\/44614"}],"wp:attachment":[{"href":"https:\/\/www.specialscentshop.com\/de\/wp-json\/wp\/v2\/media?parent=44613"}],"wp:term":[{"taxonomy":"product_brand","embeddable":true,"href":"https:\/\/www.specialscentshop.com\/de\/wp-json\/wp\/v2\/product_brand?post=44613"},{"taxonomy":"product_cat","embeddable":true,"href":"https:\/\/www.specialscentshop.com\/de\/wp-json\/wp\/v2\/product_cat?post=44613"},{"taxonomy":"product_tag","embeddable":true,"href":"https:\/\/www.specialscentshop.com\/de\/wp-json\/wp\/v2\/product_tag?post=44613"}],"curies":[{"name":"wp","href":"https:\/\/api.w.org\/{rel}","templated":true}]}}