{"id":44620,"date":"2020-09-02T00:01:00","date_gmt":"2020-09-01T22:01:00","guid":{"rendered":"https:\/\/www.specialscentshop.com\/product\/duftzerstaeuber-s1001-hvac-wifi\/"},"modified":"2025-03-30T20:33:00","modified_gmt":"2025-03-30T18:33:00","slug":"duftzerstaeuber-s1001-hvac-wifi","status":"publish","type":"product","link":"https:\/\/www.specialscentshop.com\/de\/produkt\/duftzerstaeuber-s1001-hvac-wifi\/","title":{"rendered":"Duftzerst\u00e4uber S1001 HVAC WIFI"},"content":{"rendered":"<h2><b>Wo verwenden Sie den S1001 Gro\u00dfer Raumduft Diffusor wifi ?<\/b><\/h2>\n<ul>\n<li>Area Ducting Systems (Uta), indem Sie es in den Technikraum stellen<\/li>\n<li>Zur Parf\u00fcmierung gro\u00dfer Messest\u00e4nde und gro\u00dfer Wohnblocks.<\/li>\n<li>Hervorragend geeignet f\u00fcr die Parf\u00fcmierung von Einkaufszentren, Theatern, Kinos, Kliniken und allen gro\u00dfen Umgebungen.<\/li>\n<li>Zum Verteilen von Parf\u00fcm im Freien, um duftende Bereiche in der N\u00e4he von kommerziellen Aktivit\u00e4ten zu schaffen.<\/li>\n<li>Die ideale L\u00f6sung f\u00fcr die Parf\u00fcmierung gro\u00dfer R\u00e4ume.<\/li>\n<\/ul>\n<h2><b>Technische DatenGro\u00dfer Raumduft Diffusor wifi S1001<\/b><\/h2>\n<ul>\n<li>Material: Stahl und Metall<\/li>\n<li>Abmessungen: H 650 mm | B 120 mm | 120 mm<\/li>\n<li>Farbe: Schwarz<\/li>\n<li>Stromversorgung: 220\/12 Volt Transformator<\/li>\n<li>Leistung: 22 Watt<\/li>\n<li>Ger\u00e4uschpegel: weniger als 30 Dezibel<\/li>\n<li>Beh\u00e4lter f\u00fcr \u00f6lige D\u00fcfte: 1000 ml optional 5000 ml<\/li>\n<li>Maximaler Verbrauch von \u00f6ligem Duft: 2,5 ml\/Stunde<\/li>\n<li>Maximale Duftabdeckung 1500 m3 Freifl\u00e4che 4000 M3 \u00fcber Uta<\/li>\n<li>Gewicht: 4,70 kg<\/li>\n<li>Maximale Entfernung Zerst\u00e4uber, Maschine 1,5 Mt<\/li>\n<li>Die Fernverwaltung \u00fcber Wi-Fi erm\u00f6glicht die Verwaltung des Ger\u00e4ts von jedem Ort der Welt aus.<\/li>\n<li>Anwendung zur Verwaltung vom Smartphone oder Schreibtisch aus<\/li>\n<li>Bluetooth, \u00fcber einen Touchscreen auf dem Ger\u00e4t.<\/li>\n<\/ul>\n<h2><strong>Welche Raumd\u00fcfte sollten in den Special Sscent Diffusoren verwendet werden?<\/strong><\/h2>\n<p>Special Scent verf\u00fcgt \u00fcber ein breites Sortiment an \u00f6ligen <a href=\"https:\/\/www.specialscentshop.com\/de\/parfuems-und-duefte\/\">Raumd\u00fcften<\/a>, mit denen Sie jede Umgebung parf\u00fcmieren und mit Hilfe der <a title=\"Geruchsmarketing\" href=\"https:\/\/www.specialscentshop.com\/de\/olfaktorisches-marketing\/\" data-internallinksmanager029f6b8e52c=\"5\">Olfaktorischen Marketingtechnik<\/a> eine attraktive Wirkung auf den Kunden erzielen k\u00f6nnen.<\/p>\n<p>Special Scent verpflichtet Sie nicht zum Kauf von Duftstoffen, <strong>empfiehlt<\/strong> aber <strong>, keine wasserl\u00f6slichen \u00d6le und keine \u00d6le in Holzdiffusoren zu verwenden<\/strong>.<\/p>\n<p>Special Scent ist Ihr idealer Partner f\u00fcr die Parf\u00fcmierung Ihrer R\u00e4ume. Auf unserer Website finden Sie die beste L\u00f6sung f\u00fcr Ihre Umgebung, von D\u00fcften bis zu <a title=\"Parf\u00fcmzerst\u00e4uber\" href=\"https:\/\/www.specialscentshop.com\/de\/raumdiffusoren\/\" data-internallinksmanager029f6b8e52c=\"1\">Parf\u00fcmzerst\u00e4ubern<\/a>.<\/p>\n<p><em><strong>Lesen Sie mehr: <a href=\"https:\/\/www.specialscentshop.com\/product\/diffusore-profumi-s1001-hvac\/\">Duftzerst\u00e4uber S1001 HVAC<\/a><\/strong><\/em><\/p>\n","protected":false},"excerpt":{"rendered":"<section class=\"av_textblock_section \">\n<div class=\"avia_textblock \">\n<p>Gro\u00dfer Raumduft Diffusor wifi L\u00f6sung f\u00fcr die Beduftung gro\u00dfer R\u00e4ume, mit Fernsteuerung \u00fcber mobile und Desktop-Anwendungen<\/p>\n<\/div>\n<\/section>\n<p><a href=\"https:\/\/www.specialscentshop.com\/de\/parfuems-und-duefte\/\"><strong>Sie k\u00f6nnen den f\u00fcr Sie am besten geeigneten Duft finden, indem Sie unseren Katalog unter DIESEM Link konsultieren<\/strong><\/a><br \/>\n<a href=\"https:\/\/www.specialscentshop.com\/de\/drinkfood-raumduefte\/\"><strong>oder finden Sie Drink&amp;Food Raumd\u00fcfte unter DIESEM Link<\/strong><\/a><\/p>\n","protected":false},"featured_media":44622,"template":"","meta":{"_acf_changed":false},"product_brand":[],"product_cat":[765],"product_tag":[910,768,769,862,865,908,909],"class_list":{"0":"post-44620","1":"product","2":"type-product","3":"status-publish","4":"has-post-thumbnail","6":"product_cat-duft-diffusor-raumlufterfrischer","7":"product_tag-messen-und-veranstaltungen","8":"product_tag-hotel-bb-de","9":"product_tag-geschafte-einkaufen","10":"product_tag-spielzimmer","11":"product_tag-diffusoren-fur-arztpraxen-kliniken","12":"product_tag-eigentumswohnungen","13":"product_tag-umgebungen-im-freien","15":"first","16":"outofstock","17":"taxable","18":"shipping-taxable","19":"purchasable","20":"product-type-simple"},"acf":[],"_links":{"self":[{"href":"https:\/\/www.specialscentshop.com\/de\/wp-json\/wp\/v2\/product\/44620","targetHints":{"allow":["GET"]}}],"collection":[{"href":"https:\/\/www.specialscentshop.com\/de\/wp-json\/wp\/v2\/product"}],"about":[{"href":"https:\/\/www.specialscentshop.com\/de\/wp-json\/wp\/v2\/types\/product"}],"wp:featuredmedia":[{"embeddable":true,"href":"https:\/\/www.specialscentshop.com\/de\/wp-json\/wp\/v2\/media\/44622"}],"wp:attachment":[{"href":"https:\/\/www.specialscentshop.com\/de\/wp-json\/wp\/v2\/media?parent=44620"}],"wp:term":[{"taxonomy":"product_brand","embeddable":true,"href":"https:\/\/www.specialscentshop.com\/de\/wp-json\/wp\/v2\/product_brand?post=44620"},{"taxonomy":"product_cat","embeddable":true,"href":"https:\/\/www.specialscentshop.com\/de\/wp-json\/wp\/v2\/product_cat?post=44620"},{"taxonomy":"product_tag","embeddable":true,"href":"https:\/\/www.specialscentshop.com\/de\/wp-json\/wp\/v2\/product_tag?post=44620"}],"curies":[{"name":"wp","href":"https:\/\/api.w.org\/{rel}","templated":true}]}}