{"id":44621,"date":"2020-09-11T00:02:00","date_gmt":"2020-09-10T22:02:00","guid":{"rendered":"https:\/\/www.specialscentshop.com\/product\/s800-parfuemzerstaeuber\/"},"modified":"2025-02-07T12:37:43","modified_gmt":"2025-02-07T11:37:43","slug":"s800-parfuemzerstaeuber","status":"publish","type":"product","link":"https:\/\/www.specialscentshop.com\/de\/produkt\/s800-parfuemzerstaeuber\/","title":{"rendered":"S800 Parf\u00fcmzerst\u00e4uber"},"content":{"rendered":"<h2><b>Wo wird der Raumduft f\u00fcr gro\u00dfe R\u00e4ume S800?<\/b><\/h2>\n<ul>\n<li>Parf\u00fcmierer f\u00fcr den mobilen Einsatz I station\u00e4r, mit internem Gebl\u00e4se zur <strong>Parf\u00fcmierung gro\u00dfer R\u00e4ume.<\/strong><\/li>\n<li>Horizontale <strong>Raumbeduftung<\/strong>, um den Duft dorthin zu bringen, wo Sie ihn haben m\u00f6chten, ohne ihn nach oben zu verteilen, dank des leistungsstarken internen Ventilators.<\/li>\n<li><strong>Ein elektrischer Parf\u00fcmierer<\/strong>, ideal f\u00fcr die <strong>Parf\u00fcmierung von Umgebungen<\/strong> wie: Einkaufszentren, Hotels, Ausstellungshallen, Autoh\u00e4user, Spielhallen, Bingohallen, Kinos.<\/li>\n<li>Der Grande Ambiente S 800 Lufterfrischer kann in Au\u00dfengalerien, G\u00e4rten, Parks, Schwimmb\u00e4dern und Au\u00dfenbereichen verwendet werden.<\/li>\n<li>Es verf\u00fcgt \u00fcber Programme, mit denen die Dosierzeiten und -h\u00e4ufigkeit eingestellt werden k\u00f6nnen, um die Verschwendung zu reduzieren und die <strong>Parf\u00fcmverteilung<\/strong> zu optimieren.<\/li>\n<\/ul>\n<h2><b>Technische Daten Raumduft f\u00fcr gro\u00dfe R\u00e4ume S800<\/b><\/h2>\n<div class=\"avia_textblock \">\n<ul>\n<li>Abmessungen: H\u00f6he=600 mm | L\u00e4nge=150 mm | Tiefe=150 mm<\/li>\n<li>Material: pulverbeschichtetes Metall<\/li>\n<li>Farbe: Satinschwarz oder Edelstahlfarbe<\/li>\n<li>Stromversorgung: 220\/12 Volt Transformator<\/li>\n<li>Leistung: 22 Watt<\/li>\n<li>Ger\u00e4uschpegel: weniger als 45 Dezibel<\/li>\n<li>Nachf\u00fcllbeh\u00e4lter: 1000 ml<\/li>\n<li>Maximaler Verbrauch von \u00f6ligem Duft: 2,5 ml\/Stunde<\/li>\n<li>Maximale Abdeckung: 2000 m\u00b3<\/li>\n<li>Gewicht: 6,7 kg<\/li>\n<li>Installation: Freistehend mit <strong>internem Ventilator<\/strong> und Bodenaufstellung<\/li>\n<\/ul>\n<\/div>\n<h2><strong>Welches Parf\u00fcm verwenden Sie f\u00fcr den Raumduft f\u00fcr gro\u00dfe R\u00e4ume ?<\/strong><\/h2>\n<ul>\n<li>Special Scent verf\u00fcgt \u00fcber ein breites Sortiment an zertifizierten und registrierten \u00f6ligen Raumd\u00fcften, mit denen Sie jede Umgebung parf\u00fcmieren und mit Hilfe der Olfactory Marketing-Technik eine attraktive Wirkung auf den Kunden erzielen k\u00f6nnen.<\/li>\n<li>Special Scent verpflichtet Sie nicht zum Kauf von Duftstoffen, <strong>empfiehlt<\/strong> aber <strong>, keine wasserl\u00f6slichen \u00d6le und keine \u00d6le in Holzdiffusoren zu verwenden<\/strong>.<\/li>\n<li>Special Scent ist Ihr idealer Partner f\u00fcr die Parf\u00fcmierung Ihrer R\u00e4ume. Auf unserer Website finden Sie die beste L\u00f6sung f\u00fcr Ihre Umgebung, von D\u00fcften bis zu Parf\u00fcmzerst\u00e4ubern.<\/li>\n<\/ul>\n<p><em><strong>Mehr lesen: <a href=\"https:\/\/www.specialscentshop.com\/de\/produkt\/s750-parfuem-diffusor\/\">S750 Parf\u00fcmzerst\u00e4uber<\/a><\/strong><\/em><\/p>\n<p>&nbsp;<\/p>\n","protected":false},"excerpt":{"rendered":"<p>Durch sein modernes Design eignet er sich f\u00fcr jede Art von Umgebung, aber vor allem ist er der <strong>Hotelduft-Diffusor<\/strong> schlechthin.<strong>Sie k\u00f6nnen den Duft finden, der am besten zu Ihnen passt, indem Sie unseren <\/strong><strong>Katalog <\/strong><strong>unter <a href=\"https:\/\/www.specialscentshop.com\/de\/parfuems-und-duefte\/\">DIESEM Link<\/a><\/strong><br \/>\n<a href=\"https:\/\/www.specialscentshop.com\/de\/drinkfood-raumduefte\/\"><strong>oder finden Sie die Drink&amp;Food Raumd\u00fcfte unter DIESEM Link<\/strong><\/a><\/p>\n","protected":false},"featured_media":49439,"template":"","meta":{"_acf_changed":false},"product_brand":[],"product_cat":[765],"product_tag":[865,909,910,768,912,769,1044,770,1118,862,863],"class_list":{"0":"post-44621","1":"product","2":"type-product","3":"status-publish","4":"has-post-thumbnail","6":"product_cat-duft-diffusor-raumlufterfrischer","7":"product_tag-diffusoren-fur-arztpraxen-kliniken","8":"product_tag-umgebungen-im-freien","9":"product_tag-messen-und-veranstaltungen","10":"product_tag-hotel-bb-de","11":"product_tag-hochzeiten","12":"product_tag-geschafte-einkaufen","13":"product_tag-referenten-fur-messen","14":"product_tag-restaurants-bars-de","15":"product_tag-diffusoren-fuer-grosse-raeume","16":"product_tag-spielzimmer","17":"product_tag-fitnessstudios-sport","19":"first","20":"instock","21":"taxable","22":"shipping-taxable","23":"purchasable","24":"product-type-variable"},"acf":[],"_links":{"self":[{"href":"https:\/\/www.specialscentshop.com\/de\/wp-json\/wp\/v2\/product\/44621","targetHints":{"allow":["GET"]}}],"collection":[{"href":"https:\/\/www.specialscentshop.com\/de\/wp-json\/wp\/v2\/product"}],"about":[{"href":"https:\/\/www.specialscentshop.com\/de\/wp-json\/wp\/v2\/types\/product"}],"wp:featuredmedia":[{"embeddable":true,"href":"https:\/\/www.specialscentshop.com\/de\/wp-json\/wp\/v2\/media\/49439"}],"wp:attachment":[{"href":"https:\/\/www.specialscentshop.com\/de\/wp-json\/wp\/v2\/media?parent=44621"}],"wp:term":[{"taxonomy":"product_brand","embeddable":true,"href":"https:\/\/www.specialscentshop.com\/de\/wp-json\/wp\/v2\/product_brand?post=44621"},{"taxonomy":"product_cat","embeddable":true,"href":"https:\/\/www.specialscentshop.com\/de\/wp-json\/wp\/v2\/product_cat?post=44621"},{"taxonomy":"product_tag","embeddable":true,"href":"https:\/\/www.specialscentshop.com\/de\/wp-json\/wp\/v2\/product_tag?post=44621"}],"curies":[{"name":"wp","href":"https:\/\/api.w.org\/{rel}","templated":true}]}}