{"id":44632,"date":"2020-09-03T00:02:00","date_gmt":"2020-09-02T22:02:00","guid":{"rendered":"https:\/\/www.specialscentshop.com\/product\/parfuemzerstaeuber-s1001-hvac\/"},"modified":"2025-03-30T20:31:58","modified_gmt":"2025-03-30T18:31:58","slug":"parfuemzerstaeuber-s1001-hvac","status":"publish","type":"product","link":"https:\/\/www.specialscentshop.com\/de\/produkt\/parfuemzerstaeuber-s1001-hvac\/","title":{"rendered":"Parf\u00fcmzerst\u00e4uber S1001 HVAC"},"content":{"rendered":"<h2><b>Wo verwenden Sie de <\/b>Lufterfrischer f\u00fcr Klimaanlagen <b>?<\/b><\/h2>\n<ul>\n<li>Der Parf\u00fcmzerst\u00e4uber wird f\u00fcr Ausstellungsr\u00e4ume, Autosalons, Eigentumswohnungen, Hotels und Einkaufszentren empfohlen.<\/li>\n<li>Auch ideal f\u00fcr Klimaanlagen-Kanalsysteme.<\/li>\n<li>Zur <strong>Beduftung gro\u00dfer R\u00e4ume<\/strong> \u00fcber ein Kanalsystem<\/li>\n<li>So schaffen Sie duftende Au\u00dfenbezirke<\/li>\n<li>F\u00fcr Konzerte, Theater, Country-Festivals, Au\u00dfenbereiche.<\/li>\n<li>Die ideale L\u00f6sung f\u00fcr die Kontrolle von Raumd\u00fcften im gewerblichen Bereich.<\/li>\n<li>Die Installation der beiden Ger\u00e4te ist einfach. Das mittlere Ger\u00e4t muss auf einer erh\u00f6hten ebenen Fl\u00e4che oder auf dem Boden aufgestellt werden.<\/li>\n<li>Die freistehende Einheit muss mit der entsprechenden Halterung an der Wand angebracht und mit den entsprechenden Leitungen ordnungsgem\u00e4\u00df an die Zentraleinheit angeschlossen werden.<\/li>\n<\/ul>\n<h2>Technische Daten: Lufterfrischer f\u00fcr Klimaanlagen <b>S1001 Hvac<\/b><\/h2>\n<h3>Zentrale Steuereinheit<\/h3>\n<ul>\n<li>Abmessungen: H\u00f6he: 135 mm | Breite: 315 mm | Tiefe: 165 mm Material: Edelstahl<\/li>\n<li>Gewicht: 3,5 KG<\/li>\n<li>Leistung: 20 Watt<\/li>\n<li>Spannung: 220 V<\/li>\n<li>Ger\u00e4uschpegel: 15 Db<\/li>\n<li>St\u00fcndlicher Verbrauch der Essenz: 1\/3 Gramm pro Stunde (je nachdem, ob der Duft kontinuierlich anh\u00e4lt oder nicht)<\/li>\n<li>Maximale Reichweite: 5000 m\u00b3 (angeschlossen an Uta)<\/li>\n<\/ul>\n<h3><strong>Abnehmbare Diffusoreinheit mit Essenzbeh\u00e4lter und Zerst\u00e4uber<\/strong><\/h3>\n<ul>\n<li>Abmessungen: H\u00f6he: 28 cm | Durchmesser: 7,5 cm<\/li>\n<li>Material: Rostfreier Stahl<\/li>\n<li>Gewicht: 625 Gr<\/li>\n<li>Maximale Entfernung von der Zentraleinheit zum Duftger\u00e4t: 15 m<\/li>\n<li>Maximaler Abstand vom freistehenden Auslass zum Anschlussrohr der HLK-Anlage: 1 m (abgehend)<\/li>\n<li>Durchmesser des Duftrohrs:: 6 mm (Einlass).<\/li>\n<li>Bluetooth-Anwendung zur Steuerung \u00fcber Smart Phone (ios\/android)<\/li>\n<li>Anzeige der t\u00e4glichen\/w\u00f6chentlichen\/monatlichen Programmierung. Dank der Zerst\u00e4ubungsmechanismen wird das Aroma gleichm\u00e4\u00dfig in allen R\u00e4umen verteilt.<\/li>\n<\/ul>\n<h2><strong>Welches Parf\u00fcm verwenden Sie f\u00fcr Raumdiffusoren mit speziellem Duft?<\/strong><\/h2>\n<ul>\n<li>Special scent verf\u00fcgt \u00fcber eine gro\u00dfe Auswahl an zertifizierten und registrierten \u00f6ligen <a href=\"https:\/\/www.specialscentshop.com\/de\/parfuems-und-duefte\/\">Raumd\u00fcften<\/a>, mit denen Sie jede Umgebung parf\u00fcmieren und mit Hilfe der Olfactory Marketing-Technik eine attraktive Wirkung auf den Kunden erzielen k\u00f6nnen.<\/li>\n<li>Special scent verpflichtet nicht zum Kauf von Duftstoffen, <strong>empfiehlt<\/strong> aber <strong>, keine wasserl\u00f6slichen \u00d6le und keine \u00d6le in Holzdiffusoren zu verwenden<\/strong>.<\/li>\n<li>Special scent ist Ihr idealer Partner f\u00fcr die Parf\u00fcmierung Ihrer R\u00e4ume. Auf unserer Website finden Sie die beste L\u00f6sung f\u00fcr Ihre Umgebung, von D\u00fcften bis zu Parf\u00fcmzerst\u00e4ubern.<\/li>\n<\/ul>\n<p><em><strong>mehr lesen: <a href=\"https:\/\/www.specialscentshop.com\/de\/produkt\/s1002-hvac-duftzerstaeuber\/\">S1002 HVAC Duftzerst\u00e4uber<\/a><\/strong><\/em><\/p>\n","protected":false},"excerpt":{"rendered":"<section class=\"av_textblock_section \">\n<div class=\"avia_textblock \">\n<p>Das Lufterfrischer f\u00fcr Klimaanlagen 1001 ist ein gro\u00dfartiger Verb\u00fcndeter f\u00fcr das Duftmarketing und die Aufwertung Ihrer Marke durch das Duftlogo<strong>.<\/strong><strong>Sie k\u00f6nnen den Duft finden, der am besten zu Ihnen passt, indem Sie unseren Katalog unter <a href=\"https:\/\/www.specialscentshop.com\/de\/parfuems-und-duefte\/\">DIESEM Link<\/a> aufrufen<\/strong><\/p>\n<\/div>\n<\/section>\n<p><a href=\"https:\/\/www.specialscentshop.com\/de\/drinkfood-raumduefte\/\"><strong>oder finden Sie Drink&amp;Food Raumd\u00fcfte unter DIESEM Link<\/strong><\/a><\/p>\n","protected":false},"featured_media":44634,"template":"","meta":{"_acf_changed":false},"product_brand":[],"product_cat":[765],"product_tag":[912,768,769,862,864,865,909,910],"class_list":{"0":"post-44632","1":"product","2":"type-product","3":"status-publish","4":"has-post-thumbnail","6":"product_cat-duft-diffusor-raumlufterfrischer","7":"product_tag-hochzeiten","8":"product_tag-hotel-bb-de","9":"product_tag-geschafte-einkaufen","10":"product_tag-spielzimmer","11":"product_tag-arztpraxen-kliniken","12":"product_tag-diffusoren-fur-arztpraxen-kliniken","13":"product_tag-umgebungen-im-freien","14":"product_tag-messen-und-veranstaltungen","16":"first","17":"instock","18":"taxable","19":"shipping-taxable","20":"purchasable","21":"product-type-simple"},"acf":[],"_links":{"self":[{"href":"https:\/\/www.specialscentshop.com\/de\/wp-json\/wp\/v2\/product\/44632","targetHints":{"allow":["GET"]}}],"collection":[{"href":"https:\/\/www.specialscentshop.com\/de\/wp-json\/wp\/v2\/product"}],"about":[{"href":"https:\/\/www.specialscentshop.com\/de\/wp-json\/wp\/v2\/types\/product"}],"wp:featuredmedia":[{"embeddable":true,"href":"https:\/\/www.specialscentshop.com\/de\/wp-json\/wp\/v2\/media\/44634"}],"wp:attachment":[{"href":"https:\/\/www.specialscentshop.com\/de\/wp-json\/wp\/v2\/media?parent=44632"}],"wp:term":[{"taxonomy":"product_brand","embeddable":true,"href":"https:\/\/www.specialscentshop.com\/de\/wp-json\/wp\/v2\/product_brand?post=44632"},{"taxonomy":"product_cat","embeddable":true,"href":"https:\/\/www.specialscentshop.com\/de\/wp-json\/wp\/v2\/product_cat?post=44632"},{"taxonomy":"product_tag","embeddable":true,"href":"https:\/\/www.specialscentshop.com\/de\/wp-json\/wp\/v2\/product_tag?post=44632"}],"curies":[{"name":"wp","href":"https:\/\/api.w.org\/{rel}","templated":true}]}}