{"id":44633,"date":"2020-09-12T00:01:00","date_gmt":"2020-09-11T22:01:00","guid":{"rendered":"https:\/\/www.specialscentshop.com\/product\/s750-parfuem-diffusor\/"},"modified":"2026-02-19T20:50:33","modified_gmt":"2026-02-19T19:50:33","slug":"s750-parfuem-diffusor","status":"publish","type":"product","link":"https:\/\/www.specialscentshop.com\/de\/produkt\/s750-parfuem-diffusor\/","title":{"rendered":"Duftdiffusor S750"},"content":{"rendered":"<h2><b>Wo verwenden Sie den elektrischer Raumparf\u00fcmierer S750 ?<\/b><\/h2>\n<p>Dank seiner technischen Eigenschaften kann der S750 <strong>Diffusor<\/strong> in verschiedenen Umgebungen mit extremer Mobilit\u00e4t eingesetzt werden.<\/p>\n<ul>\n<li>Sein interner Richtungsl\u00fcfter erm\u00f6glicht es, <strong>gro\u00dfe R\u00e4ume<\/strong> gleichm\u00e4\u00dfig zu <strong>beduften<\/strong>.<\/li>\n<li>Der <strong>elektrische Raumbedufter<\/strong> S750 mit seinen sorgf\u00e4ltig verarbeiteten Materialien (Stahl) kann in luxuri\u00f6sen Umgebungen platziert werden: Hotels, gro\u00dfen Gesch\u00e4ften, Arztpraxen, Concierge-Schaltern und Empfangsbereichen von Unternehmen und Eigentumswohnungen.<\/li>\n<li>Parf\u00fcmieren Sie den Raum zu bestimmten Zeiten und an bestimmten Tagen, dank der t\u00e4glichen Parf\u00fcmabgabeprogramme.<\/li>\n<\/ul>\n<h2><strong>Spezifikationen elektrischer Raumparf\u00fcmierer S750<\/strong><\/h2>\n<ul>\n<li>Material: Stahl und Metall<\/li>\n<li>Abmessungen: H 650 mm | B 120 mm | 120 mm<\/li>\n<li>Farbe: Schwarz mit Verneblerbasis aus Stahl\/Edelstahl und Vernebler<\/li>\n<li>Stromversorgung: 220\/12 Volt Transformator<\/li>\n<li>Leistung: 22 Watt<\/li>\n<li>Ger\u00e4uschpegel: weniger als 20 Dezibel<\/li>\n<li>Beh\u00e4lter f\u00fcr \u00f6ligen Duft: 1000 ml<\/li>\n<li>Maximaler Verbrauch von \u00f6ligem Duft: 2,5 ml\/Stunde<\/li>\n<li>Maximale Duftabdeckung 1500 m3 Freier Raum<\/li>\n<li>Gewicht: 4,70 kg<\/li>\n<\/ul>\n<h2><strong>Welche Raumd\u00fcfte sollten auf speziellen Duft-Diffusoren verwendet werden?<\/strong><\/h2>\n<p>Special Scent verf\u00fcgt \u00fcber ein breites Sortiment an \u00f6ligen Raumd\u00fcften, mit denen Sie jede Umgebung parf\u00fcmieren und eine attraktive Wirkung beim Kunden erzielen k\u00f6nnen, indem Sie die <strong>Olfaktorisches Marketing.<\/strong><\/p>\n<p>Special Scent verpflichtet Sie nicht zum Kauf von Duftstoffen, <strong>empfiehlt<\/strong> aber <strong>, keine wasserl\u00f6slichen \u00d6le und keine \u00d6le in Holzdiffusoren zu verwenden<\/strong>.<\/p>\n<p>Special Scent ist Ihr idealer Partner f\u00fcr die Parf\u00fcmierung Ihrer R\u00e4ume. Auf unserer Website finden Sie die beste L\u00f6sung f\u00fcr Ihre Umgebung, von <a href=\"https:\/\/www.specialscentshop.com\/de\/parfuems-und-duefte\/\">D\u00fcften<\/a> bis zu Parf\u00fcmzerst\u00e4ubern.<\/p>\n<h3><em>Mehr lesen: <a href=\"https:\/\/www.specialscentshop.com\/de\/produkt\/s700-parfuemzerstaeuber\/\">S700 Parf\u00fcmzerst\u00e4uber<\/a><\/em><\/h3>\n","protected":false},"excerpt":{"rendered":"<p><strong>S750 elektrischer Raumparf\u00fcmierer<\/strong><br \/>\nEr passt aber auch perfekt in h\u00e4usliche Umgebungen. Vollst\u00e4ndig aus Stahl gefertigt f\u00fcr Robustheit und Eleganz.<br \/>\n<strong>Sie k\u00f6nnen den f\u00fcr Sie passenden Duft finden, indem Sie unseren <\/strong><strong>Katalog <\/strong><strong>unter <a href=\"https:\/\/www.specialscentshop.com\/de\/parfuems-und-duefte\/\">DIESEM <\/a><\/strong><a href=\"https:\/\/www.specialscentshop.com\/de\/parfuems-und-duefte\/\"><strong>Link<\/strong><\/a><br \/>\n<a href=\"https:\/\/www.specialscentshop.com\/de\/drinkfood-raumduefte\/\"><strong>oder finden Sie Drink&amp;Food Raumd\u00fcfte unter DIESEM Link<\/strong><\/a><\/p>\n","protected":false},"featured_media":44637,"template":"","meta":{"_acf_changed":false},"product_brand":[],"product_cat":[765],"product_tag":[864,910,912,767,768,769,770,862,863],"class_list":{"0":"post-44633","1":"product","2":"type-product","3":"status-publish","4":"has-post-thumbnail","6":"product_cat-duft-diffusor-raumlufterfrischer","7":"product_tag-arztpraxen-kliniken","8":"product_tag-messen-und-veranstaltungen","9":"product_tag-hochzeiten","10":"product_tag-buro","11":"product_tag-hotel-bb-de","12":"product_tag-geschafte-einkaufen","13":"product_tag-restaurants-bars-de","14":"product_tag-spielzimmer","15":"product_tag-fitnessstudios-sport","17":"first","18":"instock","19":"taxable","20":"shipping-taxable","21":"purchasable","22":"product-type-variable"},"acf":[],"_links":{"self":[{"href":"https:\/\/www.specialscentshop.com\/de\/wp-json\/wp\/v2\/product\/44633","targetHints":{"allow":["GET"]}}],"collection":[{"href":"https:\/\/www.specialscentshop.com\/de\/wp-json\/wp\/v2\/product"}],"about":[{"href":"https:\/\/www.specialscentshop.com\/de\/wp-json\/wp\/v2\/types\/product"}],"wp:featuredmedia":[{"embeddable":true,"href":"https:\/\/www.specialscentshop.com\/de\/wp-json\/wp\/v2\/media\/44637"}],"wp:attachment":[{"href":"https:\/\/www.specialscentshop.com\/de\/wp-json\/wp\/v2\/media?parent=44633"}],"wp:term":[{"taxonomy":"product_brand","embeddable":true,"href":"https:\/\/www.specialscentshop.com\/de\/wp-json\/wp\/v2\/product_brand?post=44633"},{"taxonomy":"product_cat","embeddable":true,"href":"https:\/\/www.specialscentshop.com\/de\/wp-json\/wp\/v2\/product_cat?post=44633"},{"taxonomy":"product_tag","embeddable":true,"href":"https:\/\/www.specialscentshop.com\/de\/wp-json\/wp\/v2\/product_tag?post=44633"}],"curies":[{"name":"wp","href":"https:\/\/api.w.org\/{rel}","templated":true}]}}