{"id":44645,"date":"2020-09-01T00:02:00","date_gmt":"2020-08-31T22:02:00","guid":{"rendered":"https:\/\/www.specialscentshop.com\/product\/s1002-hvac-duftzerstaeuber\/"},"modified":"2025-03-30T20:34:05","modified_gmt":"2025-03-30T18:34:05","slug":"s1002-hvac-duftzerstaeuber","status":"publish","type":"product","link":"https:\/\/www.specialscentshop.com\/de\/produkt\/s1002-hvac-duftzerstaeuber\/","title":{"rendered":"S1002 HVAC Duftzerst\u00e4uber"},"content":{"rendered":"<div id=\"certificazioneprodotto\" class=\"avia-section av-k6c58paz-f7cb90431332c74be60edd1341e69d05 main_color avia-section-default avia-no-border-styling avia-builder-el-17 el_after_av_section el_before_av_section avia-bg-style-scroll container_wrap fullsize\">\n<div class=\"container av-section-cont-open\">\n<div class=\"template-page content av-content-full alpha units\">\n<div class=\"post-entry post-entry-type-page post-entry-1523\">\n<div class=\"entry-content-wrapper clearfix\">\n<div class=\"flex_column av-1e89m-be81197761db4538ca6d4dd9929d7f4a av_one_full avia-builder-el-19 el_after_av_font_icon avia-builder-el-last first flex_column_div av-zero-column-padding \">\n<section class=\"av_textblock_section \">\n<div class=\"avia_textblock \">\n<section class=\"av_textblock_section \">\n<div class=\"avia_textblock \">\n<h2><b>Wo wird das S1002 Hvac D\u00fcftdiffuzor f\u00fcr Klimaanlagen eingesetzt?<\/b><\/h2>\n<ul>\n<li>Das Duftsystem wird f\u00fcr Ausstellungsr\u00e4ume, Autosalons, Wohnh\u00e4user, Hotels und Einkaufszentren empfohlen.<\/li>\n<li>Auch ideal f\u00fcr Klimaanlagen-Kanalsysteme.<\/li>\n<li>Es erm\u00f6glicht die Verteilung des Duftes in 2 separaten Uta und schafft so Umgebungen mit unterschiedlichen Duftnoten.<\/li>\n<li>Zur Beduftung gro\u00dfer R\u00e4ume \u00fcber ein Kanalsystem<\/li>\n<li>So schaffen Sie duftende Au\u00dfenbezirke<\/li>\n<li>F\u00fcr Konzerte, Theater, Country-Festivals, Au\u00dfenbereiche.<\/li>\n<li>Die ideale L\u00f6sung f\u00fcr die Kontrolle von Raumd\u00fcften im gewerblichen Bereich.<\/li>\n<li>Die Installation der 3 Einheiten ist einfach. Die zentrale Einheit muss auf einer erh\u00f6hten ebenen Fl\u00e4che oder auf dem Boden aufgestellt werden.<\/li>\n<li>Freistehende Ger\u00e4te m\u00fcssen mit der entsprechenden Halterung an der Wand angebracht und mit den entsprechenden Rohren ordnungsgem\u00e4\u00df an die Zentraleinheit angeschlossen werden.<\/li>\n<\/ul>\n<h2><strong>Technische Daten D\u00fcftdiffuzor f\u00fcr Klimaanlagen S1002<\/strong><\/h2>\n<h3><strong>Abnehmbare Diffusoreinheit mit Essenzbeh\u00e4lter und Zerst\u00e4uber<\/strong><\/h3>\n<section class=\"av_textblock_section \">\n<div class=\"avia_textblock \">\n<ul>\n<li>Abmessungen: H\u00f6he: 28 cm | Durchmesser: 7,5 cm<\/li>\n<li>Material: Rostfreier Stahl<\/li>\n<li>Gewicht: 625 Gr<\/li>\n<li>Maximale Entfernung von der Zentraleinheit zum Duftger\u00e4t: 7 m<\/li>\n<li>Maximaler Abstand von freistehenden Einheiten vom Auslass (Beh\u00e4lter) zum Anschlussrohr der HLK-Anlage: 1 m (ausgehend)Durchmesser des Duftrohrs:: 6 mm (eingehend)<\/li>\n<li>Zweifache Programmiersteuerung, \u00fcber Bluetooth-Anwendung (Ios\/Android)<\/li>\n<li>Anzeige der t\u00e4glichen\/w\u00f6chentlichen\/monatlichen Programmierung. Dank der Zerst\u00e4ubungsmechanismen wird das Aroma gleichm\u00e4\u00dfig in allen R\u00e4umen verteilt.<\/li>\n<\/ul>\n<h3>Zentrale Steuereinheit<\/h3>\n<ul>\n<li>Abmessungen: H\u00f6he: 135 mm | Breite: 315 mm | Tiefe: 165 mm Material: Edelstahl<\/li>\n<li>Gewicht: 4,5 KG<\/li>\n<li>Leistung: 25 Watt<\/li>\n<li>Spannung: 220 V<\/li>\n<li>Ger\u00e4uschpegel: 15 Db<\/li>\n<li>Programmierung des Betriebs \u00fcber Bluetooth-Anwendung f\u00fcr Android\/Ios verwaltbar<\/li>\n<li>Touchscreen-Display zur Programmierung von Betriebsereignissen<\/li>\n<li>St\u00fcndlicher Verbrauch der Essenz: 1\/3 Gramm pro Stunde (je nachdem, ob der Duft kontinuierlich anh\u00e4lt oder nicht)<\/li>\n<li>Maximale Abdeckung: 5000 m\u00b3 pro Uta<\/li>\n<\/ul>\n<h2><strong>Welches Parf\u00fcm verwenden Sie f\u00fcr Special Scent Raumd\u00fcfte?<\/strong><\/h2>\n<ul>\n<li>Special Scent verf\u00fcgt \u00fcber ein breites Sortiment an zertifizierten und registrierten \u00f6ligen <a href=\"https:\/\/www.specialscentshop.com\/de\/parfuems-und-duefte\/\">Raumd\u00fcften<\/a>, mit denen Sie jede Umgebung parf\u00fcmieren und mit Hilfe der Olfactory Marketing-Technik eine attraktive Wirkung auf den Kunden erzielen k\u00f6nnen.<\/li>\n<li>Special Scent verpflichtet Sie nicht zum Kauf von Duftstoffen, <strong>empfiehlt<\/strong> aber <strong>, keine wasserl\u00f6slichen \u00d6le und keine \u00d6le in Holzdiffusoren zu verwenden<\/strong>.<\/li>\n<li>Special Scent ist Ihr idealer Partner f\u00fcr die Parf\u00fcmierung Ihrer R\u00e4ume. Auf unserer Website finden Sie die beste L\u00f6sung f\u00fcr die Parf\u00fcmierung Ihrer kleinen und gro\u00dfen R\u00e4ume.<\/li>\n<\/ul>\n<p><em><strong>Lesen Sie mehr: <a href=\"https:\/\/www.specialscentshop.com\/de\/produkt\/duftzerstaeuber-s1001-hvac-wifi\/\">\u00a0Duftzerstauber S1001 HVAC WIFI<\/a><\/strong><\/em><\/p>\n<p>&nbsp;<\/p>\n<ul>\n<li style=\"list-style-type: none;\"><\/li>\n<\/ul>\n<\/div>\n<\/section>\n<section id=\"prezzodiffusore\" class=\"av_textblock_section \"><\/section>\n<\/div>\n<\/section>\n<section class=\"av_textblock_section \"><\/section>\n<\/div>\n<\/section>\n<\/div>\n<\/div>\n<\/div>\n<\/div>\n<\/div>\n<\/div>\n","protected":false},"excerpt":{"rendered":"<section class=\"av_textblock_section \">\n<div class=\"avia_textblock \">\n<p class=\"serp-title\"><span style=\"font-size: 16px; color: #000000;\">Scent 1002 HVAC <\/span><b>D\u00fcftdiffuzor f\u00fcr Klimaanlagen<\/b><span style=\"font-size: 16px; color: #000000;\">. Dank seines 25-W-Kompressors kann es D\u00fcfte in gro\u00dfen R\u00e4umen wie Hotels, Spielhallen und Einkaufszentren verbreiten. Es kann auch zur Beduftung von Au\u00dfenbereichen bei Ausstellungen und Veranstaltungen verwendet werden. <\/span><\/p>\n<\/div>\n<\/section>\n<section class=\"av_textblock_section \">\n<div class=\"avia_textblock \"><strong>Sie k\u00f6nnen den f\u00fcr Sie am besten geeigneten Duft finden, indem Sie unseren Katalog konsultieren unter <span style=\"color: #0000ff;\"><a style=\"color: #0000ff;\" href=\"https:\/\/www.specialscentshop.com\/de\/parfuems-und-duefte\/\">DIESEM Link<\/a><\/span><\/strong><\/div>\n<\/section>\n<p><span style=\"color: #0000ff;\"><a style=\"color: #0000ff;\" href=\"https:\/\/www.specialscentshop.com\/de\/drinkfood-raumduefte\/\"><strong>oder finden Sie Drink&amp;Food Raumd\u00fcfte unter DIESEM Link<\/strong><\/a><\/span><\/p>\n","protected":false},"featured_media":44646,"template":"","meta":{"_acf_changed":false},"product_brand":[],"product_cat":[765],"product_tag":[768,769,862,909,910,912],"class_list":{"0":"post-44645","1":"product","2":"type-product","3":"status-publish","4":"has-post-thumbnail","6":"product_cat-duft-diffusor-raumlufterfrischer","7":"product_tag-hotel-bb-de","8":"product_tag-geschafte-einkaufen","9":"product_tag-spielzimmer","10":"product_tag-umgebungen-im-freien","11":"product_tag-messen-und-veranstaltungen","12":"product_tag-hochzeiten","14":"first","15":"instock","16":"taxable","17":"shipping-taxable","18":"purchasable","19":"product-type-simple"},"acf":[],"_links":{"self":[{"href":"https:\/\/www.specialscentshop.com\/de\/wp-json\/wp\/v2\/product\/44645","targetHints":{"allow":["GET"]}}],"collection":[{"href":"https:\/\/www.specialscentshop.com\/de\/wp-json\/wp\/v2\/product"}],"about":[{"href":"https:\/\/www.specialscentshop.com\/de\/wp-json\/wp\/v2\/types\/product"}],"wp:featuredmedia":[{"embeddable":true,"href":"https:\/\/www.specialscentshop.com\/de\/wp-json\/wp\/v2\/media\/44646"}],"wp:attachment":[{"href":"https:\/\/www.specialscentshop.com\/de\/wp-json\/wp\/v2\/media?parent=44645"}],"wp:term":[{"taxonomy":"product_brand","embeddable":true,"href":"https:\/\/www.specialscentshop.com\/de\/wp-json\/wp\/v2\/product_brand?post=44645"},{"taxonomy":"product_cat","embeddable":true,"href":"https:\/\/www.specialscentshop.com\/de\/wp-json\/wp\/v2\/product_cat?post=44645"},{"taxonomy":"product_tag","embeddable":true,"href":"https:\/\/www.specialscentshop.com\/de\/wp-json\/wp\/v2\/product_tag?post=44645"}],"curies":[{"name":"wp","href":"https:\/\/api.w.org\/{rel}","templated":true}]}}