{"id":44836,"date":"2020-07-22T13:27:18","date_gmt":"2020-07-22T11:27:18","guid":{"rendered":"https:\/\/www.specialscentshop.com\/product\/digitales-thermometer\/"},"modified":"2025-02-23T09:22:40","modified_gmt":"2025-02-23T08:22:40","slug":"digitales-thermometer","status":"publish","type":"product","link":"https:\/\/www.specialscentshop.com\/de\/produkt\/digitales-thermometer\/","title":{"rendered":"Digitales Thermometer"},"content":{"rendered":"<h2>Digitales Thermometer f\u00fcr den universellen<\/h2>\n<p>Das <strong>digitale Thermometer<\/strong> ist perfekt f\u00fcr jede Gelegenheit, ob in der Familie, in Gesch\u00e4ften und B\u00fcros, \u00fcberall dort, wo Sicherheit eine Priorit\u00e4t ist.<\/p>\n<h3>Technische Daten<\/h3>\n<ul>\n<li><strong>Stromversorgung<\/strong>: l\u00e4uft mit 2 x 3 Volt DC Batterien<\/li>\n<li><strong>Geringer Batterieverbrauch<\/strong>: Sorgt f\u00fcr eine lange Nutzungsdauer<\/li>\n<li>Akustische <strong>Warnung<\/strong>: Tonsignal zur Best\u00e4tigung der Messung<\/li>\n<li><strong>Maximaler Messabstand<\/strong>: 15 cm<\/li>\n<li><strong>Messzeit<\/strong>: Nur 1 Sekunde zur Erfassung der Temperatur<\/li>\n<li><strong>Genauigkeit<\/strong>: Fehlertoleranz bei der Temperaturmessung von h\u00f6chstens 0,2\u00b0C<\/li>\n<li><strong>Automatischer Reset<\/strong>: Nach 15 Sekunden<\/li>\n<li><strong>Verf\u00fcgbare Gr\u00f6\u00dfen<\/strong>: 7 &#8211; 5 &#8211; 19 cm<\/li>\n<\/ul>\n<p>Das Produkt ist <strong>CE-zertifiziert<\/strong>, was die Einhaltung von Sicherheits- und Qualit\u00e4tsstandards garantiert.<\/p>\n<p><em><strong>mehr lesen: <a href=\"https:\/\/www.specialscentshop.com\/de\/produkt\/pulsoximeter\/\">Pulsoximeter<\/a><\/strong><\/em><\/p>\n","protected":false},"excerpt":{"rendered":"<p>Digitales Thermometer f\u00fcr den universellen Das digitale Thermometer ist perfekt f\u00fcr jede Gelegenheit, ob in der Familie, in Gesch\u00e4ften und B\u00fcros, \u00fcberall dort, wo Sicherheit eine Priorit\u00e4t ist. Technische Daten Stromversorgung: l\u00e4uft mit 2 x 3 Volt DC Batterien Geringer Batterieverbrauch: Sorgt f\u00fcr eine lange Nutzungsdauer Akustische Warnung: Tonsignal zur Best\u00e4tigung der Messung Maximaler Messabstand: [&hellip;]<\/p>\n","protected":false},"featured_media":44837,"template":"","meta":{"_acf_changed":false},"product_brand":[],"product_cat":[1050],"product_tag":[],"class_list":{"0":"post-44836","1":"product","2":"type-product","3":"status-publish","4":"has-post-thumbnail","6":"product_cat-desinfektion","8":"first","9":"instock","10":"taxable","11":"shipping-taxable","12":"purchasable","13":"product-type-simple"},"acf":[],"_links":{"self":[{"href":"https:\/\/www.specialscentshop.com\/de\/wp-json\/wp\/v2\/product\/44836","targetHints":{"allow":["GET"]}}],"collection":[{"href":"https:\/\/www.specialscentshop.com\/de\/wp-json\/wp\/v2\/product"}],"about":[{"href":"https:\/\/www.specialscentshop.com\/de\/wp-json\/wp\/v2\/types\/product"}],"wp:featuredmedia":[{"embeddable":true,"href":"https:\/\/www.specialscentshop.com\/de\/wp-json\/wp\/v2\/media\/44837"}],"wp:attachment":[{"href":"https:\/\/www.specialscentshop.com\/de\/wp-json\/wp\/v2\/media?parent=44836"}],"wp:term":[{"taxonomy":"product_brand","embeddable":true,"href":"https:\/\/www.specialscentshop.com\/de\/wp-json\/wp\/v2\/product_brand?post=44836"},{"taxonomy":"product_cat","embeddable":true,"href":"https:\/\/www.specialscentshop.com\/de\/wp-json\/wp\/v2\/product_cat?post=44836"},{"taxonomy":"product_tag","embeddable":true,"href":"https:\/\/www.specialscentshop.com\/de\/wp-json\/wp\/v2\/product_tag?post=44836"}],"curies":[{"name":"wp","href":"https:\/\/api.w.org\/{rel}","templated":true}]}}