{"id":44847,"date":"2020-07-22T13:29:23","date_gmt":"2020-07-22T11:29:23","guid":{"rendered":"https:\/\/www.specialscentshop.com\/product\/handdesinfektionsgel-50-ml\/"},"modified":"2025-02-26T08:22:48","modified_gmt":"2025-02-26T07:22:48","slug":"handdesinfektionsgel-50-ml","status":"publish","type":"product","link":"https:\/\/www.specialscentshop.com\/de\/produkt\/handdesinfektionsgel-50-ml\/","title":{"rendered":"Handdesinfektionsgel 50 ml"},"content":{"rendered":"<h2>Desinfektionsgel f\u00fcr die Desinfektion von Ger\u00e4ten<\/h2>\n<p>Das <strong>Desinfektionsgel<\/strong> ist mit jedem Desinfektionsger\u00e4t kompatibel, das Handgel verwendet, egal ob klein oder gro\u00df. Wenn Sie noch keinen Gelspender besitzen, k\u00f6nnen Sie auf unserer Seite den <strong>Spender<\/strong> ausw\u00e4hlen, der Ihren Bed\u00fcrfnissen am besten entspricht.<\/p>\n<h3>Produktmerkmale Handdesinfektionsgel<\/h3>\n<ul>\n<li><strong>Nr. 3 Packungen Handdesinfektionsgel<\/strong><\/li>\n<li><strong>75%iges Alkoholgel<\/strong>, wirksam gegen Bakterien und Viren<\/li>\n<li>Praktisch f\u00fcr den t\u00e4glichen Gebrauch, perfekt f\u00fcr die K\u00f6rperpflege<\/li>\n<li><strong>Kompakte Gr\u00f6\u00dfe<\/strong>: einfach in der Tasche, im Kofferraum oder im Auto zu transportieren<\/li>\n<li>Es wird kein Wasser ben\u00f6tigt. Tragen Sie einfach eine kleine Menge des Gels auf Ihre H\u00e4nde auf und reiben Sie es ein.<\/li>\n<li>Die ideale L\u00f6sung f\u00fcr die Handhygiene zu jeder Tageszeit<\/li>\n<li><strong>Produkt Made in Italy<\/strong>, Synonym f\u00fcr Qualit\u00e4t und Zuverl\u00e4ssigkeit<\/li>\n<\/ul>\n<p><em><strong>Weiterlesen: <a href=\"https:\/\/www.specialscentshop.com\/de\/produkt\/handdesinfektionsmittel-mit-sensor\/\">Automatischer Handdesinfektionsmittel<\/a><\/strong><\/em><\/p>\n","protected":false},"excerpt":{"rendered":"<p>Desinfektionsgel f\u00fcr die Desinfektion von Ger\u00e4ten Das Desinfektionsgel ist mit jedem Desinfektionsger\u00e4t kompatibel, das Handgel verwendet, egal ob klein oder gro\u00df. Wenn Sie noch keinen Gelspender besitzen, k\u00f6nnen Sie auf unserer Seite den Spender ausw\u00e4hlen, der Ihren Bed\u00fcrfnissen am besten entspricht. Produktmerkmale Handdesinfektionsgel Nr. 3 Packungen Handdesinfektionsgel 75%iges Alkoholgel, wirksam gegen Bakterien und Viren Praktisch [&hellip;]<\/p>\n","protected":false},"featured_media":44848,"template":"","meta":{"_acf_changed":false},"product_brand":[],"product_cat":[1050],"product_tag":[],"class_list":{"0":"post-44847","1":"product","2":"type-product","3":"status-publish","4":"has-post-thumbnail","6":"product_cat-desinfektion","8":"first","9":"instock","10":"taxable","11":"shipping-taxable","12":"purchasable","13":"product-type-simple"},"acf":[],"_links":{"self":[{"href":"https:\/\/www.specialscentshop.com\/de\/wp-json\/wp\/v2\/product\/44847","targetHints":{"allow":["GET"]}}],"collection":[{"href":"https:\/\/www.specialscentshop.com\/de\/wp-json\/wp\/v2\/product"}],"about":[{"href":"https:\/\/www.specialscentshop.com\/de\/wp-json\/wp\/v2\/types\/product"}],"wp:featuredmedia":[{"embeddable":true,"href":"https:\/\/www.specialscentshop.com\/de\/wp-json\/wp\/v2\/media\/44848"}],"wp:attachment":[{"href":"https:\/\/www.specialscentshop.com\/de\/wp-json\/wp\/v2\/media?parent=44847"}],"wp:term":[{"taxonomy":"product_brand","embeddable":true,"href":"https:\/\/www.specialscentshop.com\/de\/wp-json\/wp\/v2\/product_brand?post=44847"},{"taxonomy":"product_cat","embeddable":true,"href":"https:\/\/www.specialscentshop.com\/de\/wp-json\/wp\/v2\/product_cat?post=44847"},{"taxonomy":"product_tag","embeddable":true,"href":"https:\/\/www.specialscentshop.com\/de\/wp-json\/wp\/v2\/product_tag?post=44847"}],"curies":[{"name":"wp","href":"https:\/\/api.w.org\/{rel}","templated":true}]}}