{"id":44862,"date":"2022-09-19T13:25:50","date_gmt":"2022-09-19T11:25:50","guid":{"rendered":"https:\/\/www.specialscentshop.com\/product\/sanifica-aria-beghelli-200-verbinden\/"},"modified":"2025-02-21T20:20:13","modified_gmt":"2025-02-21T19:20:13","slug":"sanifica-aria-beghelli-200-verbinden","status":"publish","type":"product","link":"https:\/\/www.specialscentshop.com\/de\/produkt\/sanifica-aria-beghelli-200-verbinden\/","title":{"rendered":"Sanifica Aria Beghelli 200 verbinden"},"content":{"rendered":"<div class=\"flex max-w-full flex-col flex-grow\">\n<div class=\"min-h-8 text-message flex w-full flex-col items-end gap-2 whitespace-normal break-words [.text-message+&amp;]:mt-5\" dir=\"auto\" data-message-author-role=\"assistant\" data-message-id=\"de961db0-ceed-414b-bffd-7f1e3bce47d3\">\n<div class=\"flex w-full flex-col gap-1 empty:hidden first:pt-[3px]\">\n<div class=\"markdown prose w-full break-words dark:prose-invert light\">\n<h2>Luftreiniger Aria Beghelli 200: Fernsteuerung mit App<\/h2>\n<p>Der <strong>Beghelli 200 Connect Air Sanitiser<\/strong> kann \u00fcber eine auf Ihrem Smartphone installierte App gesteuert werden, die Ihr Mobiltelefon in eine echte Fernbedienung verwandelt. Mit dieser App k\u00f6nnen Sie alle Funktionen des Luftreinigungssystems auch aus der Ferne steuern, was Bequemlichkeit und Komfort bietet.<\/p>\n<h3>Technische Daten Luftreiniger Aria Beghelli 200<\/h3>\n<ul>\n<li><strong>Stromversorgung<\/strong>: 230Vac \u00b1 10%, 50 \u00f7 60Hz mit 2m langem Kabel<\/li>\n<li><strong>Minimale Leistungsaufnahme<\/strong>: 36 W<\/li>\n<li><strong>Maximale Leistungsaufnahme<\/strong>: 60 W<\/li>\n<li><strong>UV-C-Wellenl\u00e4nge<\/strong>: 254 nm<\/li>\n<li>&gt; D<strong>urchflussmenge bei der Desinfektion<\/strong>: 200 mc\/h<\/li>\n<li><strong>UV-C Leistung<\/strong>: 24 W<\/li>\n<li><strong>UV-C Strahlungsleistung<\/strong>: 7,5 W<\/li>\n<li><strong>Lebensdauer der Patrone<\/strong>: ca. 12 Monate<\/li>\n<\/ul>\n<p>Dieses Ger\u00e4t bietet eine effektive L\u00f6sung f\u00fcr die Desinfektion von R\u00e4umen und kombiniert fortschrittliche Technologie mit einfacher Handhabung.<\/p>\n<p><em><strong>mehr lesen: <\/strong><\/em><a href=\"https:\/\/www.specialscentshop.com\/de\/produkt\/beghelli-air-sanitiser-30\/\"><strong>Luftreiniger <em>\u00a0Aria Beghelli 30<\/em><\/strong><\/a><\/p>\n<\/div>\n<\/div>\n<\/div>\n<\/div>\n","protected":false},"excerpt":{"rendered":"<p>Die uvOxy\u00ae-Technologie saugt die Luft aus dem Raum an und verteilt dann die gereinigte Luft mit der Emission. Beim SanificaAria 200 ist die UV-C-Kammer so konzipiert, dass sie gro\u00dfe Luftmengen desinfiziert und eine gro\u00dfe Fl\u00e4che des Raums abdeckt, so dass er f\u00fcr mittlere bis gro\u00dfe R\u00e4ume geeignet ist. Der Einsatz von drei Axialventilatoren mit variabler Drehzahl erm\u00f6glicht die Behandlung von bis zu 200 Kubikmetern Luft in einer Stunde, wobei der Ger\u00e4uschpegel kaum wahrnehmbar bleibt. Das Ger\u00e4t verf\u00fcgt \u00fcber eine automatische Temperaturkontrolle \u00fcber den Mikrocontroller der UV-C-R\u00f6hre. Tests wurden gem\u00e4\u00df ISO15714 mit verschiedenen St\u00e4mmen von Bakterien, Viren und anderen Mikroorganismen durchgef\u00fchrt. Das Ger\u00e4t entspricht au\u00dferdem den Sicherheitsanforderungen der IEC60335-2-65.<\/p>\n","protected":false},"featured_media":44863,"template":"","meta":{"_acf_changed":false},"product_brand":[],"product_cat":[1050],"product_tag":[],"class_list":{"0":"post-44862","1":"product","2":"type-product","3":"status-publish","4":"has-post-thumbnail","6":"product_cat-desinfektion","8":"first","9":"instock","10":"taxable","11":"shipping-taxable","12":"purchasable","13":"product-type-simple"},"acf":[],"_links":{"self":[{"href":"https:\/\/www.specialscentshop.com\/de\/wp-json\/wp\/v2\/product\/44862","targetHints":{"allow":["GET"]}}],"collection":[{"href":"https:\/\/www.specialscentshop.com\/de\/wp-json\/wp\/v2\/product"}],"about":[{"href":"https:\/\/www.specialscentshop.com\/de\/wp-json\/wp\/v2\/types\/product"}],"wp:featuredmedia":[{"embeddable":true,"href":"https:\/\/www.specialscentshop.com\/de\/wp-json\/wp\/v2\/media\/44863"}],"wp:attachment":[{"href":"https:\/\/www.specialscentshop.com\/de\/wp-json\/wp\/v2\/media?parent=44862"}],"wp:term":[{"taxonomy":"product_brand","embeddable":true,"href":"https:\/\/www.specialscentshop.com\/de\/wp-json\/wp\/v2\/product_brand?post=44862"},{"taxonomy":"product_cat","embeddable":true,"href":"https:\/\/www.specialscentshop.com\/de\/wp-json\/wp\/v2\/product_cat?post=44862"},{"taxonomy":"product_tag","embeddable":true,"href":"https:\/\/www.specialscentshop.com\/de\/wp-json\/wp\/v2\/product_tag?post=44862"}],"curies":[{"name":"wp","href":"https:\/\/api.w.org\/{rel}","templated":true}]}}