{"id":45615,"date":"2020-09-24T00:02:00","date_gmt":"2020-09-23T22:02:00","guid":{"rendered":"https:\/\/www.specialscentshop.com\/?post_type=product&#038;p=45615"},"modified":"2025-01-13T11:26:05","modified_gmt":"2025-01-13T10:26:05","slug":"duftdiffusor","status":"publish","type":"product","link":"https:\/\/www.specialscentshop.com\/de\/produkt\/duftdiffusor\/","title":{"rendered":"S300 Parf\u00fcmzerst\u00e4uber"},"content":{"rendered":"<h2><b>Wo wird der S300 Elektrische Duftdiffusor verwendet?<\/b><\/h2>\n<ul>\n<li>Batteriebetriebener <strong>elektrischer Raumlautsprecher <\/strong>, der auch mit einem 12\/220-V-Transformator ausgestattet ist, so dass Sie nicht mehr nur auf Batterien angewiesen sind.<\/li>\n<li>Wird in kleinen bis mittelgro\u00dfen Gesch\u00e4ften und zu Hause verwendet und kann in einer maximalen H\u00f6he von 200 cm an der Wand befestigt werden.<\/li>\n<li>Ideal f\u00fcr die Parf\u00fcmierung \u00f6ffentlicher Toiletten in Einkaufszentren und Autobahnrastst\u00e4tten<\/li>\n<li>Vom begrenzten Duftstoffverbrauch von weniger als 1 Gramm pro Stunde<\/li>\n<li>Zeitplanung mit Ios\/Android Bluetooth App, T\u00e4glich, W\u00f6chentlich, mit Intensit\u00e4tsanpassung, f\u00fcr eine stets angemessene Beduftung.<\/li>\n<\/ul>\n<h2><strong>Technische Daten Elektrischer Raumauslass S300<\/strong><\/h2>\n<ul>\n<li><strong>Material:<\/strong> Kunststoff<\/li>\n<li><strong>Abmessungen<\/strong>: H\u00f6he = 173 mm | L\u00e4nge = 146 mm | Tiefe = 63 mm<\/li>\n<li><strong>Farbe<\/strong>: erh\u00e4ltlich mit schwarzem oder wei\u00dfem Geh\u00e4use<\/li>\n<li><strong>Stromversorgung<\/strong>: Batterie; optionaler 12\/220 V Transformator<\/li>\n<li><strong>Leistung<\/strong>: 1,5Watt<\/li>\n<li><strong>L\u00e4rm<\/strong>: weniger als 8 Dezibel<\/li>\n<li><strong>Fassungsverm\u00f6gen des Beh\u00e4lters: <\/strong>100 ml<\/li>\n<li><strong>Maximaler Verbrauch von Oily Fragrance:<\/strong> 0,35 g\/Stunde<\/li>\n<li><strong>Interner<\/strong> L\u00fcfter<\/li>\n<li><strong>Maximale Abdeckung:<\/strong> 180 m\u00b3<\/li>\n<li><strong>Gewicht:<\/strong> 1,2 kg<\/li>\n<li><strong>Wandmontage<\/strong><\/li>\n<\/ul>\n<h2><strong>Welches Parf\u00fcm verwenden Sie f\u00fcr Special Scent Raumd\u00fcfte?<\/strong><\/h2>\n<ul>\n<li>Special Scent verf\u00fcgt \u00fcber ein breites Sortiment an zertifizierten und registrierten \u00f6ligen Raumd\u00fcften, mit denen Sie jede Umgebung parf\u00fcmieren und mit Hilfe der <a href=\"https:\/\/www.specialscentshop.com\/de\/olfaktorisches-marketing\/\">Olfactory Marketing-Technik<\/a> eine attraktive Wirkung auf den Kunden erzielen k\u00f6nnen.<\/li>\n<li>Special Scent verpflichtet Sie nicht zum Kauf von Duftstoffen, <strong>empfiehlt<\/strong> aber <strong>, keine wasserl\u00f6slichen \u00d6le und keine \u00d6le in Holzdiffusoren zu verwenden<\/strong>.<\/li>\n<li>Special Scent ist Ihr idealer Partner f\u00fcr die Parf\u00fcmierung Ihrer R\u00e4ume. Auf unserer Website finden Sie die beste L\u00f6sung f\u00fcr Ihre Umgebung, von D\u00fcften bis zu Parf\u00fcmzerst\u00e4ubern.<\/li>\n<\/ul>\n<p><em><strong>Mehr lesen: <a href=\"https:\/\/www.specialscentshop.com\/de\/produkt\/s200-parfuemzerstaeuber\/\">S200 Parf\u00fcmzerst\u00e4uber<\/a><\/strong><\/em><\/p>\n<p>&nbsp;<\/p>\n","protected":false},"excerpt":{"rendered":"<p>Duftdiffusor Scent 300, f\u00fcr mittelgro\u00dfe R\u00e4ume bis zu 180 M3.<strong>Sie k\u00f6nnen den Duft finden, der am besten zu Ihnen passt, indem Sie unseren Katalog unter<a href=\"https:\/\/www.specialscentshop.com\/de\/parfuems-und-duefte\/\"> DIESEM Link<\/a> konsultieren<\/strong><br \/>\n<a href=\"https:\/\/www.specialscentshop.com\/de\/drinkfood-raumduefte\/\"><strong>oder finden Sie Drink&amp;Food Raumd\u00fcfte unter DIESEM Link<\/strong><\/a><\/p>\n","protected":false},"featured_media":45574,"template":"","meta":{"_acf_changed":false},"product_brand":[],"product_cat":[765],"product_tag":[862,863,864,865,766,908,767,768,769,770],"class_list":{"0":"post-45615","1":"product","2":"type-product","3":"status-publish","4":"has-post-thumbnail","6":"product_cat-duft-diffusor-raumlufterfrischer","7":"product_tag-spielzimmer","8":"product_tag-fitnessstudios-sport","9":"product_tag-arztpraxen-kliniken","10":"product_tag-diffusoren-fur-arztpraxen-kliniken","11":"product_tag-zuhause","12":"product_tag-eigentumswohnungen","13":"product_tag-buro","14":"product_tag-hotel-bb-de","15":"product_tag-geschafte-einkaufen","16":"product_tag-restaurants-bars-de","18":"first","19":"instock","20":"taxable","21":"shipping-taxable","22":"purchasable","23":"product-type-variable"},"acf":[],"_links":{"self":[{"href":"https:\/\/www.specialscentshop.com\/de\/wp-json\/wp\/v2\/product\/45615","targetHints":{"allow":["GET"]}}],"collection":[{"href":"https:\/\/www.specialscentshop.com\/de\/wp-json\/wp\/v2\/product"}],"about":[{"href":"https:\/\/www.specialscentshop.com\/de\/wp-json\/wp\/v2\/types\/product"}],"wp:featuredmedia":[{"embeddable":true,"href":"https:\/\/www.specialscentshop.com\/de\/wp-json\/wp\/v2\/media\/45574"}],"wp:attachment":[{"href":"https:\/\/www.specialscentshop.com\/de\/wp-json\/wp\/v2\/media?parent=45615"}],"wp:term":[{"taxonomy":"product_brand","embeddable":true,"href":"https:\/\/www.specialscentshop.com\/de\/wp-json\/wp\/v2\/product_brand?post=45615"},{"taxonomy":"product_cat","embeddable":true,"href":"https:\/\/www.specialscentshop.com\/de\/wp-json\/wp\/v2\/product_cat?post=45615"},{"taxonomy":"product_tag","embeddable":true,"href":"https:\/\/www.specialscentshop.com\/de\/wp-json\/wp\/v2\/product_tag?post=45615"}],"curies":[{"name":"wp","href":"https:\/\/api.w.org\/{rel}","templated":true}]}}