{"id":46167,"date":"2025-07-22T14:05:09","date_gmt":"2025-07-22T12:05:09","guid":{"rendered":"https:\/\/www.specialscentshop.com\/?post_type=product&#038;p=46167"},"modified":"2026-01-13T08:15:16","modified_gmt":"2026-01-13T07:15:16","slug":"car-diffuser-s70","status":"publish","type":"product","link":"https:\/\/www.specialscentshop.com\/de\/produkt\/car-diffuser-s70\/","title":{"rendered":"Elektroauto-Lufterfrischer Duft 70"},"content":{"rendered":"<h2>Elektrischer Auto-Lufterfrischer S 70 characterstics<\/h2>\n<p>Der Autoduftzerst\u00e4uber S 70 verwendet Kaltluftvernebelung, um zerst\u00e4ubte Parf\u00fcmpartikel in der Luft freizusetzen, so dass die Molekularstruktur des Duftes nicht ver\u00e4ndert oder besch\u00e4digt wird. Er ist mit 3 verschiedenen Intensit\u00e4tsstufen und 4 Zeitschaltuhren ausgestattet, um Ihre Bed\u00fcrfnisse zu erf\u00fcllen.<\/p>\n<p>Ideal f\u00fcr Autos, kleine B\u00fcros und R\u00e4ume, die nicht gr\u00f6\u00dfer als 10m2 sind.<\/p>\n<p>Er wird \u00fcber USB aufgeladen, ben\u00f6tigt keine Batterien und muss nicht an die Steckdose angeschlossen bleiben, wenn er in Gebrauch ist, so dass Sie ihn problemlos von einem Raum zum anderen transportieren k\u00f6nnen.<\/p>\n<h2>Thecnische Merkmale des Elektrischer Auto-Lufterfrischer S 70<\/h2>\n<ul>\n<li>Modell: Duft 70<\/li>\n<li>Fassungsverm\u00f6gen: 5-20ml<\/li>\n<li>Spannung: DC-5V<\/li>\n<li>Leistung: 1,5 W<\/li>\n<li>Akku max. Standby: 72 Stunden<\/li>\n<li>Produktgr\u00f6\u00dfe: 71.5mm*121mm<\/li>\n<li>Batteriekapazit\u00e4t: 2000mAh<\/li>\n<li>Produktgewicht: 370gr<\/li>\n<\/ul>\n<h2><strong>Welches Parf\u00fcm kann ich f\u00fcr den Special Scent Elektrischer Auto-Lufterfrischer ?<\/strong><\/h2>\n<ul>\n<li>Special Scent verf\u00fcgt \u00fcber eine gro\u00dfe Auswahl an zertifizierten und registrierten Parf\u00fcms f\u00fcr \u00f6lige Umgebungen, um jede Umgebung zu parf\u00fcmieren und mit Hilfe der <a href=\"https:\/\/www.specialscentshop.com\/de\/olfaktorisches-marketing\/\">Olfaktorischen Marketingtechnik<\/a> eine fesselnde Wirkung auf den Kunden zu erzielen.<\/li>\n<li>Special Scent verpflichtet Sie nicht zum Kauf von Duftstoffen, empfiehlt aber, keine wasserl\u00f6slichen \u00d6le und \u00d6le, die in Holzdiffusoren verwendet werden, zu verwenden.<\/li>\n<li>Special Scent ist Ihr idealer Partner f\u00fcr die Parf\u00fcmierung Ihrer R\u00e4ume. Auf unserer Website finden Sie die beste L\u00f6sung f\u00fcr Ihre Umgebung, von D\u00fcften bis zu <strong>Parf\u00fcmzerst\u00e4ubern<\/strong>.<\/li>\n<\/ul>\n<p><em><strong>Erfahren Sie mehr: <a href=\"https:\/\/www.specialscentshop.com\/de\/produkt\/s60-parfuem-diffusor\/\">Elektroauto Diffusor S60<\/a><\/strong><\/em><\/p>\n","protected":false},"excerpt":{"rendered":"<h3>Elektroauto-Lufterfrischer S70<\/h3>\n<p><strong>Sie k\u00f6nnen den f\u00fcr Sie am besten geeigneten Duft finden, indem Sie unseren Katalog unter <a href=\"https:\/\/www.specialscentshop.com\/de\/parfuems-und-duefte\/\">DIESEM <\/a>Link konsultieren<\/strong><br \/>\n<strong>oder finden Sie Drink&amp;Food Raumd\u00fcfte unter <a href=\"https:\/\/www.specialscentshop.com\/de\/drinkfood-raumduefte\/\">DIESEM <\/a>Link<\/strong><\/p>\n","protected":false},"featured_media":46113,"template":"","meta":{"_acf_changed":false},"product_brand":[],"product_cat":[765],"product_tag":[860],"class_list":{"0":"post-46167","1":"product","2":"type-product","3":"status-publish","4":"has-post-thumbnail","6":"product_cat-duft-diffusor-raumlufterfrischer","7":"product_tag-autos-kraftfahrzeuge","9":"first","10":"instock","11":"taxable","12":"shipping-taxable","13":"purchasable","14":"product-type-variable"},"acf":[],"_links":{"self":[{"href":"https:\/\/www.specialscentshop.com\/de\/wp-json\/wp\/v2\/product\/46167","targetHints":{"allow":["GET"]}}],"collection":[{"href":"https:\/\/www.specialscentshop.com\/de\/wp-json\/wp\/v2\/product"}],"about":[{"href":"https:\/\/www.specialscentshop.com\/de\/wp-json\/wp\/v2\/types\/product"}],"wp:featuredmedia":[{"embeddable":true,"href":"https:\/\/www.specialscentshop.com\/de\/wp-json\/wp\/v2\/media\/46113"}],"wp:attachment":[{"href":"https:\/\/www.specialscentshop.com\/de\/wp-json\/wp\/v2\/media?parent=46167"}],"wp:term":[{"taxonomy":"product_brand","embeddable":true,"href":"https:\/\/www.specialscentshop.com\/de\/wp-json\/wp\/v2\/product_brand?post=46167"},{"taxonomy":"product_cat","embeddable":true,"href":"https:\/\/www.specialscentshop.com\/de\/wp-json\/wp\/v2\/product_cat?post=46167"},{"taxonomy":"product_tag","embeddable":true,"href":"https:\/\/www.specialscentshop.com\/de\/wp-json\/wp\/v2\/product_tag?post=46167"}],"curies":[{"name":"wp","href":"https:\/\/api.w.org\/{rel}","templated":true}]}}