{"id":46546,"date":"2026-03-11T23:11:06","date_gmt":"2026-03-11T22:11:06","guid":{"rendered":"https:\/\/www.specialscentshop.com\/?post_type=product&#038;p=46546"},"modified":"2026-03-11T23:13:18","modified_gmt":"2026-03-11T22:13:18","slug":"elektrischer-aroma-diffuser","status":"publish","type":"product","link":"https:\/\/www.specialscentshop.com\/de\/produkt\/elektrischer-aroma-diffuser\/","title":{"rendered":"Scent Cube"},"content":{"rendered":"<h2>Wo kann man einen Designer-Duftdiffusor einsetzen?<\/h2>\n<ul>\n<li>Sie k\u00f6nnen ihn auf einem M\u00f6belst\u00fcck, einem Tisch oder sogar auf dem Boden platzieren.<\/li>\n<li>Der Scent Cube Professional Lufterfrischer ist ein elektrischer Design-Raumdiffusor f\u00fcr luxuri\u00f6se R\u00e4ume.<\/li>\n<li>Dieser Lufterfrischer eignet sich f\u00fcr Gesch\u00e4fte, Hotels, Spas, Wellnesszentren, Villen und Apartments.<\/li>\n<li>Dank seiner t\u00e4glichen Duftprogramme beduftet er den Raum zu voreingestellten Zeiten und an voreingestellten Tagen.<\/li>\n<\/ul>\n<h2>Technische Merkmale Scent Cube<\/h2>\n<ul>\n<li>Stromversorgung: 12V\/230V-Transformator \u2013 Leistungsaufnahme: 14W<\/li>\n<li>Duftbeh\u00e4lter: 300g \u2013 Duftverbrauch: 2ml\/h \u2013 Reichweite: 700m\u00b3<\/li>\n<li>Gewicht: 4,6kg \u2013 Abmessungen: 20 x 20 x 24mm<\/li>\n<li>12V\/220V-Transformator<\/li>\n<li>Bluetooth-App f\u00fcr iOS\/Android<\/li>\n<li>Ger\u00e4uschpegel: 40dB<\/li>\n<li>Ersatzfilter<\/li>\n<li>Farbe: Wei\u00df.<\/li>\n<li>Komplett aus Stahl gefertigt f\u00fcr maximale Langlebigkeit.<\/li>\n<\/ul>\n<h2>Welche Raumd\u00fcfte sollte ich in meinen Duftdiffusoren verwenden?<\/h2>\n<p>Special Scent bietet eine gro\u00dfe Auswahl an Raumd\u00fcften auf \u00d6lbasis, mit denen Sie jeden Raum beduften und mithilfe olfaktorischer Marketingtechniken ein attraktives Kundenerlebnis schaffen k\u00f6nnen.<\/p>\n<p>Special Scent schreibt den Kauf von Duftstoffen nicht vor, empfiehlt jedoch, wasserl\u00f6sliche \u00d6le und \u00d6le, die in Diffusoren auf Holzbasis verwendet werden, zu vermeiden.<\/p>\n<p>Special Scent ist Ihr idealer Partner f\u00fcr die Beduftung Ihrer R\u00e4ume. Auf unserer Website finden Sie die optimale L\u00f6sung f\u00fcr Ihre Bed\u00fcrfnisse \u2013 von Duftstoffen bis hin zu Duftdiffusoren.<\/p>\n<p>Mehr erfahren: S650 Duftdiffusor<\/p>\n","protected":false},"excerpt":{"rendered":"<p><strong>Dieser professionelle elektrische Lufterfrischer f\u00fcr Gesch\u00e4fte und besondere R\u00e4umlichkeiten f\u00fcgt sich nahtlos in jedes Design ein.<\/strong><\/p>\n<p>Finden Sie den perfekten Duft in unserem Katalog unter DIESEM Link.<\/p>\n<p>Oder entdecken Sie unsere Lufterfrischer f\u00fcr Speisen und Getr\u00e4nke unter DIESEM Link.<\/p>\n","protected":false},"featured_media":46128,"template":"","meta":{"_acf_changed":false},"product_brand":[],"product_cat":[765],"product_tag":[],"class_list":{"0":"post-46546","1":"product","2":"type-product","3":"status-publish","4":"has-post-thumbnail","6":"product_cat-duft-diffusor-raumlufterfrischer","8":"first","9":"instock","10":"taxable","11":"shipping-taxable","12":"purchasable","13":"product-type-simple"},"acf":[],"_links":{"self":[{"href":"https:\/\/www.specialscentshop.com\/de\/wp-json\/wp\/v2\/product\/46546","targetHints":{"allow":["GET"]}}],"collection":[{"href":"https:\/\/www.specialscentshop.com\/de\/wp-json\/wp\/v2\/product"}],"about":[{"href":"https:\/\/www.specialscentshop.com\/de\/wp-json\/wp\/v2\/types\/product"}],"wp:featuredmedia":[{"embeddable":true,"href":"https:\/\/www.specialscentshop.com\/de\/wp-json\/wp\/v2\/media\/46128"}],"wp:attachment":[{"href":"https:\/\/www.specialscentshop.com\/de\/wp-json\/wp\/v2\/media?parent=46546"}],"wp:term":[{"taxonomy":"product_brand","embeddable":true,"href":"https:\/\/www.specialscentshop.com\/de\/wp-json\/wp\/v2\/product_brand?post=46546"},{"taxonomy":"product_cat","embeddable":true,"href":"https:\/\/www.specialscentshop.com\/de\/wp-json\/wp\/v2\/product_cat?post=46546"},{"taxonomy":"product_tag","embeddable":true,"href":"https:\/\/www.specialscentshop.com\/de\/wp-json\/wp\/v2\/product_tag?post=46546"}],"curies":[{"name":"wp","href":"https:\/\/api.w.org\/{rel}","templated":true}]}}