{"id":47327,"date":"2025-08-05T18:12:19","date_gmt":"2025-08-05T16:12:19","guid":{"rendered":"https:\/\/www.specialscentshop.com\/product\/ce-konformer-hotel-duschspender-zur-wandmontage\/"},"modified":"2025-08-05T18:12:19","modified_gmt":"2025-08-05T16:12:19","slug":"ce-konformer-hotel-duschspender-zur-wandmontage","status":"publish","type":"product","link":"https:\/\/www.specialscentshop.com\/de\/produkt\/ce-konformer-hotel-duschspender-zur-wandmontage\/","title":{"rendered":"CE-konformer Hotel-Duschspender zur Wandmontage"},"content":{"rendered":"<h2>Abschlie\u00dfbarer CE-konformer Hotel-Duschspender zur Wandmontage<\/h2>\n<p>Dieser Doppelspender f\u00fcr Duschgel und Shampoo mit zwei 300-ml-Beh\u00e4ltern aus ABS-Material, besonders geeignet f\u00fcr Hotelduschkabinen, verf\u00fcgt \u00fcber einen Schlossschl\u00fcssel zum Nachf\u00fcllen der Flasche.<\/p>\n<p>Einfache, unkomplizierte Wandmontage, individuell anpassbar nach Ihren W\u00fcnschen.<\/p>\n<p>Konfigurierbar mit einem individuellen transparenten Klebeetikett ab 50 St\u00fcck, beim Laserdruck des Logos betr\u00e4gt die Mindestproduktion 150 St\u00fcck.<\/p>\n<p>F\u00fcr konkrete Angebote kontaktieren Sie uns bitte hier.<\/p>\n<p>Es besteht aus strapazierf\u00e4higem Kunststoff, verf\u00fcgt \u00fcber eine 3-Jahres-Garantie und bietet Individualisierungsoptionen wie beispielsweise den Laserdruck des Logos.<\/p>\n<p><strong>Es ist CE<\/strong>, <strong>RoHS- und FCC-zertifiziert<\/strong> und gew\u00e4hrleistet die Einhaltung der EU-Sicherheitsstandards, um die Einhaltung der ab Januar 2026 geltenden neuen Vorschriften zu gew\u00e4hrleisten.<\/p>\n<p><strong>Befestigung:<\/strong> Fischer (im Paket).<\/p>\n","protected":false},"excerpt":{"rendered":"<p>Abschlie\u00dfbarer CE-konformer Hotel-Duschspender zur Wandmontage Dieser Doppelspender f\u00fcr Duschgel und Shampoo mit zwei 300-ml-Beh\u00e4ltern aus ABS-Material, besonders geeignet f\u00fcr Hotelduschkabinen, verf\u00fcgt \u00fcber einen Schlossschl\u00fcssel zum Nachf\u00fcllen der Flasche. Einfache, unkomplizierte Wandmontage, individuell anpassbar nach Ihren W\u00fcnschen. Konfigurierbar mit einem individuellen transparenten Klebeetikett ab 50 St\u00fcck, beim Laserdruck des Logos betr\u00e4gt die Mindestproduktion 150 St\u00fcck. F\u00fcr [&hellip;]<\/p>\n","protected":false},"featured_media":47315,"template":"","meta":{"_acf_changed":false},"product_brand":[],"product_cat":[1050],"product_tag":[],"class_list":{"0":"post-47327","1":"product","2":"type-product","3":"status-publish","4":"has-post-thumbnail","6":"product_cat-desinfektion","8":"first","9":"instock","10":"taxable","11":"shipping-taxable","12":"purchasable","13":"product-type-simple"},"acf":[],"_links":{"self":[{"href":"https:\/\/www.specialscentshop.com\/de\/wp-json\/wp\/v2\/product\/47327","targetHints":{"allow":["GET"]}}],"collection":[{"href":"https:\/\/www.specialscentshop.com\/de\/wp-json\/wp\/v2\/product"}],"about":[{"href":"https:\/\/www.specialscentshop.com\/de\/wp-json\/wp\/v2\/types\/product"}],"wp:featuredmedia":[{"embeddable":true,"href":"https:\/\/www.specialscentshop.com\/de\/wp-json\/wp\/v2\/media\/47315"}],"wp:attachment":[{"href":"https:\/\/www.specialscentshop.com\/de\/wp-json\/wp\/v2\/media?parent=47327"}],"wp:term":[{"taxonomy":"product_brand","embeddable":true,"href":"https:\/\/www.specialscentshop.com\/de\/wp-json\/wp\/v2\/product_brand?post=47327"},{"taxonomy":"product_cat","embeddable":true,"href":"https:\/\/www.specialscentshop.com\/de\/wp-json\/wp\/v2\/product_cat?post=47327"},{"taxonomy":"product_tag","embeddable":true,"href":"https:\/\/www.specialscentshop.com\/de\/wp-json\/wp\/v2\/product_tag?post=47327"}],"curies":[{"name":"wp","href":"https:\/\/api.w.org\/{rel}","templated":true}]}}