{"id":47695,"date":"2022-09-02T09:06:49","date_gmt":"2022-09-02T07:06:49","guid":{"rendered":"https:\/\/www.specialscentshop.com\/product\/joghurt-und-reiscreme\/"},"modified":"2025-10-11T21:56:05","modified_gmt":"2025-10-11T19:56:05","slug":"joghurt-und-reiscreme","status":"publish","type":"product","link":"https:\/\/www.specialscentshop.com\/de\/produkt\/joghurt-und-reiscreme\/","title":{"rendered":"Joghurt und Reiscreme"},"content":{"rendered":"<h2><strong>Wirkung in der Umwelt Umgebungsduft Joghurt und Reiscreme<\/strong><\/h2>\n<p>Geeignet f\u00fcr Umgebungen, in denen man die starken Ger\u00fcche der K\u00fcche abdecken m\u00f6chte, oder in R\u00e4umlichkeiten, die f\u00fcr die Gastronomie bestimmt sind<\/p>\n<h2><strong>Eigenschaften<\/strong><\/h2>\n<p><strong>Der Duft f\u00fcr Umgebungen Joghurt und Reiscreme<\/strong> ist eine Mischung, die geschaffen wurde, um von den \u00fcblichen s\u00fc\u00dfen, aber auch sauren D\u00fcften abzuweichen.<br \/>\nIdeal f\u00fcr olfaktorisches Marketing, bei dem die Differenzierung von der Konkurrenz wichtig ist. Probieren Sie es mit unserem Duftspender Nebula aus. Sie k\u00f6nnen sich sp\u00e4ter f\u00fcr eine gr\u00f6\u00dfere Bestellung entscheiden.<\/p>\n<p>Wir f\u00fchren eine gro\u00dfe Auswahl an Diffusoren f\u00fcr den Hausgebrauch, darunter unser brandneues Nebula Handspray, das mit der gleichen Vernebelungstechnik arbeitet wie unsere Diffusoren. Eine perfekte und kosteng\u00fcnstige L\u00f6sung f\u00fcr alle, die unsere Produkte testen m\u00f6chten, bevor sie eine gr\u00f6\u00dfere Menge an Duftstoffen oder ein <strong>Spenderger\u00e4t<\/strong> kaufen. <a href=\"https:\/\/www.specialscentshop.com\/de\/produkt\/nebula-raumdiffusor-wiederaufladbar\/\"><br \/>\n<strong>Der Nebula Joghurt und Reiscreme<\/strong><br \/>\n<\/a> ist aus Aluminium gefertigt, nachf\u00fcllbar und vor allem umweltfreundlich. Beim Kauf eines 0,250 g Duftes Ihrer Wahl erhalten Sie Nebula als Geschenk. Ideal f\u00fcr kleine Mengen von Produkten.<\/p>\n<p><em><strong>Erfahren Sie mehr: <a href=\"https:\/\/www.specialscentshop.com\/de\/produkt\/pina-colada\/\">Pina Colada<\/a><\/strong><\/em><\/p>\n","protected":false},"excerpt":{"rendered":"<h3>Duftnoten: Kopfnoten &#8211; Herznoten &#8211; Basisnoten<\/h3>\n<p>Der Duft f\u00fcr Umgebungen Joghurt und Reiscreme, mit seinen s\u00fc\u00dfen, aber gleichzeitig s\u00e4uerlichen Noten, verleiht der Umgebung eine unverwechselbare Frische.<br \/>\nW\u00e4hrend der Geschmack den Gaumen befriedigt, befriedigt das Aroma den anspruchsvollen Geruchssinn, insbesondere im Lebensmittelbereich.<\/p>\n<p>KOPFNOTEN: Kokosnuss &#8211; Pfirsich<br \/>\nHERZNOTEN: Jasmin &#8211; Rose &#8211; Heliotrop<br \/>\nGRUNDNOTEN: Holz &#8211; Amber &#8211; Vanille &#8211; Moschus &#8211; Karamell<\/p>\n","protected":false},"featured_media":47940,"template":"","meta":{"_acf_changed":false},"product_brand":[],"product_cat":[923],"product_tag":[909,910,766,913,768,769,770],"class_list":{"0":"post-47695","1":"product","2":"type-product","3":"status-publish","4":"has-post-thumbnail","6":"product_cat-drinkfood-raumdufte","7":"product_tag-umgebungen-im-freien","8":"product_tag-messen-und-veranstaltungen","9":"product_tag-zuhause","10":"product_tag-parfums-fur-messen","11":"product_tag-hotel-bb-de","12":"product_tag-geschafte-einkaufen","13":"product_tag-restaurants-bars-de","15":"first","16":"instock","17":"taxable","18":"shipping-taxable","19":"purchasable","20":"product-type-variable"},"acf":[],"_links":{"self":[{"href":"https:\/\/www.specialscentshop.com\/de\/wp-json\/wp\/v2\/product\/47695","targetHints":{"allow":["GET"]}}],"collection":[{"href":"https:\/\/www.specialscentshop.com\/de\/wp-json\/wp\/v2\/product"}],"about":[{"href":"https:\/\/www.specialscentshop.com\/de\/wp-json\/wp\/v2\/types\/product"}],"wp:featuredmedia":[{"embeddable":true,"href":"https:\/\/www.specialscentshop.com\/de\/wp-json\/wp\/v2\/media\/47940"}],"wp:attachment":[{"href":"https:\/\/www.specialscentshop.com\/de\/wp-json\/wp\/v2\/media?parent=47695"}],"wp:term":[{"taxonomy":"product_brand","embeddable":true,"href":"https:\/\/www.specialscentshop.com\/de\/wp-json\/wp\/v2\/product_brand?post=47695"},{"taxonomy":"product_cat","embeddable":true,"href":"https:\/\/www.specialscentshop.com\/de\/wp-json\/wp\/v2\/product_cat?post=47695"},{"taxonomy":"product_tag","embeddable":true,"href":"https:\/\/www.specialscentshop.com\/de\/wp-json\/wp\/v2\/product_tag?post=47695"}],"curies":[{"name":"wp","href":"https:\/\/api.w.org\/{rel}","templated":true}]}}