{"id":49859,"date":"2026-03-05T19:31:43","date_gmt":"2026-03-05T18:31:43","guid":{"rendered":"https:\/\/www.specialscentshop.com\/?post_type=product&#038;p=49859"},"modified":"2026-04-19T06:25:18","modified_gmt":"2026-04-19T04:25:18","slug":"luxury-textilspray","status":"publish","type":"product","link":"https:\/\/www.specialscentshop.com\/de\/produkt\/luxury-textilspray\/","title":{"rendered":"Luxury textilspray"},"content":{"rendered":"<h2><strong>Wirkung in der Umwelt<\/strong><\/h2>\n<p>Luxury texitlspray ist ein eleganter Duft, der sich gut in exklusive Umgebungen einf\u00fcgt. Sein Duft verzaubert und die kostbaren Essenzen sorgen f\u00fcr eine lange Haltbarkeit. Besonders geeignet f\u00fcr<strong> elegante<\/strong> Umgebungen, zum Bespr\u00fchen von Vorh\u00e4ngen, Sofas, Teppichen, Leinen.<br \/>\nEntdecken Sie unser neues Produkt, um Ihre Umgebungen einzigartig zu machen.<\/p>\n<h2><strong>Eigenschaften<\/strong><\/h2>\n<p>Das <strong>Luxusparf\u00fcm<\/strong> z\u00e4hlt in unserem Duftkatalog zu den luxuri\u00f6sen Umgebungsd\u00fcften. Es ist so elegant, dass es bezaubert, faszinierende Emotionen weckt und einen Hauch von verschleierter Sinnlichkeit erzeugt. Er l\u00f6st eine verst\u00e4rkte olfaktorische Erinnerung aus und die Erinnerung an das Erlebnis wird den Wunsch ausl\u00f6sen, zur\u00fcckzukehren und die einzigartigen und unvergesslichen Empfindungen erneut zu erleben.<\/p>\n<p><strong><em>Wir haben eine gro\u00dfe Auswahl an Raumd\u00fcften, darunter unser brandneues Handspray <a href=\"https:\/\/www.specialscentshop.com\/prodotto\/nebula-250gr\/\">Nebula<\/a>, das mit der gleichen Zerst\u00e4ubungstechnik wie unsere Diffusoren arbeitet. Eine perfekte und kosteng\u00fcnstige L\u00f6sung f\u00fcr alle, die unsere Produkte testen m\u00f6chten, bevor sie eine gr\u00f6\u00dfere Menge an Duftstoffen oder einen Spender kaufen. Das Nebula-Format besteht aus Aluminium, ist nachf\u00fcllbar und vor allem umweltfreundlich. Beim Kauf eines 0,250 g Duftes Ihrer Wahl erhalten Sie Nebula kostenlos. Ideal f\u00fcr kleine Mengen. <\/em><\/strong><\/p>\n<p><em><strong>Entdecken Sie alle Noten unserer<a href=\"https:\/\/www.specialscentshop.com\/categoria-prodotto\/profumi-per-ambienti\/\"> Raumd\u00fcfte<\/a><\/strong><\/em><\/p>\n<p>&nbsp;<\/p>\n","protected":false},"excerpt":{"rendered":"<h3><strong>Luxury textilspray<\/strong><\/h3>\n<p><strong>Ufi Code: 0710-K0E3-F00S-38DM<\/strong><\/p>\n<h4>Duftnoten: Herznoten &#8211; Basisnoten &#8211; Kopfnoten<\/h4>\n<p>Luxury textilspray ist ein Duft mit einer hohen Konzentration an blumigen \u00e4therischen \u00d6len wie Iris und indischem Sandelholz.<br \/>\nKopfnoten: Zitrone, kalabrische Bergamotte, Mandarine, Pfirsich, Aprikose<br \/>\nMittelnoten: Flieder, Geranie, Lavendel, Iris<br \/>\nBasisnoten: Sandelholz, Amber, Moschus<\/p>\n<p>Ideal f\u00fcr die <strong>exklusive Raumbeduftung<\/strong>.<\/p>\n","protected":false},"featured_media":49855,"template":"","meta":{"_acf_changed":false},"product_brand":[],"product_cat":[1156],"product_tag":[],"class_list":{"0":"post-49859","1":"product","2":"type-product","3":"status-publish","4":"has-post-thumbnail","6":"product_cat-textil-duftspray","8":"first","9":"instock","10":"taxable","11":"shipping-taxable","12":"purchasable","13":"product-type-simple"},"acf":[],"_links":{"self":[{"href":"https:\/\/www.specialscentshop.com\/de\/wp-json\/wp\/v2\/product\/49859","targetHints":{"allow":["GET"]}}],"collection":[{"href":"https:\/\/www.specialscentshop.com\/de\/wp-json\/wp\/v2\/product"}],"about":[{"href":"https:\/\/www.specialscentshop.com\/de\/wp-json\/wp\/v2\/types\/product"}],"wp:featuredmedia":[{"embeddable":true,"href":"https:\/\/www.specialscentshop.com\/de\/wp-json\/wp\/v2\/media\/49855"}],"wp:attachment":[{"href":"https:\/\/www.specialscentshop.com\/de\/wp-json\/wp\/v2\/media?parent=49859"}],"wp:term":[{"taxonomy":"product_brand","embeddable":true,"href":"https:\/\/www.specialscentshop.com\/de\/wp-json\/wp\/v2\/product_brand?post=49859"},{"taxonomy":"product_cat","embeddable":true,"href":"https:\/\/www.specialscentshop.com\/de\/wp-json\/wp\/v2\/product_cat?post=49859"},{"taxonomy":"product_tag","embeddable":true,"href":"https:\/\/www.specialscentshop.com\/de\/wp-json\/wp\/v2\/product_tag?post=49859"}],"curies":[{"name":"wp","href":"https:\/\/api.w.org\/{rel}","templated":true}]}}