{"id":49880,"date":"2026-02-28T12:54:56","date_gmt":"2026-02-28T11:54:56","guid":{"rendered":"https:\/\/www.specialscentshop.com\/?post_type=product&#038;p=49880"},"modified":"2026-03-05T19:30:49","modified_gmt":"2026-03-05T18:30:49","slug":"jasmin-gelee","status":"publish","type":"product","link":"https:\/\/www.specialscentshop.com\/de\/produkt\/jasmin-gelee\/","title":{"rendered":"Jasmin-Gel"},"content":{"rendered":"<h2>Jasmin-Gel<\/h2>\n<p>Suchen Sie ein elegantes und zartes Raumgel? Dann ist dieser Duft genau das Richtige f\u00fcr Sie. Sein Aroma verbreitet sich angenehm in kleinen R\u00e4umen. Ein Duft, der perfekt zu Wohnungen, Autos, Wohnmobilen und B\u00fcros passt.<\/p>\n<p>&nbsp;<\/p>\n<h3><strong>Eigenschaften<\/strong><\/h3>\n<p>Das Jasmin-Raumgel, die Blume der Eleganz, verstr\u00f6mt dank seiner unverwechselbaren floralen Noten und seines Duftes auf schlichte Weise Eleganz und Aroma. F\u00fcr alle Blumenliebhaber\u2026<\/p>\n<p>Die Raumduftbranche boomt. Immer mehr Menschen erkennen, wie wichtig es ist, ein Ambiente zu schaffen, das den Bed\u00fcrfnissen und Erwartungen der Kunden entspricht und in dem Freunde und Verwandte beim Abschied einen bleibenden Eindruck hinterlassen \u2013 einen Duft, der sie umh\u00fcllt und nie vergisst.<\/p>\n<p>Ein angenehmer Duft ist nicht nur f\u00fcr Sie, sondern auch f\u00fcr Ihre G\u00e4ste ein Genuss. Das Jasmin-Gel ist vielseitig einsetzbar; f\u00fcr gr\u00f6\u00dfere R\u00e4ume empfehlen wir den Diffusor S 100.<\/p>\n<p><em>Wir haben eine gro\u00dfe Auswahl an Raumdiffusoren, einschlie\u00dflich unseres brandneuen Handsprays<a href=\"https:\/\/www.specialscentshop.com\/de\/produkt\/nebula-raumdiffusor-wiederaufladbar\/\"> Nebula<\/a>, das mit der gleichen Zerst\u00e4ubungstechnik wie unsere Diffusoren arbeitet. Eine perfekte und kosteng\u00fcnstige L\u00f6sung f\u00fcr alle, die unsere Produkte testen m\u00f6chten, bevor sie eine gr\u00f6\u00dfere Menge an Duftstoffen oder einen Spender kaufen. Das Nebula-Format besteht aus Aluminium, ist nachf\u00fcllbar und vor allem umweltfreundlich. Beim Kauf eines 0,250 g Duftes Ihrer Wahl erhalten Sie Nebula kostenlos. Ideal f\u00fcr kleine Mengen. <\/em><\/p>\n<h3>Besonders geeignet f\u00fcr:<\/h3>\n<p>Jasmin-Gel eignet sich hervorragend f\u00fcr folgende R\u00e4ume:<\/p>\n<ul>\n<li>Schlafzimmer<\/li>\n<li>Wohnzimmer<\/li>\n<li>B\u00fcros<\/li>\n<li>Umkleider\u00e4ume in Fitnessstudios<\/li>\n<li>Ruher\u00e4ume<\/li>\n<li>Damentoiletten<\/li>\n<li>Autos, Wohnwagen, Wohnmobile, LKWs<\/li>\n<li>Kosmetiksalons<\/li>\n<\/ul>\n<p>Mehr erfahren: Gel-Raumdiffusor<\/p>\n<p>&nbsp;<\/p>\n","protected":false},"excerpt":{"rendered":"<section class=\"av_textblock_section \">\n<div class=\"avia_textblock \">\n<h2>Duftnoten: Kopfnote<\/h2>\n<p>Jasmin-Raumgel ist eine Essenz mit reichhaltigen und zarten Bl\u00fctennoten. Die Herznote \u00e4hnelt der von Honig, ist aber weniger s\u00fc\u00df.<\/p>\n<p>Jasmin ist eine sehr alte Pflanze, die urspr\u00fcnglich aus dem Osten stammt und heute in Italien angebaut wird, wo sie in der Kosmetik und der Kr\u00e4utermedizin weit verbreitet ist. Jasmin wird heute vor allem wegen seiner Bl\u00fcten kultiviert, die einen intensiven Duft verstr\u00f6men und sich hervorragend f\u00fcr die Herstellung von Parfums und Essenzen eignen. Jasmin-Essenz ist als \u00f6lige L\u00f6sung erh\u00e4ltlich.<\/p>\n<\/div>\n<\/section>\n","protected":false},"featured_media":49896,"template":"","meta":{"_acf_changed":false},"product_brand":[],"product_cat":[1159],"product_tag":[863,908,766,768,860],"class_list":{"0":"post-49880","1":"product","2":"type-product","3":"status-publish","4":"has-post-thumbnail","6":"product_cat-gel-desodorisant","7":"product_tag-fitnessstudios-sport","8":"product_tag-eigentumswohnungen","9":"product_tag-zuhause","10":"product_tag-hotel-bb-de","11":"product_tag-autos-kraftfahrzeuge","13":"first","14":"instock","15":"taxable","16":"shipping-taxable","17":"purchasable","18":"product-type-simple"},"acf":[],"_links":{"self":[{"href":"https:\/\/www.specialscentshop.com\/de\/wp-json\/wp\/v2\/product\/49880","targetHints":{"allow":["GET"]}}],"collection":[{"href":"https:\/\/www.specialscentshop.com\/de\/wp-json\/wp\/v2\/product"}],"about":[{"href":"https:\/\/www.specialscentshop.com\/de\/wp-json\/wp\/v2\/types\/product"}],"wp:featuredmedia":[{"embeddable":true,"href":"https:\/\/www.specialscentshop.com\/de\/wp-json\/wp\/v2\/media\/49896"}],"wp:attachment":[{"href":"https:\/\/www.specialscentshop.com\/de\/wp-json\/wp\/v2\/media?parent=49880"}],"wp:term":[{"taxonomy":"product_brand","embeddable":true,"href":"https:\/\/www.specialscentshop.com\/de\/wp-json\/wp\/v2\/product_brand?post=49880"},{"taxonomy":"product_cat","embeddable":true,"href":"https:\/\/www.specialscentshop.com\/de\/wp-json\/wp\/v2\/product_cat?post=49880"},{"taxonomy":"product_tag","embeddable":true,"href":"https:\/\/www.specialscentshop.com\/de\/wp-json\/wp\/v2\/product_tag?post=49880"}],"curies":[{"name":"wp","href":"https:\/\/api.w.org\/{rel}","templated":true}]}}