{"id":49910,"date":"2026-03-05T19:28:55","date_gmt":"2026-03-05T18:28:55","guid":{"rendered":"https:\/\/www.specialscentshop.com\/?post_type=product&#038;p=49910"},"modified":"2026-03-05T19:30:49","modified_gmt":"2026-03-05T18:30:49","slug":"leinengel","status":"publish","type":"product","link":"https:\/\/www.specialscentshop.com\/de\/produkt\/leinengel\/","title":{"rendered":"Leinengel"},"content":{"rendered":"<h2><strong>Raumduftgel mit Leinenduft<\/strong><\/h2>\n<p>Wir empfehlen Ihnen dieses Leinen-Gel-Lufterfrischer f\u00fcr Ihr Zuhause. Der Duft umh\u00fcllt Ihre G\u00e4ste und sorgt f\u00fcr Wohlbefinden.<br \/>\nDer Leinenduft eignet sich auch f\u00fcr R\u00e4ume, in denen Gastfreundschaft und Aufenthalt ein positives Erlebnis sein sollen.<br \/>\nDenken Sie daran: Wo man gute Luft atmet, kommt man gerne wieder. Ein Dufterlebnis, das in der Erinnerung bleibt, hinterl\u00e4sst einen bleibenden Eindruck.<\/p>\n<p>Sie werden das Leinen-Gel als besonders entspannend in all Ihren Aufenthaltsr\u00e4umen empfinden.<\/p>\n<h2><strong>Eigenschaften\u00a0<\/strong><\/h2>\n<p>Frische, Reinheit, Erinnerungen an W\u00e4sche, die in der Sonne trocknet. Wenn wir von dem Duft von Leinen sprechen, braucht es keine weiteren Adjektive.<br \/>\nDank kontinuierlicher Forschung konnte Special Scent das Dufterlebnis \u00fcber die Jahre hinweg verfeinern und einzigartig gestalten. So entsteht eine Art Suchtgef\u00fchl und Harmonie in kleinen wie gro\u00dfen R\u00e4umen. Genie\u00dfen Sie die Vorz\u00fcge dieses Duftes, indem Sie ein Gel erwerben und es nach Belieben verwenden. Um die Duftwirkung zu verst\u00e4rken, geben Sie das Leinen-Gel in den Duftdiffusor S 100 \u2013 so finden Sie die perfekte L\u00f6sung f\u00fcr sich! Unser Team steht Ihnen jederzeit f\u00fcr Fragen und W\u00fcnsche zur Verf\u00fcgung.<\/p>\n<p><em>Wir haben eine gro\u00dfe Auswahl an Raumdiffusoren, einschlie\u00dflich unseres brandneuen Handsprays<a href=\"https:\/\/www.specialscentshop.com\/de\/produkt\/nebula-raumdiffusor-wiederaufladbar\/\"> Nebula<\/a>, das mit der gleichen Zerst\u00e4ubungstechnik wie unsere Diffusoren arbeitet. Eine perfekte und kosteng\u00fcnstige L\u00f6sung f\u00fcr alle, die unsere Produkte testen m\u00f6chten, bevor sie eine gr\u00f6\u00dfere Menge an Duftstoffen oder einen Spender kaufen. Das Nebula-Format besteht aus Aluminium, ist nachf\u00fcllbar und vor allem umweltfreundlich. Beim Kauf eines 0,250 g Duftes Ihrer Wahl erhalten Sie Nebula kostenlos. Ideal f\u00fcr kleine Mengen. <\/em><\/p>\n<h2 class=\"p1\"><b>Besonders geeignet f\u00fcr:\u00a0<\/b><\/h2>\n<p>Das Raumgel \u201eW\u00e4scheduft\u201c eignet sich hervorragend f\u00fcr Umgebungen wie:<\/p>\n<ul>\n<li>Arztpraxen<\/li>\n<li>Wohnr\u00e4ume<\/li>\n<li>Kleiderschr\u00e4nke<\/li>\n<li>Aufz\u00fcge<\/li>\n<li>Ruher\u00e4ume<\/li>\n<li>Gemeinschaftsr\u00e4ume<\/li>\n<li>Autos, Wohnwagen, Wohnmobile, LKWs<\/li>\n<li>B\u00fcros<\/li>\n<\/ul>\n<p>Der entspannende Duft von W\u00e4sche tr\u00e4gt zu einer frischen und belebenden Atmosph\u00e4re bei und f\u00f6rdert Konzentration und Produktivit\u00e4t. Bitte beachten Sie, dass es sich hierbei lediglich um Vorschl\u00e4ge handelt und die Eignung des Duftes stark von den individuellen Vorlieben abh\u00e4ngt.<\/p>\n<p>M\u00f6chten Sie mehr \u00fcber unsere Gele erfahren?<\/p>\n<p><em><strong>Mehr lesen: <a href=\"https:\/\/www.specialscentshop.com\/de\/produkt\/gel-s100-parfuemzerstaeuber\/\">Gel-Raumdiffusor<\/a><\/strong><\/em><\/p>\n<p>&nbsp;<\/p>\n","protected":false},"excerpt":{"rendered":"<section class=\"av_textblock_section \">\n<div class=\"avia_textblock \">\n<h2><strong>Note olfativ: note di cuore<\/strong><\/h2>\n<p>Das Gef\u00fchl von Linen Gel ist wie ein Spaziergang durch eine weite, bl\u00fchende Wiese, berauscht vom Duft sonnentrocknender W\u00e4sche, sanft vom Wind umspielt. Ein Gef\u00fchl von Frische, das alles in eine zarte Umarmung h\u00fcllt. Ein schlichter und raffinierter Duft, der Ruhe und Gelassenheit schenkt.<br \/>\nEs ist auch als \u00d6l erh\u00e4ltlich.<\/p>\n<\/div>\n<\/section>\n","protected":false},"featured_media":49901,"template":"","meta":{"_acf_changed":false},"product_brand":[],"product_cat":[1159],"product_tag":[862,863,908,766,768,860],"class_list":{"0":"post-49910","1":"product","2":"type-product","3":"status-publish","4":"has-post-thumbnail","6":"product_cat-gel-desodorisant","7":"product_tag-spielzimmer","8":"product_tag-fitnessstudios-sport","9":"product_tag-eigentumswohnungen","10":"product_tag-zuhause","11":"product_tag-hotel-bb-de","12":"product_tag-autos-kraftfahrzeuge","14":"first","15":"instock","16":"taxable","17":"shipping-taxable","18":"purchasable","19":"product-type-simple"},"acf":[],"_links":{"self":[{"href":"https:\/\/www.specialscentshop.com\/de\/wp-json\/wp\/v2\/product\/49910","targetHints":{"allow":["GET"]}}],"collection":[{"href":"https:\/\/www.specialscentshop.com\/de\/wp-json\/wp\/v2\/product"}],"about":[{"href":"https:\/\/www.specialscentshop.com\/de\/wp-json\/wp\/v2\/types\/product"}],"wp:featuredmedia":[{"embeddable":true,"href":"https:\/\/www.specialscentshop.com\/de\/wp-json\/wp\/v2\/media\/49901"}],"wp:attachment":[{"href":"https:\/\/www.specialscentshop.com\/de\/wp-json\/wp\/v2\/media?parent=49910"}],"wp:term":[{"taxonomy":"product_brand","embeddable":true,"href":"https:\/\/www.specialscentshop.com\/de\/wp-json\/wp\/v2\/product_brand?post=49910"},{"taxonomy":"product_cat","embeddable":true,"href":"https:\/\/www.specialscentshop.com\/de\/wp-json\/wp\/v2\/product_cat?post=49910"},{"taxonomy":"product_tag","embeddable":true,"href":"https:\/\/www.specialscentshop.com\/de\/wp-json\/wp\/v2\/product_tag?post=49910"}],"curies":[{"name":"wp","href":"https:\/\/api.w.org\/{rel}","templated":true}]}}