{"id":49915,"date":"2026-03-05T19:28:54","date_gmt":"2026-03-05T18:28:54","guid":{"rendered":"https:\/\/www.specialscentshop.com\/?post_type=product&#038;p=49915"},"modified":"2026-03-05T19:30:49","modified_gmt":"2026-03-05T18:30:49","slug":"kraeutergel","status":"publish","type":"product","link":"https:\/\/www.specialscentshop.com\/de\/produkt\/kraeutergel\/","title":{"rendered":"Kr\u00e4utergel"},"content":{"rendered":"<h2><strong>Kr\u00e4uter-Raumgel<\/strong><\/h2>\n<p>Dank seines unverwechselbaren Duftes sorgt dieses Gel f\u00fcr eine angenehme Atmosph\u00e4re in jedem Raum. Empfohlen f\u00fcr entspannende Umgebungen, Wohnungen, kleine B\u00fcros und Autos. Besonders beliebt in R\u00e4umen mit schlechter Luftzirkulation, wie Umkleidekabinen und kleinen Badezimmern, in Kombination mit dem Diffusor S 100.<\/p>\n<div class=\"n4sEPd\">\n<div class=\"FFpbKc\">\n<h2 class=\"xMmqsf\">Eigenschaften<\/h2>\n<\/div>\n<\/div>\n<p>Das Kr\u00e4uterduftgel f\u00fcr den Raum wird teilweise aus frisch gem\u00e4htem Gras gewonnen und verstr\u00f6mt einen frischen und belebenden Duft.<br \/>\nDieser Duft ist erst seit Kurzem auf dem Markt, hat sich aber dank seiner belebenden Duftnoten bereits gro\u00dfer Beliebtheit erfreut.<br \/>\nSchaffen Sie ein neues Dufterlebnis \u2013 f\u00fcr sich und Ihre Lieben.<br \/>\nUntersch\u00e4tzen Sie nicht die Wirkung eines guten Duftes in Ihren R\u00e4umen.<\/p>\n<p>Wir bieten eine gro\u00dfe Auswahl an Raumdiffusoren, darunter unser brandneues manuelles Raumspray Nebula, das mit der gleichen Vernebelungstechnik wie unsere Diffusoren arbeitet. Es ist die perfekte und kosteng\u00fcnstige L\u00f6sung f\u00fcr alle, die unsere Produkte testen m\u00f6chten, bevor sie eine gr\u00f6\u00dfere Menge Duft oder einen Spender kaufen. Der Nebula ist aus Aluminium gefertigt, nachf\u00fcllbar und vor allem umweltfreundlich. Beim Kauf von 0,250 g Duft Ihrer Wahl erhalten Sie einen Nebula gratis dazu. Ideal f\u00fcr kleine Mengen.<\/p>\n<h2 class=\"p1\"><b>Besonders geeignet f\u00fcr<\/b><\/h2>\n<ul>\n<li>Wohnzimmer mit moderner Einrichtung<\/li>\n<li>Ankleidezimmer<\/li>\n<li>Ruher\u00e4ume<\/li>\n<li>Gemeinschaftsr\u00e4ume<\/li>\n<li>Autos, Wohnwagen, Wohnmobile, LKWs<\/li>\n<li>Aufz\u00fcge<\/li>\n<li>Badezimmer<\/li>\n<\/ul>\n<p>Der frische Duft von frisch gem\u00e4htem Gras tr\u00e4gt zu einer angenehm k\u00fchlen und erfrischenden Atmosph\u00e4re bei und f\u00f6rdert Konzentration und Produktivit\u00e4t. Bitte beachten Sie, dass es sich hierbei lediglich um Vorschl\u00e4ge handelt und die Eignung des Duftes stark von den individuellen Vorlieben abh\u00e4ngt.<\/p>\n<p>Mehr erfahren: Gel-Lufterfrischer<\/p>\n<p>&nbsp;<\/p>\n<p>&nbsp;<\/p>\n","protected":false},"excerpt":{"rendered":"<section class=\"av_textblock_section \">\n<div class=\"avia_textblock \">\n<h2><strong>Geruchsnoten: Kopfnoten<\/strong><\/h2>\n<p>Das Grapefruit Ambience Parf\u00fcm mit seinen <strong>Kopfnoten<\/strong> ist ein Zitrusduft mit einem charakteristischen Geruch.<\/p>\n<p>Seine Farbe ist typisch f\u00fcr diese wunderbare Frucht unseres Landes. Der Duft ist ein perfektes Gleichgewicht zwischen Verstand und Herz und sorgt f\u00fcr gute Laune. Die Grapefruit-Essenz wird als <strong><a href=\"https:\/\/www.specialscentshop.com\/de\/produkt-kategorie\/dufte-und-gel-dufte\/\">GEL<\/a>-SOLUTION<\/strong> angeboten.<\/p>\n<\/div>\n<\/section>\n","protected":false},"featured_media":49886,"template":"","meta":{"_acf_changed":false},"product_brand":[],"product_cat":[1159],"product_tag":[862,863,908,766,768,860],"class_list":{"0":"post-49915","1":"product","2":"type-product","3":"status-publish","4":"has-post-thumbnail","6":"product_cat-gel-desodorisant","7":"product_tag-spielzimmer","8":"product_tag-fitnessstudios-sport","9":"product_tag-eigentumswohnungen","10":"product_tag-zuhause","11":"product_tag-hotel-bb-de","12":"product_tag-autos-kraftfahrzeuge","14":"first","15":"instock","16":"taxable","17":"shipping-taxable","18":"purchasable","19":"product-type-simple"},"acf":[],"_links":{"self":[{"href":"https:\/\/www.specialscentshop.com\/de\/wp-json\/wp\/v2\/product\/49915","targetHints":{"allow":["GET"]}}],"collection":[{"href":"https:\/\/www.specialscentshop.com\/de\/wp-json\/wp\/v2\/product"}],"about":[{"href":"https:\/\/www.specialscentshop.com\/de\/wp-json\/wp\/v2\/types\/product"}],"wp:featuredmedia":[{"embeddable":true,"href":"https:\/\/www.specialscentshop.com\/de\/wp-json\/wp\/v2\/media\/49886"}],"wp:attachment":[{"href":"https:\/\/www.specialscentshop.com\/de\/wp-json\/wp\/v2\/media?parent=49915"}],"wp:term":[{"taxonomy":"product_brand","embeddable":true,"href":"https:\/\/www.specialscentshop.com\/de\/wp-json\/wp\/v2\/product_brand?post=49915"},{"taxonomy":"product_cat","embeddable":true,"href":"https:\/\/www.specialscentshop.com\/de\/wp-json\/wp\/v2\/product_cat?post=49915"},{"taxonomy":"product_tag","embeddable":true,"href":"https:\/\/www.specialscentshop.com\/de\/wp-json\/wp\/v2\/product_tag?post=49915"}],"curies":[{"name":"wp","href":"https:\/\/api.w.org\/{rel}","templated":true}]}}