{"id":49942,"date":"2026-02-26T09:40:34","date_gmt":"2026-02-26T08:40:34","guid":{"rendered":"https:\/\/www.specialscentshop.com\/product\/vetiver\/"},"modified":"2026-03-04T20:47:41","modified_gmt":"2026-03-04T19:47:41","slug":"vetiver","status":"publish","type":"product","link":"https:\/\/www.specialscentshop.com\/de\/produkt\/vetiver\/","title":{"rendered":"Vetiver"},"content":{"rendered":"<h2><strong>Auswirkungen auf die Umwelt<\/strong><\/h2>\n<p>Il Vetiver duft,\u00a0 home Fragrance ist einer der vielen D\u00fcfte der exklusiven Special Scent-Serie f\u00fcr Ihr Zuhause. Sein verf\u00fchrerischer Duft bet\u00f6rt mit warmen, aromatischen Noten und h\u00fcllt Ihre R\u00e4ume auf elegante und zugleich dezente Weise ein. Dieser lebendige und raffinierte Duft eignet sich perfekt f\u00fcr jeden Raum, in dem unaufdringliche Eleganz gew\u00fcnscht ist und der gleichzeitig eine warme und einladende Atmosph\u00e4re f\u00fcr Ihre G\u00e4ste schafft.<\/p>\n<h3><strong>Eigenschaften<\/strong><\/h3>\n<p><strong>Vetiver Duft<\/strong>, eine <span class=\"diff--UX1Av\">angespannte<\/span> und <span class=\"diff--UX1Av\">sekund\u00e4re<\/span> <span class=\"diff--UX1Av\">Essenz<\/span>, in der <span class=\"diff--UX1Av\">die<\/span> <span class=\"diff--UX1Av\">trockenen<\/span> <span class=\"diff--UX1Av\">Noten<\/span> <span class=\"diff--UX1Av\">des <\/span>Zedernholzes <span class=\"diff--UX1Av\">verschmelzen<\/span> <span class=\"diff--UX1Av\">Geschenk<\/span> <span class=\"diff--UX1Av\">mit<\/span><span class=\"diff--UX1Av\">Sanftheit<\/span> <span class=\"diff--UX1Av\">von Sandelholz. Eine feuchte Frische <\/span>Patchouli <span class=\"diff--UX1Av\">nimmt<\/span> <span class=\"diff--UX1Av\">das <\/span><span class=\"diff--UX1Av\">charakteristische <\/span><span class=\"diff--UX1Av\">Aroma<\/span> von Vetiver und feuchter Erde <span class=\"diff--UX1Av\">vorweg<\/span>. <span class=\"diff--UX1Av\">Das<\/span> Ganze <span class=\"diff--UX1Av\">wird<\/span> <span class=\"diff--UX1Av\">durch<\/span> <span class=\"diff--UX1Av\">eine<\/span> <span class=\"diff--UX1Av\">umh\u00fcllende Basis <\/span>aus Moschus <span class=\"diff--UX1Av\">ausbalanciert <\/span> <span class=\"diff--UX1Av\">,<\/span> <span class=\"diff--UX1Av\">die<\/span> durch eine <span class=\"diff--UX1Av\">Ini<\/span> <span class=\"diff--UX1Av\">lebhaftes<\/span>Bouquet <span class=\"diff--UX1Av\">von<\/span> Zitrone und <span class=\"diff--UX1Av\">aromatischen<\/span> <span class=\"diff--UX1Av\">Nuancen<\/span> <span class=\"diff--UX1Av\">.<\/span><\/p>\n<p><strong><em>Wir haben eine gro\u00dfe Auswahl an Raumdiffusoren, darunter unser Handspray <a href=\"https:\/\/www.specialscentshop.com\/de\/prodotto\/nebula-raumdiffusor-wiederaufladbar\/\">Nebula<\/a>, das mit der gleichen Zerst\u00e4ubungstechnik arbeitet wie unsere Diffusoren. Eine perfekte und kosteng\u00fcnstige L\u00f6sung f\u00fcr alle, die unsere Produkte testen m\u00f6chten, bevor sie eine gr\u00f6\u00dfere Menge an Duftstoffen oder einen Spender kaufen. Das Nebula-Format besteht aus Aluminium, ist nachf\u00fcllbar und vor allem umweltfreundlich. Beim Kauf eines 0,250 g Duftes Ihrer Wahl erhalten Sie Nebula kostenlos. Ideal f\u00fcr kleine Mengen. <\/em><\/strong><\/p>\n<p><em><strong>Entdecken Sie den Luxus-Raumbedufter <a href=\"https:\/\/www.specialscentshop.com\/de\/prodotto\/parfuemzerstaeuber-s600\/\">S 600<\/a><\/strong><\/em><\/p>\n<p>&nbsp;<\/p>\n","protected":false},"excerpt":{"rendered":"<h4>Vetiver luxuri\u00f6ser Raumduft : Holzig<br \/>\nFacette: Zitrusartig<\/h4>\n<h4>Kopfnote: Zitrone, Grapefruit, Salbeibl\u00fcte, Kampfer, Eukalyptus<br \/>\nHerznote: Ambra, Patchouli, Sandelholz, animalische Nuancen<br \/>\nHerznote: Vetiver, feuchte Erde, Zedernholz, Moschus<\/h4>\n<p>Ideal f\u00fcr die Schaffung exklusiver und luxuri\u00f6ser Atmosph\u00e4ren.<\/p>\n","protected":false},"featured_media":49814,"template":"","meta":{"_acf_changed":false},"product_brand":[],"product_cat":[812],"product_tag":[],"class_list":{"0":"post-49942","1":"product","2":"type-product","3":"status-publish","4":"has-post-thumbnail","6":"product_cat-raumdufte","8":"first","9":"instock","10":"taxable","11":"shipping-taxable","12":"purchasable","13":"product-type-variable"},"acf":[],"_links":{"self":[{"href":"https:\/\/www.specialscentshop.com\/de\/wp-json\/wp\/v2\/product\/49942","targetHints":{"allow":["GET"]}}],"collection":[{"href":"https:\/\/www.specialscentshop.com\/de\/wp-json\/wp\/v2\/product"}],"about":[{"href":"https:\/\/www.specialscentshop.com\/de\/wp-json\/wp\/v2\/types\/product"}],"wp:featuredmedia":[{"embeddable":true,"href":"https:\/\/www.specialscentshop.com\/de\/wp-json\/wp\/v2\/media\/49814"}],"wp:attachment":[{"href":"https:\/\/www.specialscentshop.com\/de\/wp-json\/wp\/v2\/media?parent=49942"}],"wp:term":[{"taxonomy":"product_brand","embeddable":true,"href":"https:\/\/www.specialscentshop.com\/de\/wp-json\/wp\/v2\/product_brand?post=49942"},{"taxonomy":"product_cat","embeddable":true,"href":"https:\/\/www.specialscentshop.com\/de\/wp-json\/wp\/v2\/product_cat?post=49942"},{"taxonomy":"product_tag","embeddable":true,"href":"https:\/\/www.specialscentshop.com\/de\/wp-json\/wp\/v2\/product_tag?post=49942"}],"curies":[{"name":"wp","href":"https:\/\/api.w.org\/{rel}","templated":true}]}}