{"id":43799,"date":"2022-07-12T21:44:44","date_gmt":"2022-07-12T19:44:44","guid":{"rendered":"https:\/\/www.specialscentshop.com\/parfums-dambiance-drinkfood\/"},"modified":"2026-04-09T09:07:50","modified_gmt":"2026-04-09T07:07:50","slug":"parfums-dambiance-drinkfood","status":"publish","type":"page","link":"https:\/\/www.specialscentshop.com\/fr\/parfums-dambiance-drinkfood\/","title":{"rendered":"Parfums d&#8217;ambiance Drink&amp;Food"},"content":{"rendered":"<div class=\"wpb-content-wrapper\"><p>[vc_row][vc_column][vc_basic_grid post_type=&#8221;product&#8221; max_items=&#8221;&#8221; element_width=&#8221;3&#8243; gap=&#8221;20&#8243; item=&#8221;39137&#8243; initial_loading_animation=&#8221;none&#8221; grid_id=&#8221;vc_gid:1775718436094-1e3d471fda6defc7e345ed43ffbe400d-10&#8243; taxonomies=&#8221;88&#8243;][vc_empty_space][\/vc_column][\/vc_row][vc_row full_width=&#8221;stretch_row_content&#8221; equal_height=&#8221;yes&#8221; content_placement=&#8221;middle&#8221; css=&#8221;.vc_custom_1662718101664{margin-top: -120px !important;}&#8221;][vc_column css=&#8221;.vc_custom_1659388168579{padding-right: 10% !important;padding-left: 10% !important;background-position: center !important;background-repeat: no-repeat !important;background-size: cover !important;}&#8221;][vc_custom_heading text=&#8221;Parfums pour environnements professionnels&#8221; font_container=&#8221;tag:h2|font_size:50px|text_align:center|color:%23efefef|line_height:120px&#8221; google_fonts=&#8221;font_family:Oswald%3A300%2Cregular%2C700|font_style:700%20bold%20regular%3A700%3Anormal&#8221;][vc_custom_heading text=&#8221;Ar\u00f4mes pour le marketing sensoriel&#8221; font_container=&#8221;tag:h4|font_size:44px|text_align:center|color:%239e29b5|line_height:34px&#8221; google_fonts=&#8221;font_family:Dosis%3A200%2C300%2Cregular%2C500%2C600%2C700%2C800|font_style:400%20regular%3A400%3Anormal&#8221; css=&#8221;.vc_custom_1720692788963{margin-top: -40px !important;margin-bottom: 30px !important;padding-top: 5px !important;padding-bottom: 5px !important;}&#8221;][vc_empty_space height=&#8221;40px&#8221;][vc_column_text]<\/p>\n<h3 style=\"text-align: center;\"><em>Parfums pour le marketing sensoriel: Restaurants, Bars, Boulangeries, P\u00e2tisseries, Pizzerias, Bars \u00e0 vin.<\/em><\/h3>\n<p style=\"text-align: left;\">Il est certain que les <strong>ar\u00f4mes pour le <\/strong> marketing alimentaire <strong>sensoriel <\/strong>, li\u00e9s au monde de la restauration et de la grande distribution alimentaire, sont un pilier du monde du marketing olfactif.<\/p>\n<p>Special <strong>Scent <\/strong>commercialise des <strong>parfums d&#8217;ambiance<\/strong> <strong>, des<\/strong> <strong>parfums d&#8217;ambiance<\/strong> <strong>professionnels<\/strong>, li\u00e9s \u00e0 l&#8217;univers de la gastronomie, \u00e0 diffuser avec des diffuseurs de parfum, et avec des syst\u00e8mes de senteurs pour l&#8217;ext\u00e9rieur, afin de stimuler le client (nous vous conseillons de lire les pages sur le <a href=\"https:\/\/www.specialscentshop.com\/fr\/marketing-olfactif\/\">Marketing olfactif<\/a>. C&#8217;est pourquoi Special Scent a cr\u00e9\u00e9 une ligne de <strong>parfums pour les environnements professionnels <\/strong>afin de cr\u00e9er une<strong>atmosph\u00e8re olfactive <\/strong>\u00e0 th\u00e8me.[\/vc_column_text][\/vc_column][\/vc_row][vc_row full_width=&#8221;stretch_row_content&#8221; equal_height=&#8221;yes&#8221; content_placement=&#8221;middle&#8221;][vc_column css=&#8221;.vc_custom_1659387610670{background-image: url(https:\/\/www.specialscentshop.com\/wp-content\/uploads\/2022\/08\/foto-fianco-testo.jpeg?id=34214) !important;background-position: center !important;background-repeat: no-repeat !important;background-size: cover !important;}&#8221; offset=&#8221;vc_col-lg-6 vc_col-md-6&#8243;][vc_empty_space height=&#8221;500px&#8221;][\/vc_column][vc_column css=&#8221;.vc_custom_1485266194533{padding-right: 10% !important;padding-left: 10% !important;background-color: #f3f3f3 !important;}&#8221; offset=&#8221;vc_col-lg-6 vc_col-md-6&#8243;][vc_empty_space height=&#8221;40px&#8221;][vc_single_image image=&#8221;43195&#8243; css=&#8221;.vc_custom_1659947114218{margin-top: -50px !important;margin-bottom: -40px !important;}&#8221;][vc_custom_heading text=&#8221;SENTEUR SP\u00c9CIALE&#8221; font_container=&#8221;tag:h2|font_size:50px|text_align:left|color:%23ffffff|line_height:120px&#8221; google_fonts=&#8221;font_family:Oswald%3A300%2Cregular%2C700|font_style:700%20bold%20regular%3A700%3Anormal&#8221;][vc_custom_heading text=&#8221;PARFUMS D&#8217;AMBIANCE PROFESSIONNELS&#8221; font_container=&#8221;tag:h4|font_size:34px|text_align:left|color:%239e29b5|line_height:34px&#8221; google_fonts=&#8221;font_family:Dosis%3A200%2C300%2Cregular%2C500%2C600%2C700%2C800|font_style:400%20regular%3A400%3Anormal&#8221; css=&#8221;.vc_custom_1725909950492{margin-top: -40px !important;margin-bottom: 30px !important;padding-top: 5px !important;padding-bottom: 5px !important;background-color: #f3f3f3 !important;}&#8221;][vc_column_text]Nos <strong>parfums pour l&#8217;int\u00e9rieur et l&#8217;ext\u00e9rieur<\/strong> sont rigoureusement produits en Italie avec toutes les certifications requises par les normes europ\u00e9ennes. Chaque essence est certifi\u00e9e par l&#8217;IFRA et accompagn\u00e9e d&#8217;une fiche de s\u00e9curit\u00e9 du produit, ce qui nous permet d&#8217;offrir des parfums avec les normes de s\u00e9curit\u00e9 les plus \u00e9lev\u00e9es. Special Scent propose des solutions professionnelles de<strong>parfums<\/strong> et de <strong>fragrances<\/strong> pour le secteur des boissons et de l&#8217;alimentation, afin d&#8217;augmenter les ventes sur le point de vente et, si n\u00e9cessaire, de <strong>masquer les odeurs d\u00e9sagr\u00e9ables<\/strong>. Special Scent pr\u00e9sente un catalogue olfactif pour le marketing olfactif, cr\u00e9\u00e9 pour stimuler l&#8217;odorat de vos clients et encourager la consommation de vos produits alimentaires et de vos boissons. Nous intervenons souvent lorsque les espaces dans les cuisines de vos restaurants sont tr\u00e8s r\u00e9duits, ou lorsque les hottes ne sont pas particuli\u00e8rement performantes, nous r\u00e9solvons ici les <a href=\"https:\/\/www.ilsole24ore.com\/art\/cassazione-puzza-ristorante-e-reato-AEna9neC\" target=\"_blank\" rel=\"noopener\">mauvaises odeurs<\/a> qui arrivent dans la salle \u00e0 manger. Nous sommes \u00e0 votre disposition pour r\u00e9soudre d\u00e9finitivement votre gros probl\u00e8me, contactez-nous pour plus d&#8217;informations.[\/vc_column_text][vc_empty_space height=&#8221;80px&#8221;][\/vc_column][vc_column][\/vc_column][\/vc_row][vc_row][vc_column][vc_column_text]<\/p>\n<h2 class=\"shortcode_title\" style=\"text-align: center;\">O\u00d9 VOUS POUVEZ UTILISER DES PARFUMS ET DES SENTEURS AMBIANTES POUR LES BOISSONS ET LES ALIMENTS<\/h2>\n<p>[\/vc_column_text][vc_empty_space height=&#8221;20px&#8221;][\/vc_column][\/vc_row][vc_row][vc_column width=&#8221;1\/3&#8243;]<div id=\"gambit-hero-box-1\" class=\"hero-box hero-box-effect-sarah\" style=\"background-color: #000000; border-color:#000000; height: ;\"><figure class=\"hero-box-wrapper\"><div class=\"hero-box-img\" style=\"background-image: url(https:\/\/www.specialscentshop.com\/wp-content\/uploads\/2022\/07\/Progetto-senza-titolo-37-1024x683.jpg);\"><\/div><figcaption><div class=\"hero-box-text\"><h3 class=\"hero-box-title\" style=\"\">SPAS - CENTRES DE BIEN-\u00caTRE - CENTRES THERMAUX<\/h3><\/div><a href=\"https:\/\/www.specialscentshop.com\/fr\/parfum-dambiance\/\">View more<\/a><\/figcaption><\/figure><\/div>[vc_empty_space height=&#8221;10px&#8221;][vc_empty_space height=&#8221;10px&#8221;][\/vc_column][vc_column width=&#8221;1\/3&#8243;]<div id=\"gambit-hero-box-2\" class=\"hero-box hero-box-effect-sarah\" style=\"background-color: #000000; border-color:#000000; height: ;\"><figure class=\"hero-box-wrapper\"><div class=\"hero-box-img\" style=\"background-image: url(https:\/\/www.specialscentshop.com\/wp-content\/uploads\/2022\/07\/Progetto-senza-titolo-33-1024x683.jpg);\"><\/div><figcaption><div class=\"hero-box-text\"><h3 class=\"hero-box-title\" style=\"\">B&amp;B - HOTELS<\/h3><\/div><a href=\"https:\/\/www.specialscentshop.com\/fr\/parfums-dhotel\/\">View more<\/a><\/figcaption><\/figure><\/div>[vc_empty_space height=&#8221;10px&#8221;][vc_empty_space height=&#8221;10px&#8221;][\/vc_column][vc_column width=&#8221;1\/3&#8243;]<div id=\"gambit-hero-box-3\" class=\"hero-box hero-box-effect-sarah\" style=\"background-color: #000000; border-color:#000000; height: ;\"><figure class=\"hero-box-wrapper\"><div class=\"hero-box-img\" style=\"background-image: url(https:\/\/www.specialscentshop.com\/wp-content\/uploads\/2022\/08\/immagini-varie-1920x1280-2-1024x683.jpg);\"><\/div><figcaption><div class=\"hero-box-text\"><h3 class=\"hero-box-title\" style=\"\">BARS - SANDWICHES - P\u00c2TISSERIES - PIZZERIAS - BARS \u00c0 VINS<\/h3><\/div><a href=\"https:\/\/www.specialscentshop.com\/fr\/parfums-pour-bars-boulangeries-patisseries-pizzerias-bars-a-vins\/\">View more<\/a><\/figcaption><\/figure><\/div>[vc_empty_space height=&#8221;10px&#8221;][vc_empty_space height=&#8221;10px&#8221;][\/vc_column][\/vc_row][vc_row][vc_column width=&#8221;1\/3&#8243;]<div id=\"gambit-hero-box-4\" class=\"hero-box hero-box-effect-sarah\" style=\"background-color: #000000; border-color:#000000; height: ;\"><figure class=\"hero-box-wrapper\"><div class=\"hero-box-img\" style=\"background-image: url(https:\/\/www.specialscentshop.com\/wp-content\/uploads\/2022\/07\/Progetto-senza-titolo-29-1024x683.jpg);\"><\/div><figcaption><div class=\"hero-box-text\"><h3 class=\"hero-box-title\" style=\"\">CENTRES COMMERCIAUX ET GALERIES - MAGASINS - FOIRES<\/h3><\/div><a href=\"https:\/\/www.specialscentshop.com\/fr\/parfum-dambiance#centres\">View more<\/a><\/figcaption><\/figure><\/div>[vc_empty_space height=&#8221;10px&#8221;][vc_empty_space height=&#8221;10px&#8221;][\/vc_column][vc_column width=&#8221;1\/3&#8243;]<div id=\"gambit-hero-box-5\" class=\"hero-box hero-box-effect-sarah\" style=\"background-color: #000000; border-color:#000000; height: ;\"><figure class=\"hero-box-wrapper\"><div class=\"hero-box-img\" style=\"background-image: url(https:\/\/www.specialscentshop.com\/wp-content\/uploads\/2022\/08\/immagini-varie-1920x1280-9-1024x683.jpg);\"><\/div><figcaption><div class=\"hero-box-text\"><h3 class=\"hero-box-title\" style=\"\">\u00c9V\u00c9NEMENTS - R\u00c9UNIONS - SALLES DE CONF\u00c9RENCE - C\u00c9R\u00c9MONIES<\/h3><\/div><a href=\"https:\/\/www.specialscentshop.com\/fr\/parfum-dambiance-pour-evenements-foires-congres-et-ceremonies\/\">View more<\/a><\/figcaption><\/figure><\/div>[vc_empty_space height=&#8221;10px&#8221;][vc_empty_space height=&#8221;10px&#8221;][\/vc_column][vc_column width=&#8221;1\/3&#8243;]<div id=\"gambit-hero-box-6\" class=\"hero-box hero-box-effect-sarah\" style=\"background-color: #000000; border-color:#000000; height: ;\"><figure class=\"hero-box-wrapper\"><div class=\"hero-box-img\" style=\"background-image: url(https:\/\/www.specialscentshop.com\/wp-content\/uploads\/2022\/08\/immagini-varie-1920x1280-12-1024x683.jpg);\"><\/div><figcaption><div class=\"hero-box-text\"><h3 class=\"hero-box-title\" style=\"\">M\u00c9DICAL - PROFESSIONNEL - PHARMACIES<\/h3><\/div><a href=\"https:\/\/www.specialscentshop.com\/fr\/parfum-dambiance#\u00e9tudes\">View more<\/a><\/figcaption><\/figure><\/div>[vc_empty_space height=&#8221;10px&#8221;][vc_empty_space height=&#8221;10px&#8221;][\/vc_column][\/vc_row][vc_row][vc_column width=&#8221;1\/3&#8243;]<div id=\"gambit-hero-box-7\" class=\"hero-box hero-box-effect-sarah\" style=\"background-color: #000000; border-color:#000000; height: ;\"><figure class=\"hero-box-wrapper\"><div class=\"hero-box-img\" style=\"background-image: url(https:\/\/www.specialscentshop.com\/wp-content\/uploads\/2022\/07\/Progetto-senza-titolo-40-1024x683.jpg);\"><\/div><figcaption><div class=\"hero-box-text\"><h3 class=\"hero-box-title\" style=\"\">CASINOS&#039; - VLT BINGO - SALLES DE JEUX<\/h3><\/div><a href=\"https:\/\/www.specialscentshop.com\/fr\/parfum-dambiance\/#salles\">View more<\/a><\/figcaption><\/figure><\/div>[vc_empty_space height=&#8221;10px&#8221;][vc_empty_space height=&#8221;10px&#8221;][\/vc_column][vc_column width=&#8221;1\/3&#8243;]<div id=\"gambit-hero-box-8\" class=\"hero-box hero-box-effect-sarah\" style=\"background-color: #000000; border-color:#000000; height: ;\"><figure class=\"hero-box-wrapper\"><div class=\"hero-box-img\" style=\"background-image: url(https:\/\/www.specialscentshop.com\/wp-content\/uploads\/2022\/08\/immagini-varie-1920x1280-14-1024x683.jpg);\"><\/div><figcaption><div class=\"hero-box-text\"><h3 class=\"hero-box-title\" style=\"\">VOITURES - CARAVANES - BATEAUX<\/h3><\/div><a href=\"https:\/\/www.specialscentshop.com\/fr\/parfum-dambiance#autovetture\">View more<\/a><\/figcaption><\/figure><\/div>[vc_empty_space height=&#8221;10px&#8221;][vc_empty_space height=&#8221;10px&#8221;][\/vc_column][vc_column width=&#8221;1\/3&#8243;]<div id=\"gambit-hero-box-9\" class=\"hero-box hero-box-effect-sarah\" style=\"background-color: #000000; border-color:#000000; height: ;\"><figure class=\"hero-box-wrapper\"><div class=\"hero-box-img\" style=\"background-image: url(https:\/\/www.specialscentshop.com\/wp-content\/uploads\/2022\/08\/immagini-varie-1920x1280-13-1024x683.jpg);\"><\/div><figcaption><div class=\"hero-box-text\"><h3 class=\"hero-box-title\" style=\"\">APPARTEMENTS - LOFTS<\/h3><\/div><a href=\"https:\/\/www.specialscentshop.com\/en\/environments\/#appartamenti\">View more<\/a><\/figcaption><\/figure><\/div>[vc_empty_space height=&#8221;10px&#8221;][vc_empty_space height=&#8221;10px&#8221;][\/vc_column][\/vc_row][vc_row][vc_column][vc_empty_space height=&#8221;20px&#8221;][\/vc_column][\/vc_row]<\/p>\n<\/div>","protected":false},"excerpt":{"rendered":"<p>[vc_row][vc_column][vc_basic_grid post_type=&#8221;product&#8221; max_items=&#8221;&#8221; element_width=&#8221;3&#8243; gap=&#8221;20&#8243; item=&#8221;39137&#8243; initial_loading_animation=&#8221;none&#8221; grid_id=&#8221;vc_gid:1775718436094-1e3d471fda6defc7e345ed43ffbe400d-10&#8243; taxonomies=&#8221;88&#8243;][vc_empty_space][\/vc_column][\/vc_row][vc_row full_width=&#8221;stretch_row_content&#8221; equal_height=&#8221;yes&#8221; content_placement=&#8221;middle&#8221; css=&#8221;.vc_custom_1662718101664{margin-top: -120px !important;}&#8221;][vc_column css=&#8221;.vc_custom_1659388168579{padding-right: 10% !important;padding-left: 10% !important;background-position: center !important;background-repeat: no-repeat !important;background-size: cover !important;}&#8221;][vc_custom_heading text=&#8221;Parfums pour environnements professionnels&#8221; font_container=&#8221;tag:h2|font_size:50px|text_align:center|color:%23efefef|line_height:120px&#8221; google_fonts=&#8221;font_family:Oswald%3A300%2Cregular%2C700|font_style:700%20bold%20regular%3A700%3Anormal&#8221;][vc_custom_heading text=&#8221;Ar\u00f4mes pour le marketing sensoriel&#8221; font_container=&#8221;tag:h4|font_size:44px|text_align:center|color:%239e29b5|line_height:34px&#8221; google_fonts=&#8221;font_family:Dosis%3A200%2C300%2Cregular%2C500%2C600%2C700%2C800|font_style:400%20regular%3A400%3Anormal&#8221; css=&#8221;.vc_custom_1720692788963{margin-top: -40px !important;margin-bottom: 30px !important;padding-top: 5px !important;padding-bottom: 5px !important;}&#8221;][vc_empty_space height=&#8221;40px&#8221;][vc_column_text] Parfums pour le marketing sensoriel: Restaurants, [&hellip;]<\/p>\n","protected":false},"author":5,"featured_media":42885,"parent":0,"menu_order":0,"comment_status":"closed","ping_status":"closed","template":"","meta":{"_acf_changed":false,"footnotes":""},"class_list":["post-43799","page","type-page","status-publish","has-post-thumbnail","hentry"],"acf":[],"_links":{"self":[{"href":"https:\/\/www.specialscentshop.com\/fr\/wp-json\/wp\/v2\/pages\/43799","targetHints":{"allow":["GET"]}}],"collection":[{"href":"https:\/\/www.specialscentshop.com\/fr\/wp-json\/wp\/v2\/pages"}],"about":[{"href":"https:\/\/www.specialscentshop.com\/fr\/wp-json\/wp\/v2\/types\/page"}],"author":[{"embeddable":true,"href":"https:\/\/www.specialscentshop.com\/fr\/wp-json\/wp\/v2\/users\/5"}],"replies":[{"embeddable":true,"href":"https:\/\/www.specialscentshop.com\/fr\/wp-json\/wp\/v2\/comments?post=43799"}],"version-history":[{"count":1,"href":"https:\/\/www.specialscentshop.com\/fr\/wp-json\/wp\/v2\/pages\/43799\/revisions"}],"predecessor-version":[{"id":50492,"href":"https:\/\/www.specialscentshop.com\/fr\/wp-json\/wp\/v2\/pages\/43799\/revisions\/50492"}],"wp:featuredmedia":[{"embeddable":true,"href":"https:\/\/www.specialscentshop.com\/fr\/wp-json\/wp\/v2\/media\/42885"}],"wp:attachment":[{"href":"https:\/\/www.specialscentshop.com\/fr\/wp-json\/wp\/v2\/media?parent=43799"}],"curies":[{"name":"wp","href":"https:\/\/api.w.org\/{rel}","templated":true}]}}