{"id":44211,"date":"2022-07-12T21:40:50","date_gmt":"2022-07-12T19:40:50","guid":{"rendered":"https:\/\/www.specialscentshop.com\/diffuseurs-dambiance\/"},"modified":"2026-04-09T09:01:44","modified_gmt":"2026-04-09T07:01:44","slug":"diffuseurs-dambiance","status":"publish","type":"page","link":"https:\/\/www.specialscentshop.com\/fr\/diffuseurs-dambiance\/","title":{"rendered":"Diffuseurs d&#8217;ambiance"},"content":{"rendered":"<div class=\"wpb-content-wrapper\"><p>[vc_row][vc_column][vc_basic_grid post_type=&#8221;product&#8221; max_items=&#8221;&#8221; show_filter=&#8221;yes&#8221; element_width=&#8221;3&#8243; gap=&#8221;20&#8243; orderby=&#8221;menu_order&#8221; order=&#8221;ASC&#8221; filter_default_title=&#8221;tutto&#8221; item=&#8221;39158&#8243; initial_loading_animation=&#8221;none&#8221; grid_id=&#8221;vc_gid:1775718030132-ffc470f0ede25e0da11ca8ed0b930429-0&#8243; filter_source=&#8221;product_tag&#8221; taxonomies=&#8221;75&#8243; exclude_filter=&#8221;562, 563, 566, 567&#8243;][vc_empty_space height=&#8221;5px&#8221;][vc_raw_html]JTNDaDIlMjBjbGFzcyUzRCUyMnNob3J0Y29kZV90aXRsZSUyMiUyMHN0eWxlJTNEJTIydGV4dC1hbGlnbiUzQWNlbnRlciUyMiUzRWRpZmZ1c2V1cnMlMjBkJTI3YW1iaWFuY2UlM0MlMkZoMg==[\/vc_raw_html][\/vc_column][\/vc_row][vc_row full_width=&#8221;stretch_row_content&#8221; equal_height=&#8221;yes&#8221; content_placement=&#8221;middle&#8221;][vc_column css=&#8221;.vc_custom_1659387610670{background-image: url(https:\/\/www.specialscentshop.com\/wp-content\/uploads\/2022\/08\/foto-fianco-testo.jpeg?id=34214) !important;background-position: center !important;background-repeat: no-repeat !important;background-size: cover !important;}&#8221; offset=&#8221;vc_col-lg-6 vc_col-md-6&#8243;][vc_empty_space height=&#8221;500px&#8221;][\/vc_column][vc_column css=&#8221;.vc_custom_1485266194533{padding-right: 10% !important;padding-left: 10% !important;background-color: #f3f3f3 !important;}&#8221; offset=&#8221;vc_col-lg-6 vc_col-md-6&#8243;][vc_empty_space height=&#8221;80px&#8221;][vc_custom_heading text=&#8221;SPECIAL SCENT DIFFUSEURS DE PARFUM&#8221; font_container=&#8221;tag:h2|font_size:50px|text_align:left|color:%23ffffff|line_height:90px&#8221; google_fonts=&#8221;font_family:Oswald%3A300%2Cregular%2C700|font_style:700%20bold%20regular%3A700%3Anormal&#8221;][vc_custom_heading text=&#8221;Diffuseurs d&#8217;ambiance&#8221; font_container=&#8221;tag:h4|font_size:34px|text_align:left|color:%239e29b5|line_height:34px&#8221; google_fonts=&#8221;font_family:Dosis%3A200%2C300%2Cregular%2C500%2C600%2C700%2C800|font_style:400%20regular%3A400%3Anormal&#8221; css=&#8221;.vc_custom_1741986571021{margin-top: -40px !important;margin-bottom: 30px !important;padding-top: 5px !important;padding-bottom: 5px !important;background-color: #f3f3f3 !important;}&#8221;][vc_column_text]Notre gamme\u00a0 <strong>Diffuseur de parfum \u00e9lectrique\u00a0<\/strong><b>professionnel <\/b>est la plus large du march\u00e9, pour couvrir les besoins en parfum de vos espaces domestiques et commerciaux, pour les petites et grandes pi\u00e8ces.<\/p>\n<p>Avec diff\u00e9rentes technologies de diffusion, pour vous garantir une efficacit\u00e9 maximale avec une consommation minimale de parfum.<\/p>\n<p>Notre diffuseur d&#8217;ambiance <a href=\"https:\/\/www.specialscentshop.com\/fr\/produit\/nebula-diffuseur-dambiance-rechargeable\/\"><strong>Nebula <\/strong><\/a>vous permet de d\u00e9couvrir le potentiel des senteurs et des parfums diffus\u00e9s dans les pi\u00e8ces.<\/p>\n<p>Nous proposons des <strong>diffuseurs \u00e9lectriques <\/strong> professionnels muraux ou au sol pour toutes sortes de solutions, y compris des diffuseurs plus puissants pour les grandes pi\u00e8ces qui se connectent directement aux syst\u00e8mes de canalisation de l&#8217;air.<\/p>\n<p>Nos <strong>diffuseurs de parfum <\/strong>utilisent la technologie de micro <a href=\"http:\/\/it.wikipedia.org\/wiki\/Nebulizzazione\" target=\"_blank\" rel=\"noopener\">atomisation des<\/a> parfums, ce qui permet au parfum d&#8217;\u00eatre l\u00e9ger et de se r\u00e9pandre uniform\u00e9ment dans l&#8217;espace de diffusion.<\/p>\n<p>De cette mani\u00e8re, tr\u00e8s peu de parfum huileux est consomm\u00e9, le parfum reste dans la pi\u00e8ce plus longtemps et co\u00fbte donc moins cher.<\/p>\n<p>Certains petits diffuseurs de parfum sont aliment\u00e9s par des piles alcalines et peuvent \u00eatre programm\u00e9s facilement et intuitivement.<\/p>\n<p>Ils s&#8217;int\u00e8grent bien dans les petites pi\u00e8ces. Dans tout cela, <strong>Special Scent<\/strong> s&#8217;efforce scrupuleusement de pr\u00e9server l&#8217;environnement, en utilisant ses <strong>diffuseurs de parfum \u00e9lectriques<\/strong> avec 80% de mat\u00e9riaux <a href=\"http:\/\/www.treccani.it\/vocabolario\/riciclabile\/\" target=\"_blank\" rel=\"noopener\">recyclables<\/a>.[\/vc_column_text][vc_empty_space height=&#8221;80px&#8221;][\/vc_column][\/vc_row][vc_row][vc_column][vc_empty_space height=&#8221;80px&#8221;][vc_column_text]<\/p>\n<h2 class=\"shortcode_title\" style=\"text-align: center;\">Diffuseurs d&#8217;ambiance \u00e9lectrique<\/h2>\n<p>[\/vc_column_text][vc_empty_space height=&#8221;20px&#8221;][\/vc_column][\/vc_row][vc_row][vc_column width=&#8221;1\/3&#8243;]<div id=\"gambit-hero-box-1\" class=\"hero-box hero-box-effect-sarah\" style=\"background-color: #000000; border-color:#000000; height: ;\"><figure class=\"hero-box-wrapper\"><div class=\"hero-box-img\" style=\"background-image: url(https:\/\/www.specialscentshop.com\/wp-content\/uploads\/2022\/07\/Progetto-senza-titolo-37-1024x683.jpg);\"><\/div><figcaption><div class=\"hero-box-text\"><h3 class=\"hero-box-title\" style=\"\">SPAS - CENTRES DE BIEN-\u00caTRE - SPAS - SALLES DE SPORT<\/h3><\/div><a href=\"https:\/\/www.specialscentshop.com\/fr\/parfum-dambiance\/#bien-\u00eatre\">View more<\/a><\/figcaption><\/figure><\/div>[vc_empty_space height=&#8221;10px&#8221;][vc_empty_space height=&#8221;10px&#8221;][\/vc_column][vc_column width=&#8221;1\/3&#8243;]<div id=\"gambit-hero-box-2\" class=\"hero-box hero-box-effect-sarah\" style=\"background-color: #000000; border-color:#000000; height: ;\"><figure class=\"hero-box-wrapper\"><div class=\"hero-box-img\" style=\"background-image: url(https:\/\/www.specialscentshop.com\/wp-content\/uploads\/2022\/07\/Progetto-senza-titolo-33-1024x683.jpg);\"><\/div><figcaption><div class=\"hero-box-text\"><h3 class=\"hero-box-title\" style=\"\">B&amp;B - HOTELS<\/h3><\/div><a href=\"https:\/\/www.specialscentshop.com\/fr\/parfum-dambiance\/#h\u00f4tel\">View more<\/a><\/figcaption><\/figure><\/div>[vc_empty_space height=&#8221;10px&#8221;][vc_empty_space height=&#8221;10px&#8221;][\/vc_column][vc_column width=&#8221;1\/3&#8243;]<div id=\"gambit-hero-box-3\" class=\"hero-box hero-box-effect-sarah\" style=\"background-color: #000000; border-color:#000000; height: ;\"><figure class=\"hero-box-wrapper\"><div class=\"hero-box-img\" style=\"background-image: url(https:\/\/www.specialscentshop.com\/wp-content\/uploads\/2022\/08\/immagini-varie-1920x1280-2-1024x683.jpg);\"><\/div><figcaption><div class=\"hero-box-text\"><h3 class=\"hero-box-title\" style=\"\">BARS - BOULANGERIES - P\u00c2TISSERIES - PIZZERIAS - CAVISTES<\/h3><\/div><a href=\"https:\/\/www.specialscentshop.com\/fr\/parfum-dambiance\/#bar\">View more<\/a><\/figcaption><\/figure><\/div>[vc_empty_space height=&#8221;10px&#8221;][vc_empty_space height=&#8221;10px&#8221;][\/vc_column][\/vc_row][vc_row][vc_column width=&#8221;1\/3&#8243;]<div id=\"gambit-hero-box-4\" class=\"hero-box hero-box-effect-sarah\" style=\"background-color: #000000; border-color:#000000; height: ;\"><figure class=\"hero-box-wrapper\"><div class=\"hero-box-img\" style=\"background-image: url(https:\/\/www.specialscentshop.com\/wp-content\/uploads\/2022\/07\/Progetto-senza-titolo-29-1024x683.jpg);\"><\/div><figcaption><div class=\"hero-box-text\"><h3 class=\"hero-box-title\" style=\"\">CENTRES COMMERCIAUX - GALERIES MARCHANDES - MAGASINS - FOIRES COMMERCIALES<\/h3><\/div><a href=\"https:\/\/www.specialscentshop.com\/fr\/parfum-dambiance\/#centres\">View more<\/a><\/figcaption><\/figure><\/div>[vc_empty_space height=&#8221;10px&#8221;][vc_empty_space height=&#8221;10px&#8221;][\/vc_column][vc_column width=&#8221;1\/3&#8243;]<div id=\"gambit-hero-box-5\" class=\"hero-box hero-box-effect-sarah\" style=\"background-color: #000000; border-color:#000000; height: ;\"><figure class=\"hero-box-wrapper\"><div class=\"hero-box-img\" style=\"background-image: url(https:\/\/www.specialscentshop.com\/wp-content\/uploads\/2022\/08\/immagini-varie-1920x1280-9-1024x683.jpg);\"><\/div><figcaption><div class=\"hero-box-text\"><h3 class=\"hero-box-title\" style=\"\">\u00c9V\u00c9NEMENTS - R\u00c9UNIONS - SALLES DE CONF\u00c9RENCE - C\u00c9R\u00c9MONIES<\/h3><\/div><a href=\"https:\/\/www.specialscentshop.com\/fr\/parfum-dambiance\/#\u00e9v\u00e9nements\">View more<\/a><\/figcaption><\/figure><\/div>[vc_empty_space height=&#8221;10px&#8221;][vc_empty_space height=&#8221;10px&#8221;][\/vc_column][vc_column width=&#8221;1\/3&#8243;]<div id=\"gambit-hero-box-6\" class=\"hero-box hero-box-effect-sarah\" style=\"background-color: #000000; border-color:#000000; height: ;\"><figure class=\"hero-box-wrapper\"><div class=\"hero-box-img\" style=\"background-image: url(https:\/\/www.specialscentshop.com\/wp-content\/uploads\/2022\/08\/immagini-varie-1920x1280-12-1024x683.jpg);\"><\/div><figcaption><div class=\"hero-box-text\"><h3 class=\"hero-box-title\" style=\"\">CABINETS M\u00c9DICAUX - CABINETS PROFESSIONNELS - PHARMACIES<\/h3><\/div><a href=\"https:\/\/www.specialscentshop.com\/fr\/diffuseurs-dambiance\/#\u00e9tudes\">View more<\/a><\/figcaption><\/figure><\/div>[vc_empty_space height=&#8221;10px&#8221;][vc_empty_space height=&#8221;10px&#8221;][\/vc_column][\/vc_row][vc_row][vc_column width=&#8221;1\/3&#8243;]<div id=\"gambit-hero-box-7\" class=\"hero-box hero-box-effect-sarah\" style=\"background-color: #000000; border-color:#000000; height: ;\"><figure class=\"hero-box-wrapper\"><div class=\"hero-box-img\" style=\"background-image: url(https:\/\/www.specialscentshop.com\/wp-content\/uploads\/2022\/07\/Progetto-senza-titolo-40-1024x683.jpg);\"><\/div><figcaption><div class=\"hero-box-text\"><h3 class=\"hero-box-title\" style=\"\">CASINOS - VLT - BINGO - SALLES DE JEUX<\/h3><\/div><a href=\"https:\/\/www.specialscentshop.com\/fr\/parfum-dambiance\/#salles\">View more<\/a><\/figcaption><\/figure><\/div>[vc_empty_space height=&#8221;10px&#8221;][vc_empty_space height=&#8221;10px&#8221;][\/vc_column][vc_column width=&#8221;1\/3&#8243;]<div id=\"gambit-hero-box-8\" class=\"hero-box hero-box-effect-sarah\" style=\"background-color: #000000; border-color:#000000; height: ;\"><figure class=\"hero-box-wrapper\"><div class=\"hero-box-img\" style=\"background-image: url(https:\/\/www.specialscentshop.com\/wp-content\/uploads\/2022\/08\/immagini-varie-1920x1280-14-1024x683.jpg);\"><\/div><figcaption><div class=\"hero-box-text\"><h3 class=\"hero-box-title\" style=\"\">VOITURES - CARAVANES - BATEAUX<\/h3><\/div><a href=\"https:\/\/www.specialscentshop.com\/fr\/parfum-dambiance\/#voitures\">View more<\/a><\/figcaption><\/figure><\/div>[vc_empty_space height=&#8221;10px&#8221;][vc_empty_space height=&#8221;10px&#8221;][\/vc_column][vc_column width=&#8221;1\/3&#8243;]<div id=\"gambit-hero-box-9\" class=\"hero-box hero-box-effect-sarah\" style=\"background-color: #000000; border-color:#000000; height: ;\"><figure class=\"hero-box-wrapper\"><div class=\"hero-box-img\" style=\"background-image: url(https:\/\/www.specialscentshop.com\/wp-content\/uploads\/2022\/08\/immagini-varie-1920x1280-13-1024x683.jpg);\"><\/div><figcaption><div class=\"hero-box-text\"><h3 class=\"hero-box-title\" style=\"\">FLATS - LOFTS<\/h3><\/div><a href=\"https:\/\/www.specialscentshop.com\/fr\/parfum-dambiance\/#appartements\">View more<\/a><\/figcaption><\/figure><\/div>[vc_empty_space height=&#8221;10px&#8221;][vc_empty_space height=&#8221;10px&#8221;][\/vc_column][\/vc_row][vc_row][vc_column][vc_empty_space height=&#8221;10px&#8221;][vc_empty_space height=&#8221;50px&#8221;][\/vc_column][\/vc_row][vc_row full_width=&#8221;stretch_row&#8221; equal_height=&#8221;yes&#8221; css=&#8221;.vc_custom_1659416441414{background-color: #e6e7f2 !important;}&#8221;][vc_column css=&#8221;.vc_custom_1485890321478{padding-right: 10% !important;}&#8221;][vc_empty_space height=&#8221;80px&#8221;][vc_custom_heading text=&#8221;Contactez-nous pour les diffuseurs d&#8217;ambiance&#8221; font_container=&#8221;tag:h4|font_size:40px|text_align:left|color:%23333333|line_height:40px&#8221; use_theme_fonts=&#8221;yes&#8221;][vc_empty_space height=&#8221;30px&#8221;][\/vc_column][\/vc_row][vc_row full_width=&#8221;stretch_row&#8221; equal_height=&#8221;yes&#8221; css=&#8221;.vc_custom_1659416450215{background-color: #e6e7f2 !important;}&#8221;][vc_column width=&#8221;2\/3&#8243; css=&#8221;.vc_custom_1485890321478{padding-right: 10% !important;}&#8221;]\n<div class=\"wpcf7 no-js\" id=\"wpcf7-f176-o1\" lang=\"en-US\" dir=\"ltr\" data-wpcf7-id=\"176\">\n<div class=\"screen-reader-response\"><p role=\"status\" aria-live=\"polite\" aria-atomic=\"true\"><\/p> <ul><\/ul><\/div>\n<form action=\"\/fr\/wp-json\/wp\/v2\/pages\/44211#wpcf7-f176-o1\" method=\"post\" class=\"wpcf7-form init\" aria-label=\"Contact form\" novalidate=\"novalidate\" data-status=\"init\">\n<fieldset class=\"hidden-fields-container\"><input type=\"hidden\" name=\"_wpcf7\" value=\"176\" \/><input type=\"hidden\" name=\"_wpcf7_version\" value=\"6.1.5\" \/><input type=\"hidden\" name=\"_wpcf7_locale\" value=\"en_US\" \/><input type=\"hidden\" name=\"_wpcf7_unit_tag\" value=\"wpcf7-f176-o1\" \/><input type=\"hidden\" name=\"_wpcf7_container_post\" value=\"0\" \/><input type=\"hidden\" name=\"_wpcf7_posted_data_hash\" value=\"\" \/><input type=\"hidden\" name=\"_wpcf7_recaptcha_response\" value=\"\" \/>\n<\/fieldset>\n<div class=\"row\">\n\t<div class=\"col-md-4\">\n\t\t<p style=\"margin-bottom: 27px;\"><label>Your Name (required)<\/label><span class=\"wpcf7-form-control-wrap\" data-name=\"your-name\"><input size=\"40\" maxlength=\"400\" class=\"wpcf7-form-control wpcf7-text wpcf7-validates-as-required\" aria-required=\"true\" aria-invalid=\"false\" value=\"\" type=\"text\" name=\"your-name\" \/><\/span>\n\t\t<\/p>\n\t\t<p style=\"margin-bottom: 27px;\"><label>Your Email (required)<\/label><span class=\"wpcf7-form-control-wrap\" data-name=\"your-email\"><input size=\"40\" maxlength=\"400\" class=\"wpcf7-form-control wpcf7-email wpcf7-validates-as-required wpcf7-text wpcf7-validates-as-email\" aria-required=\"true\" aria-invalid=\"false\" value=\"\" type=\"email\" name=\"your-email\" \/><\/span>\n\t\t<\/p>\n\t\t<p style=\"margin-bottom: 27px;\"><label>Subject<\/label><span class=\"wpcf7-form-control-wrap\" data-name=\"your-subject\"><input size=\"40\" maxlength=\"400\" class=\"wpcf7-form-control wpcf7-text\" aria-invalid=\"false\" value=\"\" type=\"text\" name=\"your-subject\" \/><\/span>\n\t\t<\/p>\n\t<\/div>\n\t<div class=\"col-md-8\">\n\t\t<p><label>Your Message<\/label><span class=\"wpcf7-form-control-wrap\" data-name=\"your-message\"><textarea cols=\"40\" rows=\"10\" maxlength=\"2000\" class=\"wpcf7-form-control wpcf7-textarea\" aria-invalid=\"false\" name=\"your-message\"><\/textarea><\/span>\n\t\t<\/p>\n\t<\/div>\n<\/div>\n\n<p><input class=\"wpcf7-form-control wpcf7-submit has-spinner btn btn-color-primary\" type=\"submit\" value=\"SEND A MESSAGE\" \/>\n<\/p><div class=\"wpcf7-response-output\" aria-hidden=\"true\"><\/div>\n<\/form>\n<\/div>\n[vc_empty_space height=&#8221;80px&#8221;][\/vc_column][vc_column width=&#8221;1\/3&#8243; css=&#8221;.vc_custom_1456090660314{padding-right: 15% !important;padding-left: 15% !important;background-color: #f5f5f5 !important;}&#8221;][vc_text_separator title=&#8221;SPECIAL SCENT&#8221; title_align=&#8221;separator_align_left&#8221; align=&#8221;align_left&#8221; color=&#8221;custom&#8221; border_width=&#8221;3&#8243; accent_color=&#8221;#0091c6&#8243; css=&#8221;.vc_custom_1739856730492{margin-bottom: 30px !important;}&#8221;][vc_column_text]Special Scent est une marque appartenant \u00e0 Smart Business Company Kft. Nous sommes pr\u00e9sents sur le march\u00e9 de la parfumerie professionnelle et du marketing olfactif depuis 2014 avec plusieurs distributeurs dans diff\u00e9rentes parties de l&#8217;Europe et du Moyen-Orient. Nos parfumeurs diffusent des parfums gr\u00e2ce \u00e0 un syst\u00e8me d&#8217;atomisation avanc\u00e9, depuis les petites pi\u00e8ces telles que les voitures jusqu&#8217;aux grandes pi\u00e8ces telles que les halls et les bureaux d&#8217;entreprise. Notre soci\u00e9t\u00e9 est en mesure de r\u00e9pondre \u00e0 toute demande de parfumage particuli\u00e8re afin de cr\u00e9er une ambiance agr\u00e9able et unique. Les centres de bien-\u00eatre, les h\u00f4tels, les environnements domestiques, les restaurants, les bureaux, les salles de sport et bien d&#8217;autres lieux peuvent \u00eatre enti\u00e8rement r\u00e9nov\u00e9s gr\u00e2ce \u00e0 nos parfums. Tous nos parfums sont <strong>fabriqu\u00e9s en Italie<\/strong> <strong>et certifi\u00e9s,<\/strong> leur qualit\u00e9 est in\u00e9gal\u00e9e. L&#8217;exp\u00e9rience olfactive que nous vous offrons est un v\u00e9ritable souvenir qui reste grav\u00e9 dans l&#8217;esprit de ceux qui sentent nos parfums.[\/vc_column_text][\/vc_column][\/vc_row][vc_row full_width=&#8221;stretch_row&#8221; equal_height=&#8221;yes&#8221; css=&#8221;.vc_custom_1659416441414{background-color: #e6e7f2 !important;}&#8221;][vc_column css=&#8221;.vc_custom_1485890321478{padding-right: 10% !important;}&#8221;][vc_empty_space height=&#8221;80px&#8221;][\/vc_column][\/vc_row]<\/p>\n<\/div>","protected":false},"excerpt":{"rendered":"<p>[vc_row][vc_column][vc_basic_grid post_type=&#8221;product&#8221; max_items=&#8221;&#8221; show_filter=&#8221;yes&#8221; element_width=&#8221;3&#8243; gap=&#8221;20&#8243; orderby=&#8221;menu_order&#8221; order=&#8221;ASC&#8221; filter_default_title=&#8221;tutto&#8221; item=&#8221;39158&#8243; initial_loading_animation=&#8221;none&#8221; grid_id=&#8221;vc_gid:1775718030132-ffc470f0ede25e0da11ca8ed0b930429-0&#8243; filter_source=&#8221;product_tag&#8221; taxonomies=&#8221;75&#8243; exclude_filter=&#8221;562, 563, 566, 567&#8243;][vc_empty_space height=&#8221;5px&#8221;][vc_raw_html]JTNDaDIlMjBjbGFzcyUzRCUyMnNob3J0Y29kZV90aXRsZSUyMiUyMHN0eWxlJTNEJTIydGV4dC1hbGlnbiUzQWNlbnRlciUyMiUzRWRpZmZ1c2V1cnMlMjBkJTI3YW1iaWFuY2UlM0MlMkZoMg==[\/vc_raw_html][\/vc_column][\/vc_row][vc_row full_width=&#8221;stretch_row_content&#8221; equal_height=&#8221;yes&#8221; content_placement=&#8221;middle&#8221;][vc_column css=&#8221;.vc_custom_1659387610670{background-image: url(https:\/\/www.specialscentshop.com\/wp-content\/uploads\/2022\/08\/foto-fianco-testo.jpeg?id=34214) !important;background-position: center !important;background-repeat: no-repeat !important;background-size: cover !important;}&#8221; offset=&#8221;vc_col-lg-6 vc_col-md-6&#8243;][vc_empty_space height=&#8221;500px&#8221;][\/vc_column][vc_column css=&#8221;.vc_custom_1485266194533{padding-right: 10% !important;padding-left: 10% !important;background-color: #f3f3f3 !important;}&#8221; offset=&#8221;vc_col-lg-6 vc_col-md-6&#8243;][vc_empty_space height=&#8221;80px&#8221;][vc_custom_heading text=&#8221;SPECIAL SCENT DIFFUSEURS DE PARFUM&#8221; font_container=&#8221;tag:h2|font_size:50px|text_align:left|color:%23ffffff|line_height:90px&#8221; google_fonts=&#8221;font_family:Oswald%3A300%2Cregular%2C700|font_style:700%20bold%20regular%3A700%3Anormal&#8221;][vc_custom_heading text=&#8221;Diffuseurs d&#8217;ambiance&#8221; font_container=&#8221;tag:h4|font_size:34px|text_align:left|color:%239e29b5|line_height:34px&#8221; google_fonts=&#8221;font_family:Dosis%3A200%2C300%2Cregular%2C500%2C600%2C700%2C800|font_style:400%20regular%3A400%3Anormal&#8221; [&hellip;]<\/p>\n","protected":false},"author":5,"featured_media":42885,"parent":0,"menu_order":0,"comment_status":"closed","ping_status":"closed","template":"","meta":{"_acf_changed":false,"footnotes":""},"class_list":["post-44211","page","type-page","status-publish","has-post-thumbnail","hentry"],"acf":[],"_links":{"self":[{"href":"https:\/\/www.specialscentshop.com\/fr\/wp-json\/wp\/v2\/pages\/44211","targetHints":{"allow":["GET"]}}],"collection":[{"href":"https:\/\/www.specialscentshop.com\/fr\/wp-json\/wp\/v2\/pages"}],"about":[{"href":"https:\/\/www.specialscentshop.com\/fr\/wp-json\/wp\/v2\/types\/page"}],"author":[{"embeddable":true,"href":"https:\/\/www.specialscentshop.com\/fr\/wp-json\/wp\/v2\/users\/5"}],"replies":[{"embeddable":true,"href":"https:\/\/www.specialscentshop.com\/fr\/wp-json\/wp\/v2\/comments?post=44211"}],"version-history":[{"count":2,"href":"https:\/\/www.specialscentshop.com\/fr\/wp-json\/wp\/v2\/pages\/44211\/revisions"}],"predecessor-version":[{"id":50487,"href":"https:\/\/www.specialscentshop.com\/fr\/wp-json\/wp\/v2\/pages\/44211\/revisions\/50487"}],"wp:featuredmedia":[{"embeddable":true,"href":"https:\/\/www.specialscentshop.com\/fr\/wp-json\/wp\/v2\/media\/42885"}],"wp:attachment":[{"href":"https:\/\/www.specialscentshop.com\/fr\/wp-json\/wp\/v2\/media?parent=44211"}],"curies":[{"name":"wp","href":"https:\/\/api.w.org\/{rel}","templated":true}]}}