{"id":44667,"date":"2022-08-02T08:58:47","date_gmt":"2022-08-02T06:58:47","guid":{"rendered":"https:\/\/www.specialscentshop.com\/enveloppes-et-sacs-a-provisions-en-papier-parfume\/"},"modified":"2026-04-09T09:02:54","modified_gmt":"2026-04-09T07:02:54","slug":"enveloppes-et-sacs-a-provisions-en-papier-parfume","status":"publish","type":"page","link":"https:\/\/www.specialscentshop.com\/fr\/enveloppes-et-sacs-a-provisions-en-papier-parfume\/","title":{"rendered":"Enveloppes et sacs \u00e0 provisions en papier parfum\u00e9"},"content":{"rendered":"<div class=\"wpb-content-wrapper\"><p>[vc_row full_width=&#8221;stretch_row_content&#8221; equal_height=&#8221;yes&#8221; content_placement=&#8221;middle&#8221;][vc_column css=&#8221;.vc_custom_1768672542872{background-image: url(https:\/\/www.specialscentshop.com\/wp-content\/uploads\/2026\/01\/Copia-di-immagini-varie.jpg?id=49500) !important;background-position: center !important;background-repeat: no-repeat !important;background-size: cover !important;}&#8221; offset=&#8221;vc_col-lg-6 vc_col-md-6&#8243;][vc_empty_space height=&#8221;500px&#8221;][\/vc_column][vc_column css=&#8221;.vc_custom_1485266194533{padding-right: 10% !important;padding-left: 10% !important;background-color: #f3f3f3 !important;}&#8221; offset=&#8221;vc_col-lg-6 vc_col-md-6&#8243;][vc_empty_space height=&#8221;80px&#8221;][vc_column_text]<\/p>\n<h3>Un acheteur peut-il faire la diff\u00e9rence ? Oui<\/h3>\n<p>Le sac en papier qui communique votre style porte non seulement votre logo, mais aussi votre parfum. Une exp\u00e9rience sensorielle olfactive qui vous rendra c\u00e9l\u00e8bre pour votre style et votre qualit\u00e9. Certaines marques savent ce que signifie &#8220;faire la diff\u00e9rence&#8221; et votre sac \u00e0 provisions parfum\u00e9 vous distinguera des autres magasins et ateliers.[\/vc_column_text][vc_empty_space height=&#8221;80px&#8221;][\/vc_column][\/vc_row][vc_row full_width=&#8221;stretch_row_content&#8221; equal_height=&#8221;yes&#8221; content_placement=&#8221;middle&#8221;][vc_column css=&#8221;.vc_custom_1485266194533{padding-right: 10% !important;padding-left: 10% !important;background-color: #f3f3f3 !important;}&#8221; offset=&#8221;vc_col-lg-6 vc_col-md-6&#8243;][vc_column_text]<\/p>\n<h3>Impossible de vous oublier<\/h3>\n<p>Le sac de shopping pour les magasins de v\u00eatements, les magasins pour enfants, les papeteries et les ateliers de luxe, ou les magasins de cuir, o\u00f9 l&#8217;odeur du cuir est omnipr\u00e9sente. La robe que vous venez d&#8217;acheter dans votre boutique sera impr\u00e9gn\u00e9e de vous et de l&#8217;atmosph\u00e8re que vous avez cr\u00e9\u00e9e avec votre parfum. La m\u00e9moire olfactive fera revenir les clients.[\/vc_column_text][vc_empty_space height=&#8221;20px&#8221;][\/vc_column][vc_column css=&#8221;.vc_custom_1768672565745{background-image: url(https:\/\/www.specialscentshop.com\/wp-content\/uploads\/2026\/01\/honey.webp?id=49509) !important;background-position: center !important;background-repeat: no-repeat !important;background-size: cover !important;}&#8221; offset=&#8221;vc_col-lg-6 vc_col-md-6&#8243;][vc_empty_space height=&#8221;500px&#8221;][\/vc_column][\/vc_row][vc_row full_width=&#8221;stretch_row_content&#8221; equal_height=&#8221;yes&#8221; content_placement=&#8221;middle&#8221;][vc_column css=&#8221;.vc_custom_1768672592639{background-image: url(https:\/\/www.specialscentshop.com\/wp-content\/uploads\/2026\/01\/shopping-bags.webp?id=49514) !important;background-position: center !important;background-repeat: no-repeat !important;background-size: cover !important;}&#8221; offset=&#8221;vc_col-lg-6 vc_col-md-6&#8243;][vc_empty_space height=&#8221;500px&#8221;][\/vc_column][vc_column css=&#8221;.vc_custom_1485266194533{padding-right: 10% !important;padding-left: 10% !important;background-color: #f3f3f3 !important;}&#8221; offset=&#8221;vc_col-lg-6 vc_col-md-6&#8243;][vc_empty_space height=&#8221;80px&#8221;][vc_column_text]<\/p>\n<h3>Le parfum qui parle de vous<\/h3>\n<p>Vous pouvez personnaliser vos sacs avec votre parfum pr\u00e9f\u00e9r\u00e9. Envoyez-nous la maquette graphique de votre sac et nous le cr\u00e9erons, en choisissant avec vous le parfum le plus appropri\u00e9 qui vous repr\u00e9sente. Votre Marque, votre signature, ne sera plus seulement le logo inscrit sur le sac, mais dans l&#8217;air et dans les maisons de ceux qui auront achet\u00e9 vos produits Chaque produit est exclusivement FABRIQU\u00c9 EN ITALIE[\/vc_column_text][vc_empty_space height=&#8221;80px&#8221;][\/vc_column][\/vc_row][vc_row full_width=&#8221;stretch_row&#8221; equal_height=&#8221;yes&#8221; css=&#8221;.vc_custom_1659416441414{background-color: #e6e7f2 !important;}&#8221;][vc_column css=&#8221;.vc_custom_1485890321478{padding-right: 10% !important;}&#8221;][vc_empty_space height=&#8221;80px&#8221;][vc_custom_heading text=&#8221;Demandez des informations&#8221; font_container=&#8221;tag:h2|font_size:40px|text_align:left|color:%23333333|line_height:40px&#8221; use_theme_fonts=&#8221;yes&#8221;][vc_empty_space height=&#8221;30px&#8221;][\/vc_column][\/vc_row][vc_row full_width=&#8221;stretch_row&#8221; equal_height=&#8221;yes&#8221; css=&#8221;.vc_custom_1659416450215{background-color: #e6e7f2 !important;}&#8221;][vc_column width=&#8221;2\/3&#8243; css=&#8221;.vc_custom_1485890321478{padding-right: 10% !important;}&#8221;][vc_custom_heading text=&#8221;CONTACTEZ-NOUS&#8221; font_container=&#8221;tag:h2|font_size:33px|text_align:left|color:%23333333|line_height:40px&#8221; use_theme_fonts=&#8221;yes&#8221;][vc_custom_heading text=&#8221;CONTACTEZ-NOUS&#8221; font_container=&#8221;tag:h4|font_size:26px|text_align:left|color:%23a8e8e2|line_height:30px&#8221; use_theme_fonts=&#8221;yes&#8221; css=&#8221;.vc_custom_1485270348103{margin-top: -10px !important;margin-bottom: 30px !important;}&#8221;]\n<div class=\"wpcf7 no-js\" id=\"wpcf7-f49147-o1\" lang=\"fr-FR\" dir=\"ltr\" data-wpcf7-id=\"49147\">\n<div class=\"screen-reader-response\"><p role=\"status\" aria-live=\"polite\" aria-atomic=\"true\"><\/p> <ul><\/ul><\/div>\n<form action=\"\/fr\/wp-json\/wp\/v2\/pages\/44667#wpcf7-f49147-o1\" method=\"post\" class=\"wpcf7-form init\" aria-label=\"Formulaire de contact\" novalidate=\"novalidate\" data-status=\"init\">\n<fieldset class=\"hidden-fields-container\"><input type=\"hidden\" name=\"_wpcf7\" value=\"49147\" \/><input type=\"hidden\" name=\"_wpcf7_version\" value=\"6.1.5\" \/><input type=\"hidden\" name=\"_wpcf7_locale\" value=\"fr_FR\" \/><input type=\"hidden\" name=\"_wpcf7_unit_tag\" value=\"wpcf7-f49147-o1\" \/><input type=\"hidden\" name=\"_wpcf7_container_post\" value=\"0\" \/><input type=\"hidden\" name=\"_wpcf7_posted_data_hash\" value=\"\" \/><input type=\"hidden\" name=\"_wpcf7_recaptcha_response\" value=\"\" \/>\n<\/fieldset>\n<div class=\"row\">\n\t<p><label>Nom (obbligatorio)<\/label><span class=\"wpcf7-form-control-wrap\" data-name=\"your-name\"><input size=\"40\" maxlength=\"400\" class=\"wpcf7-form-control wpcf7-text wpcf7-validates-as-required\" aria-required=\"true\" aria-invalid=\"false\" value=\"\" type=\"text\" name=\"your-name\" \/><\/span>\n\t<\/p>\n\t<p><label>Email (obbligatorio)<\/label><span class=\"wpcf7-form-control-wrap\" data-name=\"your-email\"><input size=\"40\" maxlength=\"400\" class=\"wpcf7-form-control wpcf7-email wpcf7-validates-as-required wpcf7-text wpcf7-validates-as-email\" aria-required=\"true\" aria-invalid=\"false\" value=\"\" type=\"email\" name=\"your-email\" \/><\/span>\n\t<\/p>\n\t<p><label>Objet<\/label><span class=\"wpcf7-form-control-wrap\" data-name=\"your-subject\"><input size=\"40\" maxlength=\"400\" class=\"wpcf7-form-control wpcf7-text\" aria-invalid=\"false\" value=\"\" type=\"text\" name=\"your-subject\" \/><\/span>\n\t<\/p>\n\t<p><label>Message<\/label><span class=\"wpcf7-form-control-wrap\" data-name=\"your-message\"><textarea cols=\"40\" rows=\"10\" maxlength=\"2000\" class=\"wpcf7-form-control wpcf7-textarea\" aria-invalid=\"false\" name=\"your-message\"><\/textarea><\/span>\n\t<\/p>\n\n\t<p><input class=\"wpcf7-form-control wpcf7-submit has-spinner btn btn-color-primary\" type=\"submit\" value=\"ENVOYER UN MESSAGE\" \/>\n\t<\/p>\n<\/div><div class=\"wpcf7-response-output\" aria-hidden=\"true\"><\/div>\n<\/form>\n<\/div>\n[vc_empty_space height=&#8221;80px&#8221;][\/vc_column][vc_column width=&#8221;1\/3&#8243; css=&#8221;.vc_custom_1456090660314{padding-right: 15% !important;padding-left: 15% !important;background-color: #f5f5f5 !important;}&#8221;][vc_text_separator title=&#8221;SP\u00c9CIALSCENT&#8221; title_align=&#8221;separator_align_left&#8221; align=&#8221;align_left&#8221; color=&#8221;custom&#8221; border_width=&#8221;3&#8243; accent_color=&#8221;#0091c6&#8243; css=&#8221;.vc_custom_1659416788406{margin-bottom: 30px !important;}&#8221;][vc_column_text]Special Scent est une marque appartenant \u00e0 Smart Business Company Kft dont le si\u00e8ge et le showroom se trouvent \u00e0 Budapest, adresse dans la description. Nous sommes pr\u00e9sents sur le march\u00e9 de la parfumerie et du marketing olfactif depuis 2014 avec plusieurs distributeurs dans diff\u00e9rentes r\u00e9gions d&#8217;Europe et du Moyen-Orient. Nos parfumeurs diffusent des parfums gr\u00e2ce \u00e0 un syst\u00e8me d&#8217;atomisation avanc\u00e9, depuis les petites pi\u00e8ces telles que les voitures jusqu&#8217;aux pi\u00e8ces plus grandes telles que les halls et les bureaux d&#8217;entreprise<a href=\"https:\/\/www.wikipedia.org\/\" target=\"_blank\" rel=\"noopener\">.<\/a> Notre soci\u00e9t\u00e9 est en mesure de r\u00e9pondre \u00e0 toute demande de parfumage particuli\u00e8re afin de cr\u00e9er une ambiance agr\u00e9able et unique. Les centres de bien-\u00eatre, les h\u00f4tels, les maisons, les restaurants, les bureaux, les salles de sport et bien d&#8217;autres lieux peuvent \u00eatre enti\u00e8rement r\u00e9nov\u00e9s gr\u00e2ce \u00e0 nos parfums. Tous nos parfums sont <strong>fabriqu\u00e9s en Italie<\/strong> <strong>et certifi\u00e9s,<\/strong> leur qualit\u00e9 est in\u00e9gal\u00e9e. L&#8217;exp\u00e9rience olfactive que nous vous offrons est un v\u00e9ritable souvenir qui reste grav\u00e9 dans l&#8217;esprit de ceux qui sentent nos parfums.[\/vc_column_text][\/vc_column][\/vc_row][vc_row full_width=&#8221;stretch_row&#8221; equal_height=&#8221;yes&#8221; css=&#8221;.vc_custom_1659416441414{background-color: #e6e7f2 !important;}&#8221;][vc_column css=&#8221;.vc_custom_1485890321478{padding-right: 10% !important;}&#8221;][vc_empty_space height=&#8221;80px&#8221;][\/vc_column][\/vc_row]<\/p>\n<\/div>","protected":false},"excerpt":{"rendered":"<p>[vc_row full_width=&#8221;stretch_row_content&#8221; equal_height=&#8221;yes&#8221; content_placement=&#8221;middle&#8221;][vc_column css=&#8221;.vc_custom_1768672542872{background-image: url(https:\/\/www.specialscentshop.com\/wp-content\/uploads\/2026\/01\/Copia-di-immagini-varie.jpg?id=49500) !important;background-position: center !important;background-repeat: no-repeat !important;background-size: cover !important;}&#8221; offset=&#8221;vc_col-lg-6 vc_col-md-6&#8243;][vc_empty_space height=&#8221;500px&#8221;][\/vc_column][vc_column css=&#8221;.vc_custom_1485266194533{padding-right: 10% !important;padding-left: 10% !important;background-color: #f3f3f3 !important;}&#8221; offset=&#8221;vc_col-lg-6 vc_col-md-6&#8243;][vc_empty_space height=&#8221;80px&#8221;][vc_column_text] Un acheteur peut-il faire la diff\u00e9rence ? Oui Le sac en papier qui communique votre style porte non seulement votre logo, mais aussi votre parfum. Une exp\u00e9rience sensorielle olfactive [&hellip;]<\/p>\n","protected":false},"author":5,"featured_media":42885,"parent":0,"menu_order":0,"comment_status":"closed","ping_status":"closed","template":"","meta":{"_acf_changed":false,"footnotes":""},"class_list":["post-44667","page","type-page","status-publish","has-post-thumbnail","hentry"],"acf":[],"_links":{"self":[{"href":"https:\/\/www.specialscentshop.com\/fr\/wp-json\/wp\/v2\/pages\/44667","targetHints":{"allow":["GET"]}}],"collection":[{"href":"https:\/\/www.specialscentshop.com\/fr\/wp-json\/wp\/v2\/pages"}],"about":[{"href":"https:\/\/www.specialscentshop.com\/fr\/wp-json\/wp\/v2\/types\/page"}],"author":[{"embeddable":true,"href":"https:\/\/www.specialscentshop.com\/fr\/wp-json\/wp\/v2\/users\/5"}],"replies":[{"embeddable":true,"href":"https:\/\/www.specialscentshop.com\/fr\/wp-json\/wp\/v2\/comments?post=44667"}],"version-history":[{"count":1,"href":"https:\/\/www.specialscentshop.com\/fr\/wp-json\/wp\/v2\/pages\/44667\/revisions"}],"predecessor-version":[{"id":50488,"href":"https:\/\/www.specialscentshop.com\/fr\/wp-json\/wp\/v2\/pages\/44667\/revisions\/50488"}],"wp:featuredmedia":[{"embeddable":true,"href":"https:\/\/www.specialscentshop.com\/fr\/wp-json\/wp\/v2\/media\/42885"}],"wp:attachment":[{"href":"https:\/\/www.specialscentshop.com\/fr\/wp-json\/wp\/v2\/media?parent=44667"}],"curies":[{"name":"wp","href":"https:\/\/api.w.org\/{rel}","templated":true}]}}