{"id":44685,"date":"2022-08-02T08:46:29","date_gmt":"2022-08-02T06:46:29","guid":{"rendered":"https:\/\/www.specialscentshop.com\/parfums-dambiance-personnalises\/"},"modified":"2026-04-09T10:54:18","modified_gmt":"2026-04-09T08:54:18","slug":"parfums-dambiance-personnalises","status":"publish","type":"page","link":"https:\/\/www.specialscentshop.com\/fr\/parfums-dambiance-personnalises\/","title":{"rendered":"Parfums d&#8217;ambiance personnalis\u00e9s"},"content":{"rendered":"<div class=\"wpb-content-wrapper\"><p>[vc_row full_width=&#8221;stretch_row_content&#8221; equal_height=&#8221;yes&#8221; content_placement=&#8221;middle&#8221;][vc_column css=&#8221;.vc_custom_1659422656713{background-image: url(https:\/\/www.specialscentshop.com\/wp-content\/uploads\/2022\/08\/profumi-personalizzati.jpeg?id=34251) !important;background-position: center !important;background-repeat: no-repeat !important;background-size: cover !important;}&#8221; offset=&#8221;vc_col-lg-6 vc_col-md-6&#8243;][vc_empty_space height=&#8221;500px&#8221;][\/vc_column][vc_column css=&#8221;.vc_custom_1485266194533{padding-right: 10% !important;padding-left: 10% !important;background-color: #f3f3f3 !important;}&#8221; offset=&#8221;vc_col-lg-6 vc_col-md-6&#8243;][vc_empty_space height=&#8221;40px&#8221;][vc_column_text]<\/p>\n<h2>Parfums d&#8217;ambiance personnalis\u00e9s pour les entreprises<\/h2>\n<p>Nous pouvons <a href=\"https:\/\/it.wikipedia.org\/wiki\/Progettista_di_fragranze\" target=\"_blank\" rel=\"noopener\">cr\u00e9er votre parfum personnalis\u00e9<\/a>. Celui qui vous distinguera de tous les autres. En fonction de votre marque, de votre localisation, de votre personnalit\u00e9, vous pourrez sentir dans l&#8217;air, porter ou faire porter votre parfum \u00e0 travers une exp\u00e9rience olfactive unique. De votre environnement professionnel \u00e0 votre domicile, de votre <a href=\"https:\/\/www.specialscentshop.com\/fr\/enveloppes-et-sacs-a-provisions-en-papier-parfume\/\">sac personnalis\u00e9<\/a> \u00e0 votre voiture, de votre <a href=\"https:\/\/www.specialscentshop.com\/fr\/cartes-de-visite-parfumees\/\">carte de visite<\/a> \u00e0 votre gadget, vous serez reconnaissable partout et dans toutes les situations. Avec nous, vous pouvez cr\u00e9er le <strong>parfum<\/strong> que vous souhaitez. Vous pouvez changer de taille au fil du temps, mais votre style sera toujours unique.<br \/>\nDes \u00e9tudes approfondies ont confirm\u00e9 l&#8217;importance des parfums pour une bonne communication. Chaque produit est exclusivement FABRIQU\u00c9 EN ITALIE.<\/p>\n<p><strong>Nos experts sont \u00e0 votre disposition pour choisir la fragrance qui vous repr\u00e9sente le mieux.<\/strong>[\/vc_column_text][vc_empty_space height=&#8221;40px&#8221;][\/vc_column][\/vc_row][vc_row full_width=&#8221;stretch_row_content&#8221; equal_height=&#8221;yes&#8221; content_placement=&#8221;middle&#8221;][vc_column css=&#8221;.vc_custom_1485266194533{padding-right: 10% !important;padding-left: 10% !important;background-color: #f3f3f3 !important;}&#8221; offset=&#8221;vc_col-lg-6 vc_col-md-6&#8243;][vc_empty_space height=&#8221;80px&#8221;][vc_column_text]<\/p>\n<h3>Un parfum personnalis\u00e9<\/h3>\n<p>ne convient pas seulement \u00e0 votre entreprise, \u00e0 votre image professionnelle, mais peut aussi vous accompagner dans votre vie de tous les jours. Un cadeau parfait pour un ami, une soir\u00e9e de gala organis\u00e9e dans votre maison ou lieu pr\u00e9f\u00e9r\u00e9, une f\u00eate de famille. Le m\u00e9canisme de la <strong>m\u00e9moire olfactive<\/strong> est consid\u00e9r\u00e9 comme l&#8217;un des plus incisifs, en relation avec les 5 sens. <strong>Des senteurs et des odeurs<\/strong> qui nous ram\u00e8nent \u00e0 l&#8217;enfance ou \u00e0 une \u00e9motion. Des parfums qui d\u00e9clenchent des souvenirs. L&#8217;avantage ? La m\u00e9moire olfactive ne s&#8217;estompe jamais. Il est clair que sa force et son intensit\u00e9 dans les souvenirs d\u00e9pendent de l&#8217;impact et de l&#8217;importance qu&#8217;elle a eus dans votre vie.[\/vc_column_text][vc_empty_space height=&#8221;80px&#8221;][\/vc_column][vc_column css=&#8221;.vc_custom_1659713083254{background-image: url(https:\/\/www.specialscentshop.com\/wp-content\/uploads\/2022\/08\/immagini-varie-1920&#215;1280-15.jpg?id=34794) !important;background-position: center !important;background-repeat: no-repeat !important;background-size: cover !important;}&#8221; offset=&#8221;vc_col-lg-6 vc_col-md-6&#8243;][vc_empty_space height=&#8221;500px&#8221;][\/vc_column][\/vc_row][vc_row full_width=&#8221;stretch_row_content&#8221; equal_height=&#8221;yes&#8221; content_placement=&#8221;middle&#8221;][vc_column css=&#8221;.vc_custom_1660044123340{background-image: url(https:\/\/www.specialscentshop.com\/wp-content\/uploads\/2022\/08\/immagini-varie-4.jpg?id=34688) !important;background-position: center !important;background-repeat: no-repeat !important;background-size: cover !important;}&#8221; offset=&#8221;vc_col-lg-6 vc_col-md-6&#8243;][vc_empty_space height=&#8221;500px&#8221;][\/vc_column][vc_column css=&#8221;.vc_custom_1485266194533{padding-right: 10% !important;padding-left: 10% !important;background-color: #f3f3f3 !important;}&#8221; offset=&#8221;vc_col-lg-6 vc_col-md-6&#8243;][vc_empty_space height=&#8221;40px&#8221;][vc_column_text]<\/p>\n<h2>Parfums d&#8217;ambiance personnalis\u00e9s<\/h2>\n<p>Special Scent vous offre l&#8217;opportunit\u00e9 d&#8217;en tirer le meilleur parti en rendant le souvenir ind\u00e9l\u00e9bile dans l&#8217;esprit et le c\u0153ur de vos clients.<br \/>\nUn massage relaxant au SPA, un s\u00e9jour agr\u00e9able \u00e0 l&#8217;h\u00f4tel, un d\u00eener intriguant immerg\u00e9 dans votre signature olfactive : quoi de plus unique ? La<strong>m\u00e9moire olfactive<\/strong> est au c\u0153ur de la strat\u00e9gie de <a href=\"https:\/\/www.specialscentshop.com\/fr\/marketing-olfactif\/\">marketing olfactif<\/a> d&#8217;aujourd&#8217;hui.<\/p>\n<p>Objectif : associer votre <strong>parfum personnalis\u00e9<\/strong> \u00e0 vous et \u00e0 personne d&#8217;autre Strat\u00e9gie de marketing innovante Rester dans la m\u00e9moire des clients et des amis Ambiance renouvel\u00e9e avec un nouveau parfum Retourner votre vie, votre marque et votre entreprise[\/vc_column_text][vc_empty_space height=&#8221;40px&#8221;][\/vc_column][\/vc_row][vc_row full_width=&#8221;stretch_row&#8221; equal_height=&#8221;yes&#8221; css=&#8221;.vc_custom_1659416441414{background-color: #e6e7f2 !important;}&#8221;][vc_column css=&#8221;.vc_custom_1485890321478{padding-right: 10% !important;}&#8221;][vc_empty_space height=&#8221;80px&#8221;][vc_custom_heading text=&#8221;Contactez-nous, notre \u00e9quipe est \u00e0 votre disposition&#8221; font_container=&#8221;tag:h2|font_size:40px|text_align:left|color:%23333333|line_height:40px&#8221; use_theme_fonts=&#8221;yes&#8221;][vc_empty_space height=&#8221;30px&#8221;][\/vc_column][\/vc_row][vc_row full_width=&#8221;stretch_row&#8221; equal_height=&#8221;yes&#8221; css=&#8221;.vc_custom_1659416450215{background-color: #e6e7f2 !important;}&#8221;][vc_column width=&#8221;2\/3&#8243; css=&#8221;.vc_custom_1485890321478{padding-right: 10% !important;}&#8221;][vc_custom_heading text=&#8221;CONTACTEZ-NOUS&#8221; font_container=&#8221;tag:h2|font_size:33px|text_align:left|color:%23333333|line_height:40px&#8221; use_theme_fonts=&#8221;yes&#8221;][vc_custom_heading text=&#8221;CONTACTEZ-NOUS&#8221; font_container=&#8221;tag:h4|font_size:26px|text_align:left|color:%23a8e8e2|line_height:30px&#8221; use_theme_fonts=&#8221;yes&#8221; css=&#8221;.vc_custom_1485270348103{margin-top: -10px !important;margin-bottom: 30px !important;}&#8221;]\n<div class=\"wpcf7 no-js\" id=\"wpcf7-f49147-o1\" lang=\"fr-FR\" dir=\"ltr\" data-wpcf7-id=\"49147\">\n<div class=\"screen-reader-response\"><p role=\"status\" aria-live=\"polite\" aria-atomic=\"true\"><\/p> <ul><\/ul><\/div>\n<form action=\"\/fr\/wp-json\/wp\/v2\/pages\/44685#wpcf7-f49147-o1\" method=\"post\" class=\"wpcf7-form init\" aria-label=\"Formulaire de contact\" novalidate=\"novalidate\" data-status=\"init\">\n<fieldset class=\"hidden-fields-container\"><input type=\"hidden\" name=\"_wpcf7\" value=\"49147\" \/><input type=\"hidden\" name=\"_wpcf7_version\" value=\"6.1.5\" \/><input type=\"hidden\" name=\"_wpcf7_locale\" value=\"fr_FR\" \/><input type=\"hidden\" name=\"_wpcf7_unit_tag\" value=\"wpcf7-f49147-o1\" \/><input type=\"hidden\" name=\"_wpcf7_container_post\" value=\"0\" \/><input type=\"hidden\" name=\"_wpcf7_posted_data_hash\" value=\"\" \/><input type=\"hidden\" name=\"_wpcf7_recaptcha_response\" value=\"\" \/>\n<\/fieldset>\n<div class=\"row\">\n\t<p><label>Nom (obbligatorio)<\/label><span class=\"wpcf7-form-control-wrap\" data-name=\"your-name\"><input size=\"40\" maxlength=\"400\" class=\"wpcf7-form-control wpcf7-text wpcf7-validates-as-required\" aria-required=\"true\" aria-invalid=\"false\" value=\"\" type=\"text\" name=\"your-name\" \/><\/span>\n\t<\/p>\n\t<p><label>Email (obbligatorio)<\/label><span class=\"wpcf7-form-control-wrap\" data-name=\"your-email\"><input size=\"40\" maxlength=\"400\" class=\"wpcf7-form-control wpcf7-email wpcf7-validates-as-required wpcf7-text wpcf7-validates-as-email\" aria-required=\"true\" aria-invalid=\"false\" value=\"\" type=\"email\" name=\"your-email\" \/><\/span>\n\t<\/p>\n\t<p><label>Objet<\/label><span class=\"wpcf7-form-control-wrap\" data-name=\"your-subject\"><input size=\"40\" maxlength=\"400\" class=\"wpcf7-form-control wpcf7-text\" aria-invalid=\"false\" value=\"\" type=\"text\" name=\"your-subject\" \/><\/span>\n\t<\/p>\n\t<p><label>Message<\/label><span class=\"wpcf7-form-control-wrap\" data-name=\"your-message\"><textarea cols=\"40\" rows=\"10\" maxlength=\"2000\" class=\"wpcf7-form-control wpcf7-textarea\" aria-invalid=\"false\" name=\"your-message\"><\/textarea><\/span>\n\t<\/p>\n\n\t<p><input class=\"wpcf7-form-control wpcf7-submit has-spinner btn btn-color-primary\" type=\"submit\" value=\"ENVOYER UN MESSAGE\" \/>\n\t<\/p>\n<\/div><div class=\"wpcf7-response-output\" aria-hidden=\"true\"><\/div>\n<\/form>\n<\/div>\n[vc_empty_space height=&#8221;80px&#8221;][\/vc_column][vc_column width=&#8221;1\/3&#8243; css=&#8221;.vc_custom_1456090660314{padding-right: 15% !important;padding-left: 15% !important;background-color: #f5f5f5 !important;}&#8221;][vc_text_separator title=&#8221;SENTEUR SP\u00c9CIALE&#8221; title_align=&#8221;separator_align_left&#8221; align=&#8221;align_left&#8221; color=&#8221;custom&#8221; border_width=&#8221;3&#8243; accent_color=&#8221;#0091c6&#8243; css=&#8221;.vc_custom_1691823499845{margin-bottom: 30px !important;}&#8221;][vc_column_text]Special Scent est une marque appartenant \u00e0 Smart Business Company Kft. Pr\u00e9sente sur le march\u00e9 des parfums et du marketing olfactif depuis 2014 avec plusieurs distributeurs dans diff\u00e9rentes parties de l&#8217;Europe et du Moyen-Orient. Nos parfumeurs diffusent des parfums gr\u00e2ce \u00e0 un syst\u00e8me d&#8217;atomisation avanc\u00e9, depuis les petites pi\u00e8ces telles que les voitures jusqu&#8217;aux grandes pi\u00e8ces telles que les halls et les bureaux d&#8217;entreprise. Notre soci\u00e9t\u00e9 est en mesure de r\u00e9pondre \u00e0 toute demande de parfumage particuli\u00e8re afin de cr\u00e9er une ambiance agr\u00e9able et unique. Les centres de bien-\u00eatre, les h\u00f4tels, les maisons, les restaurants, les bureaux, les salles de sport et bien d&#8217;autres lieux peuvent \u00eatre enti\u00e8rement r\u00e9nov\u00e9s gr\u00e2ce \u00e0 nos parfums. Tous nos parfums sont <strong>fabriqu\u00e9s en Italie<\/strong> <strong>et certifi\u00e9s,<\/strong> leur qualit\u00e9 est in\u00e9gal\u00e9e. L&#8217;exp\u00e9rience olfactive que nous vous offrons est un v\u00e9ritable souvenir qui reste grav\u00e9 dans l&#8217;esprit de ceux qui sentent nos parfums.[\/vc_column_text][\/vc_column][\/vc_row][vc_row full_width=&#8221;stretch_row&#8221; equal_height=&#8221;yes&#8221; css=&#8221;.vc_custom_1659416441414{background-color: #e6e7f2 !important;}&#8221;][vc_column css=&#8221;.vc_custom_1485890321478{padding-right: 10% !important;}&#8221;][vc_empty_space height=&#8221;80px&#8221;][\/vc_column][\/vc_row]<\/p>\n<\/div>","protected":false},"excerpt":{"rendered":"<p>[vc_row full_width=&#8221;stretch_row_content&#8221; equal_height=&#8221;yes&#8221; content_placement=&#8221;middle&#8221;][vc_column css=&#8221;.vc_custom_1659422656713{background-image: url(https:\/\/www.specialscentshop.com\/wp-content\/uploads\/2022\/08\/profumi-personalizzati.jpeg?id=34251) !important;background-position: center !important;background-repeat: no-repeat !important;background-size: cover !important;}&#8221; offset=&#8221;vc_col-lg-6 vc_col-md-6&#8243;][vc_empty_space height=&#8221;500px&#8221;][\/vc_column][vc_column css=&#8221;.vc_custom_1485266194533{padding-right: 10% !important;padding-left: 10% !important;background-color: #f3f3f3 !important;}&#8221; offset=&#8221;vc_col-lg-6 vc_col-md-6&#8243;][vc_empty_space height=&#8221;40px&#8221;][vc_column_text] Parfums d&#8217;ambiance personnalis\u00e9s pour les entreprises Nous pouvons cr\u00e9er votre parfum personnalis\u00e9. Celui qui vous distinguera de tous les autres. En fonction de votre marque, de votre localisation, de [&hellip;]<\/p>\n","protected":false},"author":5,"featured_media":42885,"parent":0,"menu_order":0,"comment_status":"closed","ping_status":"closed","template":"","meta":{"_acf_changed":false,"footnotes":""},"class_list":["post-44685","page","type-page","status-publish","has-post-thumbnail","hentry"],"acf":[],"_links":{"self":[{"href":"https:\/\/www.specialscentshop.com\/fr\/wp-json\/wp\/v2\/pages\/44685","targetHints":{"allow":["GET"]}}],"collection":[{"href":"https:\/\/www.specialscentshop.com\/fr\/wp-json\/wp\/v2\/pages"}],"about":[{"href":"https:\/\/www.specialscentshop.com\/fr\/wp-json\/wp\/v2\/types\/page"}],"author":[{"embeddable":true,"href":"https:\/\/www.specialscentshop.com\/fr\/wp-json\/wp\/v2\/users\/5"}],"replies":[{"embeddable":true,"href":"https:\/\/www.specialscentshop.com\/fr\/wp-json\/wp\/v2\/comments?post=44685"}],"version-history":[{"count":2,"href":"https:\/\/www.specialscentshop.com\/fr\/wp-json\/wp\/v2\/pages\/44685\/revisions"}],"predecessor-version":[{"id":50524,"href":"https:\/\/www.specialscentshop.com\/fr\/wp-json\/wp\/v2\/pages\/44685\/revisions\/50524"}],"wp:featuredmedia":[{"embeddable":true,"href":"https:\/\/www.specialscentshop.com\/fr\/wp-json\/wp\/v2\/media\/42885"}],"wp:attachment":[{"href":"https:\/\/www.specialscentshop.com\/fr\/wp-json\/wp\/v2\/media?parent=44685"}],"curies":[{"name":"wp","href":"https:\/\/api.w.org\/{rel}","templated":true}]}}