{"id":44693,"date":"2022-08-02T08:31:51","date_gmt":"2022-08-02T06:31:51","guid":{"rendered":"https:\/\/www.specialscentshop.com\/flyers-et-brochures-parfumes\/"},"modified":"2026-04-09T09:03:42","modified_gmt":"2026-04-09T07:03:42","slug":"flyers-et-brochures-parfumes","status":"publish","type":"page","link":"https:\/\/www.specialscentshop.com\/fr\/flyers-et-brochures-parfumes\/","title":{"rendered":"Flyers et brochures parfum\u00e9s"},"content":{"rendered":"<div class=\"wpb-content-wrapper\"><p>[vc_row full_width=&#8221;stretch_row_content&#8221; equal_height=&#8221;yes&#8221; content_placement=&#8221;middle&#8221;][vc_column css=&#8221;.vc_custom_1660037843262{background-image: url(https:\/\/www.specialscentshop.com\/wp-content\/uploads\/2022\/08\/Copia-di-immagini-varie-800-\u00d7-600-px-31.jpg) !important;background-position: center !important;background-repeat: no-repeat !important;background-size: cover !important;}&#8221; offset=&#8221;vc_col-lg-6 vc_col-md-6&#8243;][vc_empty_space height=&#8221;500px&#8221;][\/vc_column][vc_column css=&#8221;.vc_custom_1485266194533{padding-right: 10% !important;padding-left: 10% !important;background-color: #f3f3f3 !important;}&#8221; offset=&#8221;vc_col-lg-6 vc_col-md-6&#8243;][vc_column_text]<strong>Nouvelles strat\u00e9gies de marketing <\/strong><\/p>\n<h3>Flyers et brochures parfum\u00e9s<\/h3>\n<p>Aujourd&#8217;hui encore, le flyer est consid\u00e9r\u00e9 comme une excellente m\u00e9thode de marketing, surtout s&#8217;il s&#8217;agit de pr\u00e9senter un produit lors d&#8217;un expos\u00e9, de promouvoir un \u00e9v\u00e9nement ou d&#8217;annoncer et de faire conna\u00eetre des promotions et des r\u00e9ductions.<br \/>\nIl est certain que le fait de le rendre attrayant vous donnera des points suppl\u00e9mentaires par rapport \u00e0 vos concurrents, et nous ne parlons pas seulement de couleurs et de bon go\u00fbt dans leur cr\u00e9ation, mais aussi et surtout d&#8217;odeur. Avoir un flyer agr\u00e9able et parfum\u00e9 dans les mains est un moyen de dissuasion pour qu&#8217;il ne soit pas jet\u00e9 imm\u00e9diatement.<br \/>\nIl deviendra un excellent rappel et lorsque vos clients ouvriront le tiroir o\u00f9 ils l&#8217;ont laiss\u00e9 ou le sac o\u00f9 il a \u00e9t\u00e9 n\u00e9gligemment rang\u00e9, son odeur leur rappellera la promotion dont ils voulaient profiter ou l&#8217;\u00e9v\u00e9nement auquel ils assistaient et qui risquait d&#8217;expirer, mais surtout ils se souviendront de votre marque. Une publicit\u00e9 r\u00e9solument efficace, agr\u00e9able et unique. Bien plus qu&#8217;un message, un souvenir \u00e0 conserver. Chaque fois que l&#8217;ar\u00f4me sortira de ce papier, il sera impossible de ne pas se souvenir de vous. Le<strong>logo olfactif<\/strong> joue aujourd&#8217;hui un r\u00f4le pr\u00e9pond\u00e9rant dans le marketing.[\/vc_column_text][\/vc_column][\/vc_row][vc_row full_width=&#8221;stretch_row_content&#8221; equal_height=&#8221;yes&#8221; content_placement=&#8221;middle&#8221;][vc_column css=&#8221;.vc_custom_1485266194533{padding-right: 10% !important;padding-left: 10% !important;background-color: #f3f3f3 !important;}&#8221; offset=&#8221;vc_col-lg-6 vc_col-md-6&#8243;][vc_empty_space height=&#8221;40px&#8221;][vc_column_text]<\/p>\n<h3>Dites-moi comment vous parlez et je vous dirai quel est votre parfum<\/h3>\n<p>Gr\u00e2ce \u00e0 l&#8217;\u00e9tude de votre marque, nous pourrons vous conseiller au mieux et choisir ensemble non seulement la fragrance qui vous repr\u00e9sente le mieux, mais aussi vous sugg\u00e9rer les couleurs qui correspondent \u00e0 votre slogan. Le logo olfactif devra vous repr\u00e9senter et vous pr\u00e9senter avant m\u00eame que nous vous connaissions.<\/p>\n<p><strong>Tous les produits sont fabriqu\u00e9s en Italie<\/strong><\/p>\n<p>Special Scent vous offre la possibilit\u00e9 de cr\u00e9er un outil aussi flexible qu&#8217;efficace, qui laisse place \u00e0 votre cr\u00e9ativit\u00e9 et qui est adapt\u00e9 \u00e0 vos clients.<br \/>\nVous pouvez ainsi toucher un grand nombre de personnes. Aujourd&#8217;hui, le <strong>marketing olfactif<\/strong> est consid\u00e9r\u00e9 comme la nouvelle strat\u00e9gie de communication. Ceux qui ont d\u00e9j\u00e0 essay\u00e9 cette m\u00e9thode de communication en ont tir\u00e9 de grands avantages et continuent \u00e0 l&#8217;utiliser pour de nouvelles initiatives.<\/p>\n<p><strong>Faites confiance \u00e0 nos experts !<\/strong><\/p>\n<p>Dans un premier temps, nous vous aiderons \u00e0 construire votre <strong>marque<\/strong> olfactive, afin de mettre en place un marketing olfactif durable pour votre entreprise.[\/vc_column_text][vc_empty_space height=&#8221;80px&#8221;][\/vc_column][vc_column css=&#8221;.vc_custom_1660038265615{background-image: url(https:\/\/www.specialscentshop.com\/wp-content\/uploads\/2022\/08\/Copia-di-immagini-varie-800-\u00d7-600-px-32.jpg?id=35025) !important;background-position: center !important;background-repeat: no-repeat !important;background-size: cover !important;}&#8221; offset=&#8221;vc_col-lg-6 vc_col-md-6&#8243;][vc_empty_space height=&#8221;500px&#8221;][\/vc_column][\/vc_row][vc_row full_width=&#8221;stretch_row_content&#8221; equal_height=&#8221;yes&#8221; content_placement=&#8221;middle&#8221;][vc_column css=&#8221;.vc_custom_1660393734364{background-image: url(https:\/\/www.specialscentshop.com\/wp-content\/uploads\/2022\/08\/Copia-di-immagini-varie-800-\u00d7-600-px-2022-08-13T142603.189.jpg?id=35367) !important;background-position: center !important;background-repeat: no-repeat !important;background-size: cover !important;}&#8221; offset=&#8221;vc_col-lg-6 vc_col-md-6&#8243;][vc_empty_space height=&#8221;500px&#8221;][\/vc_column][vc_column css=&#8221;.vc_custom_1485266194533{padding-right: 10% !important;padding-left: 10% !important;background-color: #f3f3f3 !important;}&#8221; offset=&#8221;vc_col-lg-6 vc_col-md-6&#8243;][vc_empty_space height=&#8221;80px&#8221;][vc_column_text]<\/p>\n<h3><strong>Rester dans l&#8217;air du temps<\/strong><\/h3>\n<p>L <strong>&#8216;odeur attire<\/strong>, cr\u00e9e des \u00e9motions, \u00e9voque des moments inoubliables, pourquoi ne pas rendre votre marque unique et inoubliable elle aussi. \u00c0 ce stade, il est facile de comprendre la valeur strat\u00e9gique que peut prendre un logo olfactif sur le march\u00e9. De nombreuses \u00e9tudes ont confirm\u00e9 qu&#8217;un parfum reste grav\u00e9 dans l&#8217;esprit des gens bien plus qu&#8217;une image. Special Scent est fier de proposer sur un march\u00e9 en pleine expansion des produits innovants qui peuvent garantir une performance inaccessible aux produits classiques. La personnalisation lors de la cr\u00e9ation de vos produits est suivie pas \u00e0 pas par des experts en la mati\u00e8re.<\/p>\n<p><strong>Collaborez avec nous pour cr\u00e9er votre propre flyer parfum\u00e9, nous vous attendons !<\/strong><\/p>\n<p>Nous r\u00e9alisons des projets de marketing olfactif sur mesure, quelle que soit votre activit\u00e9.[\/vc_column_text][vc_empty_space height=&#8221;80px&#8221;][\/vc_column][\/vc_row][vc_row full_width=&#8221;stretch_row&#8221; equal_height=&#8221;yes&#8221; css=&#8221;.vc_custom_1659416441414{background-color: #e6e7f2 !important;}&#8221;][vc_column css=&#8221;.vc_custom_1485890321478{padding-right: 10% !important;}&#8221;][vc_empty_space height=&#8221;80px&#8221;][vc_custom_heading text=&#8221;CONTACTEZ-NOUS &#8211; Nous sommes \u00e0 votre disposition pour toute information&#8221; font_container=&#8221;tag:h2|font_size:40px|text_align:left|color:%23333333|line_height:40px&#8221; use_theme_fonts=&#8221;yes&#8221;][vc_empty_space height=&#8221;30px&#8221;][\/vc_column][\/vc_row][vc_row full_width=&#8221;stretch_row&#8221; equal_height=&#8221;yes&#8221; css=&#8221;.vc_custom_1659416450215{background-color: #e6e7f2 !important;}&#8221;][vc_column width=&#8221;2\/3&#8243; css=&#8221;.vc_custom_1485890321478{padding-right: 10% !important;}&#8221;][vc_custom_heading text=&#8221;CONTACTEZ-NOUS&#8221; font_container=&#8221;tag:h2|font_size:33px|text_align:left|color:%23333333|line_height:40px&#8221; use_theme_fonts=&#8221;yes&#8221;][vc_custom_heading text=&#8221;CONTACTEZ-NOUS&#8221; font_container=&#8221;tag:h4|font_size:26px|text_align:left|color:%23a8e8e2|line_height:30px&#8221; use_theme_fonts=&#8221;yes&#8221; css=&#8221;.vc_custom_1485270348103{margin-top: -10px !important;margin-bottom: 30px !important;}&#8221;]<p class=\"wpcf7-contact-form-not-found\"><strong>Erreur\u00a0:<\/strong> Formulaire de contact non trouv\u00e9\u00a0!<\/p>[vc_empty_space height=&#8221;80px&#8221;][\/vc_column][vc_column width=&#8221;1\/3&#8243; css=&#8221;.vc_custom_1456090660314{padding-right: 15% !important;padding-left: 15% !important;background-color: #f5f5f5 !important;}&#8221;][vc_text_separator title=&#8221;SP\u00c9CIALSCENT&#8221; title_align=&#8221;separator_align_left&#8221; align=&#8221;align_left&#8221; color=&#8221;custom&#8221; border_width=&#8221;3&#8243; accent_color=&#8221;#0091c6&#8243; css=&#8221;.vc_custom_1659416788406{margin-bottom: 30px !important;}&#8221;][vc_column_text]Special Scent est une marque appartenant \u00e0 Smart Business Company Kft. Nous sommes pr\u00e9sents sur le march\u00e9 des parfums d&#8217;ambiance et du marketing olfactif depuis 2014 avec plusieurs distributeurs dans diff\u00e9rentes r\u00e9gions d&#8217;Europe et du Moyen-Orient. Nos parfumeurs diffusent des parfums gr\u00e2ce \u00e0 un syst\u00e8me d&#8217;atomisation avanc\u00e9, depuis les petites pi\u00e8ces telles que les voitures jusqu&#8217;aux grandes pi\u00e8ces telles que les halls et les bureaux d&#8217;entreprise. Notre soci\u00e9t\u00e9 est en mesure de r\u00e9pondre \u00e0 toute demande de parfumage particuli\u00e8re afin de cr\u00e9er une ambiance agr\u00e9able et unique. Les centres de bien-\u00eatre, les h\u00f4tels, les maisons, les restaurants, les bureaux, les salles de sport et bien d&#8217;autres lieux peuvent \u00eatre enti\u00e8rement r\u00e9nov\u00e9s gr\u00e2ce \u00e0 nos parfums. Tous nos parfums sont <strong>fabriqu\u00e9s en Italie<\/strong> <strong>et certifi\u00e9s,<\/strong> leur qualit\u00e9 est in\u00e9gal\u00e9e. L&#8217;exp\u00e9rience olfactive que nous vous offrons est un v\u00e9ritable souvenir qui reste grav\u00e9 dans l&#8217;esprit de ceux qui sentent nos parfums.[\/vc_column_text][\/vc_column][\/vc_row][vc_row full_width=&#8221;stretch_row&#8221; equal_height=&#8221;yes&#8221; css=&#8221;.vc_custom_1659416441414{background-color: #e6e7f2 !important;}&#8221;][vc_column css=&#8221;.vc_custom_1485890321478{padding-right: 10% !important;}&#8221;][vc_empty_space height=&#8221;80px&#8221;][\/vc_column][\/vc_row]<\/p>\n<\/div>","protected":false},"excerpt":{"rendered":"<p>[vc_row full_width=&#8221;stretch_row_content&#8221; equal_height=&#8221;yes&#8221; content_placement=&#8221;middle&#8221;][vc_column css=&#8221;.vc_custom_1660037843262{background-image: url(https:\/\/www.specialscentshop.com\/wp-content\/uploads\/2022\/08\/Copia-di-immagini-varie-800-\u00d7-600-px-31.jpg) !important;background-position: center !important;background-repeat: no-repeat !important;background-size: cover !important;}&#8221; offset=&#8221;vc_col-lg-6 vc_col-md-6&#8243;][vc_empty_space height=&#8221;500px&#8221;][\/vc_column][vc_column css=&#8221;.vc_custom_1485266194533{padding-right: 10% !important;padding-left: 10% !important;background-color: #f3f3f3 !important;}&#8221; offset=&#8221;vc_col-lg-6 vc_col-md-6&#8243;][vc_column_text]Nouvelles strat\u00e9gies de marketing Flyers et brochures parfum\u00e9s Aujourd&#8217;hui encore, le flyer est consid\u00e9r\u00e9 comme une excellente m\u00e9thode de marketing, surtout s&#8217;il s&#8217;agit de pr\u00e9senter un produit lors d&#8217;un expos\u00e9, de [&hellip;]<\/p>\n","protected":false},"author":5,"featured_media":42885,"parent":0,"menu_order":0,"comment_status":"closed","ping_status":"closed","template":"","meta":{"_acf_changed":false,"footnotes":""},"class_list":["post-44693","page","type-page","status-publish","has-post-thumbnail","hentry"],"acf":[],"_links":{"self":[{"href":"https:\/\/www.specialscentshop.com\/fr\/wp-json\/wp\/v2\/pages\/44693","targetHints":{"allow":["GET"]}}],"collection":[{"href":"https:\/\/www.specialscentshop.com\/fr\/wp-json\/wp\/v2\/pages"}],"about":[{"href":"https:\/\/www.specialscentshop.com\/fr\/wp-json\/wp\/v2\/types\/page"}],"author":[{"embeddable":true,"href":"https:\/\/www.specialscentshop.com\/fr\/wp-json\/wp\/v2\/users\/5"}],"replies":[{"embeddable":true,"href":"https:\/\/www.specialscentshop.com\/fr\/wp-json\/wp\/v2\/comments?post=44693"}],"version-history":[{"count":1,"href":"https:\/\/www.specialscentshop.com\/fr\/wp-json\/wp\/v2\/pages\/44693\/revisions"}],"predecessor-version":[{"id":50489,"href":"https:\/\/www.specialscentshop.com\/fr\/wp-json\/wp\/v2\/pages\/44693\/revisions\/50489"}],"wp:featuredmedia":[{"embeddable":true,"href":"https:\/\/www.specialscentshop.com\/fr\/wp-json\/wp\/v2\/media\/42885"}],"wp:attachment":[{"href":"https:\/\/www.specialscentshop.com\/fr\/wp-json\/wp\/v2\/media?parent=44693"}],"curies":[{"name":"wp","href":"https:\/\/api.w.org\/{rel}","templated":true}]}}