{"id":44705,"date":"2022-07-12T21:40:37","date_gmt":"2022-07-12T19:40:37","guid":{"rendered":"https:\/\/www.specialscentshop.com\/marketing-olfactif\/"},"modified":"2026-01-20T11:05:50","modified_gmt":"2026-01-20T10:05:50","slug":"marketing-olfactif","status":"publish","type":"page","link":"https:\/\/www.specialscentshop.com\/fr\/marketing-olfactif\/","title":{"rendered":"Marketing olfactif"},"content":{"rendered":"<div class=\"wpb-content-wrapper\"><p>[vc_row equal_height=&#8221;yes&#8221; content_placement=&#8221;middle&#8221; css=&#8221;.vc_custom_1663841408546{margin-top: -40px !important;}&#8221;][vc_column css=&#8221;.vc_custom_1659379583400{background-position: center !important;background-repeat: no-repeat !important;background-size: cover !important;}&#8221;][vc_custom_heading text=&#8221;SPECIAL SCENT&#8221; font_container=&#8221;tag:h2|font_size:90px|text_align:center|color:rgba(38%2C141%2C193%2C0.19)|line_height:140px&#8221; google_fonts=&#8221;font_family:Oswald%3A300%2Cregular%2C700|font_style:700%20bold%20regular%3A700%3Anormal&#8221; css=&#8221;.vc_custom_1758790937266{margin-top: -40px !important;background-color: #ffffff !important;}&#8221;][vc_custom_heading text=&#8221;Avez-vous d\u00e9j\u00e0 senti un parfum et l&#8217;avez-vous imm\u00e9diatement associ\u00e9 \u00e0 une exp\u00e9rience pass\u00e9e, \u00e0 un lieu ou \u00e0 un moment ?&#8221; font_container=&#8221;tag:h4|font_size:24px|text_align:center|color:%239e29b5|line_height:30px&#8221; google_fonts=&#8221;font_family:Dosis%3A200%2C300%2Cregular%2C500%2C600%2C700%2C800|font_style:400%20regular%3A400%3Anormal&#8221; css=&#8221;.vc_custom_1691649563788{margin-bottom: 30px !important;padding-top: 5px !important;padding-bottom: 5px !important;}&#8221;][vc_column_text]<\/p>\n<p style=\"text-align: left;\">Chaque fois que nous inspirons, nous absorbons des<strong> odeurs<\/strong> qui se d\u00e9gagent de l&#8217;environnement, des objets que nous manipulons, des personnes que nous rencontrons ; elles sont per\u00e7ues et trait\u00e9es par le cerveau, qui les identifie et les associe \u00e0 l&#8217;exp\u00e9rience qu&#8217;il est en train de vivre. Presque inconsciemment, nous nous connectons au monde ext\u00e9rieur par le biais d&#8217;\u00e9motions, d&#8217;<strong> odeurs<\/strong> et de<strong> senteurs<\/strong> qui deviendront, au fil du temps, notre <strong>m\u00e9moire olfactive<\/strong>. Dans notre cas, on parle de <strong>marketing olfactif.<\/strong><\/p>\n<p>[\/vc_column_text][vc_empty_space height=&#8221;30px&#8221;][vc_raw_html]PGgyIGNsYXNzPSJzaG9ydGNvZGVfdGl0bGUiIHN0eWxlPSJ0ZXh0LWFsaWduOmNlbnRlciI+bWFya2V0aW5nIG9sZmFjdGlmPC9oMj4=[\/vc_raw_html][\/vc_column][\/vc_row][vc_row full_width=&#8221;stretch_row_content&#8221; equal_height=&#8221;yes&#8221; content_placement=&#8221;middle&#8221;][vc_column css=&#8221;.vc_custom_1662663723741{background-image: url(https:\/\/www.specialscentshop.com\/wp-content\/uploads\/2022\/08\/ANNUSARE1920x1280-6.jpg?id=34718) !important;background-position: center !important;background-repeat: no-repeat !important;background-size: cover !important;}&#8221; offset=&#8221;vc_col-lg-6 vc_col-md-6&#8243;][vc_empty_space height=&#8221;500px&#8221;][\/vc_column][vc_column css=&#8221;.vc_custom_1485266194533{padding-right: 10% !important;padding-left: 10% !important;background-color: #f3f3f3 !important;}&#8221; offset=&#8221;vc_col-lg-6 vc_col-md-6&#8243;][vc_empty_space height=&#8221;80px&#8221;][vc_column_text]<strong><span style=\"vertical-align: inherit;\"><span style=\"vertical-align: inherit;\">Le marketing olfactif<\/span><\/span><\/strong><span style=\"vertical-align: inherit;\"><span style=\"vertical-align: inherit;\"> a toujours \u00e9t\u00e9 un sujet d&#8217;\u00e9tude pour les chercheurs et les professionnels de divers domaines, afin de mieux comprendre l&#8217;odorat, l&#8217;un des sens les plus d\u00e9velopp\u00e9s de l&#8217;homme, qui influence sans aucun doute nos choix quotidiens et notre mode de vie.<\/span><\/span><\/p>\n<p><span style=\"vertical-align: inherit;\"><span style=\"vertical-align: inherit;\">Ces <strong>exp\u00e9riences olfactives<\/strong> peuvent \u00eatre reproduites, trait\u00e9es et r\u00e9utilis\u00e9es pour am\u00e9liorer non seulement les interactions sociales, le bien-\u00eatre psychophysique et d&#8217;autres aspects de la vie quotidienne, mais aussi pour \u00eatre introduites dans des lieux o\u00f9 il est important que les gens se sentent bien, qu&#8217;ils soient accueillis et que le souvenir de l&#8217;exp\u00e9rience positive reste grav\u00e9 dans leur m\u00e9moire.<\/span><\/span><\/p>\n<p><span style=\"vertical-align: inherit;\"><span style=\"vertical-align: inherit;\">Special Scent \u00e9tudie ce ph\u00e9nom\u00e8ne depuis des ann\u00e9es et, gr\u00e2ce \u00e0 l&#8217;exp\u00e9rience qu&#8217;elle a acquise, elle est aujourd&#8217;hui en mesure non seulement d&#8217;offrir une vaste gamme d&#8217;essences et de parfums, mais aussi de cr\u00e9er des essences et des parfums sur mesure pour r\u00e9pondre \u00e0 n&#8217;importe quel besoin ou r\u00e9alit\u00e9 de production, ce que l&#8217;on appelle le &#8220;marketing olfactif&#8221;.<\/span><\/span><\/p>\n<p><span style=\"vertical-align: inherit;\"><span style=\"vertical-align: inherit;\">Le <strong>marketing<\/strong> olfactif \u00e9tudie et utilise l&#8217;\u00e9norme potentiel des parfums en tant que moyen de communication et fait partie de ces strat\u00e9gies de<strong> parfumage personnalis\u00e9es pour les entreprises qui<\/strong> jouent sur l&#8217;\u00e9vocation des \u00e9motions.<\/span><\/span> qui jouent sur l&#8217;\u00e9vocation d&#8217;\u00e9motions et d&#8217;exp\u00e9riences positives pour le consommateur.<\/p>\n<p><span style=\"vertical-align: inherit;\"><span style=\"vertical-align: inherit;\">Si la marque d&#8217;une entreprise se d\u00e9finit par son logo, l&#8217;ensemble des \u00e9critures, des couleurs et des images qui permettent de l&#8217;identifier dans n&#8217;importe quelle situation, il en va de m\u00eame pour les odeurs, qui permettent de l&#8217;identifier gr\u00e2ce au<\/span><\/span><a href=\"https:\/\/it.wikipedia.org\/wiki\/Branding_sensoriale\" target=\"_blank\" rel=\"noopener\"><strong><span style=\"vertical-align: inherit;\"><span style=\"vertical-align: inherit;\"> logo olfactif<\/span><\/span><\/strong><\/a><span style=\"vertical-align: inherit;\"><span style=\"vertical-align: inherit;\"> la marque de l&#8217;entreprise.<\/span><\/span><\/p>\n<p><span style=\"vertical-align: inherit;\"><span style=\"vertical-align: inherit;\">L&#8217;innovation est \u00e0 l&#8217;ordre du jour et il est n\u00e9cessaire de s&#8217;adapter \u00e0 de nouveaux choix afin d&#8217;\u00eatre comp\u00e9titif sur un march\u00e9 qui r\u00e9compense surtout ceux qui savent \u00e9merger en rendant leur marque unique. Le <strong>marketing sensoriel<\/strong> en est la preuve tangible et nous en sommes conscients gr\u00e2ce aux nombreuses demandes que nous recevons. <\/span><\/span><\/p>\n<p><strong>Ne pas confondre marketing olfactif et parfum d&#8217;ambiance<\/strong><\/p>\n<p>Il s&#8217;agit de deux solutions compl\u00e8tement diff\u00e9rentes, la premi\u00e8re vous aide \u00e0 stimuler les ventes et \u00e0 rendre votre <strong>logo ind\u00e9l\u00e9bile<\/strong> gr\u00e2ce \u00e0 l&#8217;odeur, la seconde vous aide \u00e0 atteindre le bien-\u00eatre psycho-mental dans un environnement commercial, dans des installations de service, et \u00e0 atteindre votre bien-\u00eatre dans votre <a href=\"https:\/\/www.specialscentshop.com\/fr\/parfum-dambiance\/\">environnement<\/a>, \u00e0 la maison, au bureau, etc.<\/p>\n<p><strong><span style=\"vertical-align: inherit;\"><span style=\"vertical-align: inherit;\">Marketing olfactif ce que c&#8217;est :<\/span><\/span><\/strong><\/p>\n<p><span style=\"vertical-align: inherit;\"><span style=\"vertical-align: inherit;\">Recr\u00e9ez dans un magasin de v\u00eatements pour enfants l&#8217;odeur d&#8217;un linge propre et frais, comme pourrait l&#8217;\u00eatre l&#8217;odeur du linge.<\/span><\/span><br \/>\n<span style=\"vertical-align: inherit;\"><span style=\"vertical-align: inherit;\">Dans un cabinet d&#8217;avocats, laissez planer le d\u00e9licat parfum du cuir ou de la peau, synonyme de professionnalisme.<\/span><\/span><\/p>\n<p><span style=\"vertical-align: inherit;\"><span style=\"vertical-align: inherit;\">L&#8217;appel d&#8217;une chaude odeur de Brioche, lorsque vous passez devant un bar, une p\u00e2tisserie, ne stimule-t-il pas imm\u00e9diatement cette envie de manger ? Oui !!! Et c&#8217;est bien l\u00e0 le but ! !! <\/span><\/span><\/p>\n<p><strong><span style=\"vertical-align: inherit;\">Exemples de marketing olfactif :<\/span><\/strong><\/p>\n<p><span style=\"vertical-align: inherit;\"><span style=\"vertical-align: inherit;\">De nombreuses compagnies a\u00e9riennes, comme Air France ou British, utilisent des parfums sp\u00e9ciaux \u00e0 bord pour rendre l&#8217;air plus respirable, plus agr\u00e9able et plus relaxant, ce qui est id\u00e9al pour ceux qui ont peur de prendre l&#8217;avion.<\/span><\/span><\/p>\n<p><span style=\"vertical-align: inherit;\"><span style=\"vertical-align: inherit;\">Sans oublier la c\u00e9l\u00e8bre cha\u00eene de magasins californienne <\/span><\/span><a href=\"https:\/\/www.specialscentshop.com\/prodotto\/profumi-per-ambienti\/profumo-ambiente-woods\/\"><span style=\"vertical-align: inherit;\"><span style=\"vertical-align: inherit;\">Abercrombie <\/span><\/span><\/a><span style=\"vertical-align: inherit;\"><span style=\"vertical-align: inherit;\">dont la plupart d&#8217;entre nous se souviennent pour le parfum enveloppant qui accueille tous ses magasins dans le monde entier<\/span><\/span> Victoria&#8217;s Secret, qui utilise des parfums sp\u00e9cifiques dans ses magasins pour cr\u00e9er une atmosph\u00e8re luxueuse et captivante en accord avec sa marque.[\/vc_column_text][\/vc_column][\/vc_row][vc_row equal_height=&#8221;yes&#8221; content_placement=&#8221;middle&#8221;][vc_column css=&#8221;.vc_custom_1659379583400{background-position: center !important;background-repeat: no-repeat !important;background-size: cover !important;}&#8221;][vc_custom_heading text=&#8221;La m\u00e9moire olfactive de votre entreprise doit rester ind\u00e9l\u00e9bile pour vos clients.&#8221; font_container=&#8221;tag:h4|font_size:24px|text_align:center|color:%239e29b5|line_height:30px&#8221; google_fonts=&#8221;font_family:Dosis%3A200%2C300%2Cregular%2C500%2C600%2C700%2C800|font_style:400%20regular%3A400%3Anormal&#8221; css=&#8221;.vc_custom_1718951120399{margin-bottom: 30px !important;padding-top: 5px !important;padding-bottom: 5px !important;}&#8221;][vc_column_text]<\/p>\n<p style=\"text-align: left;\">Contactez Special Scent pour une consultation approfondie sur vos besoins, chaque secteur de produit n\u00e9cessite une solution de marketing olfactif personnalis\u00e9e.<\/p>\n<p style=\"text-align: left;\">Ne vous inqui\u00e9tez pas, que vous soyez g\u00e9rant d&#8217;un h\u00f4tel, d&#8217;une clinique m\u00e9dicale, d&#8217;un magasin, d&#8217;un ind\u00e9pendant, d&#8217;un traiteur, d&#8217;une boulangerie, d&#8217;une p\u00e2tisserie, d&#8217;un spa, d&#8217;une salle de sport, nous sommes pr\u00eats \u00e0 vous guider dans votre <strong>identit\u00e9 olfactive<\/strong>.<\/p>\n<p>Continuez \u00e0 d\u00e9filer et lisez combien de <strong>exemples de marketing olfactif<\/strong> proposer, pour comprendre que nous pouvons trouver la solution pour vous.[\/vc_column_text][\/vc_column][\/vc_row][vc_row][vc_column][vc_empty_space height=&#8221;80px&#8221;][vc_column_text]<\/p>\n<h3 class=\"shortcode_title\" style=\"text-align: center;\">Marketing olfactif exemple<\/h3>\n<p>[\/vc_column_text][vc_empty_space height=&#8221;20px&#8221;][\/vc_column][\/vc_row][vc_row][vc_column width=&#8221;1\/3&#8243;]<div id=\"gambit-hero-box-1\" class=\"hero-box hero-box-effect-sarah\" style=\"background-color: #000000; border-color:#000000; height: ;\"><figure class=\"hero-box-wrapper\"><div class=\"hero-box-img\" style=\"background-image: url(https:\/\/www.specialscentshop.com\/wp-content\/uploads\/2022\/08\/flyer-profumato.jpeg);\"><\/div><figcaption><div class=\"hero-box-text\"><h3 class=\"hero-box-title\" style=\"\">Mouchettes parfum\u00e9es<\/h3><\/div><a href=\"https:\/\/www.specialscentshop.com\/fr\/flyers-et-brochures-parfumes\/\">View more<\/a><\/figcaption><\/figure><\/div>[vc_empty_space height=&#8221;10px&#8221;][vc_empty_space height=&#8221;10px&#8221;][\/vc_column][vc_column width=&#8221;1\/3&#8243;]<div id=\"gambit-hero-box-2\" class=\"hero-box hero-box-effect-sarah\" style=\"background-color: #000000; border-color:#000000; height: ;\"><figure class=\"hero-box-wrapper\"><div class=\"hero-box-img\" style=\"background-image: url(https:\/\/www.specialscentshop.com\/wp-content\/uploads\/2022\/08\/profumi-personalizzati.jpeg);\"><\/div><figcaption><div class=\"hero-box-text\"><h3 class=\"hero-box-title\" style=\"\">Parfums personnalis\u00e9s<\/h3><\/div><a href=\"https:\/\/www.specialscentshop.com\/fr\/parfums-dambiance-personnalises\/\">View more<\/a><\/figcaption><\/figure><\/div>[vc_empty_space height=&#8221;10px&#8221;][vc_empty_space height=&#8221;10px&#8221;][\/vc_column][vc_column width=&#8221;1\/3&#8243;]<div id=\"gambit-hero-box-3\" class=\"hero-box hero-box-effect-sarah\" style=\"background-color: #000000; border-color:#000000; height: ;\"><figure class=\"hero-box-wrapper\"><div class=\"hero-box-img\" style=\"background-image: url(https:\/\/www.specialscentshop.com\/wp-content\/uploads\/2022\/08\/Copia-di-immagini-varie-800-\u00d7-600-px-2022-08-19T193951.361.jpg);\"><\/div><figcaption><div class=\"hero-box-text\"><h3 class=\"hero-box-title\" style=\"\">Ligne de courtoisie<\/h3><\/div><a href=\"https:\/\/www.specialscentshop.com\/fr\/ligne-de-courtoisie-personnalisee\/\">View more<\/a><\/figcaption><\/figure><\/div>[vc_empty_space height=&#8221;10px&#8221;][\/vc_column][\/vc_row][vc_row][vc_column width=&#8221;1\/2&#8243;]<div id=\"gambit-hero-box-4\" class=\"hero-box hero-box-effect-sarah\" style=\"background-color: #000000; border-color:#000000; height: ;\"><figure class=\"hero-box-wrapper\"><div class=\"hero-box-img\" style=\"background-image: url(https:\/\/www.specialscentshop.com\/wp-content\/uploads\/2022\/08\/buste-di-carta-profumate.jpeg);\"><\/div><figcaption><div class=\"hero-box-text\"><h3 class=\"hero-box-title\" style=\"\">Enveloppes en papier et sacs \u00e0 provisions personnalis\u00e9s<\/h3><\/div><a href=\"https:\/\/www.specialscentshop.com\/fr\/enveloppes-et-sacs-a-provisions-en-papier-parfume\/\">View more<\/a><\/figcaption><\/figure><\/div>[vc_empty_space height=&#8221;10px&#8221;][vc_empty_space height=&#8221;10px&#8221;][\/vc_column][vc_column width=&#8221;1\/2&#8243;]<div id=\"gambit-hero-box-5\" class=\"hero-box hero-box-effect-sarah\" style=\"background-color: #000000; border-color:#000000; height: ;\"><figure class=\"hero-box-wrapper\"><div class=\"hero-box-img\" style=\"background-image: url(https:\/\/www.specialscentshop.com\/wp-content\/uploads\/2022\/08\/Copia-di-immagini-varie-800-\u00d7-600-px-2022-08-19T200504.889.jpg);\"><\/div><figcaption><div class=\"hero-box-text\"><h3 class=\"hero-box-title\" style=\"\">Cartes de visite parfum\u00e9es<\/h3><\/div><a href=\"https:\/\/www.specialscentshop.com\/fr\/enveloppes-et-sacs-a-provisions-en-papier-parfume\/\">View more<\/a><\/figcaption><\/figure><\/div>[vc_empty_space height=&#8221;10px&#8221;][vc_empty_space height=&#8221;10px&#8221;][\/vc_column][\/vc_row][vc_row full_width=&#8221;stretch_row&#8221; equal_height=&#8221;yes&#8221; css=&#8221;.vc_custom_1659416441414{background-color: #e6e7f2 !important;}&#8221;][vc_column css=&#8221;.vc_custom_1485890321478{padding-right: 10% !important;}&#8221;][vc_empty_space height=&#8221;80px&#8221;][vc_custom_heading text=&#8221;Contactez-nous pour plus d&#8217;informations&#8221; font_container=&#8221;tag:h6|font_size:40px|text_align:left|color:%23333333|line_height:40px&#8221; use_theme_fonts=&#8221;yes&#8221;][vc_empty_space height=&#8221;30px&#8221;][\/vc_column][\/vc_row][vc_row full_width=&#8221;stretch_row&#8221; equal_height=&#8221;yes&#8221; css=&#8221;.vc_custom_1659416450215{background-color: #e6e7f2 !important;}&#8221;][vc_column width=&#8221;2\/3&#8243; css=&#8221;.vc_custom_1485890321478{padding-right: 10% !important;}&#8221;][vc_custom_heading text=&#8221;CONTACTS&#8221; font_container=&#8221;tag:h2|font_size:33px|text_align:left|color:%23333333|line_height:40px&#8221; use_theme_fonts=&#8221;yes&#8221;][vc_custom_heading text=&#8221;REMPLISSEZ LES CHAMPS OBLIGATOIRES&#8221; font_container=&#8221;tag:h4|font_size:26px|text_align:left|color:%23a8e8e2|line_height:30px&#8221; use_theme_fonts=&#8221;yes&#8221; css=&#8221;.vc_custom_1662663487819{margin-top: -10px !important;margin-bottom: 30px !important;}&#8221;]\n<div class=\"wpcf7 no-js\" id=\"wpcf7-f49147-o1\" lang=\"fr-FR\" dir=\"ltr\" data-wpcf7-id=\"49147\">\n<div class=\"screen-reader-response\"><p role=\"status\" aria-live=\"polite\" aria-atomic=\"true\"><\/p> <ul><\/ul><\/div>\n<form action=\"\/fr\/wp-json\/wp\/v2\/pages\/44705#wpcf7-f49147-o1\" method=\"post\" class=\"wpcf7-form init\" aria-label=\"Formulaire de contact\" novalidate=\"novalidate\" data-status=\"init\">\n<fieldset class=\"hidden-fields-container\"><input type=\"hidden\" name=\"_wpcf7\" value=\"49147\" \/><input type=\"hidden\" name=\"_wpcf7_version\" value=\"6.1.5\" \/><input type=\"hidden\" name=\"_wpcf7_locale\" value=\"fr_FR\" \/><input type=\"hidden\" name=\"_wpcf7_unit_tag\" value=\"wpcf7-f49147-o1\" \/><input type=\"hidden\" name=\"_wpcf7_container_post\" value=\"0\" \/><input type=\"hidden\" name=\"_wpcf7_posted_data_hash\" value=\"\" \/><input type=\"hidden\" name=\"_wpcf7_recaptcha_response\" value=\"\" \/>\n<\/fieldset>\n<div class=\"row\">\n\t<p><label>Nom (obbligatorio)<\/label><span class=\"wpcf7-form-control-wrap\" data-name=\"your-name\"><input size=\"40\" maxlength=\"400\" class=\"wpcf7-form-control wpcf7-text wpcf7-validates-as-required\" aria-required=\"true\" aria-invalid=\"false\" value=\"\" type=\"text\" name=\"your-name\" \/><\/span>\n\t<\/p>\n\t<p><label>Email (obbligatorio)<\/label><span class=\"wpcf7-form-control-wrap\" data-name=\"your-email\"><input size=\"40\" maxlength=\"400\" class=\"wpcf7-form-control wpcf7-email wpcf7-validates-as-required wpcf7-text wpcf7-validates-as-email\" aria-required=\"true\" aria-invalid=\"false\" value=\"\" type=\"email\" name=\"your-email\" \/><\/span>\n\t<\/p>\n\t<p><label>Objet<\/label><span class=\"wpcf7-form-control-wrap\" data-name=\"your-subject\"><input size=\"40\" maxlength=\"400\" class=\"wpcf7-form-control wpcf7-text\" aria-invalid=\"false\" value=\"\" type=\"text\" name=\"your-subject\" \/><\/span>\n\t<\/p>\n\t<p><label>Message<\/label><span class=\"wpcf7-form-control-wrap\" data-name=\"your-message\"><textarea cols=\"40\" rows=\"10\" maxlength=\"2000\" class=\"wpcf7-form-control wpcf7-textarea\" aria-invalid=\"false\" name=\"your-message\"><\/textarea><\/span>\n\t<\/p>\n\n\t<p><input class=\"wpcf7-form-control wpcf7-submit has-spinner btn btn-color-primary\" type=\"submit\" value=\"ENVOYER UN MESSAGE\" \/>\n\t<\/p>\n<\/div><div class=\"wpcf7-response-output\" aria-hidden=\"true\"><\/div>\n<\/form>\n<\/div>\n[vc_empty_space height=&#8221;80px&#8221;][\/vc_column][vc_column width=&#8221;1\/3&#8243; css=&#8221;.vc_custom_1456090660314{padding-right: 15% !important;padding-left: 15% !important;background-color: #f5f5f5 !important;}&#8221;][vc_text_separator title=&#8221;SPECIAL SCENT&#8221; title_align=&#8221;separator_align_left&#8221; align=&#8221;align_left&#8221; color=&#8221;custom&#8221; border_width=&#8221;3&#8243; accent_color=&#8221;#0091c6&#8243; css=&#8221;.vc_custom_1739858616926{margin-bottom: 30px !important;}&#8221;][vc_column_text]Special scent est une marque appartenant \u00e0 Smart Business Company Kft, pr\u00e9sente sur le march\u00e9 de la parfumerie d&#8217;ambiance et du marketing olfactif depuis 2014, avec des distributeurs professionnels dans diff\u00e9rentes r\u00e9gions d&#8217;Europe et du Moyen-Orient. Nos parfumeurs diffusent des parfums gr\u00e2ce \u00e0 un syst\u00e8me d&#8217;atomisation avanc\u00e9, depuis les petites pi\u00e8ces, comme les voitures, jusqu&#8217;aux grandes pi\u00e8ces comme les halls et les bureaux d&#8217;entreprise. Notre soci\u00e9t\u00e9 est en mesure de r\u00e9pondre \u00e0 toute demande de fragrance particuli\u00e8re afin de cr\u00e9er une ambiance agr\u00e9able et unique. Les centres de bien-\u00eatre, les h\u00f4tels, les environnements domestiques, les restaurants, les bureaux, les salles de sport et bien d&#8217;autres lieux peuvent \u00eatre enti\u00e8rement r\u00e9nov\u00e9s avec nos parfums. Tous nos parfums sont <strong>fabriqu\u00e9s en Italie<\/strong> <strong>et certifi\u00e9s,<\/strong> leur qualit\u00e9 est in\u00e9gal\u00e9e. L&#8217;exp\u00e9rience olfactive que nous vous offrons est un v\u00e9ritable souvenir qui reste grav\u00e9 dans l&#8217;esprit de ceux qui sentent nos parfums.[\/vc_column_text][\/vc_column][\/vc_row][vc_row full_width=&#8221;stretch_row&#8221; equal_height=&#8221;yes&#8221; css=&#8221;.vc_custom_1670954511018{background-color: #e6e7f2 !important;}&#8221;][vc_column css=&#8221;.vc_custom_1485890321478{padding-right: 10% !important;}&#8221;][vc_empty_space height=&#8221;80px&#8221;][\/vc_column][\/vc_row]<\/p>\n<\/div>","protected":false},"excerpt":{"rendered":"<p>[vc_row equal_height=&#8221;yes&#8221; content_placement=&#8221;middle&#8221; css=&#8221;.vc_custom_1663841408546{margin-top: -40px !important;}&#8221;][vc_column css=&#8221;.vc_custom_1659379583400{background-position: center !important;background-repeat: no-repeat !important;background-size: cover !important;}&#8221;][vc_custom_heading text=&#8221;SPECIAL SCENT&#8221; font_container=&#8221;tag:h2|font_size:90px|text_align:center|color:rgba(38%2C141%2C193%2C0.19)|line_height:140px&#8221; google_fonts=&#8221;font_family:Oswald%3A300%2Cregular%2C700|font_style:700%20bold%20regular%3A700%3Anormal&#8221; css=&#8221;.vc_custom_1758790937266{margin-top: -40px !important;background-color: #ffffff !important;}&#8221;][vc_custom_heading text=&#8221;Avez-vous d\u00e9j\u00e0 senti un parfum et l&#8217;avez-vous imm\u00e9diatement associ\u00e9 \u00e0 une exp\u00e9rience pass\u00e9e, \u00e0 un lieu ou \u00e0 un moment ?&#8221; font_container=&#8221;tag:h4|font_size:24px|text_align:center|color:%239e29b5|line_height:30px&#8221; google_fonts=&#8221;font_family:Dosis%3A200%2C300%2Cregular%2C500%2C600%2C700%2C800|font_style:400%20regular%3A400%3Anormal&#8221; css=&#8221;.vc_custom_1691649563788{margin-bottom: 30px !important;padding-top: 5px !important;padding-bottom: 5px !important;}&#8221;][vc_column_text] Chaque fois que [&hellip;]<\/p>\n","protected":false},"author":5,"featured_media":0,"parent":0,"menu_order":0,"comment_status":"closed","ping_status":"closed","template":"","meta":{"_acf_changed":false,"footnotes":""},"class_list":["post-44705","page","type-page","status-publish","hentry"],"acf":[],"_links":{"self":[{"href":"https:\/\/www.specialscentshop.com\/fr\/wp-json\/wp\/v2\/pages\/44705","targetHints":{"allow":["GET"]}}],"collection":[{"href":"https:\/\/www.specialscentshop.com\/fr\/wp-json\/wp\/v2\/pages"}],"about":[{"href":"https:\/\/www.specialscentshop.com\/fr\/wp-json\/wp\/v2\/types\/page"}],"author":[{"embeddable":true,"href":"https:\/\/www.specialscentshop.com\/fr\/wp-json\/wp\/v2\/users\/5"}],"replies":[{"embeddable":true,"href":"https:\/\/www.specialscentshop.com\/fr\/wp-json\/wp\/v2\/comments?post=44705"}],"version-history":[{"count":0,"href":"https:\/\/www.specialscentshop.com\/fr\/wp-json\/wp\/v2\/pages\/44705\/revisions"}],"wp:attachment":[{"href":"https:\/\/www.specialscentshop.com\/fr\/wp-json\/wp\/v2\/media?parent=44705"}],"curies":[{"name":"wp","href":"https:\/\/api.w.org\/{rel}","templated":true}]}}