{"id":45177,"date":"2022-12-13T19:34:35","date_gmt":"2022-12-13T18:34:35","guid":{"rendered":"https:\/\/www.specialscentshop.com\/parfums-dhotel\/"},"modified":"2026-04-09T09:10:40","modified_gmt":"2026-04-09T07:10:40","slug":"parfums-dhotel","status":"publish","type":"page","link":"https:\/\/www.specialscentshop.com\/fr\/parfums-dhotel\/","title":{"rendered":"Parfums d&#8217;h\u00f4tel"},"content":{"rendered":"<div class=\"wpb-content-wrapper\"><p>[vc_row full_width=&#8221;stretch_row_content&#8221; equal_height=&#8221;yes&#8221; rtl_reverse=&#8221;yes&#8221; content_placement=&#8221;middle&#8221;][vc_column css=&#8221;.vc_custom_1661955641580{padding-right: 10% !important;padding-left: 10% !important;background-color: #d6d6d6 !important;}&#8221; offset=&#8221;vc_col-lg-6 vc_col-md-6 vc_hidden-sm vc_hidden-xs&#8221;][vc_empty_space height=&#8221;80px&#8221;][vc_custom_heading text=&#8221;Special Scent&#8221; font_container=&#8221;tag:h2|font_size:40px|text_align:left|color:%23ededed|line_height:90px&#8221; google_fonts=&#8221;font_family:Oswald%3A300%2Cregular%2C700|font_style:700%20bold%20regular%3A700%3Anormal&#8221;][vc_custom_heading text=&#8221;parfum d&#8217;ambiance hotel&#8221; font_container=&#8221;tag:h2|font_size:30px|text_align:left|color:%23ffffff|line_height:34px&#8221; google_fonts=&#8221;font_family:Dosis%3A200%2C300%2Cregular%2C500%2C600%2C700%2C800|font_style:400%20regular%3A400%3Anormal&#8221; css=&#8221;.vc_custom_1756147455277{margin-top: -40px !important;margin-bottom: 30px !important;padding-top: 5px !important;padding-bottom: 5px !important;background-color: #d6d6d6 !important;}&#8221;][vc_column_text]L&#8217;utilisation de <strong>parfum d&#8217;ambiance hotel <\/strong>peut influencer directement la fa\u00e7on dont votre h\u00f4tel est per\u00e7u et m\u00e9moris\u00e9. Special Scent, gr\u00e2ce \u00e0 ses d\u00e9cennies d&#8217;exp\u00e9rience dans le domaine de la <strong>parfumerie d&#8217;ambiance pour les \u00e9tablissements h\u00f4teliers,<\/strong> recommande ce qu&#8217;il y a de mieux pour la structure, en trouvant l&#8217;application id\u00e9ale des <strong>parfums d&#8217;ambiance hotel,<\/strong> pour chacun de vos espaces, avec les technologies les plus innovantes du march\u00e9. Des <strong>diffuseurs <\/strong>exclusifs <strong>pour l&#8217;h\u00f4tellerie <\/strong>avec t\u00e9l\u00e9commande <strong>Wi-Fi<\/strong> et Bluetooth, vous permettant de g\u00e9rer soigneusement la consommation de parfums d&#8217;ambiance, afin de ne pas cr\u00e9er un environnement satur\u00e9 de parfums, permettant \u00e0 votre client un maximum de confort et de d\u00e9tente. Si vous \u00eates en train de concevoir un syst\u00e8me de climatisation, ou de r\u00e9nover un syst\u00e8me existant, nous conseillerons votre installateur, votre technicien de maintenance, sur les <strong>syst\u00e8mes de diffusion de<\/strong> senteurs \u00e0 utiliser pour parfumer de mani\u00e8re homog\u00e8ne votre \u00e9tablissement. Avec plusieurs syst\u00e8mes de <strong>diffusion d&#8217;ar\u00f4mes d&#8217;<\/strong> air disponibles, y compris des<a href=\"https:\/\/www.specialscentshop.com\/fr\/systeme-de-diffusion-de-parfum-dambiance-par-canalisation\/\"> unit\u00e9s autonomes<\/a>et des<a href=\"https:\/\/www.specialscentshop.com\/fr\/systeme-de-diffusion-de-parfum-dambiance-par-canalisation\/\"> unit\u00e9s<\/a>connect\u00e9es au <a href=\"https:\/\/www.lg.com\/it\/magazine\/hvac-significato-come-funzionano-impianti\/\" target=\"_blank\" rel=\"noopener\">syst\u00e8me HVAC<\/a>, la diffusion de parfums dans votre h\u00f4tel n&#8217;a jamais \u00e9t\u00e9 aussi facile. \u00c9liminez de vos chambres ces <strong>diffuseurs en verre<\/strong> \u00e0 la diffusion limit\u00e9e et aux co\u00fbts injustifi\u00e9s. Demandez une consultation gratuite, nous sommes s\u00fbrs de pouvoir vous proposer une solution parfaite pour vos clients. Les r\u00e9alit\u00e9s de l&#8217;h\u00f4tellerie dans le monde entier et celle-ci ; elles utilisent les <strong>parfums \u00e0 leur avantage<\/strong>, sachant qu&#8217;un parfum distinctif laisse une impression vraiment durable sur les clients qui reste vive longtemps apr\u00e8s la fin de leur s\u00e9jour.[\/vc_column_text][vc_btn title=&#8221;D\u00c9COUVREZ LES CONF\u00c9RENCIERS DE L&#8217;H\u00d4TEL&#8221; link=&#8221;url:https%3A%2F%2Fwww.specialscentshop.com%2Ffr%2Fdiffuseurs-dambiance%2F|title:Diffuseurs%20de%20parfum|&#8221;][vc_empty_space height=&#8221;80px&#8221;][\/vc_column][vc_column css=&#8221;.vc_custom_1671012788359{background: #d6d6d6 url(https:\/\/www.specialscentshop.com\/wp-content\/uploads\/2022\/12\/hotel-hall-profumi-profumazione-albergo.jpg?id=38723) !important;background-position: center !important;background-repeat: no-repeat !important;background-size: cover !important;}&#8221; offset=&#8221;vc_col-lg-6 vc_col-md-6 vc_hidden-sm vc_hidden-xs&#8221;][vc_empty_space height=&#8221;500px&#8221;][vc_raw_html]JTNDaDIlMjBjbGFzcyUzRCUyMnNob3J0Y29kZV90aXRsZSUyMiUyMHN0eWxlJTNEJTIydGV4dC1hbGlnbiUzQWNlbnRlciUyMiUzRVBhcmZ1bSUyMGQlMjdhbWJpYW5jZSUyMGhvdGVsJTNDJTJGaDIlM0U=[\/vc_raw_html][\/vc_column][\/vc_row][vc_row full_width=&#8221;stretch_row_content&#8221; equal_height=&#8221;yes&#8221; rtl_reverse=&#8221;yes&#8221; content_placement=&#8221;middle&#8221;][vc_column css=&#8221;.vc_custom_1670956981060{background: #d6d6d6 url(https:\/\/www.specialscentshop.com\/wp-content\/uploads\/2022\/12\/profumi-fragranze-per-hotel.jpg?id=38726) !important;background-position: center !important;background-repeat: no-repeat !important;background-size: cover !important;}&#8221; offset=&#8221;vc_col-lg-6 vc_col-md-6 vc_hidden-sm vc_hidden-xs&#8221;][vc_empty_space height=&#8221;500px&#8221;][\/vc_column][vc_column css=&#8221;.vc_custom_1670953674390{padding-right: 10% !important;padding-left: 10% !important;}&#8221; offset=&#8221;vc_col-lg-6 vc_col-md-6 vc_hidden-sm vc_hidden-xs&#8221;][vc_empty_space height=&#8221;80px&#8221;][vc_custom_heading text=&#8221;Special Scent&#8221; font_container=&#8221;tag:h2|font_size:40px|text_align:left|color:%23ededed|line_height:90px&#8221; google_fonts=&#8221;font_family:Oswald%3A300%2Cregular%2C700|font_style:700%20bold%20regular%3A700%3Anormal&#8221;][vc_custom_heading text=&#8221;Parfums pour h\u00f4tels&#8221; font_container=&#8221;tag:h4|font_size:30px|text_align:left|color:%23bfbfbf|line_height:34px&#8221; google_fonts=&#8221;font_family:Dosis%3A200%2C300%2Cregular%2C500%2C600%2C700%2C800|font_style:400%20regular%3A400%3Anormal&#8221; css=&#8221;.vc_custom_1729959064466{margin-top: -40px !important;margin-bottom: 30px !important;padding-top: 5px !important;padding-bottom: 5px !important;}&#8221;][vc_column_text]La cr\u00e9ation d&#8217;exp\u00e9riences uniques pour les clients est une tendance cl\u00e9 pour les <strong>h\u00f4tels de luxe<\/strong>, les<strong> centres de vill\u00e9giature<\/strong> et les <strong>appartements de vacances<\/strong>. D\u00e8s leur arriv\u00e9e, les clients veulent sentir que leur exp\u00e9rience est sp\u00e9ciale. Avec un <strong>parfum exclusif<\/strong> et personnalis\u00e9, vous pouvez cr\u00e9er l&#8217;atmosph\u00e8re parfaite et laisser une forte impression \u00e0 vos clients. Votre h\u00f4tel, centre de vill\u00e9giature ou r\u00e9sidence peut \u00eatre mis en valeur par l&#8217;utilisation d&#8217;un <strong>parfum distinctif<\/strong> dans les zones publiques telles que les halls d&#8217;entr\u00e9e, les salons, les salles de r\u00e9union, les spas, les centres de remise en forme et bien d&#8217;autres encore. L&#8217;<strong>odorat<\/strong> \u00e9tant directement li\u00e9 \u00e0 la partie du cerveau responsable des souvenirs et des \u00e9motions, les <strong>senteurs des chambres d&#8217;h\u00f4tel <\/strong>jouent un r\u00f4le crucial dans la fa\u00e7on dont nous nous souvenons et vivons les choses. La <strong>bonne odeur <\/strong>a le pouvoir de renforcer le message de votre marque et d&#8217;\u00e9tablir un lien unique avec vos clients. Les donn\u00e9es montrent que le pouvoir des senteurs favorise la fid\u00e9lit\u00e9 et que les clients reviendront dans votre \u00e9tablissement. Les h\u00f4teliers avis\u00e9s connaissent le pouvoir d&#8217;un<strong> parfum inoubliable<\/strong>. Special Scent a cr\u00e9\u00e9 des <strong>parfums d&#8217;h\u00f4tel exclusifs<\/strong> pour les plus grandes marques de l&#8217;h\u00f4tellerie de luxe.[\/vc_column_text][vc_empty_space height=&#8221;20px&#8221;][vc_btn title=&#8221;D\u00c9COUVREZ LES PARFUMS D&#8217;H\u00d4TEL&#8221; link=&#8221;url:https%3A%2F%2Fwww.specialscentshop.com%2Ffr%2Fparfums-et-fragrances%2F|title:Parfums%20Parfums|&#8221;][vc_empty_space height=&#8221;80px&#8221;][\/vc_column][\/vc_row][vc_row full_width=&#8221;stretch_row&#8221; equal_height=&#8221;yes&#8221; css=&#8221;.vc_custom_1659416441414{background-color: #e6e7f2 !important;}&#8221;][vc_column css=&#8221;.vc_custom_1485890321478{padding-right: 10% !important;}&#8221;][vc_empty_space height=&#8221;80px&#8221;][vc_custom_heading text=&#8221;DEMANDER UNE CONSULTATION&#8221; font_container=&#8221;tag:h2|font_size:40px|text_align:left|color:%23333333|line_height:40px&#8221; use_theme_fonts=&#8221;yes&#8221;][vc_empty_space height=&#8221;30px&#8221;][\/vc_column][\/vc_row][vc_row full_width=&#8221;stretch_row&#8221; equal_height=&#8221;yes&#8221; css=&#8221;.vc_custom_1659416450215{background-color: #e6e7f2 !important;}&#8221;][vc_column width=&#8221;2\/3&#8243; css=&#8221;.vc_custom_1485890321478{padding-right: 10% !important;}&#8221;][vc_custom_heading text=&#8221;CONTACTS&#8221; font_container=&#8221;tag:h2|font_size:33px|text_align:left|color:%23333333|line_height:40px&#8221; use_theme_fonts=&#8221;yes&#8221;][vc_custom_heading text=&#8221;REMPLISSEZ LES CHAMPS OBLIGATOIRES&#8221; font_container=&#8221;tag:h4|font_size:26px|text_align:left|color:%23a8e8e2|line_height:30px&#8221; use_theme_fonts=&#8221;yes&#8221; css=&#8221;.vc_custom_1671027723732{margin-top: -10px !important;margin-bottom: 30px !important;}&#8221;]<p class=\"wpcf7-contact-form-not-found\"><strong>Erreur\u00a0:<\/strong> Formulaire de contact non trouv\u00e9\u00a0!<\/p>[vc_empty_space height=&#8221;80px&#8221;][\/vc_column][vc_column width=&#8221;1\/3&#8243; css=&#8221;.vc_custom_1456090660314{padding-right: 15% !important;padding-left: 15% !important;background-color: #f5f5f5 !important;}&#8221;][vc_text_separator title=&#8221;Special Scent&#8221; title_align=&#8221;separator_align_left&#8221; align=&#8221;align_left&#8221; color=&#8221;custom&#8221; border_width=&#8221;3&#8243; accent_color=&#8221;#0091c6&#8243; css=&#8221;.vc_custom_1756147711318{margin-bottom: 30px !important;}&#8221;][vc_column_text]Notre professionnalisme nous permet de construire un <strong>projet olfactif<\/strong> id\u00e9al pour votre H\u00f4tel, Resort, B&amp;B, en commen\u00e7ant simplement par <strong>parfumer votre r\u00e9ception<\/strong>, la premi\u00e8re \u00e9tape pour construire votre <strong>image olfactive<\/strong>. Avec nos parfums <strong>de chambre et nos parfums<\/strong> d&#8217;h\u00f4tel, nous sommes en mesure de r\u00e9pondre \u00e0 toute demande particuli\u00e8re de parfum d&#8217;h\u00f4tel, pour cr\u00e9er une ambiance agr\u00e9able et unique. Les centres de bien-\u00eatre, les h\u00f4tels, les chambres d&#8217;h\u00f4tes, les centres de bien-\u00eatre, les spas, les salles de sport et de nombreux autres \u00e9tablissements h\u00f4teliers peuvent \u00eatre enti\u00e8rement r\u00e9nov\u00e9s gr\u00e2ce \u00e0 nos<strong> solutions olfactives personnalis\u00e9es<\/strong>. Nous pouvons ensuite nous occuper de vos couloirs, ascenseurs et salles de bains communes. Pour surprendre vos clients, nous pouvons personnaliser votre <a href=\"https:\/\/www.specialscentshop.com\/fr\/ligne-de-courtoisie-personnalisee\/\">ligne de courtoisie<\/a> personnalis\u00e9e en associant vos produits \u00e0 la note olfactive diffus\u00e9e dans votre h\u00f4tel, afin d&#8217;impressionner vos clients de mani\u00e8re unique. R\u00e9servez une consultation gratuite, dites-nous comment vous souhaitez choyer vos clients, et nous vous accompagnerons dans votre projet. Special Scent est pr\u00e9sent sur le march\u00e9 de la <strong>parfumerie d&#8217;ambiance pour les h\u00f4tels, <\/strong> <strong>Hotel Olfactory Marketing,<\/strong> depuis 2014 avec des distributeurs dans diff\u00e9rents endroits en Europe et au Moyen-Orient. Nos syst\u00e8mes de senteurs diffusent des parfums gr\u00e2ce \u00e0 un syst\u00e8me d&#8217;atomisation avanc\u00e9, des plus petites pi\u00e8ces comme les voitures aux plus grandes pi\u00e8ces comme les halls et les bureaux d&#8217;entreprise. Tous nos parfums d&#8217;ambiance sont <strong> certifi\u00e9s<\/strong> <strong>Made in Italy<\/strong> <strong> et<\/strong> leur qualit\u00e9 est in\u00e9gal\u00e9e. L&#8217;exp\u00e9rience olfactive que nous vous proposons vous offre un v\u00e9ritable souvenir qui reste grav\u00e9 dans l&#8217;esprit de ceux qui sentent nos parfums.[\/vc_column_text][\/vc_column][\/vc_row][vc_row full_width=&#8221;stretch_row&#8221; equal_height=&#8221;yes&#8221; css=&#8221;.vc_custom_1659416441414{background-color: #e6e7f2 !important;}&#8221;][vc_column css=&#8221;.vc_custom_1485890321478{padding-right: 10% !important;}&#8221;][vc_empty_space height=&#8221;80px&#8221;][\/vc_column][\/vc_row]<\/p>\n<\/div>","protected":false},"excerpt":{"rendered":"<p>[vc_row full_width=&#8221;stretch_row_content&#8221; equal_height=&#8221;yes&#8221; rtl_reverse=&#8221;yes&#8221; content_placement=&#8221;middle&#8221;][vc_column css=&#8221;.vc_custom_1661955641580{padding-right: 10% !important;padding-left: 10% !important;background-color: #d6d6d6 !important;}&#8221; offset=&#8221;vc_col-lg-6 vc_col-md-6 vc_hidden-sm vc_hidden-xs&#8221;][vc_empty_space height=&#8221;80px&#8221;][vc_custom_heading text=&#8221;Special Scent&#8221; font_container=&#8221;tag:h2|font_size:40px|text_align:left|color:%23ededed|line_height:90px&#8221; google_fonts=&#8221;font_family:Oswald%3A300%2Cregular%2C700|font_style:700%20bold%20regular%3A700%3Anormal&#8221;][vc_custom_heading text=&#8221;parfum d&#8217;ambiance hotel&#8221; font_container=&#8221;tag:h2|font_size:30px|text_align:left|color:%23ffffff|line_height:34px&#8221; google_fonts=&#8221;font_family:Dosis%3A200%2C300%2Cregular%2C500%2C600%2C700%2C800|font_style:400%20regular%3A400%3Anormal&#8221; css=&#8221;.vc_custom_1756147455277{margin-top: -40px !important;margin-bottom: 30px !important;padding-top: 5px !important;padding-bottom: 5px !important;background-color: #d6d6d6 !important;}&#8221;][vc_column_text]L&#8217;utilisation de parfum d&#8217;ambiance hotel peut influencer directement la fa\u00e7on dont votre h\u00f4tel est per\u00e7u et m\u00e9moris\u00e9. Special Scent, [&hellip;]<\/p>\n","protected":false},"author":5,"featured_media":0,"parent":0,"menu_order":0,"comment_status":"closed","ping_status":"closed","template":"","meta":{"_acf_changed":false,"footnotes":""},"class_list":["post-45177","page","type-page","status-publish","hentry"],"acf":[],"_links":{"self":[{"href":"https:\/\/www.specialscentshop.com\/fr\/wp-json\/wp\/v2\/pages\/45177","targetHints":{"allow":["GET"]}}],"collection":[{"href":"https:\/\/www.specialscentshop.com\/fr\/wp-json\/wp\/v2\/pages"}],"about":[{"href":"https:\/\/www.specialscentshop.com\/fr\/wp-json\/wp\/v2\/types\/page"}],"author":[{"embeddable":true,"href":"https:\/\/www.specialscentshop.com\/fr\/wp-json\/wp\/v2\/users\/5"}],"replies":[{"embeddable":true,"href":"https:\/\/www.specialscentshop.com\/fr\/wp-json\/wp\/v2\/comments?post=45177"}],"version-history":[{"count":2,"href":"https:\/\/www.specialscentshop.com\/fr\/wp-json\/wp\/v2\/pages\/45177\/revisions"}],"predecessor-version":[{"id":50495,"href":"https:\/\/www.specialscentshop.com\/fr\/wp-json\/wp\/v2\/pages\/45177\/revisions\/50495"}],"wp:attachment":[{"href":"https:\/\/www.specialscentshop.com\/fr\/wp-json\/wp\/v2\/media?parent=45177"}],"curies":[{"name":"wp","href":"https:\/\/api.w.org\/{rel}","templated":true}]}}