{"id":45735,"date":"2022-12-13T18:35:49","date_gmt":"2022-12-13T17:35:49","guid":{"rendered":"https:\/\/www.specialscentshop.com\/diffuseurs-de-parfums-et-de-fragrances-pour-immeubles-dhabitation\/"},"modified":"2025-01-15T10:26:16","modified_gmt":"2025-01-15T09:26:16","slug":"diffuseurs-de-parfums-et-de-fragrances-pour-immeubles-dhabitation","status":"publish","type":"page","link":"https:\/\/www.specialscentshop.com\/fr\/diffuseurs-de-parfums-et-de-fragrances-pour-immeubles-dhabitation\/","title":{"rendered":"Diffuseurs de parfums et de fragrances pour immeubles d&#8217;habitation"},"content":{"rendered":"<div class=\"wpb-content-wrapper\"><p>[vc_row full_width=&#8221;stretch_row_content&#8221; equal_height=&#8221;yes&#8221; rtl_reverse=&#8221;yes&#8221; content_placement=&#8221;middle&#8221;][vc_column css=&#8221;.vc_custom_1661955641580{padding-right: 10% !important;padding-left: 10% !important;background-color: #d6d6d6 !important;}&#8221; offset=&#8221;vc_col-lg-6 vc_col-md-6 vc_hidden-sm vc_hidden-xs&#8221;][vc_empty_space height=&#8221;80px&#8221;][vc_custom_heading text=&#8221;SENTEUR SP\u00c9CIALE&#8221; font_container=&#8221;tag:h2|font_size:40px|text_align:left|color:%23ededed|line_height:90px&#8221; google_fonts=&#8221;font_family:Oswald%3A300%2Cregular%2C700|font_style:700%20bold%20regular%3A700%3Anormal&#8221;][vc_custom_heading text=&#8221;Diffuseurs de parfum pour immeubles d&apos;habitation&#8221; font_container=&#8221;tag:h4|font_size:30px|text_align:left|color:%23ffffff|line_height:34px&#8221; google_fonts=&#8221;font_family:Dosis%3A200%2C300%2Cregular%2C500%2C600%2C700%2C800|font_style:400%20regular%3A400%3Anormal&#8221; css=&#8221;.vc_custom_1686747171191{margin-top: -40px !important;margin-bottom: 30px !important;padding-top: 5px !important;padding-bottom: 5px !important;background-color: #d6d6d6 !important;}&#8221;][vc_column_text]Plus que la vue, l&#8217;ou\u00efe, le toucher et le go\u00fbt, l&#8217;odorat est certainement le sens le plus li\u00e9 aux \u00e9motions sensorielles et aux souvenirs. Nos diffuseurs de senteurs, nos parfums, garantissent une exp\u00e9rience positive pour ceux qui vivent dans un immeuble ou pour ceux qui doivent acheter et vivre dans un appartement, a une signification importante. Diffuser l&#8217;ar\u00f4me parfait est synonyme de maison. Cr\u00e9ez une atmosph\u00e8re unique dans l&#8217;immeuble et les appartements que vous g\u00e9rez.<\/p>\n<p>[\/vc_column_text][vc_btn title=&#8221;D\u00c9COUVREZ NOS INTERVENANTS&#8221; link=&#8221;url:https%3A%2F%2Fwww.specialscentshop.com%2Ffr%2Fdiffuseurs-dambiance%2F|title:Parfum%20d%27ambiance|&#8221;][vc_empty_space height=&#8221;30px&#8221;][vc_empty_space height=&#8221;30px&#8221;][vc_custom_heading text=&#8221;Parfums pour les immeubles en copropri\u00e9t\u00e9&#8221; font_container=&#8221;tag:h4|font_size:30px|text_align:left|color:%23ffffff|line_height:34px&#8221; google_fonts=&#8221;font_family:Dosis%3A200%2C300%2Cregular%2C500%2C600%2C700%2C800|font_style:400%20regular%3A400%3Anormal&#8221; css=&#8221;.vc_custom_1670953033839{margin-top: -40px !important;margin-bottom: 30px !important;padding-top: 5px !important;padding-bottom: 5px !important;background-color: #d6d6d6 !important;}&#8221;][vc_column_text]Accueillez vos locataires avec un ar\u00f4me luxueux dans le hall d&#8217;entr\u00e9e des tours de luxe et des communaut\u00e9s d&#8217;habitation multifamiliales. Cr\u00e9ez une forte impression pour les r\u00e9sidents potentiels en utilisant des senteurs dans les bureaux de location et les appartements pour am\u00e9liorer la perception des clients. La premi\u00e8re impression, si elle est positive, influencera d\u00e9finitivement les r\u00e9sidents et les acheteurs potentiels.[\/vc_column_text][vc_btn title=&#8221;D\u00c9COUVREZ NOS PARFUMS&#8221; link=&#8221;url:https%3A%2F%2Fwww.specialscentshop.com%2Fprofumazione-ambienti%2F|title:Parfum%20d%27ambiance|&#8221;][vc_empty_space height=&#8221;80px&#8221;][\/vc_column][vc_column css=&#8221;.vc_custom_1670953357393{background: #d6d6d6 url(https:\/\/www.specialscentshop.com\/wp-content\/uploads\/2022\/12\/scale-condominio-profumazione-diffusori.jpg?id=38699) !important;background-position: center !important;background-repeat: no-repeat !important;background-size: cover !important;}&#8221; offset=&#8221;vc_col-lg-6 vc_col-md-6 vc_hidden-sm vc_hidden-xs&#8221;][vc_empty_space height=&#8221;500px&#8221;][\/vc_column][\/vc_row][vc_row full_width=&#8221;stretch_row_content&#8221; equal_height=&#8221;yes&#8221; rtl_reverse=&#8221;yes&#8221; content_placement=&#8221;middle&#8221;][vc_column css=&#8221;.vc_custom_1670953663326{background: #d6d6d6 url(https:\/\/www.specialscentshop.com\/wp-content\/uploads\/2022\/12\/atrio-condominio-aromi-fragranze-profumi.jpg?id=38704) !important;background-position: center !important;background-repeat: no-repeat !important;background-size: cover !important;}&#8221; offset=&#8221;vc_col-lg-6 vc_col-md-6 vc_hidden-sm vc_hidden-xs&#8221;][vc_empty_space height=&#8221;500px&#8221;][\/vc_column][vc_column css=&#8221;.vc_custom_1670953674390{padding-right: 10% !important;padding-left: 10% !important;}&#8221; offset=&#8221;vc_col-lg-6 vc_col-md-6 vc_hidden-sm vc_hidden-xs&#8221;][vc_empty_space height=&#8221;80px&#8221;][vc_custom_heading text=&#8221;SENTEUR SP\u00c9CIALE&#8221; font_container=&#8221;tag:h2|font_size:40px|text_align:left|color:%23ededed|line_height:90px&#8221; google_fonts=&#8221;font_family:Oswald%3A300%2Cregular%2C700|font_style:700%20bold%20regular%3A700%3Anormal&#8221;][vc_custom_heading text=&#8221;Diffuseurs de senteurs pour appartements et copropri\u00e9t\u00e9s&#8221; font_container=&#8221;tag:h4|font_size:30px|text_align:left|color:%23bfbfbf|line_height:34px&#8221; google_fonts=&#8221;font_family:Dosis%3A200%2C300%2Cregular%2C500%2C600%2C700%2C800|font_style:400%20regular%3A400%3Anormal&#8221; css=&#8221;.vc_custom_1670953847302{margin-top: -40px !important;margin-bottom: 30px !important;padding-top: 5px !important;padding-bottom: 5px !important;}&#8221;][vc_column_text]Que vous g\u00e9riez, construisiez ou d\u00e9veloppiez un <a href=\"https:\/\/www.condominioweb.com\/\" target=\"_blank\" rel=\"noopener\">condominium<\/a> ou une communaut\u00e9 d&#8217;appartements, l&#8217;utilisation de senteurs peut cr\u00e9er des exp\u00e9riences extraordinaires et inspirer une atmosph\u00e8re enrichissante pour les r\u00e9sidents. Qu&#8217;il s&#8217;agisse d&#8217;ajouter une senteur invitante \u00e0 l&#8217;entr\u00e9e du hall ou des parfums frais dans les espaces partag\u00e9s, les ascenseurs et les couloirs, les machines de diffusion de senteurs de Special Scent garantissent une satisfaction maximale. Avec de multiples m\u00e9thodes de diffusion de parfums, Special Scent peut mettre en \u0153uvre la diffusion de parfums par le biais de votre syst\u00e8me HVAC pour une <strong>diffusion<\/strong> discr\u00e8te et compl\u00e8te <strong>de parfums dans les pi\u00e8ces<\/strong> ou avec des appareils portables pour des zones <a href=\"https:\/\/www.specialscentshop.com\/fr\/systeme-de-parfumage-pour-villas-et-hotels-particuliers\/\">parfum\u00e9es localis\u00e9es<\/a>; nous proposons des syst\u00e8mes de diffusion de parfums pour r\u00e9pondre \u00e0 tous les besoins.[\/vc_column_text][vc_empty_space height=&#8221;20px&#8221;][vc_btn title=&#8221;D\u00c9COUVREZ NOS INTERVENANTS&#8221; link=&#8221;url:https%3A%2F%2Fwww.specialscentshop.com%2Ffr%2Fdiffuseurs-dambiance%2F|title:Parfum%20d%27ambiance|&#8221;][vc_empty_space height=&#8221;80px&#8221;][\/vc_column][\/vc_row][vc_row full_width=&#8221;stretch_row&#8221; equal_height=&#8221;yes&#8221; css=&#8221;.vc_custom_1659416441414{background-color: #e6e7f2 !important;}&#8221;][vc_column css=&#8221;.vc_custom_1485890321478{padding-right: 10% !important;}&#8221;][vc_empty_space height=&#8221;80px&#8221;][vc_custom_heading text=&#8221;CONTACTEZ-NOUS POUR OBTENIR DES INFORMATIONS&#8221; font_container=&#8221;tag:h1|font_size:40px|text_align:left|color:%23333333|line_height:40px&#8221; use_theme_fonts=&#8221;yes&#8221;][vc_empty_space height=&#8221;30px&#8221;][\/vc_column][\/vc_row][vc_row full_width=&#8221;stretch_row&#8221; equal_height=&#8221;yes&#8221; css=&#8221;.vc_custom_1659416450215{background-color: #e6e7f2 !important;}&#8221;][vc_column width=&#8221;2\/3&#8243; css=&#8221;.vc_custom_1485890321478{padding-right: 10% !important;}&#8221;][vc_custom_heading text=&#8221;CONTACTS&#8221; font_container=&#8221;tag:h2|font_size:33px|text_align:left|color:%23333333|line_height:40px&#8221; use_theme_fonts=&#8221;yes&#8221;][vc_custom_heading text=&#8221;REMPLISSEZ LES CHAMPS OBLIGATOIRES&#8221; font_container=&#8221;tag:h4|font_size:26px|text_align:left|color:%23a8e8e2|line_height:30px&#8221; use_theme_fonts=&#8221;yes&#8221; css=&#8221;.vc_custom_1662663487819{margin-top: -10px !important;margin-bottom: 30px !important;}&#8221;]<p class=\"wpcf7-contact-form-not-found\"><strong>Erreur\u00a0:<\/strong> Formulaire de contact non trouv\u00e9\u00a0!<\/p>[vc_empty_space height=&#8221;80px&#8221;][\/vc_column][vc_column width=&#8221;1\/3&#8243; css=&#8221;.vc_custom_1456090660314{padding-right: 15% !important;padding-left: 15% !important;background-color: #f5f5f5 !important;}&#8221;][vc_text_separator title=&#8221;SENTEUR SP\u00c9CIALE&#8221; title_align=&#8221;separator_align_left&#8221; align=&#8221;align_left&#8221; color=&#8221;custom&#8221; border_width=&#8221;3&#8243; accent_color=&#8221;#0091c6&#8243; css=&#8221;.vc_custom_1688028740632{margin-bottom: 30px !important;}&#8221;][vc_column_text]Special Scent est une marque appartenant \u00e0 Smart Business Company Kft. Nous sommes pr\u00e9sents sur le march\u00e9 des parfums et du marketing olfactif depuis 2014 avec plusieurs distributeurs dans diff\u00e9rentes parties de l&#8217;Europe et du Moyen-Orient. Nos parfumeurs diffusent des parfums gr\u00e2ce \u00e0 un syst\u00e8me d&#8217;atomisation avanc\u00e9, depuis les petites pi\u00e8ces telles que les voitures jusqu&#8217;aux grandes pi\u00e8ces telles que les halls et les bureaux d&#8217;entreprise. Notre soci\u00e9t\u00e9 est en mesure de r\u00e9pondre \u00e0 toute demande de parfumage particuli\u00e8re afin de cr\u00e9er une ambiance agr\u00e9able et unique. Les centres de bien-\u00eatre, les h\u00f4tels, les maisons, les restaurants, les bureaux, les salles de sport et bien d&#8217;autres lieux peuvent \u00eatre enti\u00e8rement r\u00e9nov\u00e9s gr\u00e2ce \u00e0 nos parfums. Tous nos parfums sont <strong>fabriqu\u00e9s en Italie<\/strong> <strong>et certifi\u00e9s,<\/strong> leur qualit\u00e9 est in\u00e9gal\u00e9e. L&#8217;exp\u00e9rience olfactive que nous vous offrons est un v\u00e9ritable souvenir qui reste grav\u00e9 dans l&#8217;esprit de ceux qui sentent nos parfums.[\/vc_column_text][\/vc_column][\/vc_row][vc_row full_width=&#8221;stretch_row&#8221; equal_height=&#8221;yes&#8221; css=&#8221;.vc_custom_1659416441414{background-color: #e6e7f2 !important;}&#8221;][vc_column css=&#8221;.vc_custom_1485890321478{padding-right: 10% !important;}&#8221;][vc_empty_space height=&#8221;80px&#8221;][\/vc_column][\/vc_row]<\/p>\n<\/div>","protected":false},"excerpt":{"rendered":"<p>[vc_row full_width=&#8221;stretch_row_content&#8221; equal_height=&#8221;yes&#8221; rtl_reverse=&#8221;yes&#8221; content_placement=&#8221;middle&#8221;][vc_column css=&#8221;.vc_custom_1661955641580{padding-right: 10% !important;padding-left: 10% !important;background-color: #d6d6d6 !important;}&#8221; offset=&#8221;vc_col-lg-6 vc_col-md-6 vc_hidden-sm vc_hidden-xs&#8221;][vc_empty_space height=&#8221;80px&#8221;][vc_custom_heading text=&#8221;SENTEUR SP\u00c9CIALE&#8221; font_container=&#8221;tag:h2|font_size:40px|text_align:left|color:%23ededed|line_height:90px&#8221; google_fonts=&#8221;font_family:Oswald%3A300%2Cregular%2C700|font_style:700%20bold%20regular%3A700%3Anormal&#8221;][vc_custom_heading text=&#8221;Diffuseurs de parfum pour immeubles d&apos;habitation&#8221; font_container=&#8221;tag:h4|font_size:30px|text_align:left|color:%23ffffff|line_height:34px&#8221; google_fonts=&#8221;font_family:Dosis%3A200%2C300%2Cregular%2C500%2C600%2C700%2C800|font_style:400%20regular%3A400%3Anormal&#8221; css=&#8221;.vc_custom_1686747171191{margin-top: -40px !important;margin-bottom: 30px !important;padding-top: 5px !important;padding-bottom: 5px !important;background-color: #d6d6d6 !important;}&#8221;][vc_column_text]Plus que la vue, l&#8217;ou\u00efe, le toucher et le go\u00fbt, l&#8217;odorat est certainement le sens le [&hellip;]<\/p>\n","protected":false},"author":5,"featured_media":0,"parent":0,"menu_order":0,"comment_status":"closed","ping_status":"closed","template":"","meta":{"_acf_changed":false,"footnotes":""},"class_list":["post-45735","page","type-page","status-publish","hentry"],"acf":[],"_links":{"self":[{"href":"https:\/\/www.specialscentshop.com\/fr\/wp-json\/wp\/v2\/pages\/45735","targetHints":{"allow":["GET"]}}],"collection":[{"href":"https:\/\/www.specialscentshop.com\/fr\/wp-json\/wp\/v2\/pages"}],"about":[{"href":"https:\/\/www.specialscentshop.com\/fr\/wp-json\/wp\/v2\/types\/page"}],"author":[{"embeddable":true,"href":"https:\/\/www.specialscentshop.com\/fr\/wp-json\/wp\/v2\/users\/5"}],"replies":[{"embeddable":true,"href":"https:\/\/www.specialscentshop.com\/fr\/wp-json\/wp\/v2\/comments?post=45735"}],"version-history":[{"count":0,"href":"https:\/\/www.specialscentshop.com\/fr\/wp-json\/wp\/v2\/pages\/45735\/revisions"}],"wp:attachment":[{"href":"https:\/\/www.specialscentshop.com\/fr\/wp-json\/wp\/v2\/media?parent=45735"}],"curies":[{"name":"wp","href":"https:\/\/api.w.org\/{rel}","templated":true}]}}