{"id":45757,"date":"2023-01-18T11:47:12","date_gmt":"2023-01-18T10:47:12","guid":{"rendered":"https:\/\/www.specialscentshop.com\/foires-et-evenements\/"},"modified":"2026-04-09T09:04:44","modified_gmt":"2026-04-09T07:04:44","slug":"foires-et-evenements","status":"publish","type":"page","link":"https:\/\/www.specialscentshop.com\/fr\/foires-et-evenements\/","title":{"rendered":"Foires et \u00e9v\u00e9nements"},"content":{"rendered":"<div class=\"wpb-content-wrapper\"><p>[vc_row full_width=&#8221;stretch_row_content&#8221; equal_height=&#8221;yes&#8221; content_placement=&#8221;middle&#8221;][vc_column css=&#8221;.vc_custom_1674040517436{background-image: url(https:\/\/www.specialscentshop.com\/wp-content\/uploads\/2023\/01\/Progetto-senza-titolo-2023-01-18T121454.867.jpg?id=38908) !important;background-position: center !important;background-repeat: no-repeat !important;background-size: cover !important;}&#8221; offset=&#8221;vc_col-lg-6 vc_col-md-6&#8243;][vc_empty_space height=&#8221;500px&#8221;][\/vc_column][vc_column css=&#8221;.vc_custom_1485266194533{padding-right: 10% !important;padding-left: 10% !important;background-color: #f3f3f3 !important;}&#8221; offset=&#8221;vc_col-lg-6 vc_col-md-6&#8243;][vc_empty_space height=&#8221;80px&#8221;][vc_custom_heading text=&#8221;AR\u00d4MES ET PARFUMS POUR LES \u00c9V\u00c9NEMENTS&#8221; font_container=&#8221;tag:h2|font_size:90px|text_align:left|color:%23ffffff|line_height:90px&#8221; google_fonts=&#8221;font_family:Oswald%3A300%2Cregular%2C700|font_style:700%20bold%20regular%3A700%3Anormal&#8221;][vc_custom_heading text=&#8221;FOIRES ET SALONS&#8221; font_container=&#8221;tag:h4|font_size:34px|text_align:left|color:%23000000|line_height:34px&#8221; google_fonts=&#8221;font_family:Dosis%3A200%2C300%2Cregular%2C500%2C600%2C700%2C800|font_style:400%20regular%3A400%3Anormal&#8221; css=&#8221;.vc_custom_1687113552066{margin-top: -40px !important;margin-bottom: 30px !important;padding-top: 5px !important;padding-bottom: 5px !important;background-color: #f3f3f3 !important;}&#8221;][vc_column_text]<\/p>\n<p style=\"font-size: 20px;\">Les parfums sont un <strong>\u00e9l\u00e9ment important<\/strong> dans la cr\u00e9ation d&#8217;une<strong>atmosph\u00e8re appropri\u00e9e pour les foires et les <a href=\"https:\/\/www.treccani.it\/vocabolario\/evento\/\" target=\"_blank\" rel=\"noopener\">\u00e9v\u00e9nements<\/a><\/strong>. Le bon parfum peut cr\u00e9er une impression durable et positive sur les visiteurs, contribuant \u00e0 cr\u00e9er une<strong>exp\u00e9rience immersive<\/strong> et <strong>engageante<\/strong>.<\/p>\n<p style=\"font-size: 20px;\">En outre, les parfums peuvent \u00eatre utilis\u00e9s pour <strong>signaler des zones sp\u00e9cifiques<\/strong> ou pour cr\u00e9er une atmosph\u00e8re particuli\u00e8re pour une entreprise ou un produit. Par exemple, une entreprise de soins de la peau pourrait diffuser un parfum frais et floral dans sa zone d&#8217;exposition pour cr\u00e9er une atmosph\u00e8re relaxante et attrayante.<\/p>\n<p style=\"font-size: 20px;\">Les senteurs et les parfums sont \u00e9galement importants dans les <strong>foires alimentaires<\/strong>, car ils <strong>influencent consid\u00e9rablement l&#8217;exp\u00e9rience sensorielle<\/strong> des visiteurs et peuvent contribuer \u00e0 cr\u00e9er une atmosph\u00e8re agr\u00e9able et invitante. En outre, les senteurs et les parfums peuvent \u00e9galement contribuer \u00e0 promouvoir et \u00e0 diff\u00e9rencier les produits alimentaires expos\u00e9s, en attirant l&#8217;attention des visiteurs sur certains stands. En outre, les <strong>senteurs<\/strong> et les <strong>parfums<\/strong> peuvent \u00e9galement influencer la <strong>perception gustative des aliments<\/strong>, les rendant plus attrayants et augmentant la probabilit\u00e9 que les visiteurs les ach\u00e8tent.<\/p>\n<p style=\"font-size: 20px;\">En outre, les parfums peuvent aider \u00e0 masquer les odeurs d\u00e9sagr\u00e9ables, comme celles de certains aliments ou de certaines personnes, cr\u00e9ant ainsi un environnement plus agr\u00e9able pour les visiteurs.<\/p>\n<p>[\/vc_column_text][vc_empty_space height=&#8221;30px&#8221;][\/vc_column][\/vc_row][vc_row full_width=&#8221;stretch_row_content&#8221; equal_height=&#8221;yes&#8221; content_placement=&#8221;middle&#8221;][vc_column css=&#8221;.vc_custom_1485266194533{padding-right: 10% !important;padding-left: 10% !important;background-color: #f3f3f3 !important;}&#8221; offset=&#8221;vc_col-lg-6 vc_col-md-6&#8243;][vc_empty_space height=&#8221;80px&#8221;][vc_custom_heading text=&#8221;L&#8217;ODEUR DE L&#8217;ENVIRONNEMENT&#8221; font_container=&#8221;tag:h2|font_size:90px|text_align:left|color:%23ffffff|line_height:90px&#8221; google_fonts=&#8221;font_family:Oswald%3A300%2Cregular%2C700|font_style:700%20bold%20regular%3A700%3Anormal&#8221;][vc_custom_heading text=&#8221;CONGRES&#8221; font_container=&#8221;tag:h4|font_size:34px|text_align:left|color:%23000000|line_height:34px&#8221; google_fonts=&#8221;font_family:Dosis%3A200%2C300%2Cregular%2C500%2C600%2C700%2C800|font_style:400%20regular%3A400%3Anormal&#8221; css=&#8221;.vc_custom_1674975489567{margin-top: -40px !important;margin-bottom: 30px !important;padding-top: 5px !important;padding-bottom: 5px !important;background-color: #f3f3f3 !important;}&#8221;][vc_column_text]Les <strong>senteurs et les parfums<\/strong> sont des \u00e9l\u00e9ments cl\u00e9s dans l&#8217;organisation d&#8217;un congr\u00e8s, car ils ont la capacit\u00e9 d&#8217;influencer l&#8217;exp\u00e9rience sensorielle des participants et de cr\u00e9er une atmosph\u00e8re agr\u00e9able et accueillante. Tout d&#8217;abord, les senteurs et les parfums peuvent contribuer \u00e0 cr\u00e9er une image coordonn\u00e9e de l&#8217;\u00e9v\u00e9nement, vous permettant de cr\u00e9er une identit\u00e9 sp\u00e9cifique pour le congr\u00e8s et de le distinguer d&#8217;autres \u00e9v\u00e9nements. En outre, ils peuvent \u00eatre utilis\u00e9s pour cr\u00e9er une atmosph\u00e8re sp\u00e9cifique pour une zone du congr\u00e8s, telle qu&#8217;une zone d&#8217;exposition ou une zone de d\u00e9tente. En outre, les senteurs et les parfums peuvent \u00e9galement influencer l&#8217;exp\u00e9rience sensorielle des participants, rendant l&#8217;\u00e9v\u00e9nement plus agr\u00e9able et augmentant leur satisfaction. Par exemple, l&#8217;utilisation de senteurs fra\u00eeches et relaxantes peut contribuer \u00e0 cr\u00e9er une atmosph\u00e8re de d\u00e9tente et de confort, tandis que l&#8217;utilisation de senteurs \u00e9pic\u00e9es et intenses peut cr\u00e9er une atmosph\u00e8re plus \u00e9nergisante et stimulante. En outre, l&#8217;utilisation de <a href=\"https:\/\/www.specialscentshop.com\/fr\/parfums-et-fragrances\/\">senteurs et de parfums<\/a> peut \u00e9galement am\u00e9liorer l&#8217;exp\u00e9rience gastronomique des participants en augmentant l&#8217;app\u00e9tence des aliments propos\u00e9s lors de l&#8217;\u00e9v\u00e9nement. En r\u00e9sum\u00e9, l&#8217;utilisation de parfums dans les environnements de conf\u00e9rence peut contribuer \u00e0 cr\u00e9er une exp\u00e9rience agr\u00e9able et m\u00e9morable pour les participants, en am\u00e9liorant l&#8217;image coordonn\u00e9e de l&#8217;\u00e9v\u00e9nement et en influen\u00e7ant l&#8217;exp\u00e9rience sensorielle et gastronomique des participants.[\/vc_column_text][vc_empty_space height=&#8221;30px&#8221;][\/vc_column][vc_column css=&#8221;.vc_custom_1675022382325{background-image: url(https:\/\/www.specialscentshop.com\/wp-content\/uploads\/2023\/01\/congressi-fragranze-profumi.jpg?id=39163) !important;background-position: center !important;background-repeat: no-repeat !important;background-size: cover !important;}&#8221; offset=&#8221;vc_col-lg-6 vc_col-md-6&#8243;][vc_empty_space height=&#8221;500px&#8221;][\/vc_column][\/vc_row][vc_row][vc_column][vc_raw_html]PGgyIGNsYXNzPSJzaG9ydGNvZGVfdGl0bGUiIHN0eWxlPSJ0ZXh0LWFsaWduOmNlbnRlciI+RMOJQ09VVlJFWiBMRVMgQ09ORsOJUkVOQ0lFUlMgTEVTIFBMVVMgQVBQUk9QUknDiVMgUE9VUiBMRVMgU0FMT05TIEVUIExFUyBDT05HUsOIUzwvaDI+[\/vc_raw_html][vc_basic_grid post_type=&#8221;product&#8221; max_items=&#8221;&#8221; element_width=&#8221;3&#8243; gap=&#8221;20&#8243; item=&#8221;39137&#8243; initial_loading_animation=&#8221;none&#8221; grid_id=&#8221;vc_gid:1775718237454-5e23c9184979ae80f7a2e27c52970c84-8&#8243; taxonomies=&#8221;562&#8243;][\/vc_column][\/vc_row][vc_row][vc_column][vc_raw_html]PGgyIGNsYXNzPSJzaG9ydGNvZGVfdGl0bGUiIHN0eWxlPSJ0ZXh0LWFsaWduOmNlbnRlciI+RMOJQ09VVlJFWiBMRVMgUEFSRlVNUyBMRVMgUExVUyBBUFBST1BSScOJUyBQT1VSIExFUyBGT0lSRVMgRVQgTEVTIENPTkdSw4hTPC9oMj4=[\/vc_raw_html][vc_basic_grid post_type=&#8221;product&#8221; max_items=&#8221;&#8221; element_width=&#8221;3&#8243; gap=&#8221;20&#8243; item=&#8221;39137&#8243; initial_loading_animation=&#8221;none&#8221; grid_id=&#8221;vc_gid:1775718237516-9680a25e9854d2b7aee57b6ce27c7d49-7&#8243; taxonomies=&#8221;561&#8243;][\/vc_column][\/vc_row][vc_row full_width=&#8221;stretch_row&#8221; equal_height=&#8221;yes&#8221; css=&#8221;.vc_custom_1659416441414{background-color: #e6e7f2 !important;}&#8221;][vc_column css=&#8221;.vc_custom_1485890321478{padding-right: 10% !important;}&#8221;][vc_empty_space height=&#8221;80px&#8221;][vc_custom_heading text=&#8221;CONTACTEZ-NOUS POUR OBTENIR DES INFORMATIONS&#8221; font_container=&#8221;tag:h2|font_size:40px|text_align:left|color:%23333333|line_height:40px&#8221; use_theme_fonts=&#8221;yes&#8221;][vc_empty_space height=&#8221;30px&#8221;][\/vc_column][\/vc_row][vc_row full_width=&#8221;stretch_row&#8221; equal_height=&#8221;yes&#8221; css=&#8221;.vc_custom_1659416450215{background-color: #e6e7f2 !important;}&#8221;][vc_column width=&#8221;2\/3&#8243; css=&#8221;.vc_custom_1485890321478{padding-right: 10% !important;}&#8221;][vc_custom_heading text=&#8221;CONTACTS&#8221; font_container=&#8221;tag:h2|font_size:33px|text_align:left|color:%23333333|line_height:40px&#8221; use_theme_fonts=&#8221;yes&#8221;][vc_custom_heading text=&#8221;REMPLISSEZ LES CHAMPS OBLIGATOIRES&#8221; font_container=&#8221;tag:h4|font_size:26px|text_align:left|color:%23a8e8e2|line_height:30px&#8221; use_theme_fonts=&#8221;yes&#8221; css=&#8221;.vc_custom_1662663487819{margin-top: -10px !important;margin-bottom: 30px !important;}&#8221;]<p class=\"wpcf7-contact-form-not-found\"><strong>Erreur\u00a0:<\/strong> Formulaire de contact non trouv\u00e9\u00a0!<\/p>[vc_empty_space height=&#8221;80px&#8221;][\/vc_column][vc_column width=&#8221;1\/3&#8243; css=&#8221;.vc_custom_1456090660314{padding-right: 15% !important;padding-left: 15% !important;background-color: #f5f5f5 !important;}&#8221;][vc_text_separator title=&#8221;SP\u00c9CIALSCENT&#8221; title_align=&#8221;separator_align_left&#8221; align=&#8221;align_left&#8221; color=&#8221;custom&#8221; border_width=&#8221;3&#8243; accent_color=&#8221;#0091c6&#8243; css=&#8221;.vc_custom_1659416788406{margin-bottom: 30px !important;}&#8221;][vc_column_text]Special Scent est une marque appartenant \u00e0 Smart Business Company Kft dont le si\u00e8ge et le showroom se trouvent \u00e0 Budapest, adresse dans la description. Nous sommes pr\u00e9sents sur le march\u00e9 de la parfumerie et du marketing olfactif depuis 2014 avec plusieurs distributeurs dans diff\u00e9rentes r\u00e9gions d&#8217;Europe et du Moyen-Orient. Nos parfumeurs diffusent des parfums gr\u00e2ce \u00e0 un syst\u00e8me d&#8217;atomisation avanc\u00e9, depuis les petites pi\u00e8ces telles que les voitures jusqu&#8217;aux pi\u00e8ces plus grandes telles que les halls et les bureaux d&#8217;entreprise. Notre soci\u00e9t\u00e9 est en mesure de r\u00e9pondre \u00e0 toute demande de parfumage particuli\u00e8re afin de cr\u00e9er une ambiance agr\u00e9able et unique. Les centres de bien-\u00eatre, les h\u00f4tels, les maisons, les restaurants, les bureaux, les salles de sport et bien d&#8217;autres lieux peuvent \u00eatre enti\u00e8rement r\u00e9nov\u00e9s gr\u00e2ce \u00e0 nos parfums. Tous nos parfums sont <strong>fabriqu\u00e9s en Italie<\/strong> <strong>et certifi\u00e9s,<\/strong> leur qualit\u00e9 est in\u00e9gal\u00e9e. L&#8217;exp\u00e9rience olfactive que nous vous offrons est un v\u00e9ritable souvenir qui reste grav\u00e9 dans l&#8217;esprit de ceux qui sentent nos parfums.[\/vc_column_text][\/vc_column][\/vc_row][vc_row full_width=&#8221;stretch_row&#8221; equal_height=&#8221;yes&#8221; css=&#8221;.vc_custom_1659416441414{background-color: #e6e7f2 !important;}&#8221;][vc_column css=&#8221;.vc_custom_1485890321478{padding-right: 10% !important;}&#8221;][vc_empty_space height=&#8221;80px&#8221;][\/vc_column][\/vc_row]<\/p>\n<\/div>","protected":false},"excerpt":{"rendered":"<p>[vc_row full_width=&#8221;stretch_row_content&#8221; equal_height=&#8221;yes&#8221; content_placement=&#8221;middle&#8221;][vc_column css=&#8221;.vc_custom_1674040517436{background-image: url(https:\/\/www.specialscentshop.com\/wp-content\/uploads\/2023\/01\/Progetto-senza-titolo-2023-01-18T121454.867.jpg?id=38908) !important;background-position: center !important;background-repeat: no-repeat !important;background-size: cover !important;}&#8221; offset=&#8221;vc_col-lg-6 vc_col-md-6&#8243;][vc_empty_space height=&#8221;500px&#8221;][\/vc_column][vc_column css=&#8221;.vc_custom_1485266194533{padding-right: 10% !important;padding-left: 10% !important;background-color: #f3f3f3 !important;}&#8221; offset=&#8221;vc_col-lg-6 vc_col-md-6&#8243;][vc_empty_space height=&#8221;80px&#8221;][vc_custom_heading text=&#8221;AR\u00d4MES ET PARFUMS POUR LES \u00c9V\u00c9NEMENTS&#8221; font_container=&#8221;tag:h2|font_size:90px|text_align:left|color:%23ffffff|line_height:90px&#8221; google_fonts=&#8221;font_family:Oswald%3A300%2Cregular%2C700|font_style:700%20bold%20regular%3A700%3Anormal&#8221;][vc_custom_heading text=&#8221;FOIRES ET SALONS&#8221; font_container=&#8221;tag:h4|font_size:34px|text_align:left|color:%23000000|line_height:34px&#8221; google_fonts=&#8221;font_family:Dosis%3A200%2C300%2Cregular%2C500%2C600%2C700%2C800|font_style:400%20regular%3A400%3Anormal&#8221; css=&#8221;.vc_custom_1687113552066{margin-top: -40px !important;margin-bottom: 30px !important;padding-top: 5px !important;padding-bottom: 5px !important;background-color: #f3f3f3 !important;}&#8221;][vc_column_text] Les parfums sont un \u00e9l\u00e9ment [&hellip;]<\/p>\n","protected":false},"author":5,"featured_media":0,"parent":0,"menu_order":0,"comment_status":"closed","ping_status":"closed","template":"","meta":{"_acf_changed":false,"footnotes":""},"class_list":["post-45757","page","type-page","status-publish","hentry"],"acf":[],"_links":{"self":[{"href":"https:\/\/www.specialscentshop.com\/fr\/wp-json\/wp\/v2\/pages\/45757","targetHints":{"allow":["GET"]}}],"collection":[{"href":"https:\/\/www.specialscentshop.com\/fr\/wp-json\/wp\/v2\/pages"}],"about":[{"href":"https:\/\/www.specialscentshop.com\/fr\/wp-json\/wp\/v2\/types\/page"}],"author":[{"embeddable":true,"href":"https:\/\/www.specialscentshop.com\/fr\/wp-json\/wp\/v2\/users\/5"}],"replies":[{"embeddable":true,"href":"https:\/\/www.specialscentshop.com\/fr\/wp-json\/wp\/v2\/comments?post=45757"}],"version-history":[{"count":1,"href":"https:\/\/www.specialscentshop.com\/fr\/wp-json\/wp\/v2\/pages\/45757\/revisions"}],"predecessor-version":[{"id":50490,"href":"https:\/\/www.specialscentshop.com\/fr\/wp-json\/wp\/v2\/pages\/45757\/revisions\/50490"}],"wp:attachment":[{"href":"https:\/\/www.specialscentshop.com\/fr\/wp-json\/wp\/v2\/media?parent=45757"}],"curies":[{"name":"wp","href":"https:\/\/api.w.org\/{rel}","templated":true}]}}