{"id":45821,"date":"2023-01-29T21:01:15","date_gmt":"2023-01-29T20:01:15","guid":{"rendered":"https:\/\/www.specialscentshop.com\/cabinets-medicaux-et-cliniques\/"},"modified":"2026-04-09T10:59:05","modified_gmt":"2026-04-09T08:59:05","slug":"cabinets-medicaux-et-cliniques","status":"publish","type":"page","link":"https:\/\/www.specialscentshop.com\/fr\/cabinets-medicaux-et-cliniques\/","title":{"rendered":"Cabinets m\u00e9dicaux et cliniques"},"content":{"rendered":"<div class=\"wpb-content-wrapper\"><p>[vc_row full_width=&#8221;stretch_row_content&#8221; equal_height=&#8221;yes&#8221; content_placement=&#8221;middle&#8221;][vc_column css=&#8221;.vc_custom_1675022906599{background-image: url(https:\/\/www.specialscentshop.com\/wp-content\/uploads\/2023\/01\/studio_medico_profumo-scaled.jpg?id=39180) !important;background-position: center !important;background-repeat: no-repeat !important;background-size: cover !important;}&#8221; offset=&#8221;vc_col-lg-6 vc_col-md-6&#8243;][vc_empty_space height=&#8221;500px&#8221;][\/vc_column][vc_column css=&#8221;.vc_custom_1485266194533{padding-right: 10% !important;padding-left: 10% !important;background-color: #f3f3f3 !important;}&#8221; offset=&#8221;vc_col-lg-6 vc_col-md-6&#8243;][vc_empty_space height=&#8221;80px&#8221;][vc_custom_heading text=&#8221;AR\u00d4MES ET PARFUMS&#8221; font_container=&#8221;tag:h2|font_size:90px|text_align:left|color:%23ffffff|line_height:90px&#8221; google_fonts=&#8221;font_family:Oswald%3A300%2Cregular%2C700|font_style:700%20bold%20regular%3A700%3Anormal&#8221;][vc_custom_heading text=&#8221;LES CABINETS M\u00c9DICAUX ET LES CLINIQUES&#8221; font_container=&#8221;tag:h4|font_size:34px|text_align:left|color:%23000000|line_height:34px&#8221; google_fonts=&#8221;font_family:Dosis%3A200%2C300%2Cregular%2C500%2C600%2C700%2C800|font_style:400%20regular%3A400%3Anormal&#8221; css=&#8221;.vc_custom_1675023621061{margin-top: -40px !important;margin-bottom: 30px !important;padding-top: 5px !important;padding-bottom: 5px !important;background-color: #f3f3f3 !important;}&#8221;][vc_column_text]<\/p>\n<p style=\"font-size: 20px;\">Les diffuseurs de parfum dans les cabinets m\u00e9dicaux et les cliniques jouent un r\u00f4le important, la <a href=\"https:\/\/www.specialscentshop.com\/fr\/parfum-dambiance\/\"><strong>l&#8217;environnement<\/strong><strong>l&#8217;environnement<\/strong><\/a> peut affecter la <strong>perception de la douleur<\/strong>, la <strong>tension art\u00e9rielle<\/strong> et le <strong>bien-\u00eatre psychologique des <a href=\"https:\/\/www.treccani.it\/vocabolario\/paziente\/\" target=\"_blank\" rel=\"noopener\">patients<\/a><\/strong>. L&#8217;utilisation de parfums sp\u00e9cifiques, tels que l&#8217;huile essentielle de<a href=\"https:\/\/www.specialscentshop.com\/fr\/?attachment_id=46151\"> <strong>huile essentielle de lavande<\/strong><\/a>peut contribuer \u00e0 <strong>r\u00e9duire le stress et l&#8217;anxi\u00e9t\u00e9<\/strong>, am\u00e9liorant ainsi l&#8217;exp\u00e9rience du patient lors des visites m\u00e9dicales. En outre, l&#8217;utilisation de parfums agr\u00e9ables peut contribuer \u00e0 <strong>masquer les odeurs d\u00e9sagr\u00e9ables<\/strong> et \u00e0 cr\u00e9er un environnement plus accueillant et plus relaxant. L&#8217;utilisation de senteurs et de parfums est un outil de soutien important pour les soins aux patients dans les <strong>cabinets m\u00e9dicaux<\/strong>.<\/p>\n<p style=\"font-size: 20px;\">En outre, l&#8217;utilisation de parfums peut \u00e9galement contribuer \u00e0 <strong>am\u00e9liorer la m\u00e9moire \u00e0 long terme<\/strong> et la <strong>concentration<\/strong>, augmentant ainsi l&#8217;efficacit\u00e9 du traitement m\u00e9dical. Par exemple, des \u00e9tudes ont montr\u00e9 que l&#8217;exposition \u00e0 des parfums \u00e9pic\u00e9s tels que la <strong>cannelle<\/strong> peut <strong>am\u00e9liorer la m\u00e9moire<\/strong> et la concentration. En outre, l&#8217;utilisation de parfums naturels peut \u00e9galement contribuer \u00e0 r\u00e9duire les niveaux de toxines dans l&#8217;air,contribuant ainsi \u00e0 un environnement plus sain.<\/p>\n<p style=\"font-size: 20px;\">En conclusion, l&#8217;utilisation de parfums et de fragrances dans les cabinets m\u00e9dicaux est un \u00e9l\u00e9ment important pour cr\u00e9er un <strong>environnement confortable et relaxant<\/strong> pour les patients, ce qui peut am\u00e9liorer leur exp\u00e9rience et leur sant\u00e9 mentale lors des visites m\u00e9dicales.<\/p>\n<p>[\/vc_column_text][vc_empty_space height=&#8221;30px&#8221;][\/vc_column][\/vc_row][vc_row][vc_column][vc_raw_html]PGgyIGNsYXNzPSJzaG9ydGNvZGVfdGl0bGUiIHN0eWxlPSJ0ZXh0LWFsaWduOmNlbnRlciI+RMOJQ09VVlJFWiBMRVMgRElGRlVTRVVSUyBMRVMgUExVUyBBREFQVMOJUyBBVVggQ0VOVFJFUyBNw4lESUNBVVg8L2gyPg==[\/vc_raw_html][vc_basic_grid post_type=&#8221;product&#8221; max_items=&#8221;&#8221; element_width=&#8221;3&#8243; gap=&#8221;20&#8243; item=&#8221;39137&#8243; initial_loading_animation=&#8221;none&#8221; grid_id=&#8221;vc_gid:1775724937040-05a24acf0166f33ceae33a998dcb7041-8&#8243; taxonomies=&#8221;564&#8243;][\/vc_column][\/vc_row][vc_row][vc_column][vc_raw_html]PGgyIGNsYXNzPSJzaG9ydGNvZGVfdGl0bGUiIHN0eWxlPSJ0ZXh0LWFsaWduOmNlbnRlciI+RMOJQ09VVlJFWiBMRVMgUEFSRlVNUyBMRVMgUExVUyBBUFBST1BSScOJUyBQT1VSIExFUyBDTElOSVFVRVMgTcOJRElDQUxFUzwvaDI+[\/vc_raw_html][vc_basic_grid post_type=&#8221;product&#8221; max_items=&#8221;&#8221; element_width=&#8221;3&#8243; gap=&#8221;20&#8243; item=&#8221;39137&#8243; initial_loading_animation=&#8221;none&#8221; grid_id=&#8221;vc_gid:1775724937106-32744b00e1f214f501b216af1bd7c70f-8&#8243; taxonomies=&#8221;565&#8243;][\/vc_column][\/vc_row][vc_row full_width=&#8221;stretch_row&#8221; equal_height=&#8221;yes&#8221; css=&#8221;.vc_custom_1659416441414{background-color: #e6e7f2 !important;}&#8221;][vc_column css=&#8221;.vc_custom_1485890321478{padding-right: 10% !important;}&#8221;][vc_empty_space height=&#8221;80px&#8221;][vc_custom_heading text=&#8221;CONTACTEZ-NOUS POUR OBTENIR DES INFORMATIONS&#8221; font_container=&#8221;tag:h2|font_size:40px|text_align:left|color:%23333333|line_height:40px&#8221; use_theme_fonts=&#8221;yes&#8221;][vc_empty_space height=&#8221;30px&#8221;][\/vc_column][\/vc_row][vc_row full_width=&#8221;stretch_row&#8221; equal_height=&#8221;yes&#8221; css=&#8221;.vc_custom_1659416450215{background-color: #e6e7f2 !important;}&#8221;][vc_column width=&#8221;2\/3&#8243; css=&#8221;.vc_custom_1485890321478{padding-right: 10% !important;}&#8221;][vc_custom_heading text=&#8221;CONTACTS&#8221; font_container=&#8221;tag:h2|font_size:33px|text_align:left|color:%23333333|line_height:40px&#8221; use_theme_fonts=&#8221;yes&#8221;][vc_custom_heading text=&#8221;REMPLISSEZ LES CHAMPS OBLIGATOIRES&#8221; font_container=&#8221;tag:h4|font_size:26px|text_align:left|color:%23a8e8e2|line_height:30px&#8221; use_theme_fonts=&#8221;yes&#8221; css=&#8221;.vc_custom_1662663487819{margin-top: -10px !important;margin-bottom: 30px !important;}&#8221;]<p class=\"wpcf7-contact-form-not-found\"><strong>Erreur\u00a0:<\/strong> Formulaire de contact non trouv\u00e9\u00a0!<\/p>[vc_empty_space height=&#8221;80px&#8221;][\/vc_column][vc_column width=&#8221;1\/3&#8243; css=&#8221;.vc_custom_1456090660314{padding-right: 15% !important;padding-left: 15% !important;background-color: #f5f5f5 !important;}&#8221;][vc_text_separator title=&#8221;SP\u00c9CIAL SCENT&#8221; title_align=&#8221;separator_align_left&#8221; align=&#8221;align_left&#8221; color=&#8221;custom&#8221; border_width=&#8221;3&#8243; accent_color=&#8221;#0091c6&#8243; css=&#8221;.vc_custom_1740852369296{margin-bottom: 30px !important;}&#8221;][vc_column_text]Special Scent est une marque appartenant \u00e0 Smart Business Company Kft. Nous sommes pr\u00e9sents sur le march\u00e9 des parfums d&#8217;ambiance et du marketing olfactif depuis 2014 avec des distributeurs dans diff\u00e9rentes parties de l&#8217;Europe et du Moyen-Orient. Nos parfumeurs diffusent des parfums gr\u00e2ce \u00e0 un syst\u00e8me avanc\u00e9 d&#8217;<strong>atomisation \u00e0 froid<\/strong> qui transforme les parfums huileux certifi\u00e9s en microparticules. Special Scent est en mesure de r\u00e9pondre \u00e0 toutes les exigences particuli\u00e8res en mati\u00e8re de parfumage et d&#8217;assainissement dans les milieux ambulatoires, m\u00e9dicaux et hospitaliers. Les cliniques externes, les centres m\u00e9dicaux, les cliniques priv\u00e9es, les cabinets dentaires peuvent \u00eatre compl\u00e8tement renouvel\u00e9s gr\u00e2ce \u00e0 la pr\u00e9sence de nos fragrances et de nos parfums. Sans n\u00e9gliger l&#8217;<a href=\"https:\/\/www.specialscentshop.com\/fr\/produits-dassainissement\/\">assainissement<\/a> au sein m\u00eame des \u00e9tablissements, Special Scent propose diverses solutions pour rendre vos espaces de travail s\u00e9curis\u00e9s et confortables. Tous nos produits sont accompagn\u00e9s de certifications et de fiches techniques pour garantir votre s\u00e9curit\u00e9 et celle de vos patients.[\/vc_column_text][\/vc_column][\/vc_row][vc_row full_width=&#8221;stretch_row&#8221; equal_height=&#8221;yes&#8221; css=&#8221;.vc_custom_1659416441414{background-color: #e6e7f2 !important;}&#8221;][vc_column css=&#8221;.vc_custom_1485890321478{padding-right: 10% !important;}&#8221;][vc_empty_space height=&#8221;80px&#8221;][\/vc_column][\/vc_row]<\/p>\n<\/div>","protected":false},"excerpt":{"rendered":"<p>[vc_row full_width=&#8221;stretch_row_content&#8221; equal_height=&#8221;yes&#8221; content_placement=&#8221;middle&#8221;][vc_column css=&#8221;.vc_custom_1675022906599{background-image: url(https:\/\/www.specialscentshop.com\/wp-content\/uploads\/2023\/01\/studio_medico_profumo-scaled.jpg?id=39180) !important;background-position: center !important;background-repeat: no-repeat !important;background-size: cover !important;}&#8221; offset=&#8221;vc_col-lg-6 vc_col-md-6&#8243;][vc_empty_space height=&#8221;500px&#8221;][\/vc_column][vc_column css=&#8221;.vc_custom_1485266194533{padding-right: 10% !important;padding-left: 10% !important;background-color: #f3f3f3 !important;}&#8221; offset=&#8221;vc_col-lg-6 vc_col-md-6&#8243;][vc_empty_space height=&#8221;80px&#8221;][vc_custom_heading text=&#8221;AR\u00d4MES ET PARFUMS&#8221; font_container=&#8221;tag:h2|font_size:90px|text_align:left|color:%23ffffff|line_height:90px&#8221; google_fonts=&#8221;font_family:Oswald%3A300%2Cregular%2C700|font_style:700%20bold%20regular%3A700%3Anormal&#8221;][vc_custom_heading text=&#8221;LES CABINETS M\u00c9DICAUX ET LES CLINIQUES&#8221; font_container=&#8221;tag:h4|font_size:34px|text_align:left|color:%23000000|line_height:34px&#8221; google_fonts=&#8221;font_family:Dosis%3A200%2C300%2Cregular%2C500%2C600%2C700%2C800|font_style:400%20regular%3A400%3Anormal&#8221; css=&#8221;.vc_custom_1675023621061{margin-top: -40px !important;margin-bottom: 30px !important;padding-top: 5px !important;padding-bottom: 5px !important;background-color: #f3f3f3 !important;}&#8221;][vc_column_text] Les diffuseurs de parfum dans [&hellip;]<\/p>\n","protected":false},"author":5,"featured_media":0,"parent":0,"menu_order":0,"comment_status":"closed","ping_status":"closed","template":"","meta":{"_acf_changed":false,"footnotes":""},"class_list":["post-45821","page","type-page","status-publish","hentry"],"acf":[],"_links":{"self":[{"href":"https:\/\/www.specialscentshop.com\/fr\/wp-json\/wp\/v2\/pages\/45821","targetHints":{"allow":["GET"]}}],"collection":[{"href":"https:\/\/www.specialscentshop.com\/fr\/wp-json\/wp\/v2\/pages"}],"about":[{"href":"https:\/\/www.specialscentshop.com\/fr\/wp-json\/wp\/v2\/types\/page"}],"author":[{"embeddable":true,"href":"https:\/\/www.specialscentshop.com\/fr\/wp-json\/wp\/v2\/users\/5"}],"replies":[{"embeddable":true,"href":"https:\/\/www.specialscentshop.com\/fr\/wp-json\/wp\/v2\/comments?post=45821"}],"version-history":[{"count":4,"href":"https:\/\/www.specialscentshop.com\/fr\/wp-json\/wp\/v2\/pages\/45821\/revisions"}],"predecessor-version":[{"id":50527,"href":"https:\/\/www.specialscentshop.com\/fr\/wp-json\/wp\/v2\/pages\/45821\/revisions\/50527"}],"wp:attachment":[{"href":"https:\/\/www.specialscentshop.com\/fr\/wp-json\/wp\/v2\/media?parent=45821"}],"curies":[{"name":"wp","href":"https:\/\/api.w.org\/{rel}","templated":true}]}}