{"id":42773,"date":"2020-09-23T00:02:00","date_gmt":"2020-09-22T22:02:00","guid":{"rendered":"https:\/\/www.specialscentshop.com\/product\/diffuseur-de-parfum-s333\/"},"modified":"2025-12-18T07:45:00","modified_gmt":"2025-12-18T06:45:00","slug":"diffuseur-de-parfum-s333","status":"publish","type":"product","link":"https:\/\/www.specialscentshop.com\/fr\/produit\/diffuseur-de-parfum-s333\/","title":{"rendered":"Diffuseur de parfum S 333"},"content":{"rendered":"<h2><strong><span style=\"vertical-align: inherit;\"><span style=\"vertical-align: inherit;\">O\u00f9 utiliser le Diffuseur \u00e9lectrique De Parfum <\/span><\/span><\/strong><strong><span style=\"vertical-align: inherit;\"><span style=\"vertical-align: inherit;\">S333 ?<\/span><\/span><\/strong><\/h2>\n<p><span style=\"vertical-align: inherit;\"><span style=\"vertical-align: inherit;\">Son design \u00e9l\u00e9gant vous permet de le placer n&#8217;importe o\u00f9 et pour n&#8217;importe quel projet. <\/span><\/span><br \/>\n<span style=\"vertical-align: inherit;\"><span style=\"vertical-align: inherit;\">Unique en son genre, il vous permet de diffuser 3 parfums diff\u00e9rents, en programmant la n\u00e9bulisation \u00e0 l&#8217;aide de l&#8217;application Bluetooth. <\/span><\/span><br \/>\n<span style=\"vertical-align: inherit;\"><span style=\"vertical-align: inherit;\">Exceptionnel pour le marketing olfactif, il peut diffuser le matin un parfum de Brioche, le midi un parfum de Pain et l&#8217;apr\u00e8s-midi un parfum de Pina Colada. <\/span><\/span><br \/>\n<span style=\"vertical-align: inherit;\"><span style=\"vertical-align: inherit;\">Id\u00e9al pour les magasins, les r\u00e9ceptions, les p\u00e2tisseries, les bars, les bureaux, les restaurants et certainement pour parfumer une grande maison. <\/span><\/span><br \/>\n<span style=\"vertical-align: inherit;\"><span style=\"vertical-align: inherit;\">Programmation journali\u00e8re et hebdomadaire du diffuseur d&#8217;ambiance et du S333, avec contr\u00f4le de l&#8217;intensit\u00e9 du parfum.<\/span><\/span><\/p>\n<h2><strong><span style=\"vertical-align: inherit;\"><span style=\"vertical-align: inherit;\">Caract\u00e9ristiques techniques Diffuseur \u00e9lectrique De Parfum S333<\/span><\/span><\/strong><\/h2>\n<p><span style=\"vertical-align: inherit;\"><span style=\"vertical-align: inherit;\">Dimensions : 247 x 119 x 231 mm : 247 x 119 x 231mm <\/span><\/span><br \/>\n<span style=\"vertical-align: inherit;\"><span style=\"vertical-align: inherit;\">Poids net : 2260g <\/span><\/span><br \/>\n<span style=\"vertical-align: inherit;\"><span style=\"vertical-align: inherit;\">Mat\u00e9riau : PP + m\u00e9tal <\/span><\/span><br \/>\n<span style=\"vertical-align: inherit;\"><span style=\"vertical-align: inherit;\">Capacit\u00e9 du r\u00e9servoir : 3 x 120ml <\/span><\/span><br \/>\n<span style=\"vertical-align: inherit;\"><span style=\"vertical-align: inherit;\">Couleur : blanc + or rose <\/span><\/span><br \/>\n<span style=\"vertical-align: inherit;\"><span style=\"vertical-align: inherit;\">Consommation : 0,06-0,88ml\/heure <\/span><\/span><br \/>\n<span style=\"vertical-align: inherit;\"><span style=\"vertical-align: inherit;\">Alimentation \u00e9lectrique : Transformateur 220\/12V <\/span><\/span><br \/>\n<span style=\"vertical-align: inherit;\"><span style=\"vertical-align: inherit;\">Programmation : Application Bluetooth<\/span><\/span><\/p>\n<h2><strong><span style=\"vertical-align: inherit;\"><span style=\"vertical-align: inherit;\">Couverture de diffusion des parfums dans un espace ouvert 300 M3<\/span><\/span><\/strong><\/h2>\n<p><span style=\"vertical-align: inherit;\"><span style=\"vertical-align: inherit;\">Quel parfum utiliser pour les parfums d&#8217;ambiance \u00e0 senteur particuli\u00e8re ? <\/span><\/span><br \/>\n<span style=\"vertical-align: inherit;\"><span style=\"vertical-align: inherit;\">Special Scent dispose d&#8217;une large gamme de parfums d&#8217;ambiance huileux certifi\u00e9s et enregistr\u00e9s, pour parfumer n&#8217;importe quel environnement et cr\u00e9er un impact attractif sur le client en utilisant la technique du marketing olfactif. <\/span><\/span><br \/>\n<span style=\"vertical-align: inherit;\"><span style=\"vertical-align: inherit;\">Special Scent n&#8217;oblige pas l&#8217;achat de parfums mais recommande de ne pas utiliser d&#8217;huiles solubles dans l&#8217;eau, ni d&#8217;huiles utilis\u00e9es dans les diffuseurs \u00e0 b\u00e2tonnets. <\/span><\/span><br \/>\n<span style=\"vertical-align: inherit;\"><span style=\"vertical-align: inherit;\">Special Scent est votre partenaire id\u00e9al pour parfumer vos espaces, sur notre site vous pouvez trouver la meilleure solution pour votre environnement, des fragrances aux diffuseurs de parfum.<\/span><\/span><\/p>\n<p><em><strong><span style=\"vertical-align: inherit;\"><span style=\"vertical-align: inherit;\">En savoir plus : <\/span><\/span><a href=\"https:\/\/www.specialscentshop.com\/fr\/produit\/diffuseur-de-parfum-302\/\"><span style=\"vertical-align: inherit;\"><span style=\"vertical-align: inherit;\">S 302 Diffuseur<\/span><\/span><\/a><\/strong><\/em><\/p>\n","protected":false},"excerpt":{"rendered":"<h2>Diffuseur \u00e9lectrique De Parfum S 333<\/h2>\n<p><strong>Vous pouvez trouver le parfum qui vous convient le mieux en consultant notre catalogue sur\u00a0<a href=\"https:\/\/www.specialscentshop.com\/fr\/parfums-et-fragrances\/\">CE lien<\/a><\/strong><br \/>\n<a href=\"https:\/\/www.specialscentshop.com\/fr\/parfums-dambiance-drinkfood\/\"><strong>ou retrouvez les parfums d\u2019ambiance Drink&amp;Food sur CE lien<\/strong><\/a><\/p>\n","protected":false},"featured_media":42774,"template":"","meta":{"_acf_changed":false},"product_brand":[],"product_cat":[783],"product_tag":[784,785,786,787,788],"class_list":{"0":"post-42773","1":"product","2":"type-product","3":"status-publish","4":"has-post-thumbnail","6":"product_cat-diffuseur-de-parfum-desodorisants-dambiance","7":"product_tag-domicile","8":"product_tag-bureau","9":"product_tag-hotel-bb-fr","10":"product_tag-magasins-shopping","11":"product_tag-restaurants-et-bars","13":"first","14":"instock","15":"featured","16":"taxable","17":"shipping-taxable","18":"purchasable","19":"product-type-simple"},"acf":[],"_links":{"self":[{"href":"https:\/\/www.specialscentshop.com\/fr\/wp-json\/wp\/v2\/product\/42773","targetHints":{"allow":["GET"]}}],"collection":[{"href":"https:\/\/www.specialscentshop.com\/fr\/wp-json\/wp\/v2\/product"}],"about":[{"href":"https:\/\/www.specialscentshop.com\/fr\/wp-json\/wp\/v2\/types\/product"}],"wp:featuredmedia":[{"embeddable":true,"href":"https:\/\/www.specialscentshop.com\/fr\/wp-json\/wp\/v2\/media\/42774"}],"wp:attachment":[{"href":"https:\/\/www.specialscentshop.com\/fr\/wp-json\/wp\/v2\/media?parent=42773"}],"wp:term":[{"taxonomy":"product_brand","embeddable":true,"href":"https:\/\/www.specialscentshop.com\/fr\/wp-json\/wp\/v2\/product_brand?post=42773"},{"taxonomy":"product_cat","embeddable":true,"href":"https:\/\/www.specialscentshop.com\/fr\/wp-json\/wp\/v2\/product_cat?post=42773"},{"taxonomy":"product_tag","embeddable":true,"href":"https:\/\/www.specialscentshop.com\/fr\/wp-json\/wp\/v2\/product_tag?post=42773"}],"curies":[{"name":"wp","href":"https:\/\/api.w.org\/{rel}","templated":true}]}}