{"id":42984,"date":"2020-10-03T00:01:00","date_gmt":"2020-10-02T22:01:00","guid":{"rendered":"https:\/\/www.specialscentshop.com\/product\/diffuseur-de-parfum-s60\/"},"modified":"2026-03-25T06:30:19","modified_gmt":"2026-03-25T05:30:19","slug":"diffuseur-de-parfum-s60","status":"publish","type":"product","link":"https:\/\/www.specialscentshop.com\/fr\/produit\/diffuseur-de-parfum-s60\/","title":{"rendered":"Diffuseur de parfum S60"},"content":{"rendered":"<h2><b><span dir=\"auto\" style=\"vertical-align: inherit;\"><span dir=\"auto\" style=\"vertical-align: inherit;\"><font dir=\"auto\" style=\"vertical-align: inherit;\"><font dir=\"auto\" style=\"vertical-align: inherit;\">O\u00f9 utiliser le diffuseur \u00e9lectrique S60 ?<\/font><\/font><\/span><\/span><\/b><\/h2>\n<ul>\n<li>\n<span dir=\"auto\" style=\"vertical-align: inherit;\"><span dir=\"auto\" style=\"vertical-align: inherit;\"><font dir=\"auto\" style=\"vertical-align: inherit;\"><font dir=\"auto\" style=\"vertical-align: inherit;\">Id\u00e9al pour les parfums <\/font><\/font><\/span><\/span><strong><span dir=\"auto\" style=\"vertical-align: inherit;\"><span dir=\"auto\" style=\"vertical-align: inherit;\"><font dir=\"auto\" style=\"vertical-align: inherit;\"><font dir=\"auto\" style=\"vertical-align: inherit;\">en permanence<\/font><\/font><\/span><\/span><\/strong><span dir=\"auto\" style=\"vertical-align: inherit;\"><span dir=\"auto\" style=\"vertical-align: inherit;\"><font dir=\"auto\" style=\"vertical-align: inherit;\"><font dir=\"auto\" style=\"vertical-align: inherit;\"> la voiture et pour les petits environnements.<\/font><\/font><\/span><\/span>\n<\/li>\n<li><span dir=\"auto\" style=\"vertical-align: inherit;\"><span dir=\"auto\" style=\"vertical-align: inherit;\"><font dir=\"auto\" style=\"vertical-align: inherit;\"><font dir=\"auto\" style=\"vertical-align: inherit;\">4 niveaux d&#8217;intensit\u00e9 d&#8217;atomisation, pour ajuster l&#8217;intensit\u00e9 du parfum dans la pi\u00e8ce.<\/font><\/font><\/span><\/span><\/li>\n<li>\n<span dir=\"auto\" style=\"vertical-align: inherit;\"><span dir=\"auto\" style=\"vertical-align: inherit;\"><font dir=\"auto\" style=\"vertical-align: inherit;\"><font dir=\"auto\" style=\"vertical-align: inherit;\">Chargement et alimentation par <\/font><\/font><\/span><\/span><a href=\"https:\/\/www.amazon.it\/Cavi-USB\/b?ie=UTF8&amp;node=460038031\" target=\"_blank\" rel=\"noopener\" data-cmp-vendor=\"276\" contenteditable=\"false\" style=\"cursor: pointer;\"><span dir=\"auto\" style=\"vertical-align: inherit;\"><span dir=\"auto\" style=\"vertical-align: inherit;\"><font dir=\"auto\" style=\"vertical-align: inherit;\"><font dir=\"auto\" style=\"vertical-align: inherit;\">c\u00e2ble USB<\/font><\/font><\/span><\/span><\/a>\n<\/li>\n<\/ul>\n<h2><strong><span dir=\"auto\" style=\"vertical-align: inherit;\"><span dir=\"auto\" style=\"vertical-align: inherit;\"><font dir=\"auto\" style=\"vertical-align: inherit;\"><font dir=\"auto\" style=\"vertical-align: inherit;\">Caract\u00e9ristiques techniques du diffuseur de parfum \u00e9lectrique S60<\/font><\/font><\/span><\/span><\/strong><\/h2>\n<ul>\n<li><span dir=\"auto\" style=\"vertical-align: inherit;\"><span dir=\"auto\" style=\"vertical-align: inherit;\"><font dir=\"auto\" style=\"vertical-align: inherit;\"><font dir=\"auto\" style=\"vertical-align: inherit;\">Dimensions : 70\u00d7133 mm<\/font><\/font><\/span><\/span><\/li>\n<li><span style=\"vertical-align: inherit;\"><span style=\"vertical-align: inherit;\"><span dir=\"auto\" style=\"vertical-align: inherit;\"><span dir=\"auto\" style=\"vertical-align: inherit;\"><font dir=\"auto\" style=\"vertical-align: inherit;\"><font dir=\"auto\" style=\"vertical-align: inherit;\">&nbsp;Tension d&#8217;entr\u00e9e : 5V<\/font><\/font><\/span><\/span><\/span><\/span><\/li>\n<li><span style=\"vertical-align: inherit;\"><span style=\"vertical-align: inherit;\"><span dir=\"auto\" style=\"vertical-align: inherit;\"><span dir=\"auto\" style=\"vertical-align: inherit;\"><font dir=\"auto\" style=\"vertical-align: inherit;\"><font dir=\"auto\" style=\"vertical-align: inherit;\">Puissance : 1,5 W<\/font><\/font><\/span><\/span><\/span><\/span><\/li>\n<li><span dir=\"auto\" style=\"vertical-align: inherit;\"><span dir=\"auto\" style=\"vertical-align: inherit;\"><font dir=\"auto\" style=\"vertical-align: inherit;\"><font dir=\"auto\" style=\"vertical-align: inherit;\">Capacit\u00e9 du parfum : 10 ml<\/font><\/font><\/span><\/span><\/li>\n<li><span dir=\"auto\" style=\"vertical-align: inherit;\"><span dir=\"auto\" style=\"vertical-align: inherit;\"><font dir=\"auto\" style=\"vertical-align: inherit;\"><font dir=\"auto\" style=\"vertical-align: inherit;\">Couleur : noir<\/font><\/font><\/span><\/span><\/li>\n<li><span dir=\"auto\" style=\"vertical-align: inherit;\"><span dir=\"auto\" style=\"vertical-align: inherit;\"><font dir=\"auto\" style=\"vertical-align: inherit;\"><font dir=\"auto\" style=\"vertical-align: inherit;\">R\u00e9glage de l&#8217;intensit\u00e9 sur 4 niveaux<\/font><\/font><\/span><\/span><\/li>\n<li><span dir=\"auto\" style=\"vertical-align: inherit;\"><span dir=\"auto\" style=\"vertical-align: inherit;\"><font dir=\"auto\" style=\"vertical-align: inherit;\"><font dir=\"auto\" style=\"vertical-align: inherit;\">Surface couverte : 30 m3<\/font><\/font><\/span><\/span><\/li>\n<li><span dir=\"auto\" style=\"vertical-align: inherit;\"><span dir=\"auto\" style=\"vertical-align: inherit;\"><font dir=\"auto\" style=\"vertical-align: inherit;\"><font dir=\"auto\" style=\"vertical-align: inherit;\">Consommation : 0,02-0,10 ml\/h<\/font><\/font><\/span><\/span><\/li>\n<li><span dir=\"auto\" style=\"vertical-align: inherit;\"><span dir=\"auto\" style=\"vertical-align: inherit;\"><font dir=\"auto\" style=\"vertical-align: inherit;\"><font dir=\"auto\" style=\"vertical-align: inherit;\">Mat\u00e9riau : plastique<\/font><\/font><\/span><\/span><\/li>\n<li><span dir=\"auto\" style=\"vertical-align: inherit;\"><span dir=\"auto\" style=\"vertical-align: inherit;\"><font dir=\"auto\" style=\"vertical-align: inherit;\"><font dir=\"auto\" style=\"vertical-align: inherit;\">Poids : 220 g<\/font><\/font><\/span><\/span><\/li>\n<\/ul>\n<h2><strong><span dir=\"auto\" style=\"vertical-align: inherit;\"><span dir=\"auto\" style=\"vertical-align: inherit;\"><font dir=\"auto\" style=\"vertical-align: inherit;\"><font dir=\"auto\" style=\"vertical-align: inherit;\">Quel parfum dois-je utiliser pour les d\u00e9sodorisants Special Scent ?<\/font><\/font><\/span><\/span><\/strong><\/h2>\n<ul>\n<li>\n<span dir=\"auto\" style=\"vertical-align: inherit;\"><span dir=\"auto\" style=\"vertical-align: inherit;\"><font dir=\"auto\" style=\"vertical-align: inherit;\"><font dir=\"auto\" style=\"vertical-align: inherit;\">Special Scent propose une large gamme de <\/font><\/font><\/span><\/span><strong><a href=\"https:\/\/www.specialscentshop.com\/fr\/parfums-et-fragrances\/\" contenteditable=\"false\" style=\"cursor: pointer;\"><span dir=\"auto\" style=\"vertical-align: inherit;\"><span dir=\"auto\" style=\"vertical-align: inherit;\"><font dir=\"auto\" style=\"vertical-align: inherit;\"><font dir=\"auto\" style=\"vertical-align: inherit;\">des parfums d&#8217;ambiance \u00e0 base d&#8217;huiles essentielles,<\/font><\/font><\/span><\/span><\/a><\/strong><span dir=\"auto\" style=\"vertical-align: inherit;\"><span dir=\"auto\" style=\"vertical-align: inherit;\"><font dir=\"auto\" style=\"vertical-align: inherit;\"><font dir=\"auto\" style=\"vertical-align: inherit;\"> certifi\u00e9 et enregistr\u00e9, pour parfumer tout espace et cr\u00e9er un impact positif sur les clients, en utilisant des techniques de marketing olfactif.<\/font><\/font><\/span><\/span>\n<\/li>\n<li>\n<span dir=\"auto\" style=\"vertical-align: inherit;\"><span dir=\"auto\" style=\"vertical-align: inherit;\"><font dir=\"auto\" style=\"vertical-align: inherit;\"><font dir=\"auto\" style=\"vertical-align: inherit;\">Special Scent n&#8217;exige pas l&#8217;achat de parfums, mais d\u00e9conseille l&#8217;utilisation d&#8217;huiles solubles dans l&#8217;eau et d&#8217;huiles de diffusion. <\/font><\/font><\/span><\/span><strong><span dir=\"auto\" style=\"vertical-align: inherit;\"><span dir=\"auto\" style=\"vertical-align: inherit;\"><font dir=\"auto\" style=\"vertical-align: inherit;\"><font dir=\"auto\" style=\"vertical-align: inherit;\">recommande l&#8217;utilisation d&#8217;huiles solubles dans l&#8217;eau et d&#8217;huiles de diffusion.<\/font><\/font><\/span><\/span><\/strong>\n<\/li>\n<li><span dir=\"auto\" style=\"vertical-align: inherit;\"><span dir=\"auto\" style=\"vertical-align: inherit;\"><font dir=\"auto\" style=\"vertical-align: inherit;\"><font dir=\"auto\" style=\"vertical-align: inherit;\">Special Scent est le partenaire id\u00e9al pour parfumer vos pi\u00e8ces. Sur notre site web, vous trouverez la solution parfaite pour chaque espace, des fragrances aux diffuseurs d&#8217;ar\u00f4mes. <\/font><\/font><\/span><\/span><\/li>\n<\/ul>\n<p><em><strong><span dir=\"auto\" style=\"vertical-align: inherit;\"><span dir=\"auto\" style=\"vertical-align: inherit;\"><font dir=\"auto\" style=\"vertical-align: inherit;\"><font dir=\"auto\" style=\"vertical-align: inherit;\">En savoir plus : <\/font><\/font><\/span><\/span><a href=\"https:\/\/www.specialscentshop.com\/fr\/produit\/diffuseur-de-parfum-pour-voiture-s50\/\" contenteditable=\"false\" style=\"cursor: pointer;\"><span dir=\"auto\" style=\"vertical-align: inherit;\"><span dir=\"auto\" style=\"vertical-align: inherit;\"><font dir=\"auto\" style=\"vertical-align: inherit;\"><font dir=\"auto\" style=\"vertical-align: inherit;\">Diffuseur d&#8217;ar\u00f4mes pour voiture S50<\/font><\/font><\/span><\/span><\/a><\/strong><\/em><\/p>\n","protected":false},"excerpt":{"rendered":"<p><strong><span dir=\"auto\" style=\"vertical-align: inherit;\"><span dir=\"auto\" style=\"vertical-align: inherit;\"><font dir=\"auto\" style=\"vertical-align: inherit;\"><font dir=\"auto\" style=\"vertical-align: inherit;\">Haut-parleur \u00e9lectrique S60 :<\/font><\/font><\/span><\/span><\/strong><span dir=\"auto\" style=\"vertical-align: inherit;\"><span dir=\"auto\" style=\"vertical-align: inherit;\"><font dir=\"auto\" style=\"vertical-align: inherit;\"><font dir=\"auto\" style=\"vertical-align: inherit;\"> \u00e9l\u00e9gant d\u00e9sodorisant \u00e9lectrique portable, id\u00e9al surtout pour la voiture, mais aussi parfait pour <\/font><\/font><\/span><\/span><strong><span dir=\"auto\" style=\"vertical-align: inherit;\"><span dir=\"auto\" style=\"vertical-align: inherit;\"><font dir=\"auto\" style=\"vertical-align: inherit;\"><font dir=\"auto\" style=\"vertical-align: inherit;\">les petits espaces.<\/font><\/font><\/span><\/span><\/strong><\/p>\n<p><strong><span dir=\"auto\" style=\"vertical-align: inherit;\"><span dir=\"auto\" style=\"vertical-align: inherit;\"><font dir=\"auto\" style=\"vertical-align: inherit;\"><font dir=\"auto\" style=\"vertical-align: inherit;\">Vous pouvez trouver le parfum qui vous convient le mieux en consultant notre catalogue \u00e0 l&#8217;adresse suivante <\/font><\/font><\/span><\/span><a href=\"https:\/\/www.specialscentshop.com\/fr\/parfums-et-fragrances\/\" contenteditable=\"false\" style=\"cursor: pointer;\"><span dir=\"auto\" style=\"vertical-align: inherit;\"><span dir=\"auto\" style=\"vertical-align: inherit;\"><font dir=\"auto\" style=\"vertical-align: inherit;\"><font dir=\"auto\" style=\"vertical-align: inherit;\">CE lien<\/font><\/font><\/span><\/span><\/a><\/strong><\/p>\n","protected":false},"featured_media":42985,"template":"","meta":{"_acf_changed":false},"product_brand":[],"product_cat":[783],"product_tag":[784,853],"class_list":{"0":"post-42984","1":"product","2":"type-product","3":"status-publish","4":"has-post-thumbnail","6":"product_cat-diffuseur-de-parfum-desodorisants-dambiance","7":"product_tag-domicile","8":"product_tag-voitures-vehicules-a-moteur","10":"first","11":"instock","12":"taxable","13":"shipping-taxable","14":"purchasable","15":"product-type-variable","16":"has-default-attributes"},"acf":[],"_links":{"self":[{"href":"https:\/\/www.specialscentshop.com\/fr\/wp-json\/wp\/v2\/product\/42984","targetHints":{"allow":["GET"]}}],"collection":[{"href":"https:\/\/www.specialscentshop.com\/fr\/wp-json\/wp\/v2\/product"}],"about":[{"href":"https:\/\/www.specialscentshop.com\/fr\/wp-json\/wp\/v2\/types\/product"}],"wp:featuredmedia":[{"embeddable":true,"href":"https:\/\/www.specialscentshop.com\/fr\/wp-json\/wp\/v2\/media\/42985"}],"wp:attachment":[{"href":"https:\/\/www.specialscentshop.com\/fr\/wp-json\/wp\/v2\/media?parent=42984"}],"wp:term":[{"taxonomy":"product_brand","embeddable":true,"href":"https:\/\/www.specialscentshop.com\/fr\/wp-json\/wp\/v2\/product_brand?post=42984"},{"taxonomy":"product_cat","embeddable":true,"href":"https:\/\/www.specialscentshop.com\/fr\/wp-json\/wp\/v2\/product_cat?post=42984"},{"taxonomy":"product_tag","embeddable":true,"href":"https:\/\/www.specialscentshop.com\/fr\/wp-json\/wp\/v2\/product_tag?post=42984"}],"curies":[{"name":"wp","href":"https:\/\/api.w.org\/{rel}","templated":true}]}}